{"id":16896,"date":"2025-03-12T08:42:09","date_gmt":"2025-03-12T06:42:09","guid":{"rendered":"https:\/\/www.nsa.smsm.lt\/old\/?page_id=16896"},"modified":"2025-03-12T13:31:24","modified_gmt":"2025-03-12T11:31:24","slug":"brandos-darbas","status":"publish","type":"page","link":"https:\/\/www.nsa.smsm.lt\/old\/egzaminai-ir-pasiekimu-patikrinimai\/brandos-egzaminai\/brandos-darbas\/","title":{"rendered":"Brandos darbas"},"content":{"rendered":"<div class=\"\">\n<div class=\"\" dir=\"auto\">\n<div class=\"\" dir=\"auto\">\n<p><a href=\"https:\/\/www.nsa.smsm.lt\/old\/old\/wp-content\/uploads\/2025\/03\/ISAK_BD_vykdymo_ir_vertinimo_instrukcijos_pakeitimai_VK-220_2025-03-10.pdf\">Brandos darbo vykdymo ir vertinimo instrukcijos pakeitimai<\/a><\/p>\n<p><a href=\"https:\/\/www.nsa.smsm.lt\/old\/old\/wp-content\/uploads\/2024\/09\/BD_VYKDYMO_VERTINIMO_INSTRUKCIJA.pdf\">Brandos darbo vykdymo ir vertinimo instrukcija<\/a><\/p>\n<p><a href=\"https:\/\/www.e-tar.lt\/portal\/lt\/legalAct\/f17c27f0d64411eead77e967e3995264\">Brandos darbo organizavimo ir vykdymo tvarkos apra\u0161as<\/a><\/p>\n<\/div>\n<\/div>\n<\/div>\n<p>Si\u016blome pa\u017ei\u016br\u0117ti vaizdo \u012fra\u0161us:<\/p>\n<p><a href=\"https:\/\/mokytojotv.blogspot.com\/2019\/10\/brandos-darbo-apraso-rengimas-bendrieji.html\" target=\"_blank\" rel=\"noopener\">Brandos darbo apra\u0161o rengimas. Bendrieji etikos principai<\/a><\/p>\n<p><a href=\"https:\/\/mokytojotv.blogspot.com\/2019\/02\/organizaciniai-klausimai-rengiant.html\" target=\"_blank\" rel=\"noopener\">Organizaciniai klausimai, rengiant brandos darb\u0105<\/a><\/p>\n<p><a href=\"https:\/\/mokytojotv.blogspot.com\/2019\/04\/brandos-darbo-tikslu-ir-uzdaviniu.html\" target=\"_blank\" rel=\"noopener\">Brandos darbo tiksl\u0173 ir u\u017edavini\u0173 formulavimas<\/a><\/p>\n<p><a href=\"https:\/\/mokytojotv.blogspot.com\/2018\/09\/20182019-m-m-brandos-darbo-vykdymas-ir.html\" target=\"_blank\" rel=\"noopener\">2018\u20132019 m. m. brandos darbo vykdymas ir brandos darbo rengimo etapai. Pra\u0117jusi\u0173 mokslo met\u0173 biologijos brandos darb\u0173 rengimo patirtis<\/a><\/p>\n<p><a href=\"https:\/\/mokytojotv.blogspot.lt\/2016\/04\/brandos-darbas-igyvendinimo-gaires.html\" target=\"_blank\" rel=\"noopener\">\u201eBrandos darbas: \u012fgyvendinimo gair\u0117s 2017\u20132018 mokslo metais\u201c tiesiogin\u0117s vaizdo transliacijos \u012fra\u0161as<\/a><\/p>\n<p><a href=\"https:\/\/mokytojotv.blogspot.lt\/2017\/10\/brandos-darbo-pasirinkimai-20172018-m-m.html\" target=\"_blank\" rel=\"noopener\">\u201eBrandos darbo pasirinkimai 2017\u20132018 mokslo metais\u201c tiesiogin\u0117s vaizdo transliacijos \u012fra\u0161as<\/a><\/p>\n<p><a href=\"https:\/\/mokytojotv.blogspot.lt\/2017\/12\/brandos-darbo-tarpiniai-ivertinimai.html\" target=\"_blank\" rel=\"noopener\">\u201eBrandos darbo tarpiniai \u012fvertinimai&#8221; tiesiogin\u0117s vaizdo transliacijos \u012fra\u0161as<\/a><\/p>\n<p><a href=\"https:\/\/mokytojotv.blogspot.lt\/2018\/02\/brandos-darbo-rengimo-veiklos.html\" target=\"_blank\" rel=\"noopener\">\u201eBrandos darbo rengimo veiklos (sausis\u2013vasaris)\u201c tiesiogin\u0117s vaizdo transliacijos \u012fra\u0161as<\/a><\/p>\n<p><a href=\"https:\/\/mokytojotv.blogspot.lt\/2017\/05\/mokiniu-gamtamoksline-tiriamoji-veikla_4.html\" target=\"_blank\" rel=\"noopener\">\u201eMokini\u0173 gamtamokslin\u0117 tiriamoji veikla \u2013 pamatas brandos darbui. Mokini\u0173 \u012f\u017evalgos.\u201c<\/a><\/p>\n<p><a href=\"https:\/\/mokytojotv.blogspot.lt\/2017\/05\/mokiniu-gamtamoksline-tiriamoji-veikla.html\" target=\"_blank\" rel=\"noopener\">\u201eMokini\u0173 gamtamokslin\u0117 tiriamoji veikla \u2013 pamatas brandos darbui. Mokytoj\u0173 \u012f\u017evalgos.\u201c<\/a><\/p>\n<p><a href=\"https:\/\/mokytojotv.blogspot.lt\/2017\/03\/mokiniu-gamtamoksline-tiriamoji-veikla.html\" target=\"_blank\" rel=\"noopener\">\u201eMokini\u0173 gamtamokslin\u0117 tiriamoji veikla \u2013 pamatas brandos darbui. Veiklos organizavimas.\u201c<\/a><\/p>\n<p><a href=\"https:\/\/mokytojotv.blogspot.lt\/2017\/09\/vilniaus-saules-privacios-gimnazijos_4.html\" target=\"_blank\" rel=\"noopener\">Vilniaus \u201eSaul\u0117s\u201c priva\u010dios gimnazijos mokytoj\u0173 \u012f\u017evalgos apie mokini\u0173 tiriam\u0105j\u0105 veikl\u0105<\/a><\/p>\n<p><a href=\"https:\/\/mokytojotv.blogspot.lt\/2017\/09\/vilniaus-saules-privacios-gimnazijos.html\" target=\"_blank\" rel=\"noopener\">Vilniaus \u201eSaul\u0117s\u201c priva\u010dios gimnazijos mokiniai dalijasi tiriamosios veiklos patirtimi<\/a><\/p>\n<p><a href=\"https:\/\/mokytojotv.blogspot.lt\/2017\/05\/gamtamokslinis-ugdymas-mokymasis.html\" target=\"_blank\" rel=\"noopener\">Gamtamokslinis ugdymas: mokymasis tyrin\u0117jant nuo pirmos klas\u0117s<\/a><\/p>\n<p><a href=\"https:\/\/mokytojotv.blogspot.lt\/2017\/11\/vilniaus-saules-privacios-ir-zveryno.html\" target=\"_blank\" rel=\"noopener\">Biologijos tiriam\u0173j\u0173 darb\u0173 pristatymai<\/a><\/p>\n<p><a href=\"https:\/\/mokytojotv.blogspot.lt\/2017\/11\/chemijos-tiriamuju-darbu-pristatymai.html\" target=\"_blank\" rel=\"noopener\">Chemijos tiriam\u0173j\u0173 darb\u0173 pristatymai<\/a><\/p>\n<p><a href=\"https:\/\/mokytojotv.blogspot.lt\/2017\/11\/fizikos-tiriamuju-darbu-pristatymai_7.html\" target=\"_blank\" rel=\"noopener\">Fizikos tiriam\u0173j\u0173 darb\u0173 pristatymai<\/a><\/p>\n<div class=\"panel-group\" id=\"collapse_96e1-e81c\"><div class=\"panel panel-default\">    <div class=\"panel-heading\" role=\"tab\" id=\"heading_citem_ba72-5e99\">        <h4 class=\"panel-title\"><a class=\"accordion-toggle collapsed\" data-toggle=\"collapse\" aria-controls=\"heading_citem_ba72-5e99\" data-parent=\"#collapse_96e1-e81c\" href=\"#citem_ba72-5e99\">MOKINIO IR BRANDOS DARBO VADOVO ATSAKOMYB\u0116S BRANDOS DARBE<\/a>        <\/h4>    <\/div>    <div id=\"citem_ba72-5e99\" class=\"panel-collapse collapse \" role=\"tabpanel\" aria-labelledby=\"heading_citem_ba72-5e99\">        <div class=\"panel-body\">\n<p><a href=\"https:\/\/www.nsa.smsm.lt\/old\/old\/wp-content\/uploads\/2021\/02\/7703_Mokinio_atsakomybe.pdf\" target=\"_blank\" rel=\"noopener\">Mokinio atsakomyb\u0117<\/a><\/p>\n<p><a href=\"https:\/\/www.nsa.smsm.lt\/old\/old\/wp-content\/uploads\/2021\/02\/7704_Vadovo_atsakomybe.pdf\" target=\"_blank\" rel=\"noopener\">Vadovo atsakomyb\u0117<\/a><\/p>\n<p><a href=\"https:\/\/www.nsa.smsm.lt\/old\/old\/wp-content\/uploads\/2021\/02\/7699_BD_veiklos_pobudis.pdf\" target=\"_blank\" rel=\"noopener\">Brandos darbo veiklos pob\u016bdis<\/a><\/p>\n<p><a href=\"https:\/\/www.nsa.smsm.lt\/old\/old\/wp-content\/uploads\/2021\/02\/7702_Kokybiniu_tyrimu_etika.pdf\" target=\"_blank\" rel=\"noopener\">Kokybini\u0173 tyrim\u0173 etika<\/a><\/p>\n<p><a href=\"https:\/\/www.nsa.smsm.lt\/old\/old\/wp-content\/uploads\/2021\/02\/7700_Etiskas_BD_atlikimas.pdf\" target=\"_blank\" rel=\"noopener\">Eti\u0161kas brandos darbo atlikimas<\/a><\/p>\n<p><a href=\"https:\/\/www.nsa.smsm.lt\/old\/old\/wp-content\/uploads\/2021\/02\/7701_Griztamojo_rysio_teikimas.pdf\" target=\"_blank\" rel=\"noopener\">Gr\u012f\u017etamojo ry\u0161io teikimas<\/a><\/p>\n<p>        <\/p><\/div>    <\/div><\/div><div class=\"panel panel-default\">    <div class=\"panel-heading\" role=\"tab\" id=\"heading_citem_7fb3-bf91\">        <h4 class=\"panel-title\"><a class=\"accordion-toggle collapsed\" data-toggle=\"collapse\" aria-controls=\"heading_citem_7fb3-bf91\" data-parent=\"#collapse_96e1-e81c\" href=\"#citem_7fb3-bf91\">BRANDOS DARBO RENGIMAS. METODIN\u0116 MED\u017dIAGA<\/a>        <\/h4>    <\/div>    <div id=\"citem_7fb3-bf91\" class=\"panel-collapse collapse \" role=\"tabpanel\" aria-labelledby=\"heading_citem_7fb3-bf91\">        <div class=\"panel-body\">\n<p><strong>Planavimas<\/strong><\/p>\n<hr \/>\n<p><a href=\"https:\/\/www.nsa.smsm.lt\/old\/old\/wp-content\/uploads\/2021\/02\/7739_Atlikimo_planavimas.pdf\" target=\"_blank\" rel=\"noopener\">Atlikimo planavimas<\/a><\/p>\n<p><a href=\"https:\/\/www.nsa.smsm.lt\/old\/old\/wp-content\/uploads\/2021\/02\/7895_Atlikimo_planu_pavyzdziai.pdf\" target=\"_blank\" rel=\"noopener\">Atlikimo plan\u0173 pavyzd\u017eiai<\/a><\/p>\n<p><a href=\"https:\/\/www.nsa.smsm.lt\/old\/old\/wp-content\/uploads\/2021\/02\/8352_Temos_tikslo_uzdaviniu_formulavimas._2018-2019_m.m._patirtis-red.pdf\" target=\"_blank\" rel=\"noopener\">Temos, tikslo, u\u017edavini\u0173 formulavimas. 2018\u20132019 mokslo met\u0173 patirtis<\/a><\/p>\n<p><a href=\"https:\/\/www.nsa.smsm.lt\/old\/old\/wp-content\/uploads\/2021\/02\/7744_Temos_formulavimas.pdf\" target=\"_blank\" rel=\"noopener\">Temos formulavimas<\/a><\/p>\n<p><a href=\"https:\/\/www.nsa.smsm.lt\/old\/old\/wp-content\/uploads\/2021\/02\/7743_Temos_formulavimas.2017-2018_m.patirtis.pdf\" target=\"_blank\" rel=\"noopener\">Temos formulavimas. 2017-2018 mokslo met\u0173 patirtis<\/a><\/p>\n<p><a href=\"https:\/\/www.nsa.smsm.lt\/old\/old\/wp-content\/uploads\/2021\/02\/7746_Tikslo_formulavimas.pdf\" target=\"_blank\" rel=\"noopener\">Tikslo formulavimas<\/a><\/p>\n<p><a href=\"https:\/\/www.nsa.smsm.lt\/old\/old\/wp-content\/uploads\/2021\/02\/7745_Tikslo_formulavimas.2017-2018_m.patirtis.pdf\" target=\"_blank\" rel=\"noopener\">Tikslo formulavimas. 2017-2018 mokslo met\u0173 patirtis<\/a><\/p>\n<p><a href=\"https:\/\/www.nsa.smsm.lt\/old\/old\/wp-content\/uploads\/2021\/02\/7748_Uzdaviniu_formulavimas.pdf\" target=\"_blank\" rel=\"noopener\">U\u017edavini\u0173 formulavimas<\/a><\/p>\n<p><a href=\"https:\/\/www.nsa.smsm.lt\/old\/old\/wp-content\/uploads\/2021\/02\/7747_Uzdaviniu_formulavimas.2017-2018_m.patirtis.pdf\" target=\"_blank\" rel=\"noopener\">U\u017edavini\u0173 formulavimas. 2017-2018 mokslo met\u0173 patirtis<\/a><\/p>\n<p><a href=\"https:\/\/www.nsa.smsm.lt\/old\/old\/wp-content\/uploads\/2021\/02\/7741_Informacijos_saltiniu_pasirinkimas_problemos_analizei.pdf\" target=\"_blank\" rel=\"noopener\">Informacijos \u0161altini\u0173 pasirinkimas problemos analizei<\/a><\/p>\n<p><a href=\"https:\/\/www.nsa.smsm.lt\/old\/old\/wp-content\/uploads\/2021\/02\/7742_Medziagos_pasirinkimas_brandos_darbe.pdf\" target=\"_blank\" rel=\"noopener\">Med\u017eiagos pasirinkimas brandos darbe<\/a><\/p>\n<p>&nbsp;<\/p>\n<p><strong>Atlikimas<\/strong><\/p>\n<hr \/>\n<p><a href=\"https:\/\/www.nsa.smsm.lt\/old\/old\/wp-content\/uploads\/2021\/02\/7734_Savarankiskas_atlikimas.pdf\" target=\"_blank\" rel=\"noopener\">Savaranki\u0161kas atlikimas<\/a><\/p>\n<p><a href=\"https:\/\/www.nsa.smsm.lt\/old\/old\/wp-content\/uploads\/2021\/02\/7733_Bandymu_skaicius_arba_nagrinejamos_medziagos_apimtis.pdf\" target=\"_blank\" rel=\"noopener\">Bandym\u0173 skai\u010dius arba nagrin\u0117jamos med\u017eiagos apimtis<\/a><\/p>\n<p><a href=\"https:\/\/www.nsa.smsm.lt\/old\/old\/wp-content\/uploads\/2021\/02\/7732_Autoriu_teises.pdf\" target=\"_blank\" rel=\"noopener\">Autori\u0173 teis\u0117s<\/a><\/p>\n<p><a href=\"https:\/\/www.nsa.smsm.lt\/old\/old\/wp-content\/uploads\/2021\/02\/7896_Tarpiniu_rezultatu_fiksavimas.pdf\" target=\"_blank\" rel=\"noopener\">Tarpini\u0173 rezultat\u0173 fiksavimas<\/a><\/p>\n<p>&nbsp;<\/p>\n<p><strong>Pagrindin\u0117s charakteristikos<\/strong><\/p>\n<hr \/>\n<p><a href=\"https:\/\/www.nsa.smsm.lt\/old\/old\/wp-content\/uploads\/2021\/02\/7738_Tikslo_ir_uzdaviniu_atitiktis_temai.2017-2018_m.patirtis.pdf\" target=\"_blank\" rel=\"noopener\">Tikslo ir u\u017edavini\u0173 atitiktis temai. 2017-2018 mokslo met\u0173 patirtis<\/a><\/p>\n<p><a href=\"https:\/\/www.nsa.smsm.lt\/old\/old\/wp-content\/uploads\/2021\/02\/7737_Kurybiskumas.pdf\" target=\"_blank\" rel=\"noopener\">K\u016brybi\u0161kumas<\/a><\/p>\n<p><a href=\"https:\/\/www.nsa.smsm.lt\/old\/old\/wp-content\/uploads\/2021\/02\/7736_Aktualumas.pdf\" target=\"_blank\" rel=\"noopener\">Aktualumas<\/a><\/p>\n<p>&nbsp;<\/p>\n<p><strong>Apra\u0161o rengimas<\/strong><\/p>\n<hr \/>\n<p><a href=\"https:\/\/www.nsa.smsm.lt\/old\/old\/wp-content\/uploads\/2021\/02\/7711_Apraso_struktura.pdf\" target=\"_blank\" rel=\"noopener\">Apra\u0161o strukt\u016bra<\/a><\/p>\n<p><a href=\"https:\/\/www.nsa.smsm.lt\/old\/old\/wp-content\/uploads\/2021\/02\/7714_Apraso_titulinis_lapas.pdf\" target=\"_blank\" rel=\"noopener\">Apra\u0161o titulinis lapas<\/a><\/p>\n<p><a href=\"https:\/\/www.nsa.smsm.lt\/old\/old\/wp-content\/uploads\/2021\/02\/7713_Apraso_titulinio_lapo_pavyzdys.pdf\" target=\"_blank\" rel=\"noopener\">Apra\u0161o titulinio lapo pavyzdys<\/a><\/p>\n<p><a href=\"https:\/\/www.nsa.smsm.lt\/old\/old\/wp-content\/uploads\/2021\/02\/7715_Apraso_turinys.pdf\" target=\"_blank\" rel=\"noopener\">Apra\u0161o turinys<\/a><\/p>\n<p><a href=\"https:\/\/www.nsa.smsm.lt\/old\/old\/wp-content\/uploads\/2021\/02\/7723_Ivadas.pdf\" target=\"_blank\" rel=\"noopener\">\u012evadas<\/a><\/p>\n<p><a href=\"https:\/\/www.nsa.smsm.lt\/old\/old\/wp-content\/uploads\/2021\/02\/7722_Ivadas.2017-2018_m.patirtis.pdf\" target=\"_blank\" rel=\"noopener\">\u012evadas. 2017-2018 mokslo met\u0173 patirtis<\/a><\/p>\n<p><a href=\"https:\/\/www.nsa.smsm.lt\/old\/old\/wp-content\/uploads\/2021\/02\/7717_Destomoji_dalis.pdf\" target=\"_blank\" rel=\"noopener\">D\u0117stomoji dalis<\/a><\/p>\n<p><a href=\"https:\/\/www.nsa.smsm.lt\/old\/old\/wp-content\/uploads\/2021\/02\/7716_Destomoji_dalis.2017-2018_m.patirtis.pdf\" target=\"_blank\" rel=\"noopener\">D\u0117stomoji dalis. 2017-2018 mokslo met\u0173 patirtis<\/a><\/p>\n<p><a href=\"https:\/\/www.nsa.smsm.lt\/old\/old\/wp-content\/uploads\/2021\/02\/7726_Metodikos_naudojimas.pdf\" target=\"_blank\" rel=\"noopener\">Metodikos naudojimas<\/a><\/p>\n<p><a href=\"https:\/\/www.nsa.smsm.lt\/old\/old\/wp-content\/uploads\/2021\/02\/7719_Informacijos_saltiniu_analize.pdf\" target=\"_blank\" rel=\"noopener\">Informacijos \u0161altini\u0173 analiz\u0117<\/a><\/p>\n<p><a href=\"https:\/\/www.nsa.smsm.lt\/old\/old\/wp-content\/uploads\/2021\/02\/7718_Informacijos_saltiniu_analize.2017-2018_m.patirtis.pdf\" target=\"_blank\" rel=\"noopener\">Informacijos \u0161altini\u0173 analiz\u0117. 2017-2018 mokslo met\u0173 patirtis<\/a><\/p>\n<p><a href=\"https:\/\/www.nsa.smsm.lt\/old\/old\/wp-content\/uploads\/2021\/02\/7731_Reikalavimai_citavimui.pdf\" target=\"_blank\" rel=\"noopener\">Reikalavimai citavimui<\/a><\/p>\n<p><a href=\"https:\/\/www.nsa.smsm.lt\/old\/old\/wp-content\/uploads\/2021\/02\/7730_Reikalavimai_citavimui.2017-2018_m.patirtis.pdf\" target=\"_blank\" rel=\"noopener\">Reikalavimai citavimui. 2017-2018 mokslo met\u0173 patirtis<\/a><\/p>\n<p><a href=\"https:\/\/www.nsa.smsm.lt\/old\/old\/wp-content\/uploads\/2021\/02\/7721_Isvados.pdf\" target=\"_blank\" rel=\"noopener\">I\u0161vados<\/a><\/p>\n<p><a href=\"https:\/\/www.nsa.smsm.lt\/old\/old\/wp-content\/uploads\/2021\/02\/7720_Isvados.2017-2018_m.patirtis.pdf\" target=\"_blank\" rel=\"noopener\">I\u0161vados. 2017-2018 mokslo met\u0173 patirtis<\/a><\/p>\n<p><a href=\"https:\/\/www.nsa.smsm.lt\/old\/old\/wp-content\/uploads\/2021\/02\/7727_Pasiulymai_ir_rekomendacijos.pdf\" target=\"_blank\" rel=\"noopener\">Pasi\u016blymai ir rekomendacijos<\/a><\/p>\n<p><a href=\"https:\/\/www.nsa.smsm.lt\/old\/old\/wp-content\/uploads\/2021\/02\/7725_Literaturos_saltiniu_sarasas.pdf\" target=\"_blank\" rel=\"noopener\">Literat\u016bros \u0161altini\u0173 s\u0105ra\u0161as<\/a><\/p>\n<p><a href=\"https:\/\/www.nsa.smsm.lt\/old\/old\/wp-content\/uploads\/2021\/02\/7724_Literaturos_saltiniu_sarasas.2017-2018_m.patirtis.pdf\" target=\"_blank\" rel=\"noopener\">Literat\u016bros \u0161altini\u0173 s\u0105ra\u0161as. 2017-2018 mokslo met\u0173 patirtis<\/a><\/p>\n<p><a href=\"https:\/\/www.nsa.smsm.lt\/old\/old\/wp-content\/uploads\/2021\/02\/7710_Apraso_priedai.pdf\" target=\"_blank\" rel=\"noopener\">Apra\u0161o priedai<\/a><\/p>\n<p><a href=\"https:\/\/www.nsa.smsm.lt\/old\/old\/wp-content\/uploads\/2021\/02\/7729_Reikalavimai_apraso_maketui.pdf\" target=\"_blank\" rel=\"noopener\">Reikalavimai apra\u0161o maketui<\/a><\/p>\n<p><a href=\"https:\/\/www.nsa.smsm.lt\/old\/old\/wp-content\/uploads\/2021\/02\/7728_Reikalavimai_apraso_maketui.2017-2018_m.patirtis.pdf\" target=\"_blank\" rel=\"noopener\">Reikalavimai apra\u0161o maketui. 2017-2018 mokslo met\u0173 patirtis<\/a><\/p>\n<p>&nbsp;<\/p>\n<p><strong>Pristatymas<\/strong><\/p>\n<hr \/>\n<p><a href=\"https:\/\/www.nsa.smsm.lt\/old\/old\/wp-content\/uploads\/2021\/02\/7751_Pristatymo_forma.pdf\" target=\"_blank\" rel=\"noopener\">Pristatymo forma<\/a><\/p>\n<p><a href=\"https:\/\/www.nsa.smsm.lt\/old\/old\/wp-content\/uploads\/2021\/02\/7750_Pasirengimas_pristatymui.pdf\" target=\"_blank\" rel=\"noopener\">Pasirengimas pristatymui<\/a><\/p>\n<p><a href=\"https:\/\/www.nsa.smsm.lt\/old\/old\/wp-content\/uploads\/2021\/02\/7752_Viesojo_kalbejimo_gebejimai.pdf\" target=\"_blank\" rel=\"noopener\">Vie\u0161ojo kalb\u0117jimo geb\u0117jimai<\/a><\/p>\n<p><a href=\"https:\/\/www.nsa.smsm.lt\/old\/old\/wp-content\/uploads\/2021\/02\/7749_Isivertinimas.pdf\" target=\"_blank\" rel=\"noopener\">\u012esivertinimas<\/a><\/p>\n<p>&nbsp;<\/p>\n<p>        <\/p><\/div>    <\/div><\/div><div class=\"panel panel-default\">    <div class=\"panel-heading\" role=\"tab\" id=\"heading_citem_527d-e8f9\">        <h4 class=\"panel-title\"><a class=\"accordion-toggle collapsed\" data-toggle=\"collapse\" aria-controls=\"heading_citem_527d-e8f9\" data-parent=\"#collapse_96e1-e81c\" href=\"#citem_527d-e8f9\">KLAUSIMAI IR ATSAKYMAI APIE BRANDOS DARB\u0104<\/a>        <\/h4>    <\/div>    <div id=\"citem_527d-e8f9\" class=\"panel-collapse collapse \" role=\"tabpanel\" aria-labelledby=\"heading_citem_527d-e8f9\">        <div class=\"panel-body\">\n<p><a href=\"https:\/\/www.nsa.smsm.lt\/old\/old\/wp-content\/uploads\/2021\/02\/7706_Kas_yra_tekstine_isnasa.pdf\" target=\"_blank\" rel=\"noopener\">Kas yra tekstin\u0117 i\u0161na\u0161a?<\/a><\/p>\n<p><a href=\"https:\/\/www.nsa.smsm.lt\/old\/old\/wp-content\/uploads\/2021\/02\/7708_Kokia_kalba_turi_buti_parengtas_BD_aprasas.pdf\" target=\"_blank\" rel=\"noopener\">Kokia kalba turi b\u016bti parengtas brandos darbo apra\u0161as?<\/a><\/p>\n<p><a href=\"https:\/\/www.nsa.smsm.lt\/old\/old\/wp-content\/uploads\/2021\/02\/7707_Kas_turi_istaisyti_apraso_kalbos_taisyklingumo_klaidas.pdf\" target=\"_blank\" rel=\"noopener\">Kas turi i\u0161taisyti apra\u0161o kalbos taisyklingumo klaidas?<\/a><\/p>\n<p><a href=\"https:\/\/www.nsa.smsm.lt\/old\/old\/wp-content\/uploads\/2021\/02\/7705_Kas_yra_anotacija_ir_ar_ji_butina_BD.pdf\" target=\"_blank\" rel=\"noopener\">Kas yra anotacija ir ar ji b\u016btina brandos darbe?<\/a><\/p>\n<p>        <\/p><\/div>    <\/div><\/div><div class=\"panel panel-default\">    <div class=\"panel-heading\" role=\"tab\" id=\"heading_citem_f619-f2fb\">        <h4 class=\"panel-title\"><a class=\"accordion-toggle collapsed\" data-toggle=\"collapse\" aria-controls=\"heading_citem_f619-f2fb\" data-parent=\"#collapse_96e1-e81c\" href=\"#citem_f619-f2fb\">NAUDOTI INFORMACIJOS \u0160ALTINIAI RENGIANT INFORMACIJ\u0104 APIE BRANDOS DARB\u0104<\/a>        <\/h4>    <\/div>    <div id=\"citem_f619-f2fb\" class=\"panel-collapse collapse \" role=\"tabpanel\" aria-labelledby=\"heading_citem_f619-f2fb\">        <div class=\"panel-body\">\n<p><strong>Naudoti informacijos \u0161altiniai rengiant informacij\u0105 apie brandos darb\u0105<\/strong><\/p>\n<ol>\n<li>A. Bikelien\u0117, A. Daugirdien\u0117, B. Gulbinait\u0117. Bendrieji student\u0173 mokslni\u0173 darb\u0173 ra\u0161ymo nurodymai ir u\u017eduotys. Vilnius: Lietuvos edukologijos universiteto leidykla. 2015.<\/li>\n<li>A. Bitinien\u0117. Mokslinio teksto stilistika: mononografija.Vilnius: Edukologija, 2013.<\/li>\n<li>V. Indra\u0161ien\u0117, G. \u017dib\u0117nien\u0117. Pasiekim\u0173 vertinimas ir \u012fsivertinimas. Vilnius: Mykolo Romerio universitetas, 2013.<\/li>\n<li>V. Indra\u0161ien\u0117, V. Jegelevi\u010dien\u0117, O. Merfeldait\u0117, J. Pivorien\u0117. Individual counseling guide: methodical recommendations. Vilnius: Mykolo Romerio universitetas, 2014.<\/li>\n<li>K. Kardelis. Mokslini\u0173 tyrim\u0173 metodologija ir metodai. \u0160iauliai: Lucilijus, 2007.<\/li>\n<li>Lietuvos Respublikos \u0161vietimo ir mokslo ministro 2015 m. rugpj\u016b\u010dio 13 d. \u012fsakymas Nr. V-893 d\u0117l Brandos darbo programos.<\/li>\n<li>G. Merkys, S. Vaitkevi\u010dius, D. Urbonait\u0117-\u0160ly\u017eiuvien\u0117. U\u017esakom\u0173j\u0173 tyrim\u0173 ataskaitos rengimas. \u0160vietimo ir mokslo ministerijos rekomendacijos tyr\u0117jams, 2004. Prieiga per internet\u0105: http:\/\/www.smm.lt\/web\/lt\/kiti-tyrimai-archyvas.<\/li>\n<li>8. V. \u017dyd\u017ei\u016bnait\u0117. Baigiamojo darbo rengimo metodologija: mokomji knyga. Klaip\u0117da: Klaip\u0117dos valstybin\u0117 kolegija, 2011.<\/li>\n<li>V. \u017dyd\u017ei\u016bnait\u0117, S. Sabaliauskas. Kokybiniai tyrimai. Principai ir metodai. Vilnius: Vaga, 2017.<\/li>\n<li>N. Bra\u017eien\u0117. \u201eCitavimas \u2013 svarbi mokslo komunikacijos s\u0105lyga\u201c, Jaun\u0173j\u0173 mokslinink\u0173 darbai, Nr. 1(26), 2010, p. 150. Prieiga per internet\u0105 &lt;http:\/\/www.su.lt\/bylos\/mokslo_leidiniai\/jmd\/10_01_26\/braziene.pdf&gt;.<\/li>\n<li>Vilniaus universiteto biblioteka, \u201eB\u016bk eti\u0161kas\u201c. Prieiga per internet\u0105 &lt;http:\/\/www.ir.mb.vu.lt\/buk-etiskas&gt;[\u017ei\u016br\u0117ta 2017 m. liepos m\u0117n.].<\/li>\n<li>Public Speaking: Oracy Skills for the Real World. Prieiga per internet\u0105 &lt;http:\/\/www.edutopia.org\/practice\/public-speaking-oracy-skills-realworld?utm_source=facebook&amp;utm_medium=socialflow&gt;.<\/li>\n<li>Progression in Oracy. Prieiga per internet\u0105 &lt;http:\/\/www.edutopia.org\/pdfs\/stw\/edutopiastw-school21-oracy-assessment-strands.pdf&gt;. 14. Termin\u0173 \u017eodynas. Prieiga per internet\u0105 &lt;http:\/\/www.zodynas.lt\/terminuzodynas\/m\/medziaga&gt;.<\/li>\n<\/ol>\n<p>        <\/p><\/div>    <\/div><\/div><\/div>\n","protected":false},"excerpt":{"rendered":"<p>Brandos darbo vykdymo ir vertinimo instrukcijos pakeitimai Brandos darbo vykdymo ir vertinimo instrukcija Brandos darbo organizavimo ir vykdymo tvarkos apra\u0161as Si\u016blome pa\u017ei\u016br\u0117ti vaizdo \u012fra\u0161us: Brandos darbo apra\u0161o rengimas. Bendrieji etikos principai Organizaciniai klausimai, rengiant brandos darb\u0105 Brandos darbo tiksl\u0173 ir&nbsp;<a href=\"https:\/\/www.nsa.smsm.lt\/old\/egzaminai-ir-pasiekimu-patikrinimai\/brandos-egzaminai\/brandos-darbas\/\" class=\"placiau\">Pla\u010diau <i class=\"fa fa-caret-right\"><\/i><\/a><\/p>\n","protected":false},"author":1,"featured_media":0,"parent":16864,"menu_order":3,"comment_status":"closed","ping_status":"closed","template":"page-brandos-darbas.php","meta":{"_acf_changed":false,"footnotes":""},"class_list":["post-16896","page","type-page","status-publish","hentry"],"acf":[],"_links":{"self":[{"href":"https:\/\/www.nsa.smsm.lt\/old\/wp-json\/wp\/v2\/pages\/16896","targetHints":{"allow":["GET"]}}],"collection":[{"href":"https:\/\/www.nsa.smsm.lt\/old\/wp-json\/wp\/v2\/pages"}],"about":[{"href":"https:\/\/www.nsa.smsm.lt\/old\/wp-json\/wp\/v2\/types\/page"}],"author":[{"embeddable":true,"href":"https:\/\/www.nsa.smsm.lt\/old\/wp-json\/wp\/v2\/users\/1"}],"replies":[{"embeddable":true,"href":"https:\/\/www.nsa.smsm.lt\/old\/wp-json\/wp\/v2\/comments?post=16896"}],"version-history":[{"count":9,"href":"https:\/\/www.nsa.smsm.lt\/old\/wp-json\/wp\/v2\/pages\/16896\/revisions"}],"predecessor-version":[{"id":43911,"href":"https:\/\/www.nsa.smsm.lt\/old\/wp-json\/wp\/v2\/pages\/16896\/revisions\/43911"}],"up":[{"embeddable":true,"href":"https:\/\/www.nsa.smsm.lt\/old\/wp-json\/wp\/v2\/pages\/16864"}],"wp:attachment":[{"href":"https:\/\/www.nsa.smsm.lt\/old\/wp-json\/wp\/v2\/media?parent=16896"}],"curies":[{"name":"wp","href":"https:\/\/api.w.org\/{rel}","templated":true}]}}