{"id":16866,"date":"2024-02-29T07:19:11","date_gmt":"2024-02-29T05:19:11","guid":{"rendered":"https:\/\/www.nsa.smsm.lt\/old\/?page_id=16866"},"modified":"2024-10-14T13:26:56","modified_gmt":"2024-10-14T11:26:56","slug":"pupp","status":"publish","type":"page","link":"https:\/\/www.nsa.smsm.lt\/old\/egzaminai-ir-pasiekimu-patikrinimai\/pupp\/","title":{"rendered":"PUPP"},"content":{"rendered":"<p><a href=\"https:\/\/www.e-tar.lt\/portal\/lt\/legalAct\/17cc98e4870711efabdbb4a1fc8b0b63\">2024-2025 mokslo met\u0173\u00a0Pagrindinio ugdymo pasiekim\u0173 patikrinimo organizavimo ir vykdymo tvarkos apra\u0161as<\/a><\/p>\n<p><a id=\"OWAe8478af4-9b8b-0c2d-91ab-c72666bbc145\" class=\"OWAAutoLink\" href=\"https:\/\/www.nsa.smsm.lt\/old\/old\/wp-content\/uploads\/2023\/12\/AR_2023-12-21.pdf\" data-loopstyle=\"linkonly\">2023-2024 mokslo met\u0173 pagrindinio ugdymo pasiekim\u0173 patikrinimo organizavimo ir vykdymo tvarkos apra\u0161as<\/a><\/p>\n<p><a href=\"https:\/\/www.e-tar.lt\/portal\/lt\/legalAct\/12319d90e59611ed9978886e85107ab2\">D\u0117l \u0161vietimo, mokslo ir sporto ministro 2011 m. gruod\u017eio 30 d. \u012fsakymo nr. V-2558 \u201eD\u0117l pagrindinio ugdymo pasiekim\u0173 patikrinimo organizavimo ir vykdymo tvarkos apra\u0161o patvirtinimo\u201c pakeitimo<\/a><\/p>\n<p><a href=\"https:\/\/www.e-tar.lt\/portal\/lt\/legalAct\/12319d90e59611ed9978886e85107ab2\">Pagrindinio ugdymo pasiekim\u0173 patikrinimo organizavimo ir vykdymo tvarkos apra\u0161o pakeitimai<\/a><\/p>\n","protected":false},"excerpt":{"rendered":"<p>2024-2025 mokslo met\u0173\u00a0Pagrindinio ugdymo pasiekim\u0173 patikrinimo organizavimo ir vykdymo tvarkos apra\u0161as 2023-2024 mokslo met\u0173 pagrindinio ugdymo pasiekim\u0173 patikrinimo organizavimo ir vykdymo tvarkos apra\u0161as D\u0117l \u0161vietimo, mokslo ir sporto ministro 2011 m. gruod\u017eio 30 d. \u012fsakymo nr. V-2558 \u201eD\u0117l pagrindinio ugdymo&nbsp;<a href=\"https:\/\/www.nsa.smsm.lt\/old\/egzaminai-ir-pasiekimu-patikrinimai\/pupp\/\" class=\"placiau\">Pla\u010diau <i class=\"fa fa-caret-right\"><\/i><\/a><\/p>\n","protected":false},"author":1,"featured_media":0,"parent":16826,"menu_order":1,"comment_status":"closed","ping_status":"closed","template":"page-pupp.php","meta":{"_acf_changed":false,"footnotes":""},"class_list":["post-16866","page","type-page","status-publish","hentry"],"acf":[],"_links":{"self":[{"href":"https:\/\/www.nsa.smsm.lt\/old\/wp-json\/wp\/v2\/pages\/16866","targetHints":{"allow":["GET"]}}],"collection":[{"href":"https:\/\/www.nsa.smsm.lt\/old\/wp-json\/wp\/v2\/pages"}],"about":[{"href":"https:\/\/www.nsa.smsm.lt\/old\/wp-json\/wp\/v2\/types\/page"}],"author":[{"embeddable":true,"href":"https:\/\/www.nsa.smsm.lt\/old\/wp-json\/wp\/v2\/users\/1"}],"replies":[{"embeddable":true,"href":"https:\/\/www.nsa.smsm.lt\/old\/wp-json\/wp\/v2\/comments?post=16866"}],"version-history":[{"count":5,"href":"https:\/\/www.nsa.smsm.lt\/old\/wp-json\/wp\/v2\/pages\/16866\/revisions"}],"predecessor-version":[{"id":41209,"href":"https:\/\/www.nsa.smsm.lt\/old\/wp-json\/wp\/v2\/pages\/16866\/revisions\/41209"}],"up":[{"embeddable":true,"href":"https:\/\/www.nsa.smsm.lt\/old\/wp-json\/wp\/v2\/pages\/16826"}],"wp:attachment":[{"href":"https:\/\/www.nsa.smsm.lt\/old\/wp-json\/wp\/v2\/media?parent=16866"}],"curies":[{"name":"wp","href":"https:\/\/api.w.org\/{rel}","templated":true}]}}