{"id":16864,"date":"2024-02-21T05:18:34","date_gmt":"2024-02-21T03:18:34","guid":{"rendered":"https:\/\/www.nsa.smsm.lt\/old\/?page_id=16864"},"modified":"2024-12-20T16:12:35","modified_gmt":"2024-12-20T14:12:35","slug":"brandos-egzaminai","status":"publish","type":"page","link":"https:\/\/www.nsa.smsm.lt\/old\/egzaminai-ir-pasiekimu-patikrinimai\/brandos-egzaminai\/","title":{"rendered":"Valstybiniai brandos egzaminai"},"content":{"rendered":"<p><a href=\"https:\/\/e-seimas.lrs.lt\/portal\/legalAct\/lt\/TAD\/5cd065e050dd11ee8e3cc6ee348ebf6d\/asr\" target=\"_blank\" rel=\"noopener\">Valstybini\u0173 brandos egzamin\u0173 organizavimo ir vykdymo tvarkos apra\u0161as<\/a><\/p>\n<p><a href=\"https:\/\/e-seimas.lrs.lt\/portal\/legalAct\/lt\/TAD\/daa13172ae9211efa81e811ff75635ec?jfwid=bkaxkw38\" target=\"_blank\" rel=\"noopener\">Nacionalini\u0173 mokini\u0173 pasiekim\u0173, pagrindinio ugdymo pasiekim\u0173 patikrinim\u0173 ir valstybini\u0173 brandos egzamin\u0173 pritaikymo mokiniams, turintiems speciali\u0173j\u0173 ugdymosi poreiki\u0173, tvarkos apra\u0161as<\/a><\/p>\n<p><!--\n<a href=\"https:\/\/www.e-tar.lt\/portal\/lt\/legalAct\/f7dc4850e59511ed9978886e85107ab2\" target=\"_blank\" rel=\"noopener\">D\u0117l \u0161vietimo, mokslo ir sporto ministro 2006 m. gruod\u017eio 18 d. \u012fsakymo Nr. ISAK-2391 \u201eD\u0117l brandos egzamin\u0173 organizavimo ir vykdymo tvarkos apra\u0161o ir lietuvi\u0173 kalbos ir literat\u016bros \u012fskaitos organizavimo ir vykdymo tvarkos apra\u0161o patvirtinimo\u201c pakeitimo<\/a>\n\n<a href=\"https:\/\/www.nsa.smsm.lt\/old\/old\/wp-content\/uploads\/2022\/11\/BEtvarkos-apraso-pakeitimas2022-11-23.pdf\" target=\"_blank\" rel=\"noopener\">D\u0116L \u0160VIETIMO, MOKSLO IR SPORTO MINISTRO 2006 M. GRUOD\u017dIO 18 D. \u012eSAKYMO NR. ISAK-2391 \u201eD\u0116L BRANDOS EGZAMIN\u0172 ORGANIZAVIMO IR VYKDYMO TVARKOS APRA\u0160O IR LIETUVI\u0172 KALBOS IR LITERAT\u016aROS \u012eSKAITOS ORGANIZAVIMO IR VYKDYMO TVARKOS APRA\u0160O PATVIRTINIMO\u201c PAKEITIMO<\/a>\n(2022-11-23)\n\n<a href=\"https:\/\/www.e-tar.lt\/portal\/lt\/legalAct\/da3dc270560111edbc04912defe897d1\" target=\"_blank\" rel=\"noopener\">D\u0116L \u0160VIETIMO, MOKSLO IR SPORTO MINISTRO 2006 M. GRUOD\u017dIO 18 D. \u012eSAKYMO NR. ISAK-2391 \u201eD\u0116L BRANDOS EGZAMIN\u0172 ORGANIZAVIMO IR VYKDYMO TVARKOS APRA\u0160O IR LIETUVI\u0172 KALBOS IR LITERAT\u016aROS \u012eSKAITOS ORGANIZAVIMO IR VYKDYMO TVARKOS APRA\u0160O PATVIRTINIMO\u201c PAKEITIMO<\/a>\n(2022-10-27)\n\n<a id=\"LPlnk655415\" href=\"https:\/\/www.e-tar.lt\/portal\/lt\/legalAct\/f7dc4850e59511ed9978886e85107ab2\" target=\"_blank\" rel=\"noopener\"><\/a><a href=\"https:\/\/www.e-tar.lt\/portal\/lt\/legalAct\/f7dc4850e59511ed9978886e85107ab2\">Brandos egzamin\u0173 organizavimo ir vykdymo tvarkos apra\u0161o pakeitimai<\/a>\n\n<a href=\"https:\/\/www.e-tar.lt\/portal\/lt\/legalAct\/33d66810d5e111ec8d9390588bf2de65\" target=\"_blank\" rel=\"noopener\">D\u0117l \u0161vietimo, mokslo ir sporto ministro 2006 m. gruod\u017eio 18 d. \u012fsakymo Nr. isak-2391 \u201eD\u0117l brandos egzamin\u0173 organizavimo ir vykdymo tvarkos apra\u0161o ir lietuvi\u0173 kalbos ir literat\u016bros \u012fskaitos organizavimo ir vykdymo tvarkos apra\u0161o patvirtinimo\u201c pakeitimo<\/a>\n\n<a href=\"https:\/\/www.e-tar.lt\/portal\/lt\/legalAct\/8ab2d0702cda11ecad73e69048767e8c\" target=\"_blank\" rel=\"noopener\">D\u0117l \u0161vietimo, mokslo ir sporto ministro 2006 m. gruod\u017eio 18 d. \u012fsakymo Nr. ISAK-2391 \u201eD\u0117l Brandos egzamin\u0173 organizavimo ir vykdymo tvarkos apra\u0161o ir Lietuvi\u0173 kalbos ir literat\u016bros \u012fskaitos organizavimo ir vykdymo tvarkos apra\u0161o patvirtinimo\u201c pakeitimo<\/a>\n\n<a href=\"https:\/\/www.e-tar.lt\/portal\/lt\/legalAct\/TAR.759F8EEA8302\/asr\" target=\"_blank\" rel=\"noopener\">Brandos egzamin\u0173 organizavimo ir vykdymo tvarkos apra\u0161as<\/a>\n\n<a href=\"https:\/\/www.e-tar.lt\/portal\/lt\/legalAct\/ca8521b09ed411eb9fecb5ecd3bd711c\" target=\"_blank\" rel=\"noopener\">D\u0117l Lietuvos Respublikos Vyriausyb\u0117s 2020 m. lapkri\u010dio 4 d. nutarimo Nr. 1226 \u201eD\u0117l karantino Lietuvos Respublikos teritorijoje paskelbimo\u201c pakeitimo<\/a>\n\n<a href=\"https:\/\/www.e-tar.lt\/portal\/lt\/legalAct\/5cdebf908ca011eb9fecb5ecd3bd711c\" target=\"_blank\" rel=\"noopener\">D\u0117l \u0161vietimo, mokslo ir sporto ministro 2006 m. gruod\u017eio 18 d. \u012fsakymo Nr. ISAK-2391 \u201eD\u0117l brandos egzamin\u0173 organizavimo ir vykdymo tvarkos apra\u0161o ir lietuvi\u0173 kalbos ir literat\u016bros \u012fskaitos organizavimo ir vykdymo tvarkos apra\u0161o patvirtinimo\u201c pakeitimo<\/a>\n\n<a href=\"https:\/\/www.nsa.smsm.lt\/old\/old\/wp-content\/uploads\/2020\/12\/8702_AR_2020-09-15.pdf\" target=\"_blank\" rel=\"noopener\">2021 m. brandos egzamin\u0173 organizavimo ir vykdymo tvarkos apra\u0161as<\/a>\n\n<a href=\"https:\/\/www.nsa.smsm.lt\/old\/old\/wp-content\/uploads\/2020\/12\/8474_Aktuali_redakcija_BE_TA.pdf\" target=\"_blank\" rel=\"noopener\">2020 m. brandos egzamin\u0173 organizavimo ir vykdymo tvarkos apra\u0161as (aktuali redakcija)<\/a>\n\n<a href=\"https:\/\/www.e-tar.lt\/portal\/lt\/legalAct\/c094dcb090f511ea9515f752ff221ec9\" target=\"_blank\" rel=\"noopener\">D\u0116L \u0160VIETIMO, MOKSLO IR SPORTO MINISTRO 2006 M. GRUOD\u017dIO 18 D. \u012eSAKYMO NR. ISAK-2391 \u201eD\u0116L BRANDOS EGZAMIN\u0172 ORGANIZAVIMO IR VYKDYMO TVARKOS APRA\u0160O IR LIETUVI\u0172 KALBOS IR LITERAT\u016aROS \u012eSKAITOS ORGANIZAVIMO IR VYKDYMO TVARKOS APRA\u0160O PATVIRTINIMO\u201c PAKEITIMO<\/a>\n\n<a href=\"https:\/\/www.e-tar.lt\/portal\/lt\/legalAct\/f44389107fe011eab005936df725feed\" target=\"_blank\" rel=\"noopener\">D\u0116L \u0160VIETIMO, MOKSLO IR SPORTO MINISTRO 2006 M. GRUOD\u017dIO 18 D. \u012eSAKYMO NR. ISAK-2391 \u201eD\u0116L BRANDOS EGZAMIN\u0172 ORGANIZAVIMO IR VYKDYMO TVARKOS APRA\u0160O IR LIETUVI\u0172 KALBOS IR LITERAT\u016aROS \u012eSKAITOS ORGANIZAVIMO IR VYKDYMO TVARKOS APRA\u0160O PATVIRTINIMO\u201c PAKEITIMO<\/a>\n\n<a href=\"https:\/\/www.e-tar.lt\/portal\/lt\/legalAct\/46158fa0780111eabee4a336e7e6fdab\" target=\"_blank\" rel=\"noopener\">D\u0116L \u0160VIETIMO, MOKSLO IR SPORTO MINISTRO 2006 M. GRUOD\u017dIO 18 D. \u012eSAKYMO NR. ISAK-2391 \u201eD\u0116L BRANDOS EGZAMIN\u0172 ORGANIZAVIMO IR VYKDYMO TVARKOS APRA\u0160O IR LIETUVI\u0172 KALBOS IR LITERAT\u016aROS \u012eSKAITOS ORGANIZAVIMO IR VYKDYMO TVARKOS APRA\u0160O PATVIRTINIMO\u201c PAKEITIMO<\/a>\n\n<a href=\"https:\/\/www.nsa.smsm.lt\/old\/old\/wp-content\/uploads\/2020\/12\/8363_Tvarkos_aprasas_AR_2019-10-15.pdf\" target=\"_blank\" rel=\"noopener\">2020 m. brandos egzamin\u0173 organizavimo ir vykdymo tvarkos apra\u0161as<\/a>\n\n<a href=\"https:\/\/www.e-tar.lt\/portal\/lt\/legalAct\/TAR.759F8EEA8302\/ggbClLIoqt\" target=\"_blank\" rel=\"noopener\">2019 m. brandos egzamin\u0173 organizavimo ir vykdymo tvarkos apra\u0161as<\/a>\n\n<a href=\"https:\/\/www.e-tar.lt\/portal\/lt\/legalAct\/a98dccc0ac4a11e88f64a5ecc703f89b\" target=\"_blank\" rel=\"noopener\">2019 m. brandos egzamin\u0173 organizavimo ir vykdymo tvarkos apra\u0161o pakeitimai<\/a>\n\n<a href=\"https:\/\/www.e-tar.lt\/portal\/lt\/legalAct\/TAR.759F8EEA8302\/ZafmRCnSzR\" target=\"_blank\" rel=\"noopener\">2018 m. brandos egzamin\u0173 organizavimo ir vykdymo tvarkos apra\u0161as<\/a>\n\n<a href=\"https:\/\/www.nsa.smsm.lt\/old\/old\/wp-content\/uploads\/2020\/12\/6560_2017m_brandos_egzaminu_organizavimo_ir_vykdymo__tvarkos_aprasas.docx\" target=\"_blank\" rel=\"noopener\">2017 m. brandos egzamin\u0173 organizavimo ir vykdymo tvarkos apra\u0161as<\/a>\n\n<a href=\"https:\/\/www.nsa.smsm.lt\/old\/old\/wp-content\/uploads\/2020\/12\/5719_Tvarka20161215.pdf\" target=\"_blank\" rel=\"noopener\">2016 met\u0173 brandos egzamin\u0173 tvarkos apra\u0161as<\/a>\n\n<a href=\"https:\/\/www.nsa.smsm.lt\/old\/old\/wp-content\/uploads\/2020\/12\/5670_Tvarkarastis_2016.pdf\" target=\"_blank\" rel=\"noopener\">2016 met\u0173 \u012fskaitos, brandos egzamin\u0173 ir pagrindinio ugdymo pasiekim\u0173 patikrinimo tvarkara\u0161\u010diai<\/a>\n\n<a href=\"https:\/\/www.nsa.smsm.lt\/old\/old\/wp-content\/uploads\/2020\/12\/4770_BE_tvarka_2015.doc\" target=\"_blank\" rel=\"noopener\">2015 met\u0173 brandos egzamin\u0173 tvarkos apra\u0161as<\/a>\n\n<a href=\"https:\/\/www.nsa.smsm.lt\/old\/old\/wp-content\/uploads\/2020\/12\/3975_BE-2014.pdf\" target=\"_blank\" rel=\"noopener\">2014 met\u0173 brandos egzamin\u0173 tvarkos apra\u0161as<\/a>\n\n<a href=\"https:\/\/www.nsa.smsm.lt\/old\/old\/wp-content\/uploads\/2020\/12\/3157_2013_tvarkos_aprasas.pdf\" target=\"_blank\" rel=\"noopener\">2013 met\u0173 brandos egzamin\u0173 tvarkos apra\u0161as<\/a>\n\n<a href=\"https:\/\/www.nsa.smsm.lt\/old\/old\/wp-content\/uploads\/2020\/12\/2310_BE_2012.pdf\">2012 met\u0173 brandos egzamin\u0173 tvarkos apra\u0161as<\/a>\n\n\u0160VIETIMO IR MOKSLO MINISTRO 2006 M. GRUOD\u017dIO 18 D. \u012eSAKYMO NR. ISAK-2391 \u201eD\u0116L BRANDOS EGZAMIN\u0172 ORGANIZAVIMO IR VYKDYMO TVARKOS APRA\u0160O, KALB\u0172 \u012eSKAIT\u0172 NUOSTAT\u0172, PAGRINDINIO UGDYMO PASIEKIM\u0172 PATIKRINIMO NUOSTAT\u0172 IR MOKINI\u0172 KOMPIUTERINIO RA\u0160TINGUMO \u012eSKAITOS NUOSTAT\u0172 PATVIRTINIMO\u201c <a href=\"https:\/\/www.nsa.smsm.lt\/old\/old\/wp-content\/uploads\/2020\/12\/1820_Isakymas_del_Tvarkos_apraso.doc\" target=\"_blank\" rel=\"noopener\">PAKEITIMAS<\/a>\n\n<a href=\"https:\/\/www.nsa.smsm.lt\/old\/old\/wp-content\/uploads\/2020\/12\/1819_2011_BE.doc\" target=\"_blank\" rel=\"noopener\">2011 met\u0173 brandos egzamin\u0173 tvarkos apra\u0161as<\/a>\n\n<a href=\"https:\/\/www.nsa.smsm.lt\/old\/old\/wp-content\/uploads\/2020\/12\/1366_tvarkos_aprasas.pdf\" target=\"_blank\" rel=\"noopener\">2010 met\u0173 brandos egzamin\u0173 tvarkos apra\u0161as<\/a>\n\n<a href=\"https:\/\/www.nsa.smsm.lt\/old\/old\/wp-content\/uploads\/2020\/12\/830_BE_tvarkos_aprasas_2009.pdf\" target=\"_blank\" rel=\"noopener\">2009 met\u0173 brandos egzamin\u0173 tvarkos apra\u0161as<\/a>\n\n\u0160VIETIMO IR MOKSLO MINISTRO 2006 M. GRUOD\u017dIO 18 D. \u012eSAKYMO NR. ISAK-2391 \u201e<a href=\"https:\/\/www.nsa.smsm.lt\/old\/old\/wp-content\/uploads\/2020\/12\/972_eksternas_isak_balandzio_14d.doc\" target=\"_blank\" rel=\"noopener\">D\u0116L BRANDOS EGZAMIN\u0172 ORGANIZAVIMO IR VYKDYMO TVARKOS APRA\u0160O, KALB\u0172 \u012eSKAIT\u0172 NUOSTAT\u0172, PAGRINDINIO UGDYMO PASIEKIM\u0172 PATIKRINIMO NUOSTAT\u0172 IR MOKINI\u0172 KOMPIUTERINIO RA\u0160TINGUMO \u012eSKAITOS NUOSTAT\u0172 PATVIRTINIMO<\/a>\u201c PAKEITIMAS\n\nD\u0116L \u0160VIETIMO IR MOKSLO MINISTRO 2006 M. GRUOD\u017dIO 18 D. <a href=\"https:\/\/www.nsa.smsm.lt\/old\/old\/wp-content\/uploads\/2020\/12\/936_isakymas412.pdf\" target=\"_blank\" rel=\"noopener\">\u012eSAKYMO NR. ISAK-2391<\/a> \u201eD\u0116L BRANDOS EGZAMIN\u0172 ORGANIZAVIMO IR VYKDYMO TVARKOS APRA\u0160O, KALB\u0172 \u012eSKAIT\u0172 NUOSTAT\u0172, PAGRINDINIO UGDYMO PASIEKIM\u0172 PATIKRINIMO NUOSTAT\u0172 IR MOKINI\u0172 KOMPIUTERINIO RA\u0160TINGUMO \u012eSKAITOS NUOSTAT\u0172 PATVIRTINIMO\u201c PAKEITIMO\n\n<a href=\"https:\/\/www.nsa.smsm.lt\/old\/old\/wp-content\/uploads\/2020\/12\/1022_ltg_vbe_vykdymo_instrkcijos_pakeitimas.pdf\" target=\"_blank\" rel=\"noopener\">D\u0116L LIETUVI\u0172 KALBOS (GIMTOSIOS) VALSTYBINIO BRANDOS EGZAMINO VYKDYMO INSTRUKCIJOS PAKEITIMO<\/a>\n\n--><\/p>\n","protected":false},"excerpt":{"rendered":"<p>Valstybini\u0173 brandos egzamin\u0173 organizavimo ir vykdymo tvarkos apra\u0161as Nacionalini\u0173 mokini\u0173 pasiekim\u0173, pagrindinio ugdymo pasiekim\u0173 patikrinim\u0173 ir valstybini\u0173 brandos egzamin\u0173 pritaikymo mokiniams, turintiems speciali\u0173j\u0173 ugdymosi poreiki\u0173, tvarkos apra\u0161as<\/p>\n","protected":false},"author":1,"featured_media":0,"parent":16826,"menu_order":0,"comment_status":"closed","ping_status":"closed","template":"page-egzaminai.php","meta":{"_acf_changed":false,"footnotes":""},"class_list":["post-16864","page","type-page","status-publish","hentry"],"acf":[],"_links":{"self":[{"href":"https:\/\/www.nsa.smsm.lt\/old\/wp-json\/wp\/v2\/pages\/16864","targetHints":{"allow":["GET"]}}],"collection":[{"href":"https:\/\/www.nsa.smsm.lt\/old\/wp-json\/wp\/v2\/pages"}],"about":[{"href":"https:\/\/www.nsa.smsm.lt\/old\/wp-json\/wp\/v2\/types\/page"}],"author":[{"embeddable":true,"href":"https:\/\/www.nsa.smsm.lt\/old\/wp-json\/wp\/v2\/users\/1"}],"replies":[{"embeddable":true,"href":"https:\/\/www.nsa.smsm.lt\/old\/wp-json\/wp\/v2\/comments?post=16864"}],"version-history":[{"count":44,"href":"https:\/\/www.nsa.smsm.lt\/old\/wp-json\/wp\/v2\/pages\/16864\/revisions"}],"predecessor-version":[{"id":42032,"href":"https:\/\/www.nsa.smsm.lt\/old\/wp-json\/wp\/v2\/pages\/16864\/revisions\/42032"}],"up":[{"embeddable":true,"href":"https:\/\/www.nsa.smsm.lt\/old\/wp-json\/wp\/v2\/pages\/16826"}],"wp:attachment":[{"href":"https:\/\/www.nsa.smsm.lt\/old\/wp-json\/wp\/v2\/media?parent=16864"}],"curies":[{"name":"wp","href":"https:\/\/api.w.org\/{rel}","templated":true}]}}