{"id":16855,"date":"2023-10-25T06:10:45","date_gmt":"2023-10-25T04:10:45","guid":{"rendered":"https:\/\/www.nsa.smsm.lt\/old\/?page_id=16855"},"modified":"2023-12-21T10:57:12","modified_gmt":"2023-12-21T08:57:12","slug":"mokytoju-atestacija","status":"publish","type":"page","link":"https:\/\/www.nsa.smsm.lt\/old\/vadovu-ir-pedagogu-vertinimas\/mokytoju-atestacija\/","title":{"rendered":"Mokytoj\u0173 ir pagalbos mokiniui specialist\u0173 atestacija"},"content":{"rendered":"<p><em>Mokytojas ir pagalbos mokiniui specialistas<\/em> turi teis\u0119 b\u016bti atestuotas ir \u012fgyti kvalifikacin\u0119 kategorij\u0105 \u0161vietimo, mokslo ir sporto ministro nustatyta tvarka (<a href=\"https:\/\/www.e-tar.lt\/portal\/lt\/legalAct\/TAR.9A3AD08EA5D0\/asr\">Lietuvos Respublikos \u0161vietimo \u012fstatymo\u00a049 straipsnis<\/a>). Atestacijos proces\u0105 reglamentuoja\u00a0<a href=\"https:\/\/e-seimas.lrs.lt\/portal\/legalAct\/lt\/TAD\/TAIS.332784\/SryMPnTnQU\">Mokytoj\u0173 ir pagalbos mokiniui specialist\u0173 (i\u0161skyrus psichologus) atestacijos nuostatai<\/a> (toliau \u2013 Atestacijos nuostatai)\u00a0ir\u00a0<a href=\"https:\/\/www.e-tar.lt\/portal\/lt\/legalAct\/7f45d9f02f7911e4a83cb4f588d2ac1a\/ZZqxYYfmqd\">Reikalavim\u0173 mokytoj\u0173 kvalifikacijai apra\u0161as<\/a>.<\/p>\n<p>Atestacijos komisij\u0173 pirmininkai<em>\u00a0prie\u0161 6 m\u0117n. iki atestacijos komisijos pos\u0117d\u017eio<\/em>\u00a0teikia pra\u0161ymus Nacionalinei \u0161vietimo agent\u016brai el. pa\u0161tu\u00a0<a href=\"mailto:info@nsa.smm.lt\"><strong>info@nsa.smm.lt<\/strong><\/a>\u00a0 d\u0117l praktin\u0117s veiklos vertintoj\u0173 paskyrimo. Nacionalin\u0117 \u0161vietimo agent\u016bra, vadovaudamasi Atestacijos nuostat\u0173 45 p., skiria vertintojus mokytojams ir pagalbos mokiniui specialistams, siekiantiems \u012fgyti eksperto kvalifikacin\u0119 kategorij\u0105. Valstybini\u0173 \u0161vietimo \u012fstaig\u0173 mokytojams ir pagalbos mokiniui specialistams, siekiantiems \u012fgyti metodininko kvalifikacin\u0119 kategorij\u0105, Nacionalin\u0117 \u0161vietimo agent\u016bra yra \u012fgaliota skirti tre\u010diaj\u012f vertintoj\u0105 \u2013 dalyko mokytoj\u0105 ar pagalbos mokiniui specialist\u0105 (Atestacijos nuostat\u0173 44 p.).<\/p>\n<p><strong>Kontaktai pasiteiravimui:<\/strong><\/p>\n<p>Jurgita Bendoravi\u010dien\u0117, tel. +370 658 18363, el. pa\u0161tas <a href=\"mailto:jurgita.bendoraviciene@nsa.smm.lt\">jurgita.bendoraviciene@nsa.smm.lt<\/a><\/p>\n<p>&nbsp;<\/p>\n<h2>Dokumentai<\/h2>\n<hr \/>\n<p><strong>Reikalavim\u0173 mokytoj\u0173 kvalifikacijai apra\u0161as<\/strong><\/p>\n<p><a href=\"https:\/\/www.e-tar.lt\/portal\/lt\/legalActEditions\/7f45d9f02f7911e4a83cb4f588d2ac1a?faces-redirect=true\">V-774 D\u0117l Reikalavim\u0173 mokytoj\u0173 kvalifikacijai apra\u0161o patvirtinimo (e-tar.lt)<\/a><\/p>\n<p><strong>Mokytoj\u0173 ir pagalbos mokiniui specialist\u0173 (i\u0161skyrus psichologus) atestacijos nuostatai<\/strong><\/p>\n<p><a href=\"https:\/\/e-seimas.lrs.lt\/portal\/legalAct\/lt\/TAD\/TAIS.332784\/SryMPnTnQU\">ISAK-3216 D\u0117l Mokytoj\u0173 ir pagalbos mokiniui specialist\u0173 (i\u0161skyrus psichologus) atestacijos nuostat\u0173 patvirt&#8230; (lrs.lt)<\/a><\/p>\n","protected":false},"excerpt":{"rendered":"<p>Mokytojas ir pagalbos mokiniui specialistas turi teis\u0119 b\u016bti atestuotas ir \u012fgyti kvalifikacin\u0119 kategorij\u0105 \u0161vietimo, mokslo ir sporto ministro nustatyta tvarka (Lietuvos Respublikos \u0161vietimo \u012fstatymo\u00a049 straipsnis). Atestacijos proces\u0105 reglamentuoja\u00a0Mokytoj\u0173 ir pagalbos mokiniui specialist\u0173 (i\u0161skyrus psichologus) atestacijos nuostatai (toliau \u2013 Atestacijos nuostatai)\u00a0ir\u00a0Reikalavim\u0173&nbsp;<a href=\"https:\/\/www.nsa.smsm.lt\/old\/vadovu-ir-pedagogu-vertinimas\/mokytoju-atestacija\/\" class=\"placiau\">Pla\u010diau <i class=\"fa fa-caret-right\"><\/i><\/a><\/p>\n","protected":false},"author":1,"featured_media":0,"parent":10105,"menu_order":3,"comment_status":"closed","ping_status":"closed","template":"page-mokytoju-atestacija.php","meta":{"_acf_changed":false,"footnotes":""},"class_list":["post-16855","page","type-page","status-publish","hentry"],"acf":[],"_links":{"self":[{"href":"https:\/\/www.nsa.smsm.lt\/old\/wp-json\/wp\/v2\/pages\/16855","targetHints":{"allow":["GET"]}}],"collection":[{"href":"https:\/\/www.nsa.smsm.lt\/old\/wp-json\/wp\/v2\/pages"}],"about":[{"href":"https:\/\/www.nsa.smsm.lt\/old\/wp-json\/wp\/v2\/types\/page"}],"author":[{"embeddable":true,"href":"https:\/\/www.nsa.smsm.lt\/old\/wp-json\/wp\/v2\/users\/1"}],"replies":[{"embeddable":true,"href":"https:\/\/www.nsa.smsm.lt\/old\/wp-json\/wp\/v2\/comments?post=16855"}],"version-history":[{"count":3,"href":"https:\/\/www.nsa.smsm.lt\/old\/wp-json\/wp\/v2\/pages\/16855\/revisions"}],"predecessor-version":[{"id":37784,"href":"https:\/\/www.nsa.smsm.lt\/old\/wp-json\/wp\/v2\/pages\/16855\/revisions\/37784"}],"up":[{"embeddable":true,"href":"https:\/\/www.nsa.smsm.lt\/old\/wp-json\/wp\/v2\/pages\/10105"}],"wp:attachment":[{"href":"https:\/\/www.nsa.smsm.lt\/old\/wp-json\/wp\/v2\/media?parent=16855"}],"curies":[{"name":"wp","href":"https:\/\/api.w.org\/{rel}","templated":true}]}}