{"id":16853,"date":"2022-12-21T13:09:32","date_gmt":"2022-12-21T11:09:32","guid":{"rendered":"https:\/\/www.nsa.smsm.lt\/old\/?page_id=16853"},"modified":"2023-01-11T23:43:38","modified_gmt":"2023-01-11T21:43:38","slug":"svietimo-istaigu-vadovu-rezervas","status":"publish","type":"page","link":"https:\/\/www.nsa.smsm.lt\/old\/vadovu-ir-pedagogu-vertinimas\/svietimo-istaigu-vadovu-rezervas\/","title":{"rendered":"\u0160vietimo \u012fstaig\u0173 vadov\u0173 rezervas"},"content":{"rendered":"<p>Vadovaudamasis Lietuvos Respublikos \u0161vietimo \u012fstatymo 56 straipsnio 14 punktu \u0161vietimo, mokslo ir sporto ministras 2018 m. baland\u017eio 23 d. \u012fsakymu Nr. V-393 \u201eD\u0117l \u0161vietimo \u012fstaig\u0173 vadov\u0173 rezervo reglamento patvirtinimo\u201c patvirtino \u0161vietimo \u012fstaig\u0173 vadov\u0173 rezervo reglament\u0105. Reglamentas nustato, kad rezerv\u0105 sudaro \u0161e\u0161ios asmen\u0173, atitinkan\u010di\u0173 \u0161vietimo \u012fstaigos vadovui keliamus kvalifikacinius reikalavimus ir nepriekai\u0161tingos reputacijos reikalavim\u0105, nustatyt\u0105 Lietuvos Respublikos \u0161vietimo \u012fstatymo\u00a05<sup>1\u00a0<\/sup>straipsnyje, grup\u0117s:<\/p>\n<p>1 grup\u0119 sudaro asmenys, pateik\u0119 pra\u0161ym\u0105 \u0161vietimo, mokslo ir sporto ministro \u012fgaliotai institucijai \u012fvertinti jo vadovavimo \u0161vietimo \u012fstaigai kompetencijas;<\/p>\n<p>2 grup\u0119 sudaro asmenys, \u0161vietimo, mokslo ir sporto ministro nustatyta tvarka \u012fsivertin\u0119 vadovavimo \u0161vietimo \u012fstaigai kompetencijas, ta\u010diau dar nedirb\u0119 \u0161vietimo \u012fstaigos vadovais;<\/p>\n<p>3 grup\u0119 sudaro pirmus dvejus metus \u0161vietimo \u012fstaig\u0173 vadovais dirbantys asmenys, priimti \u012f pareigas vie\u0161o konkurso b\u016bdu \u0161vietimo, mokslo ir sporto ministro nustatyta tvarka, pageidaujantys gauti mentoryst\u0117s paslaug\u0105;<\/p>\n<p>4 grup\u0119 sudaro Lietuvos Respublikos \u0161vietimo \u012fstatymo 59 straipsnio 17 dalyje \u012fvardyti buv\u0119 \u0161vietimo \u012fstaig\u0173 vadovai;<\/p>\n<p>5 grup\u0119 sudaro asmenys, baig\u0119 \u0161vietimo \u012fstaigos vadovo kadencij\u0105 (-as), turintys vadovavimo \u0161vietimo \u012fstaigai kompetencij\u0173 \u012fvertinim\u0105, bet ne ilgiau kaip 5 metus nedirbantys \u0161vietimo \u012fstaigos vadovais;<\/p>\n<p>6 grup\u0119 sudaro asmenys, turintys teis\u0119 teikti \u0161vietimo \u012fstaigos vadovo mentoryst\u0117s paslaugas (toliau \u2013 \u0161vietimo \u012fstaigos vadovo mentorius).<\/p>\n<p>Asmenys, siekiantys b\u016bti \u012ftraukti \u012f rezerv\u0105, nuo 2019 met\u0173 sausio 3 d. turi kreiptis \u012f Nacionalin\u0119 \u0161vietimo agent\u016br\u0105, teikdami pra\u0161ym\u0105, kuriame nurodo vard\u0105, pavard\u0119, telefono numer\u012f ir elektroninio pa\u0161to adres\u0105 bei patvirtina sutikim\u0105, kad jo pateikti asmens duomenys b\u016bt\u0173 tvarkomi reglamente nurodytu tikslu, ir pateikia reglamento 8 punkte nustatytus dokumentus.<\/p>\n<h2 style=\"margin-top:20px\">Dokumentai<\/h2>\n<hr \/>\n<p><a href=\"https:\/\/e-seimas.lrs.lt\/portal\/legalAct\/lt\/TAD\/1631a7c247f611e89197e1115e5dbece\/asr\">Lietuvos Respublikos \u0161vietimo ir mokslo ministro 2018 m. baland\u017eio 23 d. \u012fsakymas Nr. V-393 \u201eD\u0117l \u0161vietimo \u012fstaig\u0173 vadov\u0173 rezervo reglamento patvirtinimo\u201c<\/a><\/p>\n","protected":false},"excerpt":{"rendered":"<p>Vadovaudamasis Lietuvos Respublikos \u0161vietimo \u012fstatymo 56 straipsnio 14 punktu \u0161vietimo, mokslo ir sporto ministras 2018 m. baland\u017eio 23 d. \u012fsakymu Nr. V-393 \u201eD\u0117l \u0161vietimo \u012fstaig\u0173 vadov\u0173 rezervo reglamento patvirtinimo\u201c patvirtino \u0161vietimo \u012fstaig\u0173 vadov\u0173 rezervo reglament\u0105. Reglamentas nustato, kad rezerv\u0105 sudaro&nbsp;<a href=\"https:\/\/www.nsa.smsm.lt\/old\/vadovu-ir-pedagogu-vertinimas\/svietimo-istaigu-vadovu-rezervas\/\" class=\"placiau\">Pla\u010diau <i class=\"fa fa-caret-right\"><\/i><\/a><\/p>\n","protected":false},"author":1,"featured_media":0,"parent":10105,"menu_order":2,"comment_status":"closed","ping_status":"closed","template":"page-vadovu-rezervas.php","meta":{"_acf_changed":false,"footnotes":""},"class_list":["post-16853","page","type-page","status-publish","hentry"],"acf":[],"_links":{"self":[{"href":"https:\/\/www.nsa.smsm.lt\/old\/wp-json\/wp\/v2\/pages\/16853","targetHints":{"allow":["GET"]}}],"collection":[{"href":"https:\/\/www.nsa.smsm.lt\/old\/wp-json\/wp\/v2\/pages"}],"about":[{"href":"https:\/\/www.nsa.smsm.lt\/old\/wp-json\/wp\/v2\/types\/page"}],"author":[{"embeddable":true,"href":"https:\/\/www.nsa.smsm.lt\/old\/wp-json\/wp\/v2\/users\/1"}],"replies":[{"embeddable":true,"href":"https:\/\/www.nsa.smsm.lt\/old\/wp-json\/wp\/v2\/comments?post=16853"}],"version-history":[{"count":0,"href":"https:\/\/www.nsa.smsm.lt\/old\/wp-json\/wp\/v2\/pages\/16853\/revisions"}],"up":[{"embeddable":true,"href":"https:\/\/www.nsa.smsm.lt\/old\/wp-json\/wp\/v2\/pages\/10105"}],"wp:attachment":[{"href":"https:\/\/www.nsa.smsm.lt\/old\/wp-json\/wp\/v2\/media?parent=16853"}],"curies":[{"name":"wp","href":"https:\/\/api.w.org\/{rel}","templated":true}]}}