{"id":16849,"date":"2025-01-15T06:06:24","date_gmt":"2025-01-15T04:06:24","guid":{"rendered":"https:\/\/www.nsa.smsm.lt\/old\/?page_id=16849"},"modified":"2025-01-15T21:32:28","modified_gmt":"2025-01-15T19:32:28","slug":"pretendentu-kompetenciju-vertinimas","status":"publish","type":"page","link":"https:\/\/www.nsa.smsm.lt\/old\/vadovu-ir-pedagogu-vertinimas\/pretendentu-kompetenciju-vertinimas\/","title":{"rendered":"Pretendent\u0173 kompetencij\u0173 vertinimas"},"content":{"rendered":"<p>2011 metais\u00a0Lietuvos Respublikos \u0161vietimo ir mokslo ministro \u012fsakymu buvo patvirtinta\u00a0\u0161vietimo \u012fstaig\u0173 vadov\u0173 skyrimo tvarka: 2011-07-01 \u012fsakymas Nr. V-1193\u00a0 \u201e<strong>D\u0117l konkurso valstybini\u0173 ir savivaldybi\u0173 \u0161vietimo \u012fstaig\u0173 (i\u0161skyrus auk\u0161t\u0105sias mokyklas) vadov\u0173 pareigoms eiti tvarkos apra\u0161o patvirtinimo<\/strong>\u201c ir\u00a02011-07-01 \u012fsakymas Nr. V-1194 \u201e<strong>Kvalifikacini\u0173 reikalavim\u0173 valstybini\u0173 ir savivaldybi\u0173 \u0161vietimo \u012fstaig\u0173 (i\u0161skyrus auk\u0161t\u0105sias mokyklas) vadovams apra\u0161as<\/strong>\u201c. Pagal\u00a0\u0161i\u0105 tvark\u0105, kiekvienas pretendentas, ketinantis dalyvauti\u00a0paskelbtame konkurse \u0161vietimo \u012fstaigos (i\u0161skyrus auk\u0161t\u0105sias mokyklas) vadovo pareigoms eiti, konkurso komisijai privalo pateikti vadovavimo \u0161vietimo \u012fstaigai kompetencij\u0173 vertinimo ataskaitos, liudijan\u010dios, kad pretendentas atitinka vadovui privalomas vadovavimo \u0161vietimo \u012fstaigai kompetencijas, kopij\u0105. Kompetencijas, vadovaujantis<strong> Vadovavimo valstybinei ar savivaldyb\u0117s \u0161vietimo \u012fstaigai (i\u0161skyrus auk\u0161t\u0105j\u0105 mokykl\u0105) kompetencij\u0173 vertinimo ir jam prilyginto vertinimo tvarkos apra\u0161u<\/strong> (Lietuvos Respublikos \u0161vietimo, mokslo ir sporto ministro 2024 m. gegu\u017e\u0117s 7 d. \u012fsakymas Nr. V-518 \u201eD\u0117l vadovavimo valstybinei ar savivaldyb\u0117s \u0161vietimo \u012fstaigai (i\u0161skyrus auk\u0161t\u0105j\u0105 mokykl\u0105) kompetencij\u0173 vertinimo ir jam prilyginto vertinimo tvarkos apra\u0161o patvirtinimo\u201c), vertina Nacionalin\u0117 \u0161vietimo agent\u016bra (toliau \u2013 N\u0160A) ir jos pasitelkti specialistai turintys magistro kvalifikacin\u012f laipsn\u012f arba jam prilygint\u0105 auk\u0161tojo mokslo kvalifikacij\u0105, arba teis\u0117 akt\u0173 nustatyta tvarka pripa\u017eint\u0105 kaip lygiavert\u0119 u\u017esienyje \u012fgyt\u0105 kvalifikacij\u0105 (toliau \u2013 vertintojas), kurie atitinka vien\u0105 arba abu i\u0161 nurodyt\u0173 reikalavim\u0173:<\/p>\n<ol>\n<li>turi ne ma\u017eesn\u0119 kaip 3 met\u0173 vadov\u0173 veiklos vertinimo ir (ar) vadybini\u0173 kompetencij\u0173 vertinimo patirt\u012f per pastaruosius 5 metus ir yra baig\u0119 ne ma\u017eesn\u0117s kaip 80 akademini\u0173 valand\u0173 trukm\u0117s pretendent\u0173 \u012f \u0161vietimo \u012fstaig\u0173 (i\u0161skyrus auk\u0161t\u0105sias mokyklas) vadovus kompetencij\u0173 vertinimo metodikos taikymo mokymus;<\/li>\n<li>turi pedagogo kvalifikacij\u0105 ir ne ma\u017eesn\u0119 kaip 5 met\u0173 vadovavimo \u0161vietimo \u012fstaigai arba \u0161vietimo organizavimo ir (ar) \u0161vietimo steb\u0117senos patirt\u012f, \u012fgyta vie\u0161ojo administravimo institucijoje arba \u0161vietimo pagalbos \u012fstaigoje per pastaruosius 8 metus, ir yra baig\u0119 ne ma\u017eesn\u0117s kaip 80 akademini\u0173 valand\u0173 trukm\u0117s pretendent\u0173 \u012f \u0161vietimo \u012fstaig\u0173 (i\u0161skyrus auk\u0161t\u0105sias mokyklas) vadovus kompetencij\u0173 vertinimo metodikos taikymo mokymus.<\/li>\n<\/ol>\n<p><b>Tikslai<\/b><\/p>\n<p>Objektyviai \u012fvertinti asmen\u0173, dalyvaujan\u010di\u0173 vertinime vadovavimo \u0161vietimo \u012fstaigai kompetencijas ir j\u0173 potencial\u0105, reikalingus vadovavimui mokyklai.<\/p>\n<p>Suteikti profesionali\u0105 param\u0105 vertinamiesiems, siekiantiems ugdyti vadovavimo \u0161vietimo \u012fstaigai kompetencijas ir tapti \u0161vietimo \u012fstaigos lyderiais.<\/p>\n<p>Kaupti informacij\u0105 apie bendr\u0105 Lietuvos \u0161vietimo \u012fstaig\u0173 vadov\u0173 kompetencij\u0173 lyg\u012f ir numatyti kvalifikacijos tobulinimo \u017eingsnius bei kitas priemones.<\/p>\n<p><b>Konfidencialumo u\u017etikrinimas<\/b><\/p>\n<p>Vertinimas vyksta vadovaujantis informavimo ir atvirumo, pagarbos asmeniui, eti\u0161kumo ir s\u0105\u017einingumo, objektyvumo, konfidencialumo, vienod\u0173 galimybi\u0173 sudarymo principais bei laikantis Asmens duomen\u0173 apsaugos taisykli\u0173.<\/p>\n<p>Prie\u0161 pradedant vertinim\u0105, pretendentas supa\u017eindinamas su kompetencij\u0173 vertinimo proced\u016bromis, u\u017eduo\u010di\u0173 pob\u016bd\u017eiu bei pareiga laikytis konfidencialumo ir pasira\u0161o patvirtintos formos Asmens, siekian\u010dio eiti \u0161vietimo \u012fstaigos (i\u0161skyrus auk\u0161t\u0105j\u0105 mokykl\u0105) vadovo pareigas, supa\u017eindinimo su kompetencij\u0173 vertinimo, jam prilyginto vertinimo tvarka akt\u0105.<\/p>\n<p>Pretendent\u0173 vertinimo informacija prieinama tik N\u0160A atsakingiems asmenims, vertinim\u0105 vykdantiems specialistams, vertinimo dalyviui bei komisijos nariams, kai \u0161iems pateikiama vertinimo i\u0161vada kartu su kitais konkurso dokumentais.<\/p>\n<p><b>Kokyb\u0117s u\u017etikrinimas<\/b><\/p>\n<p>Siekiant u\u017etikrinti vertinimo kokyb\u0119, kiekviena vertinama kompetencija tikrinama ne ma\u017eiau kaip dviem skirtingais metodais.<\/p>\n<p>Vertinimo metu vertintojai stebi ir fiksuoja dalyvi\u0173 elges\u012f \u012fvairiose situacijose, siekdami nustatyti konkre\u010di\u0173 vertinam\u0173 kompetencij\u0173 pasirei\u0161kimo laipsn\u012f bei \u012f\u017evelgti vertinam\u0173j\u0173 vadovavimo \u0161vietimo \u012fstaigai potencial\u0105.<\/p>\n<p>Vertinimas organizuojamas taip, kad kiekvienas vertinamasis b\u016bt\u0173 stebimas ne ma\u017eiau kaip vieno vertintojo. Vertinimo objektyvumo u\u017etikrinimui, grupin\u0117se u\u017eduotyse vertintojai stebi po kelis pasirinktus vertinimo dalyvius.<\/p>\n<p>Siekiant u\u017etikrinti vertinimo objektyvum\u0105, daromas skaitmeninis \u012fra\u0161as, kad po vertinimo vertintojai tur\u0117t\u0173 galimyb\u0119 surinkti daugiau informacijos, reikalingos vertinimo ataskaitai parengti.<\/p>\n<p><b>Registracija vertinimui<\/b><\/p>\n<p>Vertinime ketinantys dalyvauti asmenys registruojasi vertinimui, u\u017epildydami\u00a0<a href=\"https:\/\/www.nsa.smsm.lt\/old\/old\/wp-content\/uploads\/2022\/02\/Prasymodalyvautikompetencijuvertinimeforma_2022.docx\">Pra\u0161ymo form\u0105<\/a>\u00a0ir\u00a0<a href=\"http:\/\/www.nsa.smm.lt\/wp-content\/uploads\/2020\/12\/CV-forma.doc\">Gyvenimo apra\u0161ym\u0105, parengt\u0105 Europass CV formatu lietuvi\u0173 kalba<\/a>.<\/p>\n<p>Vertinime gali dalyvauti pretendentai, atitinkantys formalius kvalifikacinius reikalavimus, kaip nustatyta Kvalifikacij\u0173 apra\u0161e. Pretendentai, kartu su pra\u0161ymu ir gyvenimo apra\u0161ymu, parengtu Europass CV formatu lietuvi\u0173 kalba, pateikia dokument\u0173, patvirtinan\u010di\u0173, kad jie atitinka kvalifikacinius reikalavimus, kopijas. Dokument\u0173 originalai pateikiami, teikiant dokumentus tiesiogiai arba kompetencij\u0173 vertinimo dien\u0105 prie\u0161 vertinim\u0105, ir sutikrinti su kopijomis, gr\u0105\u017einami.<\/p>\n<p>Jeigu pretendentas jau yra\u00a0<b>pateik\u0119s pra\u0161ym\u0105 dalyvauti konkurse<\/b>, kompetencijoms vertinti jis turi registruotis per\u00a0<strong>10<\/strong><b>\u00a0darbo dien\u0173 nuo konkurso paskelbimo dienos.<\/b><\/p>\n<p>Vertinimui registruojamasi u\u017epildant \u0161ioje svetain\u0117je esan\u010dias \u201ePra\u0161ymo\u201c ir \u201eGyvenimo apra\u0161ymo, parengto Europass CV formatu lietuvi\u0173 kalba\u201c formas ir atsiun\u010diant kitus kvalifikacij\u0105 \u012frodan\u010dius dokumentus. (Informacija suteikiama telefonais: <strong>+370 658 18029<\/strong>).<\/p>\n<p><strong><em>Pra\u0161ym\u0105 dalyvauti kompetencij\u0173 vertinime<\/em><\/strong>,\u00a0<strong><em>gyvenimo apra\u0161ym\u0105, parengt\u0105 Europass CV formatu lietuvi\u0173 kalba<\/em><\/strong> ir kvalifikacij\u0105 \u012frodan\u010di\u0173 dokument\u0173 kopijas pra\u0161ome si\u0173sti el.p. <a href=\"mailto:inga.kudarauskiene@nsa.smm.lt\">inga.kudarauskiene@nsa.smm.lt<\/a>\u00a0arba pa\u0161tu adresu: Nacionalin\u0117s \u0161vietimo agent\u016bros Vertinimo skyriui, K. Kalinausko g. 7, LT-03107 Vilnius<\/p>\n<p><b>Informavimas<\/b><\/p>\n<p>Pretendentai informuojami apie numatyt\u0105 vertinimo dat\u0105 (oficialiu ra\u0161tu el. pa\u0161tu) ne v\u0117liau kaip prie\u0161 5 dienas iki vertinimo dienos. Tvarkos apra\u0161e numatytais atvejais, kai vertinimas turi \u012fvykti grei\u010diau, pretendentui apie vertinimo viet\u0105 ir laik\u0105 prane\u0161ama ne v\u0117liau kaip prie\u0161 2 dienas iki vertinimo.<\/p>\n<p><b>Organizavimas<\/b><\/p>\n<p>Atvyk\u0119s \u012f vertinim\u0105, pretendentas pateikia asmens tapatyb\u0119 patvirtinant\u012f dokument\u0105 bei dokumentus, patvirtinan\u010dius atitikim\u0105 kvalifikaciniams reikalavimams.<\/p>\n<p>Vertinimas vyksta keturias valandas (nuo 10 val. iki 14 val.). \u012e \u0161\u012f laik\u0105 ne\u012fskaitomos pertraukos pails\u0117ti. Vertinimo pabaigos laikas gali skirtis, priklausomai nuo to, kaip greitai pretendentams pavyksta atlikti u\u017eduotis. Vertinimo metu numatytos dvi kavos pertraukos.<\/p>\n<p>Vertinimo metu naudojamos u\u017eduotys yra universalios ir nediferencijuojamos pagal atskirus \u0161vietimo \u012fstaig\u0173 tipus.<\/p>\n<p>Vertinimas vykdomas 3-4 vertinam\u0173j\u0173 grup\u0117mis.<\/p>\n<p><b>Rezultat\u0173 analiz\u0117 ir pateikimas<\/b><\/p>\n<p>Vertintojai analizuoja vis\u0105 vertinimo metu surinkt\u0105 informacij\u0105 pagal vertintas kompetencijas. Visi vertintojai, vertinimo metu steb\u0117j\u0119 konkret\u0173 vertinimo dalyv\u012f, apibendrina savo pasteb\u0117jimus ir sutaria d\u0117l konkre\u010di\u0173 kompetencij\u0173 galutinio vertinimo.<\/p>\n<p>Vertinamajam pateikiama ra\u0161ti\u0161ka vertinimo ataskaita bei jos priedas. Ataskait\u0105 pretendentas, dalyvaujantis konkurse, pateikia konkurso atrankos komisijai, kartu su kitais dokumentais, ataskaitos priedas \u2013 rekomendacijos tobul\u0117jimui \u2013 skirtas vertinamajam.<\/p>\n<p>Vertinimo rezultatai galioja septynerius metus nuo pretendento kompetencij\u0173 vertinimo dienos, i\u0161skyrus atvejus, kai per \u0161\u012f laikotarp\u012f pretendentas pradeda eiti \u0161vietimo \u012fstaigos vadovo pareigas, laim\u0117j\u0119s vie\u0161\u0105 konkurs\u0105. Tokiu atveju kompetencij\u0173 vertinimo \u012fvertinimas galioja vis\u0105 laikotarp\u012f, kol \u0161vietimo \u012fstaigos vadovas eina pareigas ir dar septynerius metus po to, kai nebeina pareig\u0173. Vis\u0105 \u0161\u012f laik\u0105 vertinimo rezultatai saugomi N\u0160A.<\/p>\n<p>Pakartotinai dalyvauti kompetencij\u0173 vertinime ar prilygintame vertinime asmuo gali ne anks\u010diau kaip pra\u0117jus vieniems metams \u00a0nuo ankstesnio kompetencij\u0173 ar prilyginto vertinimo.<\/p>\n<div>\n<p>&nbsp;<\/p>\n<\/div>\n<h2 class=\"entry-title\">Dokumentai<\/h2>\n<hr \/>\n<p><strong>\u00a02011-07-01 \u012fsakymas Nr. V-1193<\/strong><\/p>\n<p>\u201eD\u0117l konkurso valstybini\u0173 ir savivaldybi\u0173 \u0161vietimo \u012fstaig\u0173 (i\u0161skyrus auk\u0161t\u0105sias mokyklas) vadov\u0173 pareigoms eiti tvarkos apra\u0161o patvirtinimo\u201c (2012-12-12 Nr. V-1740; 2015-04-28 Nr. V-398; 2016-12-01 Nr. V-1082; 2018-02-01 Nr. V-90; 2018-03-27 Nr. V-293; 2020-05-14 Nr. V-719; 2020-07-20 Nr. V-1098, 2020-11-09 Nr. V-1707) <a href=\"https:\/\/www.e-tar.lt\/portal\/lt\/legalAct\/TAR.D1079D93ABC7\/asr\">Galiojanti suvestin\u0117 redakcija<\/a><\/p>\n<p><strong>2011-07-01 \u012fsakymas\u00a0 Nr. V-1194<\/strong><\/p>\n<p>\u201eD\u0117l Kvalifikacini\u0173 reikalavim\u0173 valstybini\u0173 ir savivaldybi\u0173 \u0161vietimo \u012fstaig\u0173 (i\u0161skyrus auk\u0161t\u0105sias mokyklas) vadovams apra\u0161o patvirtinimo\u201c (2015-04-28 Nr. V-399; 2016-12-01 Nr. V-1083; 2017-07-28 Nr. V-621; 2018-02-06 Nr. V-109; 2018-02-12 Nr. V-136, 2018-10-30 Nr. V-861; 2019-04-19 Nr. V-456; 2019-12-17 Nr. V-1505; 2020-05-15 Nr. V-727; 2020-07-20 Nr. V-1100, 2020-11-12 Nr. V-1744) <a href=\"https:\/\/www.e-tar.lt\/portal\/lt\/legalAct\/TAR.EE75CCBEC71F\/asr\">Galiojanti suvestin\u0117 redakcija<\/a><\/p>\n<p><strong>2024-05-07 \u012esakymas Nr. V-518<\/strong><\/p>\n<p><a href=\"https:\/\/www.e-tar.lt\/portal\/lt\/legalAct\/259373d00c4211efbcbfb318996800a8\">\u201eD\u0117l Vadovavimo valstybinei ar savivaldyb\u0117s \u0161vietimo \u012fstaigai (i\u0161skyrus auk\u0161t\u0105j\u0105 mokykl\u0105) kompetencij\u0173 vertinimo ir jam prilyginto vertinimo tvarkos apra\u0161o patvirtinimo\u201c<\/a><\/p>\n<p>&nbsp;<\/p>\n","protected":false},"excerpt":{"rendered":"<p>2011 metais\u00a0Lietuvos Respublikos \u0161vietimo ir mokslo ministro \u012fsakymu buvo patvirtinta\u00a0\u0161vietimo \u012fstaig\u0173 vadov\u0173 skyrimo tvarka: 2011-07-01 \u012fsakymas Nr. V-1193\u00a0 \u201eD\u0117l konkurso valstybini\u0173 ir savivaldybi\u0173 \u0161vietimo \u012fstaig\u0173 (i\u0161skyrus auk\u0161t\u0105sias mokyklas) vadov\u0173 pareigoms eiti tvarkos apra\u0161o patvirtinimo\u201c ir\u00a02011-07-01 \u012fsakymas Nr. V-1194 \u201eKvalifikacini\u0173 reikalavim\u0173&nbsp;<a href=\"https:\/\/www.nsa.smsm.lt\/old\/vadovu-ir-pedagogu-vertinimas\/pretendentu-kompetenciju-vertinimas\/\" class=\"placiau\">Pla\u010diau <i class=\"fa fa-caret-right\"><\/i><\/a><\/p>\n","protected":false},"author":1,"featured_media":0,"parent":10105,"menu_order":0,"comment_status":"closed","ping_status":"closed","template":"page-pretendentai.php","meta":{"_acf_changed":false,"footnotes":""},"class_list":["post-16849","page","type-page","status-publish","hentry"],"acf":[],"_links":{"self":[{"href":"https:\/\/www.nsa.smsm.lt\/old\/wp-json\/wp\/v2\/pages\/16849","targetHints":{"allow":["GET"]}}],"collection":[{"href":"https:\/\/www.nsa.smsm.lt\/old\/wp-json\/wp\/v2\/pages"}],"about":[{"href":"https:\/\/www.nsa.smsm.lt\/old\/wp-json\/wp\/v2\/types\/page"}],"author":[{"embeddable":true,"href":"https:\/\/www.nsa.smsm.lt\/old\/wp-json\/wp\/v2\/users\/1"}],"replies":[{"embeddable":true,"href":"https:\/\/www.nsa.smsm.lt\/old\/wp-json\/wp\/v2\/comments?post=16849"}],"version-history":[{"count":4,"href":"https:\/\/www.nsa.smsm.lt\/old\/wp-json\/wp\/v2\/pages\/16849\/revisions"}],"predecessor-version":[{"id":42145,"href":"https:\/\/www.nsa.smsm.lt\/old\/wp-json\/wp\/v2\/pages\/16849\/revisions\/42145"}],"up":[{"embeddable":true,"href":"https:\/\/www.nsa.smsm.lt\/old\/wp-json\/wp\/v2\/pages\/10105"}],"wp:attachment":[{"href":"https:\/\/www.nsa.smsm.lt\/old\/wp-json\/wp\/v2\/media?parent=16849"}],"curies":[{"name":"wp","href":"https:\/\/api.w.org\/{rel}","templated":true}]}}