{"id":16846,"date":"2022-12-21T13:03:18","date_gmt":"2022-12-21T11:03:18","guid":{"rendered":"https:\/\/www.nsa.smsm.lt\/old\/?page_id=16846"},"modified":"2023-01-11T20:04:45","modified_gmt":"2023-01-11T18:04:45","slug":"neformaliojo-vaiku-svietimo-ir-jo-teikeju-veiklos-kokybes-isorinis-vertinimas","status":"publish","type":"page","link":"https:\/\/www.nsa.smsm.lt\/old\/istaigu-vertinimas\/neformaliojo-vaiku-svietimo-ir-jo-teikeju-veiklos-kokybes-isorinis-vertinimas\/","title":{"rendered":"Neformaliojo vaik\u0173 \u0161vietimo ir jo teik\u0117j\u0173 veiklos kokyb\u0117s i\u0161orinis vertinimas"},"content":{"rendered":"<p>Viena i\u0161 Nacionalin\u0117s \u0161vietimo agent\u016bros (anks\u010diau Nacionalin\u0117s mokykl\u0173 vertinimo agent\u016bros, toliau \u2013 NMVA) veiklos sri\u010di\u0173 \u2013 Neformaliojo vaik\u0173 \u0161vietimo (toliau \u2013 NV\u0160) teik\u0117j\u0173 veiklos kokyb\u0117s vertinimas. 2018 metais vyksta \u0161ios srities veikl\u0173 pl\u0117tra.<\/p>\n<p>Septynioliktosios Lietuvos Respublikos Vyriausyb\u0117s programos plane, patvirtintame Lietuvos Respublikos Vyriausyb\u0117s 2017 m. kovo 13 d. nutarimu Nr. 167, \u0160vietimo ir mokslo ministerijai pavesta parengti Neformaliojo vaik\u0173 \u0161vietimo kokyb\u0117s u\u017etikrinimo model\u012f ir j\u012f i\u0161bandyti pilotin\u0117se savivaldyb\u0117se. \u0160vietimo ir mokslo ministro 2018 m. kovo 5 d. \u012fsakymu Nr. V-215 patvirtinta Neformaliojo vaik\u0173 \u0161vietimo ir jo teik\u0117j\u0173 veiklos kokyb\u0117s u\u017etikrinimo eksperimentin\u0117 metodika. 2018 metais numatyta metodik\u0105 i\u0161bandyti 6 savivaldyb\u0117se: Prien\u0173 r., Plung\u0117s r., Ukmerg\u0117s r., Utenos r., Taurag\u0117s r. ir Visagino.<\/p>\n<p>Ruo\u0161iantis atlikti NV\u0160 teik\u0117j\u0173 veiklos kokyb\u0117s i\u0161orin\u012f vertinim\u0105 2018 m. kovo 21\u201323 dienomis vyko 24 val. trukm\u0117s jau esam\u0173 bendrojo ugdymo programas vykdan\u010di\u0173 mokykl\u0173 i\u0161or\u0117s vertintoj\u0173 mokymai NV\u0160 teik\u0117j\u0173 veiklos kokyb\u0117s vertinimo kompetencijai \u012fgyti. Mokymus baig\u0117 15 i\u0161or\u0117s vertintoj\u0173 ir 7 savivaldybi\u0173 \u0161vietimo padalini\u0173 specialistai \u2013 NV\u0160 teik\u0117j\u0173 \u012fsivertinimo ir i\u0161orinio vertinimo proceso organizatoriai.<\/p>\n<p>2018 m. baland\u017eio \u2013 gegu\u017e\u0117s m\u0117nesiais pagal NMVA sudaryt\u0105 tvarkara\u0161t\u012f vyko NV\u0160 teik\u0117j\u0173 veiklos kokyb\u0117s i\u0161oriniai vertinimai 24-iose \u0161e\u0161i\u0173 pilotini\u0173 savivaldybi\u0173 NV\u0160 institucijose. Vertinim\u0173 metu i\u0161bandyta metodika bei teikti pasi\u016blymai ir rekomendacijos metodikai bei NV\u0160 teik\u0117j\u0173 veiklos kokyb\u0117s \u012fsivertinimo bei i\u0161orinio vertinimo procesui tobulinti.<\/p>\n<p><a class=\"mtli_attachment mtli_pdf\" href=\"https:\/\/www.nsa.smsm.lt\/old\/old\/wp-content\/uploads\/2020\/12\/NVS-teikeju-veiklos-kokybes-isorinis-vertinimas.pdf\" rel=\"\">Apibendrinti i\u0161or\u0117s vertintoj\u0173 pasi\u016blymai ir rekomendacijos<\/a>\u00a0pristatyti 2018 m. bir\u017eelio 21 d. vykusioje\u00a0\u0160vietimo ir mokslo ministerijos, Lietuvos mokini\u0173 neformaliojo \u0161vietimo centro ir Nacionalin\u0117s mokykl\u0173 vertinimo agent\u016bros organizuotoje konferencijoje \u201eNeformaliojo vaik\u0173 \u0161vietimo kokyb\u0117s kult\u016bros link\u201c. Siekiant i\u0161 i\u0161oriniame vertinime dalyvavusi\u0173 NV\u0160 teik\u0117j\u0173 susirinkti gr\u012f\u017etam\u0105j\u012f ry\u0161\u012f, pilotin\u0117se savivaldyb\u0117se vyko susitikimai su vertinime dalyvavusi\u0173 institucij\u0173 atstovais. \u0160io tyrimo rezultatai taip pat buvo pristatyti konferencijoje.<\/p>\n<p><a class=\"mtli_attachment mtli_pdf\" href=\"https:\/\/www.nsa.smsm.lt\/old\/old\/wp-content\/uploads\/2020\/12\/griztamasis-tyrimas.pdf\" rel=\"\">Gr\u012f\u017etamojo ry\u0161io tyrimo d\u0117l neformaliojo vaik\u0173 \u0161vietimo teik\u0117j\u0173 veiklos kokyb\u0117s i\u0161orini\u0173 vertinim\u0173 ataskaita<\/a><\/p>\n<p>&nbsp;<\/p>\n<h2>Dokumentai<\/h2>\n<hr \/>\n<p><i class=\"fa fa-file-pdf-o \" ><\/i> <b>2019-03-28 \u012esakymas Nr. V-342<\/b><\/p>\n<p><a href=\"https:\/\/www.e-tar.lt\/portal\/lt\/legalAct\/5fddafe0512311e9975f9c35aedfe438\">D\u0117l Neformaliojo vaik\u0173 \u0161vietimo ir jo teik\u0117j\u0173 veiklos kokyb\u0117s u\u017etikrinimo metodikos patvirtinimo<\/a><\/p>\n<p>&nbsp;<\/p>\n<p><i class=\"fa fa-file-pdf-o \" ><\/i>\u00a0<strong>2018-03-05 \u012esakymas Nr. V-215<\/strong><\/p>\n<p><a href=\"https:\/\/www.e-tar.lt\/portal\/lt\/legalAct\/aae5f3b0206611e88e8fef3b3f51dc2f\">D\u0117l neformaliojo vaik\u0173 \u0161vietimo ir jo teik\u0117j\u0173 veiklos kokyb\u0117s u\u017etikrinimo eksperimentin\u0117s metodikos patvirtinimo<\/a><\/p>\n","protected":false},"excerpt":{"rendered":"<p>Viena i\u0161 Nacionalin\u0117s \u0161vietimo agent\u016bros (anks\u010diau Nacionalin\u0117s mokykl\u0173 vertinimo agent\u016bros, toliau \u2013 NMVA) veiklos sri\u010di\u0173 \u2013 Neformaliojo vaik\u0173 \u0161vietimo (toliau \u2013 NV\u0160) teik\u0117j\u0173 veiklos kokyb\u0117s vertinimas. 2018 metais vyksta \u0161ios srities veikl\u0173 pl\u0117tra. Septynioliktosios Lietuvos Respublikos Vyriausyb\u0117s programos plane, patvirtintame&nbsp;<a href=\"https:\/\/www.nsa.smsm.lt\/old\/istaigu-vertinimas\/neformaliojo-vaiku-svietimo-ir-jo-teikeju-veiklos-kokybes-isorinis-vertinimas\/\" class=\"placiau\">Pla\u010diau <i class=\"fa fa-caret-right\"><\/i><\/a><\/p>\n","protected":false},"author":1,"featured_media":0,"parent":10099,"menu_order":2,"comment_status":"closed","ping_status":"closed","template":"page-neformalus.php","meta":{"_acf_changed":false,"footnotes":""},"class_list":["post-16846","page","type-page","status-publish","hentry"],"acf":[],"_links":{"self":[{"href":"https:\/\/www.nsa.smsm.lt\/old\/wp-json\/wp\/v2\/pages\/16846","targetHints":{"allow":["GET"]}}],"collection":[{"href":"https:\/\/www.nsa.smsm.lt\/old\/wp-json\/wp\/v2\/pages"}],"about":[{"href":"https:\/\/www.nsa.smsm.lt\/old\/wp-json\/wp\/v2\/types\/page"}],"author":[{"embeddable":true,"href":"https:\/\/www.nsa.smsm.lt\/old\/wp-json\/wp\/v2\/users\/1"}],"replies":[{"embeddable":true,"href":"https:\/\/www.nsa.smsm.lt\/old\/wp-json\/wp\/v2\/comments?post=16846"}],"version-history":[{"count":0,"href":"https:\/\/www.nsa.smsm.lt\/old\/wp-json\/wp\/v2\/pages\/16846\/revisions"}],"up":[{"embeddable":true,"href":"https:\/\/www.nsa.smsm.lt\/old\/wp-json\/wp\/v2\/pages\/10099"}],"wp:attachment":[{"href":"https:\/\/www.nsa.smsm.lt\/old\/wp-json\/wp\/v2\/media?parent=16846"}],"curies":[{"name":"wp","href":"https:\/\/api.w.org\/{rel}","templated":true}]}}