{"id":16357,"date":"2022-12-16T10:15:28","date_gmt":"2022-12-16T08:15:28","guid":{"rendered":"https:\/\/www.nsa.smsm.lt\/old\/?page_id=16357"},"modified":"2023-01-11T20:01:42","modified_gmt":"2023-01-11T18:01:42","slug":"teaching-ict-with-inquiry","status":"publish","type":"page","link":"https:\/\/www.nsa.smsm.lt\/old\/nsa-projektai\/tarptautiniai-projektai\/teaching-ict-with-inquiry\/","title":{"rendered":"Teaching ICT with Inquiry"},"content":{"rendered":"<p><img loading=\"lazy\" decoding=\"async\" class=\"alignnone wp-image-10660\" src=\"https:\/\/www.nsa.smsm.lt\/old\/old\/wp-content\/uploads\/2019\/12\/Logo2_tiwi-1024x378.jpg\" alt=\"\" width=\"171\" height=\"63\" srcset=\"https:\/\/www.nsa.smsm.lt\/old\/wp-content\/uploads\/2019\/12\/Logo2_tiwi-1024x378.jpg 1024w, https:\/\/www.nsa.smsm.lt\/old\/wp-content\/uploads\/2019\/12\/Logo2_tiwi-300x111.jpg 300w, https:\/\/www.nsa.smsm.lt\/old\/wp-content\/uploads\/2019\/12\/Logo2_tiwi-768x283.jpg 768w, https:\/\/www.nsa.smsm.lt\/old\/wp-content\/uploads\/2019\/12\/Logo2_tiwi.jpg 1424w\" sizes=\"auto, (max-width: 171px) 100vw, 171px\" \/><\/p>\n<p>\u201eErasmus+\u201c KA2 projektas \u201eInformatinio m\u0105stymo ugdymas mokantis tyrin\u0117jant\u201c (angl.\u00a0<a href=\"http:\/\/tiwi.eun.org\/\">\u201eTeaching ICT with Inquiry\u201c<\/a>, toliau \u2013 TIWI), Nr. 2018-1-LT01-KA201-047065.<strong>\u00a0<\/strong><\/p>\n<p><strong>Projekt<\/strong><strong>o<\/strong><strong> koordin<\/strong><strong>atorius:<\/strong> Nacionalin\u0117 \u0161vietimo agent\u016bra<\/p>\n<p><strong>Projekto partneriai:<\/strong><\/p>\n<ol>\n<li>Europos mokykl\u0173 tinklas (EUN Partnership AISBL), Belgija<\/li>\n<li>Kipro universitetas (University of Cyprus)<\/li>\n<li>Le Mano universitetas (Le Mans Universite), Pranc\u016bzija<\/li>\n<li>Deusto universitetas (Universidad de la Iglesia de Deusto Entidad Religiosa), Ispanija<\/li>\n<\/ol>\n<p><strong>Projekto \u012fgyvendinimo trukm\u0117<\/strong> \u2013 25 m\u0117nesiai (nuo 2018 m. rugs\u0117jo 9 d. iki 2020 m. spalio 9 d.)<\/p>\n<p><strong>Projekto tikslas \u2013 <\/strong>suteikti mokytojams priemoni\u0173 (\u012franki\u0173) ir \u012fg\u016bd\u017ei\u0173, padedan\u010di\u0173 kurti mokymosi tyrin\u0117jant aplinkas (angl.\u00a0<em>Inquiry Learning Space, ILS<\/em>) ir \u012fgyvendinti veiklas, skirtas tyrin\u0117jimu gr\u012fstam STEM (gamtos moksl\u0173, technologij\u0173, in\u017einerijos ir matematikos) dalyk\u0173 mokymuisi, integruojant programavim\u0105 ir ugdant informatin\u012f m\u0105stym\u0105 (angl.\u00a0<em>Computational thinking<\/em>).<\/p>\n<p>Projektas taip pat supa\u017eindina su ateities karjeros galimyb\u0117mis kompiuteri\u0173 mokslo srityje ir programavimo pritaikymu realiame gyvenime bei mokant STEM dalyk\u0173.<\/p>\n<p><strong>Tikslin\u0117s grup\u0117s:<\/strong> \u0161vietimo politikos formuotojai, taip pat pradinio ugdymo, STEM dalyk\u0173 ir informacini\u0173 technologij\u0173 mokytojai, dirbantys su 9\u201319 met\u0173 mokiniais.<\/p>\n<p><strong>Projekto rezultatai<\/strong><\/p>\n<p>Sukurti penki intelektiniai produktai (O1\u2013O5), suteikiantys galimybes mokytojams taikyti mokym\u0105si tyrin\u0117jant, integruojant programavim\u0105 realioje ir virtualioje erdv\u0117je:<\/p>\n<p style=\"padding-left: 40px;\">O1 \u2013 masinis atvirasis internetinis kursas (MOOC) \u201e<a href=\"https:\/\/www.europeanschoolnetacademy.eu\/courses\/course-v1:TIWI+ICT_Inquiry+2019\/about\">Teaching ICT with Inquiry<\/a>\u201c;<\/p>\n<p style=\"padding-left: 40px;\">O2 \u2013 metodin\u0117 med\u017eiaga, skirta mokymosi tyrin\u0117jant aplink\u0173 k\u016brimui, naudojant \u200b\u201eGo-Lab\u201c sistem\u0105, <a href=\"https:\/\/sodas.ugdome.lt\/metodiniai-dokumentai\/perziura\/11300\">paskelbta \u201eUgdymo sode<\/a>\u201c;<\/p>\n<p style=\"padding-left: 40px;\">O3 \u2013 \u201e<a href=\"http:\/\/tiwi.eun.org\/category\/career-materials\/\">Karjeros lapai<\/a>\u201c apie ateities profesijas IT srityje;<\/p>\n<p style=\"padding-left: 40px;\">O4 \u2013 <a href=\"http:\/\/tiwi.eun.org\/self-assessment-tool\/\">klausimynai<\/a> apie mokymosi tyrin\u0117jant veikl\u0173 \u012fgyvendinim\u0105\u200b<\/p>\n<p style=\"padding-left: 40px;\">O5 \u2013 <a href=\"http:\/\/tiwi.eun.org\/blueprint\/\">ataskaita<\/a> apie ger\u0105sias informatinio m\u0105stymo ugdymo mokantis tyrin\u0117jant patirtis.<\/p>\n<p style=\"padding-left: 40px;\">O5 \u2013 gerosios informatinio m\u0105stymo ugdymo mokantis tyrin\u0117jant patirtys <a href=\"https:\/\/www.nsa.smsm.lt\/old\/old\/wp-content\/uploads\/2020\/12\/TIWI_Blueprint_LT_mokytojams.pdf\"><u>lietuvi\u0173 kalba<\/u><\/a>.<\/p>\n<p><strong>TIWI rezultat\u0173 sklaidos med\u017eiaga mokytojams:<\/strong><\/p>\n<p>TIWI projekto 2020 m. bir\u017eelio 16 d. sklaidos konferencija (visa versija) \u2013 <a href=\"https:\/\/youtu.be\/KzxndjHv-1g\">https:\/\/youtu.be\/KzxndjHv-1g<\/a>;<br \/>\nTIWI projekto 2020 m. rugs\u0117jo 4 d. tarptautin\u0117 sklaidos vaizdo konferencija \u2013 <a href=\"https:\/\/www.emokykla.lt\/nuotolinis\/renginiu-medziaga\/kita\">https:\/\/www.emokykla.lt\/nuotolinis\/renginiu-medziaga\/kita<\/a>.<br \/>\nTIWI metodinis vaizdo filmas mokytojams apie mokymosi tyrin\u0117jant aplink\u0173 k\u016brim\u0105 <a href=\"https:\/\/youtu.be\/KBolfRqQExU\">https:\/\/youtu.be\/KBolfRqQExU<\/a>.<br \/>\nPatarimai kuriant mokymosi tyrin\u0117jant aplinkas &#8211;\u00a0<a href=\"https:\/\/www.nsa.smsm.lt\/old\/old\/wp-content\/uploads\/2020\/12\/TIWI_seminaras_Albina-Giedre-2019-12-02.pdf\"><u>seminaro med\u017eiaga<\/u><\/a>.<\/p>\n<p><strong>A<\/strong><strong>smenys<\/strong><strong> ry\u0161iams<\/strong><strong>:<\/strong><\/p>\n<p>Natalija Ignatova, el. p.\u00a0<a href=\"mailto:natalija.ignatova@nsa.smm.lt\">natalija.ignatova@nsa.smm.lt<\/a>,<br \/>\nVaino Brazdeikis, el. p. <a href=\"mailto:vaino.brazdeikis@nsa.smm.lt\">vaino.brazdeikis@nsa.smm.lt<\/a>.<\/p>\n","protected":false},"excerpt":{"rendered":"<p>\u201eErasmus+\u201c KA2 projektas \u201eInformatinio m\u0105stymo ugdymas mokantis tyrin\u0117jant\u201c (angl.\u00a0\u201eTeaching ICT with Inquiry\u201c, toliau \u2013 TIWI), Nr. 2018-1-LT01-KA201-047065.\u00a0 Projekto koordinatorius: Nacionalin\u0117 \u0161vietimo agent\u016bra Projekto partneriai: Europos mokykl\u0173 tinklas (EUN Partnership AISBL), Belgija Kipro universitetas (University of Cyprus) Le Mano universitetas (Le&nbsp;<a href=\"https:\/\/www.nsa.smsm.lt\/old\/nsa-projektai\/tarptautiniai-projektai\/teaching-ict-with-inquiry\/\" class=\"placiau\">Pla\u010diau <i class=\"fa fa-caret-right\"><\/i><\/a><\/p>\n","protected":false},"author":1,"featured_media":0,"parent":11420,"menu_order":0,"comment_status":"closed","ping_status":"closed","template":"","meta":{"_acf_changed":false,"footnotes":""},"class_list":["post-16357","page","type-page","status-publish","hentry"],"acf":[],"_links":{"self":[{"href":"https:\/\/www.nsa.smsm.lt\/old\/wp-json\/wp\/v2\/pages\/16357","targetHints":{"allow":["GET"]}}],"collection":[{"href":"https:\/\/www.nsa.smsm.lt\/old\/wp-json\/wp\/v2\/pages"}],"about":[{"href":"https:\/\/www.nsa.smsm.lt\/old\/wp-json\/wp\/v2\/types\/page"}],"author":[{"embeddable":true,"href":"https:\/\/www.nsa.smsm.lt\/old\/wp-json\/wp\/v2\/users\/1"}],"replies":[{"embeddable":true,"href":"https:\/\/www.nsa.smsm.lt\/old\/wp-json\/wp\/v2\/comments?post=16357"}],"version-history":[{"count":0,"href":"https:\/\/www.nsa.smsm.lt\/old\/wp-json\/wp\/v2\/pages\/16357\/revisions"}],"up":[{"embeddable":true,"href":"https:\/\/www.nsa.smsm.lt\/old\/wp-json\/wp\/v2\/pages\/11420"}],"wp:attachment":[{"href":"https:\/\/www.nsa.smsm.lt\/old\/wp-json\/wp\/v2\/media?parent=16357"}],"curies":[{"name":"wp","href":"https:\/\/api.w.org\/{rel}","templated":true}]}}