{"id":16099,"date":"2022-10-20T11:25:05","date_gmt":"2022-10-20T09:25:05","guid":{"rendered":"https:\/\/www.nsa.smsm.lt\/old\/?page_id=16099"},"modified":"2023-01-11T19:19:43","modified_gmt":"2023-01-11T17:19:43","slug":"dokumentai","status":"publish","type":"page","link":"https:\/\/www.nsa.smsm.lt\/old\/mokyklu-veiklos-pletra-ir-pedagogu-kvalifikacija\/dokumentai\/","title":{"rendered":"Dokumentai"},"content":{"rendered":"<ul>\n<li><a href=\"https:\/\/www.nsa.smsm.lt\/old\/old\/wp-content\/uploads\/2021\/03\/Elektroniniodokumentonuorasas-stebesena.pdf\">D\u0117l valstybini\u0173 ir savivaldybi\u0173 \u0161vietimo \u012fstaig\u0173 (i\u0161skyrus auk\u0161t\u0105sias mokyklas) vadov\u0173, j\u0173 pavaduotoj\u0173 ugdymui, ugdym\u0105 organizuojan\u010di\u0173 skyri\u0173 ved\u0117j\u0173, mokytoj\u0173, pagalbos mokiniui\u00a0specialist\u0173 kvalifikacijos tobulinimo steb\u0117senos vykdymo apra\u0161o patvirtinimo<\/a> 2021 m. kovo 19 d. Nacionalin\u0117s \u0161vietimo agent\u016bros direktoriaus \u012fsakymas Nr. Nr. VK-159<\/li>\n<li><a href=\"https:\/\/www.e-tar.lt\/portal\/lt\/legalAct\/2db835b0307711eabe008ea93139d588\">D\u0117l \u012fgaliojim\u0173 Nacionalinei \u0161vietimo agent\u016brai suteikimo<\/a> 2020 m. sausio 2 d. Nr. V-2<\/li>\n<li><a href=\"https:\/\/www.e-tar.lt\/portal\/lt\/legalAct\/1094b0d074c911eabee4a336e7e6fdab\">Vadov\u0173, mokytoj\u0173 ir pagalbos mokiniui specialist\u0173 2020\u20132022 met\u0173 kvalifikacijos tobulinimo prioritetai\u00a0<\/a>2020 m. baland\u017eio 2 d. Nr. V-504<\/li>\n<li><a href=\"https:\/\/e-seimas.lrs.lt\/portal\/legalAct\/lt\/TAD\/TAIS.291726\">Mokytojo profesijos kompetencijos apra\u0161as<\/a> 2007 m. sausio 15 d. Nr. ISAK-54<\/li>\n<li><a href=\"https:\/\/e-seimas.lrs.lt\/portal\/legalAct\/lt\/TAD\/TAIS.425929?positionInSearchResults=0&amp;searchModelUUID=fc36e256-d783-4788-aaa3-881c603980e3\">Pedagog\u0173 kvalifikacijos tobulinimo koncepcija<\/a> 2012 m. gegu\u017e\u0117s 30 d. Nr. V-899<\/li>\n<li><a href=\"https:\/\/e-seimas.lrs.lt\/portal\/legalAct\/lt\/TAD\/599d489078af11e89188e16a6495e98c?jfwid=q8i88m58y2\">Reikalavim\u0173 mokytoj\u0173 ir pagalbos mokiniui specialist\u0173 skaitmeninio ra\u0161tingumo programoms apra\u0161as<\/a> 2018 m. bir\u017eelio 25 d. Nr. V-598<\/li>\n<li><a href=\"https:\/\/e-seimas.lrs.lt\/portal\/legalAct\/lt\/TAD\/TAIS.295263\/asr\">Valstybini\u0173 ir savivaldybi\u0173 mokykl\u0173 vadov\u0173, j\u0173 pavaduotoj\u0173 ugdymui, ugdym\u0105 organizuojan\u010di\u0173 skyri\u0173 ved\u0117j\u0173, mokytoj\u0173, pagalbos mokiniui specialist\u0173 kvalifikacijos tobulinimo nuostatai<\/a> 2007 m. kovo 29 d. Nr. ISAK-556<\/li>\n<\/ul>\n","protected":false},"excerpt":{"rendered":"<p>D\u0117l valstybini\u0173 ir savivaldybi\u0173 \u0161vietimo \u012fstaig\u0173 (i\u0161skyrus auk\u0161t\u0105sias mokyklas) vadov\u0173, j\u0173 pavaduotoj\u0173 ugdymui, ugdym\u0105 organizuojan\u010di\u0173 skyri\u0173 ved\u0117j\u0173, mokytoj\u0173, pagalbos mokiniui\u00a0specialist\u0173 kvalifikacijos tobulinimo steb\u0117senos vykdymo apra\u0161o patvirtinimo 2021 m. kovo 19 d. Nacionalin\u0117s \u0161vietimo agent\u016bros direktoriaus \u012fsakymas Nr. Nr. VK-159 D\u0117l&nbsp;<a href=\"https:\/\/www.nsa.smsm.lt\/old\/mokyklu-veiklos-pletra-ir-pedagogu-kvalifikacija\/dokumentai\/\" class=\"placiau\">Pla\u010diau <i class=\"fa fa-caret-right\"><\/i><\/a><\/p>\n","protected":false},"author":1,"featured_media":0,"parent":15294,"menu_order":0,"comment_status":"closed","ping_status":"closed","template":"page-stebesena.php","meta":{"_acf_changed":false,"footnotes":""},"class_list":["post-16099","page","type-page","status-publish","hentry"],"acf":[],"_links":{"self":[{"href":"https:\/\/www.nsa.smsm.lt\/old\/wp-json\/wp\/v2\/pages\/16099","targetHints":{"allow":["GET"]}}],"collection":[{"href":"https:\/\/www.nsa.smsm.lt\/old\/wp-json\/wp\/v2\/pages"}],"about":[{"href":"https:\/\/www.nsa.smsm.lt\/old\/wp-json\/wp\/v2\/types\/page"}],"author":[{"embeddable":true,"href":"https:\/\/www.nsa.smsm.lt\/old\/wp-json\/wp\/v2\/users\/1"}],"replies":[{"embeddable":true,"href":"https:\/\/www.nsa.smsm.lt\/old\/wp-json\/wp\/v2\/comments?post=16099"}],"version-history":[{"count":0,"href":"https:\/\/www.nsa.smsm.lt\/old\/wp-json\/wp\/v2\/pages\/16099\/revisions"}],"up":[{"embeddable":true,"href":"https:\/\/www.nsa.smsm.lt\/old\/wp-json\/wp\/v2\/pages\/15294"}],"wp:attachment":[{"href":"https:\/\/www.nsa.smsm.lt\/old\/wp-json\/wp\/v2\/media?parent=16099"}],"curies":[{"name":"wp","href":"https:\/\/api.w.org\/{rel}","templated":true}]}}