{"id":15806,"date":"2022-09-16T17:36:43","date_gmt":"2022-09-16T15:36:43","guid":{"rendered":"https:\/\/www.nsa.smsm.lt\/old\/?page_id=15806"},"modified":"2023-01-11T23:01:28","modified_gmt":"2023-01-11T21:01:28","slug":"projektas-inovacijos-vaiku-darzelyje-projekto-kodas-nr-0-9-2-1-esfa-v-726-01-0001","status":"publish","type":"page","link":"https:\/\/www.nsa.smsm.lt\/old\/ugdymo-turinio-departamentas\/projektai\/projektas-inovacijos-vaiku-darzelyje-projekto-kodas-nr-0-9-2-1-esfa-v-726-01-0001\/","title":{"rendered":"Projektas \u201eInovacijos vaik\u0173 dar\u017eelyje\u201c, projekto kodas Nr. 0 9.2.1-ESFA-V-726-01-0001"},"content":{"rendered":"<h3><img loading=\"lazy\" decoding=\"async\" class=\"wp-image-11965 alignnone\" src=\"https:\/\/www.nsa.smsm.lt\/old\/old\/wp-content\/uploads\/2020\/04\/eu.png\" sizes=\"auto, (max-width: 335px) 100vw, 335px\" srcset=\"https:\/\/www.nsa.smsm.lt\/old\/old\/wp-content\/uploads\/2020\/04\/eu.png 320w, https:\/\/www.nsa.smsm.lt\/old\/old\/wp-content\/uploads\/2020\/04\/eu-300x138.png 300w\" alt=\"\" width=\"335\" height=\"154\" \/><\/h3>\n<p><strong>Projekto tikslas\u00a0<\/strong>\u2013 gerinti ikimokyklinio ir prie\u0161mokyklinio ugdymo praktik\u0105 skatinant poky\u010dius \u0161vietimo \u012fstaig\u0173 veikloje.<\/p>\n<p><strong>Projekto u\u017edavinys\u00a0<\/strong>\u2013 parengti pedagogams ikimokyklinio\/prie\u0161mokyklinio ugdymo metodin\u0117s med\u017eiagos rinkinius, skirtus darnaus vystymosi, k\u016brybingumo kompetencijoms, informacini\u0173 technologij\u0173 ir STEAM elementams ikimokyklinio ir prie\u0161mokyklinio ugdymo srityse diegti, juos i\u0161bandyti ir \u012fdiegti.<\/p>\n<p><strong>Projekto tikslin\u0117 grup\u0117\u00a0<\/strong>\u2013 \u0161vietimo \u012fstaig\u0173 (i\u0161skyrus priva\u010dias \u0161vietimo \u012fstaigas, kuri\u0173 pagrindinis finansavimo \u0161altinis yra i\u0161 priva\u010di\u0173 arba komercini\u0173 pajam\u0173) darbuotojai, ikimokyklinio ugdymo aukl\u0117tojai, prie\u0161mokyklinio ugdymo pedagogai, savivaldybi\u0173 administracij\u0173 \u0161vietimo padalini\u0173, \u0161vietimo savivaldos institucij\u0173 dirbantys asmenys, kuri\u0173 vykdomos funkcijos yra tiesiogiai susij\u0119 su projekte \u012fgyvendinamomis veiklomis ir kiti mokykl\u0173 bendruomeni\u0173 nariai.<\/p>\n<p><strong>Projekto veiklos:<\/strong><\/p>\n<ol>\n<li>Tyrimas: Pa\u017eangi pedagogin\u0117 praktika ir pedagogin\u0117s inovacijos Lietuvos vaik\u0173 dar\u017eeliuose.<\/li>\n<li>Ikimokyklinio ir prie\u0161mokyklinio ugdymo metodin\u0117s med\u017eiagos rinkini\u0173 parengimas ir diegimas.<\/li>\n<\/ol>\n<p><strong>Projekto rezultatai:<\/strong><\/p>\n<ol>\n<li>Parengti, i\u0161bandyti ir i\u0161leisti 2 ikimokyklinio ugdymo metodin\u0117s med\u017eiagos rinkiniai (kiekvieno po 4000 egz.) ikimokyklinio ugdymo programai diegti.<\/li>\n<li>Parengti, i\u0161bandyti ir i\u0161leisti 2 prie\u0161mokyklinio ugdymo metodin\u0117s med\u017eiagos rinkiniai (kiekvieno po 1300 egz.) prie\u0161mokyklinio ugdymo programai diegti.<\/li>\n<li>Apmokyti 285 ikimokyklinio ugdymo aukl\u0117tojai.<\/li>\n<li>Apmokyta 190 prie\u0161mokyklinio ugdymo pedagog\u0173.<\/li>\n<\/ol>\n<p>Projektas ,,Inovacijos vaik\u0173 dar\u017eelyje\u201c atitinka 2014\u20132020 \u202fm. Europos S\u0105jungos fond\u0173 investicij\u0173 veiksm\u0173 programos, patvirtintos Europos Komisijos 2014 m. rugs\u0117jo 8 \u202fd. sprendimu Nr.\u202fC(2014)6397, 9\u202f prioriteto \u201eVisuomen\u0117s \u0161vietimas ir \u017emogi\u0161k\u0173j\u0173 i\u0161tekli\u0173 potencialo didinimas\u201c 9.2.1. u\u017edavin\u012f ,,Pagerinti mokini\u0173 ugdymo pasiekimus skatinant poky\u010dius \u0161vietimo \u012fstaig\u0173 veikloje\u201c, kuriame pa\u017eymima, kad ESF remiamos veiklos sudarys s\u0105lygas atnaujinti ikimokyklinio ugdymo \u012fstaigose taikomus pasenusius ugdymo organizavimo modelius, metodus, ugdymo \u012frankius, priemones ir turin\u012f.<\/p>\n<p>Projektui \u012fgyvendinti skirtos Europos socialinio fondo ir savivaldybi\u0173 biud\u017eet\u0173 l\u0117\u0161os \u2013 1.579.122,00 eur\u0173.<\/p>\n<p><strong>Projekto trukm\u0117:\u00a0<\/strong>48 m\u0117nesiai (2018 m. kovo 6 d. \u2013 2022 m. kovo 6 d.).<\/p>\n<p><strong>Informacij\u0105 teikia:\u00a0<\/strong>Rasa \u0160nipien\u0117, el.p. <a href=\"mailto:rasa.snipiene@nsa.smm.lt\">rasa.snipiene@nsa.smm.lt<\/a>; Edita Ma\u0161\u010dinskait\u0117,<strong>\u00a0<\/strong>el. p.\u00a0<a href=\"mailto:edita.mascinskaite@nsa.smm.lt\">edita.mascinskaite@nsa.smm.lt<\/a><\/p>\n","protected":false},"excerpt":{"rendered":"<p>Projekto tikslas\u00a0\u2013 gerinti ikimokyklinio ir prie\u0161mokyklinio ugdymo praktik\u0105 skatinant poky\u010dius \u0161vietimo \u012fstaig\u0173 veikloje. Projekto u\u017edavinys\u00a0\u2013 parengti pedagogams ikimokyklinio\/prie\u0161mokyklinio ugdymo metodin\u0117s med\u017eiagos rinkinius, skirtus darnaus vystymosi, k\u016brybingumo kompetencijoms, informacini\u0173 technologij\u0173 ir STEAM elementams ikimokyklinio ir prie\u0161mokyklinio ugdymo srityse diegti, juos i\u0161bandyti&nbsp;<a href=\"https:\/\/www.nsa.smsm.lt\/old\/ugdymo-turinio-departamentas\/projektai\/projektas-inovacijos-vaiku-darzelyje-projekto-kodas-nr-0-9-2-1-esfa-v-726-01-0001\/\" class=\"placiau\">Pla\u010diau <i class=\"fa fa-caret-right\"><\/i><\/a><\/p>\n","protected":false},"author":1,"featured_media":0,"parent":11253,"menu_order":0,"comment_status":"closed","ping_status":"closed","template":"","meta":{"_acf_changed":false,"footnotes":""},"class_list":["post-15806","page","type-page","status-publish","hentry"],"acf":[],"_links":{"self":[{"href":"https:\/\/www.nsa.smsm.lt\/old\/wp-json\/wp\/v2\/pages\/15806","targetHints":{"allow":["GET"]}}],"collection":[{"href":"https:\/\/www.nsa.smsm.lt\/old\/wp-json\/wp\/v2\/pages"}],"about":[{"href":"https:\/\/www.nsa.smsm.lt\/old\/wp-json\/wp\/v2\/types\/page"}],"author":[{"embeddable":true,"href":"https:\/\/www.nsa.smsm.lt\/old\/wp-json\/wp\/v2\/users\/1"}],"replies":[{"embeddable":true,"href":"https:\/\/www.nsa.smsm.lt\/old\/wp-json\/wp\/v2\/comments?post=15806"}],"version-history":[{"count":0,"href":"https:\/\/www.nsa.smsm.lt\/old\/wp-json\/wp\/v2\/pages\/15806\/revisions"}],"up":[{"embeddable":true,"href":"https:\/\/www.nsa.smsm.lt\/old\/wp-json\/wp\/v2\/pages\/11253"}],"wp:attachment":[{"href":"https:\/\/www.nsa.smsm.lt\/old\/wp-json\/wp\/v2\/media?parent=15806"}],"curies":[{"name":"wp","href":"https:\/\/api.w.org\/{rel}","templated":true}]}}