{"id":15738,"date":"2024-12-09T10:23:34","date_gmt":"2024-12-09T08:23:34","guid":{"rendered":"https:\/\/www.nsa.smsm.lt\/old\/?page_id=15738"},"modified":"2024-12-10T07:03:49","modified_gmt":"2024-12-10T05:03:49","slug":"renginiu-medziaga","status":"publish","type":"page","link":"https:\/\/www.nsa.smsm.lt\/old\/mokyklu-veiklos-pletra-ir-pedagogu-kvalifikacija\/pedagogu-kvalifikacijos-tobulinimo-istaigu-isivertinimas-ir-stebesena\/renginiu-medziaga\/","title":{"rendered":"Rengini\u0173 med\u017eiaga"},"content":{"rendered":"<div><b>2024-11-15<\/b>\u00a0Informacinio renginio \u201ePedagogini\u0173 darbuotoj\u0173 kvalifikacijos tobulinimo\u00a0 program\u0173 rengimas: praktika ir patirtys (II)\u201c prane\u0161im\u0173 skaidr\u0117s<\/div>\n<div><\/div>\n<ul>\n<li class=\"elementToProof\"><a href=\"https:\/\/www.nsa.smsm.lt\/old\/old\/wp-content\/uploads\/2024\/12\/VU-Siauliu-akademija_R.-Bakutyte_S.-Koviene.pdf\" target=\"_blank\" rel=\"noopener\">VU \u0160iauli\u0173 akademijos Mokymosi vis\u0105 gyvenim\u0105 centro patirtis rengiant kvalifikacijos tobulinimo programas. Doc. dr. Rima Bakutyt\u0117 ir dr. Skaist\u0117 Kovien\u0117<\/a><\/li>\n<li class=\"elementToProof\"><a href=\"https:\/\/www.nsa.smsm.lt\/old\/old\/wp-content\/uploads\/2024\/12\/PKT-programu-kokybes-vertinimas_D.-Survutaite.pdf\">Pedagogini\u0173 darbuotoj\u0173 kvalifikacijos tobulinimo program\u0173 kokyb\u0117s vertinimas \u2013 VDU PTI iliustracija. Dr. Dalia Survutait\u0117<\/a><\/li>\n<\/ul>\n<p>&nbsp;<\/p>\n<hr \/>\n<p><b>2024-09-27<\/b>\u00a0Informacinio renginio\u00a0\u201ePedagogini\u0173 darbuotoj\u0173 kvalifikacijos tobulinimo\u00a0 program\u0173 rengimas: praktika ir patirtys\u201c prane\u0161im\u0173 skaidr\u0117s<\/p>\n<ul>\n<li><a href=\"https:\/\/www.nsa.smsm.lt\/old\/old\/wp-content\/uploads\/2024\/11\/Faktoriai-lemiantys-sekminga-KT-programa-1.pdf\">Faktoriai, lemiantys s\u0117kming\u0105 kvalifikacijos tobulinimo program\u0105<\/a>. Dalia Valskien\u0117<\/li>\n<li><a href=\"https:\/\/www.nsa.smsm.lt\/old\/old\/wp-content\/uploads\/2024\/11\/Ilgalaikiu-KT-programu-rengimo-ir-igyvendinimo-sekmes-prielaida-\u2013-komandinis-darbas-ir-bendradarbiavimas.pdf\">Ilgalaiki\u0173 kvalifikacijos tobulinimo program\u0173 rengimo ir \u012fgyvendinimo s\u0117km\u0117s prielaida \u2013 komandinis darbas ir bendradarbiavimas<\/a>. Virginija Kazakauskien\u0117 ir Nomeda Skliuderien\u0117.<\/li>\n<li><a href=\"https:\/\/www.nsa.smsm.lt\/old\/old\/wp-content\/uploads\/2024\/11\/PKT-programu-rengimo-praktika-Lazdiju-svietimo-centre.pdf\">Pedagog\u0173 kvalifikacijos tobulinimo program\u0173 rengimo praktika Lazdij\u0173 \u0161vietimo centre<\/a>. Jurgita Balevi\u010di\u016bt\u0117<\/li>\n<li><a href=\"https:\/\/www.nsa.smsm.lt\/old\/old\/wp-content\/uploads\/2024\/11\/SMSM-del-7.3-punkto.pdf\">\u201eD\u0117l Lietuvos Respublikos \u0161vietimo, mokslo ir sporto ministro 2024 m. rugpj\u016b\u010dio 22 d. \u012fsakymo Nr. V-896 \u201eD\u0117l \u0161vietimo, mokslo ir sporto ministro 2023 m. sausio 3 d. \u012fsakymo Nr. V-3 \u201eD\u0117l Reikalavim\u0173 pedagogini\u0173 darbuotoj\u0173 (i\u0161skyrus auk\u0161t\u0173j\u0173 mokykl\u0173 darbuotojus) kvalifikacijos tobulinimo programoms ir nacionalin\u0117ms kvalifikacijos tobulinimo programoms ir nacionalini\u0173 kvalifikacijos tobulinimo program\u0173 vertinimo, akreditavimo ir registravimo tvarkos apra\u0161o patvirtinimo\u201c pakeitimo\u201c 7.3 papunk\u010dio i\u0161ai\u0161kinimo\u201c<\/a><\/li>\n<\/ul>\n<p>&nbsp;<\/p>\n<hr \/>\n<p><b>2024-09-19\u201320<\/b>\u00a0Konferencijos-seminaro\u00a0\u201ePedagogini\u0173 darbuotoj\u0173 kvalifikacijos tobulinimas: k\u0105 galime daryti geriau\u201c prane\u0161im\u0173 skaidr\u0117s<\/p>\n<ul>\n<li class=\"elementToProof\"><a href=\"https:\/\/www.nsa.smsm.lt\/old\/old\/wp-content\/uploads\/2024\/09\/PKT_stebesenos_patirtis_Asta_Lapeniene_ir_Lineta_Zilinskaite.pdf\">Kvalifikacijos tobulinimo steb\u0117senos patirtis: erdv\u0117, kuri atsiveria. Dr. Asta Lap\u0117nien\u0117 ir Dr. Lineta \u017dilinskait\u0117<\/a><\/li>\n<li><a href=\"https:\/\/www.nsa.smsm.lt\/old\/old\/wp-content\/uploads\/2024\/09\/Mokytojo_profesinis_tobulejimas_Ruta_Girdzijauskiene.pdf\">Mokytoj\u0173 kompetencij\u0173 tobulinimas: tendencijos ir id\u0117jos. Dr. R\u016bta Girdzijauskien\u0117<\/a><\/li>\n<li><a href=\"https:\/\/www.nsa.smsm.lt\/old\/old\/wp-content\/uploads\/2024\/09\/PKT_kokybe_Vitalija_Bujanauskiene.pdf\">Pedagog\u0173 kvalifikacijos tobulinimo kokyb\u0117. Vitalija Bujanaukien\u0117<\/a><\/li>\n<li><a href=\"https:\/\/www.nsa.smsm.lt\/old\/old\/wp-content\/uploads\/2024\/09\/PKT_stebesena_NSA_izvalgos_Audrone_-A_Razmantiene.pdf\">Pedagog\u0173 kvalifikacijos tobulinimo steb\u0117sena: Nacionalin\u0117s \u0161vietimo agent\u016bros \u012f\u017evalgos. Audron\u0117 A. Razmantien\u0117<\/a><\/li>\n<li><a href=\"https:\/\/www.nsa.smsm.lt\/old\/old\/wp-content\/uploads\/2024\/09\/PKT_vykdanciu_instituciju_akreditacija_Vertinimo-organizavimo-skyrius.pdf\">Pedagog\u0173 kvalifikacijos tobulinim\u0105 vykdan\u010di\u0173 institucij\u0173 akreditacija: ekspert\u0173 pasteb\u0117jimai. Vertinimo organizavimo skyrius<\/a><\/li>\n<\/ul>\n<p><strong>2023-05-16<\/strong> <a href=\"https:\/\/youtu.be\/c_R-tPl8Msk\">Vie\u0161oji konsultacija \u201ePedagog\u0173 kvalifikacijos tobulinimo institucij\u0173 pagalba rengiantis \u012fgyvendinti atnaujint\u0105 ugdymo turin\u012f\u201c<\/a><\/p>\n<ul>\n<li><a href=\"https:\/\/www.nsa.smsm.lt\/old\/old\/wp-content\/uploads\/2023\/05\/Atnaujintu-Bendruju-programu-galimybes.pdf\">Atnaujint\u0173 Bendr\u0173j\u0173 program\u0173 (2022) galimybes pa\u017einkime kartu 2023\u20132025 m. Loreta Statauskien\u0117<\/a><\/li>\n<li><a href=\"https:\/\/www.nsa.smsm.lt\/old\/old\/wp-content\/uploads\/2023\/05\/Kedainiu-svietimo-pagalbos-tarnyba.pdf\">K\u0117daini\u0173 \u0161vietimo pagalbos tarnybos bendradarbiavimo su mokyklomis patirtys, rengiantis \u012fgyvendinti atnaujint\u0105 ugdymo turin\u012f. Ingrida Neliup\u0161ien\u0117, Aurelija Kuperskien\u0117<\/a><\/li>\n<li><a href=\"https:\/\/www.nsa.smsm.lt\/old\/old\/wp-content\/uploads\/2023\/05\/Radviliskis-UTA.pdf\">Ar b\u0117gti prie\u0161 traukin\u012f, ar \u012f\u0161okti \u012f j\u012f? Radvili\u0161kio rajono savivaldyb\u0117s \u0160vietimo ir sporto paslaug\u0173 centro bendradarbiavimo su mokyklomis patirtis, rengiantis \u012fgyvendinti atnaujint\u0105 ugdymo turin\u012f. Rita Vaigauskien\u0117<\/a><\/li>\n<li><a href=\"https:\/\/www.nsa.smsm.lt\/old\/old\/wp-content\/uploads\/2023\/05\/PKT-igyvendinimo-praktiniai-aspektai.pdf\">Pedagogini\u0173 darbuotoj\u0173 kvalifikacijos tobulinimo \u012fgyvendinimo praktiniai aspektai. Ingrida \u0160edeckyt\u0117-Lagunavi\u010dien\u0117, Giedr\u0117 \u010ciapien\u0117<\/a><\/li>\n<\/ul>\n<p>&nbsp;<\/p>\n<hr \/>\n<p style=\"font-weight: 400;\"><strong>2022-12-06<\/strong> Susitikimas su savivaldybi\u0173 administracij\u0173 \u0161vietimo padalini\u0173, akredituot\u0173 pedagog\u0173 kvalifikacijos tobulinimo institucij\u0173, pedagog\u0173 rengimo centr\u0173 atstovais ir mokykl\u0173 vadovais <a href=\"https:\/\/youtu.be\/FJnNjBGhIbw\">\u201ePedagog\u0173 kvalifikacijos tobulinimo steb\u0117senos rezultatai\u201c<\/a><\/p>\n<p>&nbsp;<\/p>\n<hr \/>\n<p><strong>2022-11-16<\/strong> <a href=\"https:\/\/www.youtube.com\/watch?v=276h2-jD5BA\">Vie\u0161oji konsultacija \u201ePedagog\u0173 profesinis tobul\u0117jimas ir augimas: veiksmingi kvalifikacijos tobulinimo institucij\u0173 veiklos aspektai\u201c<\/a><\/p>\n<p>&nbsp;<\/p>\n<hr \/>\n<p><strong>2022-02-24<\/strong> Vie\u0161oji konsultacija <a href=\"https:\/\/www.youtube.com\/watch?v=5ZDCn7jWmWw\">\u201eMokytojo profesinis tobul\u0117jimas ir augimas mokyklos bendruomen\u0117je\u201c<\/a><\/p>\n<ul>\n<li><a href=\"https:\/\/www.nsa.smsm.lt\/old\/old\/wp-content\/uploads\/2022\/03\/Pedagogu-profesinio-tobulejimo-galimybes-VU-Siauliu-akademijoje.pdf\">Pedagog\u0173 profesinio tobul\u0117jimo galimyb\u0117s VU \u0160iauli\u0173 akademijoje<\/a><\/li>\n<li><a href=\"https:\/\/www.nsa.smsm.lt\/old\/old\/wp-content\/uploads\/2022\/03\/Mokytoju-patareju-ir-reflektyvaus-konsultavimo-veiklu-organizavimas-mokykloje.pdf\">Mokytoj\u0173 patar\u0117j\u0173 ir reflektyvaus konsultavimo veikl\u0173 organizavimas mokykloje. Ramut\u0117 Sirutien\u0117<\/a><\/li>\n<li><a href=\"https:\/\/www.nsa.smsm.lt\/old\/old\/wp-content\/uploads\/2022\/03\/Mokytoju-patareju-indelis-i-tikslinga-profesini-tobulejima.pdf\">Mokytoj\u0173 patar\u0117j\u0173 ind\u0117lis \u012f tiksling\u0105 profesin\u012f tobul\u0117jim\u0105. Lina Zubauskien\u0117<\/a><\/li>\n<li><a href=\"https:\/\/www.nsa.smsm.lt\/old\/old\/wp-content\/uploads\/2022\/03\/Mokytoju-profesinis-bendradarbiavimas-pletojant-STEAM-ugdyma-Panevezyje.pdf\">Mokytoj\u0173 profesinis bendradarbiavimas pl\u0117tojant STEAM ugdym\u0105 Panev\u0117\u017eyje<\/a><\/li>\n<li><a href=\"https:\/\/www.nsa.smsm.lt\/old\/old\/wp-content\/uploads\/2022\/03\/Mokytoju-profesinis-tobulejimas-STEAM-ugdymo-igyvendinimas.pdf\">Mokytoj\u0173 profesinis tobul\u0117jimas: STEAM ugdymo \u012fgyvendinimas Panev\u0117\u017eio \u201eMinties\u201c gimnazijoje<\/a><\/li>\n<li><a href=\"https:\/\/www.nsa.smsm.lt\/old\/old\/wp-content\/uploads\/2022\/03\/Pedagogu-kvalifikacijos-tobulinimo-stebesenos-aktualijos.pdf\">Pedagog\u0173 kvalifikacijos tobulinimo steb\u0117senos aktualijos<\/a><\/li>\n<\/ul>\n<p>&nbsp;<\/p>\n<hr \/>\n<p><strong>2021\u201312\u201308<\/strong> Susitikimas su savivaldybi\u0173 administracij\u0173, pedagog\u0173 kvalifikacijos tobulinimo institucij\u0173 ir pedagog\u0173 rengimo centr\u0173 atstovais\u00a0<a href=\"https:\/\/youtu.be\/obMuriNu2x4\">\u201ePedagog\u0173 kvalifikacijos tobulinimo steb\u0117senos bandomojo tyrimo rezultatai\u201c<\/a><\/p>\n<p>&nbsp;<\/p>\n<hr \/>\n<p><strong>2021-05-05<\/strong> <a href=\"https:\/\/www.nsa.smsm.lt\/old\/old\/wp-content\/uploads\/2021\/12\/PKT-steb-bandomojo-tyrimo-rezultatai.-MVPS.pdf\">Pedagog\u0173 kvalifikacijos tobulinimo steb\u0117senos bandomojo tyrimo rezultatai<\/a><br \/>\n<a href=\"https:\/\/www.nsa.smsm.lt\/old\/old\/wp-content\/uploads\/2021\/12\/Mokyklu-isivertinimo-ir-pazangos-duomenu-panaudojimas.-Edita-Galiute.pdf\">Mokykl\u0173 \u012fsivertinimo ir pa\u017eangos duomen\u0173 panaudojimas pedagog\u0173 profesiniam tobul\u0117jimui planuoti. Edita Gaili\u016bt\u0117<\/a><\/p>\n<ul>\n<li><a href=\"https:\/\/youtu.be\/C5MoVbEQc8I\">EBPO TALIS 2018 tyrimo nacionalin\u0117s ataskaitos pristatymas<\/a><\/li>\n<li><a href=\"https:\/\/www.nsa.smsm.lt\/old\/old\/wp-content\/uploads\/2021\/05\/TALIS_2018_rezultatai_2021_05_05_compressed.pdf\">EBPO TALIS 2018 tyrimo nacionalin\u0117s ataskaitos pristatymo (2021-05-05) med\u017eiaga<\/a><\/li>\n<\/ul>\n<p>&nbsp;<\/p>\n<hr \/>\n<p><strong>2021-02-12<\/strong> <a href=\"https:\/\/www.youtube.com\/watch?v=Fy3Me0YY2QI&amp;t=15s\">Vie\u0161oji konsultacija akredituotoms pedagog\u0173 kvalifikacijos tobulinimo institucijoms \u201e\u012esivertinimas kaip nuolatinis kokyb\u0117s vadybos procesas\u201c<\/a><\/p>\n","protected":false},"excerpt":{"rendered":"<p>2024-11-15\u00a0Informacinio renginio \u201ePedagogini\u0173 darbuotoj\u0173 kvalifikacijos tobulinimo\u00a0 program\u0173 rengimas: praktika ir patirtys (II)\u201c prane\u0161im\u0173 skaidr\u0117s VU \u0160iauli\u0173 akademijos Mokymosi vis\u0105 gyvenim\u0105 centro patirtis rengiant kvalifikacijos tobulinimo programas. Doc. dr. Rima Bakutyt\u0117 ir dr. Skaist\u0117 Kovien\u0117 Pedagogini\u0173 darbuotoj\u0173 kvalifikacijos tobulinimo program\u0173 kokyb\u0117s&nbsp;<a href=\"https:\/\/www.nsa.smsm.lt\/old\/mokyklu-veiklos-pletra-ir-pedagogu-kvalifikacija\/pedagogu-kvalifikacijos-tobulinimo-istaigu-isivertinimas-ir-stebesena\/renginiu-medziaga\/\" class=\"placiau\">Pla\u010diau <i class=\"fa fa-caret-right\"><\/i><\/a><\/p>\n","protected":false},"author":1,"featured_media":0,"parent":15625,"menu_order":4,"comment_status":"closed","ping_status":"closed","template":"page-mokyklu-pletra.php","meta":{"_acf_changed":false,"footnotes":""},"class_list":["post-15738","page","type-page","status-publish","hentry"],"acf":[],"_links":{"self":[{"href":"https:\/\/www.nsa.smsm.lt\/old\/wp-json\/wp\/v2\/pages\/15738","targetHints":{"allow":["GET"]}}],"collection":[{"href":"https:\/\/www.nsa.smsm.lt\/old\/wp-json\/wp\/v2\/pages"}],"about":[{"href":"https:\/\/www.nsa.smsm.lt\/old\/wp-json\/wp\/v2\/types\/page"}],"author":[{"embeddable":true,"href":"https:\/\/www.nsa.smsm.lt\/old\/wp-json\/wp\/v2\/users\/1"}],"replies":[{"embeddable":true,"href":"https:\/\/www.nsa.smsm.lt\/old\/wp-json\/wp\/v2\/comments?post=15738"}],"version-history":[{"count":5,"href":"https:\/\/www.nsa.smsm.lt\/old\/wp-json\/wp\/v2\/pages\/15738\/revisions"}],"predecessor-version":[{"id":41902,"href":"https:\/\/www.nsa.smsm.lt\/old\/wp-json\/wp\/v2\/pages\/15738\/revisions\/41902"}],"up":[{"embeddable":true,"href":"https:\/\/www.nsa.smsm.lt\/old\/wp-json\/wp\/v2\/pages\/15625"}],"wp:attachment":[{"href":"https:\/\/www.nsa.smsm.lt\/old\/wp-json\/wp\/v2\/media?parent=15738"}],"curies":[{"name":"wp","href":"https:\/\/api.w.org\/{rel}","templated":true}]}}