{"id":15715,"date":"2025-01-29T07:46:34","date_gmt":"2025-01-29T05:46:34","guid":{"rendered":"https:\/\/www.nsa.smsm.lt\/old\/?page_id=15715"},"modified":"2025-01-29T15:55:52","modified_gmt":"2025-01-29T13:55:52","slug":"k-dokumentai","status":"publish","type":"page","link":"https:\/\/www.nsa.smsm.lt\/old\/mokyklu-veiklos-pletra-ir-pedagogu-kvalifikacija\/pedagogu-kvalifikacijos-tobulinimo-istaigu-isivertinimas-ir-stebesena\/k-dokumentai\/","title":{"rendered":"Dokumentai"},"content":{"rendered":"<p><a href=\"https:\/\/www.nsa.smsm.lt\/old\/old\/wp-content\/uploads\/2024\/09\/NP-aprasas_2024-09-12-Nr.-VK-813.pdf\">Nacionalin\u0117s \u0161vietimo agent\u016bros direktoriaus 2024 m. rugs\u0117jo 12 d. \u012fsakymas Nr. VK-813 \u201eD\u0117l pedagogini\u0173 darbuotoj\u0173 (i\u0161skyrus auk\u0161t\u0173j\u0173 mokykl\u0173 darbuotojus) nacionalini\u0173 kvalifikacijos tobulinimo program\u0173 \u012fgyvendinimo steb\u0117senos vykdymo apra\u0161o patvirtinimo\u201c<\/a><\/p>\n<p><a href=\"https:\/\/www.nsa.smsm.lt\/old\/old\/wp-content\/uploads\/2024\/09\/Del-apraso-keitimo_2024-m.-rugpjucio-22-d.-Nr.-V-896.pdf\">Lietuvos Respublikos \u0161vietimo, mokslo ir sporto ministro 2024 m. rugpj\u016b\u010dio 22 d. \u012fsakymas Nr. V-896 \u201eD\u0117l \u0160vietimo, mokslo ir sporto ministro 2023 m. sausio 3 d. \u012fsakymo Nr. V-3 \u201eD\u0117l reikalavim\u0173 pedagogini\u0173 darbuotoj\u0173 (i\u0161skyrus auk\u0161t\u0173j\u0173 mokykl\u0173 darbuotojus) kvalifikacijos tobulinimo programoms ir nacionalin\u0117ms kvalifikacijos tobulinimo programoms ir nacionalini\u0173 kvalifikacijos tobulinimo program\u0173 vertinimo, akreditavimo ir registravimo tvarkos apra\u0161o patvirtinimo\u201c pakeitimo<\/a><\/p>\n<p><a href=\"https:\/\/www.nsa.smsm.lt\/old\/old\/wp-content\/uploads\/2024\/07\/PKT-programu-rengimo-vertinimo-ir-igyvendinimo-tvarkos-aprasas.pdf\">Nacionalin\u0117s \u0161vietimo agent\u016bros direktoriaus 2023 m. baland\u017eio 5 d. \u012fsakymas Nr. VK-220\u00a0\u201eD\u0117l Nacionalin\u0117s \u0161vietimo agent\u016bros pedagogini\u0173 darbuotoj\u0173 kvalifikacijos tobulinimo program\u0173 rengimo, vertinimo ir \u012fgyvendinimo tvarkos apra\u0161o patvirtinimo<\/a><\/p>\n<p><a href=\"https:\/\/www.e-tar.lt\/portal\/lt\/legalAct\/e039f8207ab811edbc04912defe897d1\">Pedagogini\u0173 darbuotoj\u0173 (i\u0161skyrus auk\u0161t\u0173j\u0173 mokykl\u0173 darbuotojus) 2023\u20132025 met\u0173 prioritetin\u0117s<b> <\/b>kvalifikacijos tobulinimo sritys<\/a><\/p>\n<p><a href=\"https:\/\/e-seimas.lrs.lt\/portal\/legalAct\/lt\/TAD\/TAIS.295263\/asr\" data-loopstyle=\"link\">Valstybini\u0173 ir savivaldybi\u0173 \u0161vietimo \u012fstaig\u0173 (i\u0161skyrus auk\u0161t\u0105sias mokyklas) pedagogini\u0173 darbuotoj\u0173 kvalifikacijos tobulinimo nuostatai (galiojanti suvestin\u0117 redakcija)<\/a><\/p>\n<p><a href=\"https:\/\/www.e-tar.lt\/portal\/lt\/legalAct\/8e9848808b2c11ed8df094f359a60216\" data-loopstyle=\"link\">Reikalavim\u0173 pedagogini\u0173 darbuotoj\u0173 (i\u0161skyrus auk\u0161t\u0173j\u0173 mokykl\u0173 darbuotojus) kvalifikacijos tobulinimo programoms ir nacionalin\u0117ms kvalifikacijos tobulinimo programoms ir nacionalini\u0173 kvalifikacijos tobulinimo program\u0173 vertinimo, akreditavimo ir registravimo tvarkos apra\u0161as<\/a><\/p>\n<p><a href=\"https:\/\/e-seimas.lrs.lt\/portal\/legalAct\/lt\/TAD\/TAIS.271243\/asr\">Institucij\u0173, vykdan\u010di\u0173 mokytoj\u0173 ir \u0161vietimo pagalb\u0105 teikian\u010di\u0173 specialist\u0173 kvalifikacijos tobulinim\u0105, veiklos vertinimo ir akreditacijos taisykl\u0117s (galiojanti suvestin\u0117 redakcija)<\/a><\/p>\n<p><a href=\"https:\/\/e-seimas.lrs.lt\/portal\/legalAct\/lt\/TAD\/TAIS.425929?positionInSearchResults=0&amp;searchModelUUID=fc36e256-d783-4788-aaa3-881c603980e3\">Pedagog\u0173 kvalifikacijos tobulinimo koncepcija<\/a><\/p>\n<p><a href=\"https:\/\/e-seimas.lrs.lt\/portal\/legalAct\/lt\/TAD\/599d489078af11e89188e16a6495e98c?jfwid=q8i88m58y2\">Reikalavim\u0173 mokytoj\u0173 ir pagalbos mokiniui specialist\u0173 skaitmeninio ra\u0161tingumo programoms apra\u0161as<\/a><\/p>\n<p><a href=\"https:\/\/www.e-tar.lt\/portal\/lt\/legalAct\/2db835b0307711eabe008ea93139d588\">Lietuvos Respublikos \u0161vietimo, mokslo ir sporto ministro 2020 m. sausio 2 d. \u012fsakymas Nr. V-2 \u201eD\u0117l \u012fgaliojim\u0173 Nacionalinei \u0161vietimo agent\u016brai suteikimo\u201c<\/a><\/p>\n<p><a href=\"https:\/\/www.nsa.smsm.lt\/old\/old\/wp-content\/uploads\/2023\/05\/PKT-stebesenos-apraso-pakeitimas.pdf\">Nacionalin\u0117s \u0161vietimo agent\u016bros direktoriaus 2022 m. gruod\u017eio 27 d. \u012fsakymas Nr. VK-846 \u201eD\u0117l valstybini\u0173 ir savivaldybi\u0173 \u0161vietimo \u012fstaig\u0173 (i\u0161skyrus auk\u0161t\u0105sias mokyklas) vadov\u0173, j\u0173 pavaduotoj\u0173 ugdymui, ugdym\u0105 organizuojan\u010di\u0173 skyri\u0173 ved\u0117j\u0173, mokytoj\u0173, pagalbos mokiniui specialist\u0173 kvalifikacijos tobulinimo steb\u0117senos vykdymo apra\u0161o pakeitimo\u201c<\/a><\/p>\n<p><a href=\"https:\/\/www.nsa.smsm.lt\/old\/old\/wp-content\/uploads\/2021\/03\/Elektroniniodokumentonuorasas-stebesena.pdf\">Nacionalin\u0117s \u0161vietimo agent\u016bros direktoriaus 2021 m. kovo 19 d. \u012fsakymas Nr. VK-159 \u201eD\u0117l valstybini\u0173 ir savivaldybi\u0173 \u0161vietimo \u012fstaig\u0173 (i\u0161skyrus auk\u0161t\u0105sias mokyklas) vadov\u0173, j\u0173 pavaduotoj\u0173 ugdymui, ugdym\u0105 organizuojan\u010di\u0173 skyri\u0173 ved\u0117j\u0173, mokytoj\u0173, pagalbos mokiniui\u00a0specialist\u0173 kvalifikacijos tobulinimo steb\u0117senos vykdymo apra\u0161o patvirtinimo\u201c<\/a><\/p>\n","protected":false},"excerpt":{"rendered":"<p>Nacionalin\u0117s \u0161vietimo agent\u016bros direktoriaus 2024 m. rugs\u0117jo 12 d. \u012fsakymas Nr. VK-813 \u201eD\u0117l pedagogini\u0173 darbuotoj\u0173 (i\u0161skyrus auk\u0161t\u0173j\u0173 mokykl\u0173 darbuotojus) nacionalini\u0173 kvalifikacijos tobulinimo program\u0173 \u012fgyvendinimo steb\u0117senos vykdymo apra\u0161o patvirtinimo\u201c Lietuvos Respublikos \u0161vietimo, mokslo ir sporto ministro 2024 m. rugpj\u016b\u010dio 22 d.&nbsp;<a href=\"https:\/\/www.nsa.smsm.lt\/old\/mokyklu-veiklos-pletra-ir-pedagogu-kvalifikacija\/pedagogu-kvalifikacijos-tobulinimo-istaigu-isivertinimas-ir-stebesena\/k-dokumentai\/\" class=\"placiau\">Pla\u010diau <i class=\"fa fa-caret-right\"><\/i><\/a><\/p>\n","protected":false},"author":1,"featured_media":0,"parent":15625,"menu_order":0,"comment_status":"closed","ping_status":"closed","template":"page-mokyklu-pletra.php","meta":{"_acf_changed":false,"footnotes":""},"class_list":["post-15715","page","type-page","status-publish","hentry"],"acf":[],"_links":{"self":[{"href":"https:\/\/www.nsa.smsm.lt\/old\/wp-json\/wp\/v2\/pages\/15715","targetHints":{"allow":["GET"]}}],"collection":[{"href":"https:\/\/www.nsa.smsm.lt\/old\/wp-json\/wp\/v2\/pages"}],"about":[{"href":"https:\/\/www.nsa.smsm.lt\/old\/wp-json\/wp\/v2\/types\/page"}],"author":[{"embeddable":true,"href":"https:\/\/www.nsa.smsm.lt\/old\/wp-json\/wp\/v2\/users\/1"}],"replies":[{"embeddable":true,"href":"https:\/\/www.nsa.smsm.lt\/old\/wp-json\/wp\/v2\/comments?post=15715"}],"version-history":[{"count":9,"href":"https:\/\/www.nsa.smsm.lt\/old\/wp-json\/wp\/v2\/pages\/15715\/revisions"}],"predecessor-version":[{"id":42263,"href":"https:\/\/www.nsa.smsm.lt\/old\/wp-json\/wp\/v2\/pages\/15715\/revisions\/42263"}],"up":[{"embeddable":true,"href":"https:\/\/www.nsa.smsm.lt\/old\/wp-json\/wp\/v2\/pages\/15625"}],"wp:attachment":[{"href":"https:\/\/www.nsa.smsm.lt\/old\/wp-json\/wp\/v2\/media?parent=15715"}],"curies":[{"name":"wp","href":"https:\/\/api.w.org\/{rel}","templated":true}]}}