{"id":15641,"date":"2023-06-01T07:21:03","date_gmt":"2023-06-01T05:21:03","guid":{"rendered":"https:\/\/www.nsa.smsm.lt\/old\/?page_id=15641"},"modified":"2024-06-07T13:22:22","modified_gmt":"2024-06-07T11:22:22","slug":"mokyklu-isivertinimas-instrumentai-rezultatai","status":"publish","type":"page","link":"https:\/\/www.nsa.smsm.lt\/old\/mokyklu-veiklos-pletra-ir-pedagogu-kvalifikacija\/mokyklu-veiklos-tobulinimas\/mokyklu-isivertinimas-instrumentai-rezultatai\/","title":{"rendered":"Mokykl\u0173 \u012fsivertinimas (instrumentai, rezultatai)"},"content":{"rendered":"<p><a href=\"https:\/\/www.nsa.smsm.lt\/old\/old\/projektai\/wp-content\/uploads\/2023\/01\/Analize-Nr-7_2020-2021_m_mokyklu_veiklos_isivertinimo_ir_pazangos_duomenu_analize.pdf\">2020\u20132021 m. m. Lietuvos bendrojo ugdymo mokykl\u0173 veiklos \u012fsivertinimo ir pa\u017eangos duomen\u0173 analiz\u0117<\/a><\/p>\n<p><a href=\"https:\/\/www.nsa.smsm.lt\/old\/old\/wp-content\/uploads\/2022\/12\/2022_analize_nr6_2021_m_Mokytoju_profesinis-tobulejimas.pdf\">Mokytoj\u0173 profesinis tobul\u0117jimas: 2021 met\u0173 Lietuvos bendrojo ugdymo mokykl\u0173 pa\u017eangos duomen\u0173 analiz\u0117<\/a><\/p>\n<hr \/>\n<p><strong>2020\u22122021 m. m. mokykl\u0173 veiklos \u012fsivertinimo rezultatai:<\/strong><\/p>\n<p><a href=\"https:\/\/www.nsa.smsm.lt\/old\/old\/wp-content\/uploads\/2022\/07\/2020\u20132021-m.-m.-arba-2021-m.-duomenu-pristatymas.pdf\">\u012esivertinimo ir pa\u017eangos anketos rezultatai 2020\u20132021 m. m.<\/a> ir <a href=\"https:\/\/www.nsa.smsm.lt\/old\/old\/wp-content\/uploads\/2022\/08\/PAGR_2021-duomenu-pristatymas.pdf\">j\u0173 komentaras<\/a><\/p>\n<p>2021 m. mokykl\u0173 pa\u017eangos ataskaitos\u00a0<a href=\"https:\/\/www.svis.smm.lt\/mokyklu-pazangos-ataskaitos\/\">\u010dia<\/a>.<\/p>\n<p><strong>2019\u22122020 m. m. mokykl\u0173 veiklos \u012fsivertinimo rezultatai:<\/strong><\/p>\n<p><a href=\"https:\/\/www.nsa.smsm.lt\/old\/old\/wp-content\/uploads\/2021\/07\/2020-duomenys-su-palyginimu-2019.pdf\">\u012esivertinimo ir pa\u017eangos anketos rezultatai 2019-2020 m. m.<\/a> ir <a href=\"https:\/\/www.nsa.smsm.lt\/old\/old\/wp-content\/uploads\/2021\/07\/Tekstas-apie-isivertinima-2020-duomenys.pdf\">j\u0173 komentaras<\/a><\/p>\n<p>2020 m. mokykl\u0173 pa\u017eangos ataskaitos <a href=\"https:\/\/www.svis.smm.lt\/mokyklu-pazangos-ataskaitos\/\">\u010dia<\/a>.<\/p>\n<p><strong>2018\u22122019 m. m. mokykl\u0173 veiklos \u012fsivertinimo rezultatai:<\/strong><\/p>\n<p><a href=\"https:\/\/www.nsa.smsm.lt\/old\/old\/wp-content\/uploads\/2020\/12\/PAGR_2020PATEIKTIS-PUSLAPIUI-2019-duomenys.pdf\">\u012esivertinimo ir pa\u017eangos anketos rezultatai 2018-2019 m. m.<\/a><\/p>\n<p>2019 m. mokykl\u0173 pa\u017eangos ataskaitos\u00a0<a href=\"http:\/\/svis.emokykla.lt\/mokyklu-pazangos-ataskaitos\/\">\u010dia<\/a><a href=\"http:\/\/svis.emokykla.lt\/lt\/index\/a_view\/42\">.<\/a><\/p>\n<p><strong>2017\u22122018 m. m. mokykl\u0173 veiklos \u012fsivertinimo rezultatai:<\/strong><\/p>\n<p><a href=\"https:\/\/www.nsa.smsm.lt\/old\/old\/wp-content\/uploads\/2020\/09\/Isivertinimo-ir-pazangos-anketos-rezultatai-2017-2018-m.-m..pdf\">\u012esivertinimo ir pa\u017eangos anketos rezultatai 2017-2018 m. m.<\/a><\/p>\n<p>2018 m. mokykl\u0173 pa\u017eangos ataskaitos\u00a0<a href=\"http:\/\/svis.emokykla.lt\/mokyklu-pazangos-ataskaitos\/\">\u010dia<\/a><a href=\"http:\/\/svis.emokykla.lt\/lt\/index\/a_view\/42\">.<\/a><\/p>\n<p><strong>2016\u22122017 m. m. mokykl\u0173 veiklos \u012fsivertinimo rezultatai:<\/strong><\/p>\n<p><a href=\"https:\/\/www.nsa.smsm.lt\/old\/old\/wp-content\/uploads\/2020\/09\/Isivertinimo-ir-pazangos-anketos-rezultatai-2016-2017-m.-m..pdf\">\u012esivertinimo ir pa\u017eangos anketos rezultatai 2016-2017 m. m.<\/a><\/p>\n<p>2017 m. mokykl\u0173 pa\u017eangos ataskaitos\u00a0<a href=\"http:\/\/svis.emokykla.lt\/mokyklu-pazangos-ataskaitos\/\">\u010dia<\/a><a href=\"http:\/\/svis.emokykla.lt\/lt\/index\/a_view\/42\">.<\/a><\/p>\n<p><strong>2015\u22122016 m. m. mokykl\u0173 veiklos \u012fsivertinimo rezultatai:<\/strong><\/p>\n<p><a href=\"https:\/\/www.nsa.smsm.lt\/old\/old\/wp-content\/uploads\/2020\/09\/Isivertinimo-ir-pazangos-anketos-rezultatai-2015-2016-m.-m..pdf\">\u012esivertinimo ir pa\u017eangos anketos rezultatai 2015-2016 m. m.<\/a><\/p>\n<p>2016 m. mokykl\u0173 pa\u017eangos ataskaitos\u00a0<a href=\"http:\/\/svis.emokykla.lt\/mokyklu-pazangos-ataskaitos\/\">\u010dia<\/a><a href=\"http:\/\/svis.emokykla.lt\/lt\/index\/a_view\/42\">.<\/a><\/p>\n<p><strong>2014\u22122015 m. m. mokykl\u0173 veiklos \u012fsivertinimo rezultatai:<\/strong><\/p>\n<p><a href=\"https:\/\/www.nsa.smsm.lt\/old\/old\/wp-content\/uploads\/2020\/09\/Isivertinimo-ir-pazangos-anketos-rezultatai-2014-2015-m.-m.1.pdf\">\u012esivertinimo ir pa\u017eangos anketos rezultatai 2014-2015 m. m.<\/a><\/p>\n<p>2015 m. mokykl\u0173 pa\u017eangos ataskaitos\u00a0<a href=\"http:\/\/svis.emokykla.lt\/mokyklu-pazangos-ataskaitos\/\">\u010dia<\/a>.<\/p>\n<p><strong>2013\u22122014 m. m. mokykl\u0173 veiklos \u012fsivertinimo rezultatai:<\/strong><\/p>\n<p><a href=\"https:\/\/www.nsa.smsm.lt\/old\/old\/wp-content\/uploads\/2020\/09\/Isivertinimo-ir-pazangos-anketos-rezultatai_2013-2014mm.pdf\">\u012esivertinimo ir pa\u017eangos anketos rezultatai_2013-2014 m. m.<\/a><\/p>\n<p>2014 m. mokykl\u0173 pa\u017eangos ataskaitos\u00a0<a href=\"http:\/\/svis.emokykla.lt\/mokyklu-pazangos-ataskaitos\/\">\u010dia<\/a>.<\/p>\n<p><strong>2012\u22122013 m. m. mokykl\u0173 \u012fsivertinimo rezultatai:<\/strong><\/p>\n<p><a href=\"https:\/\/www.nsa.smsm.lt\/old\/old\/wp-content\/uploads\/2020\/09\/2012-2013m.m._mokyklu_pazangos_kokybine-analize_su-skaidriu-komentarais.pdf\">Mokykl\u0173 pa\u017eangos kokybin\u0117 analiz\u0117 (su skaidri\u0173 komentarais)<\/a><\/p>\n<p>2013 m. mokykl\u0173 pa\u017eangos ataskaitos\u00a0<a href=\"http:\/\/svis.emokykla.lt\/mokyklu-pazangos-ataskaitos\/\">\u010dia<\/a><\/p>\n","protected":false},"excerpt":{"rendered":"<p>2020\u20132021 m. m. Lietuvos bendrojo ugdymo mokykl\u0173 veiklos \u012fsivertinimo ir pa\u017eangos duomen\u0173 analiz\u0117 Mokytoj\u0173 profesinis tobul\u0117jimas: 2021 met\u0173 Lietuvos bendrojo ugdymo mokykl\u0173 pa\u017eangos duomen\u0173 analiz\u0117 2020\u22122021 m. m. mokykl\u0173 veiklos \u012fsivertinimo rezultatai: \u012esivertinimo ir pa\u017eangos anketos rezultatai 2020\u20132021 m. m.&nbsp;<a href=\"https:\/\/www.nsa.smsm.lt\/old\/mokyklu-veiklos-pletra-ir-pedagogu-kvalifikacija\/mokyklu-veiklos-tobulinimas\/mokyklu-isivertinimas-instrumentai-rezultatai\/\" class=\"placiau\">Pla\u010diau <i class=\"fa fa-caret-right\"><\/i><\/a><\/p>\n","protected":false},"author":1,"featured_media":0,"parent":15622,"menu_order":0,"comment_status":"closed","ping_status":"closed","template":"page-mokyklu-pletra.php","meta":{"_acf_changed":false,"footnotes":""},"class_list":["post-15641","page","type-page","status-publish","hentry"],"acf":[],"_links":{"self":[{"href":"https:\/\/www.nsa.smsm.lt\/old\/wp-json\/wp\/v2\/pages\/15641","targetHints":{"allow":["GET"]}}],"collection":[{"href":"https:\/\/www.nsa.smsm.lt\/old\/wp-json\/wp\/v2\/pages"}],"about":[{"href":"https:\/\/www.nsa.smsm.lt\/old\/wp-json\/wp\/v2\/types\/page"}],"author":[{"embeddable":true,"href":"https:\/\/www.nsa.smsm.lt\/old\/wp-json\/wp\/v2\/users\/1"}],"replies":[{"embeddable":true,"href":"https:\/\/www.nsa.smsm.lt\/old\/wp-json\/wp\/v2\/comments?post=15641"}],"version-history":[{"count":2,"href":"https:\/\/www.nsa.smsm.lt\/old\/wp-json\/wp\/v2\/pages\/15641\/revisions"}],"predecessor-version":[{"id":39406,"href":"https:\/\/www.nsa.smsm.lt\/old\/wp-json\/wp\/v2\/pages\/15641\/revisions\/39406"}],"up":[{"embeddable":true,"href":"https:\/\/www.nsa.smsm.lt\/old\/wp-json\/wp\/v2\/pages\/15622"}],"wp:attachment":[{"href":"https:\/\/www.nsa.smsm.lt\/old\/wp-json\/wp\/v2\/media?parent=15641"}],"curies":[{"name":"wp","href":"https:\/\/api.w.org\/{rel}","templated":true}]}}