{"id":15631,"date":"2024-06-07T09:12:56","date_gmt":"2024-06-07T07:12:56","guid":{"rendered":"https:\/\/www.nsa.smsm.lt\/old\/?page_id=15631"},"modified":"2024-06-07T13:20:40","modified_gmt":"2024-06-07T11:20:40","slug":"dokumentai","status":"publish","type":"page","link":"https:\/\/www.nsa.smsm.lt\/old\/mokyklu-veiklos-pletra-ir-pedagogu-kvalifikacija\/mokyklu-veiklos-tobulinimas\/dokumentai\/","title":{"rendered":"Dokumentai \/ rekomendacijos"},"content":{"rendered":"<p><a href=\"https:\/\/www.e-tar.lt\/portal\/lt\/legalAct\/ccc32af0a06f11ed8df094f359a60216\">D\u0117l mokykl\u0173, vykdan\u010di\u0173 ikimokyklinio ir (ar) prie\u0161mokyklinio ugdymo programas, veiklos kokyb\u0117s \u012fsivertinimo metodini\u0173 rekomendacij\u0173 patvirtinimo<\/a><\/p>\n<p><a href=\"https:\/\/e-seimas.lrs.lt\/portal\/legalAct\/lt\/TAD\/4ee6e9e0fc9911e5bf4ee4a6d3cdb874\">Lietuvos Respublikos \u0161vietimo ir mokslo ministro 2016-03-29 \u012fsakymas Nr. V-267 \u201eD\u0117l mokyklos, \u012fgyvendinan\u010dios bendrojo ugdymo programas, veiklos kokyb\u0117s \u012fsivertinimo metodikos patvirtinimo\u201c<\/a><\/p>\n<p><a href=\"https:\/\/e-seimas.lrs.lt\/portal\/legalAct\/lt\/TAD\/TAIS.332022\/asr\">Lietuvos Respublikos \u0161vietimo ir mokslo ministro 2008-11-24 \u012fsakymas Nr. ISAK-3219\u201eD\u0117l formaliojo \u0161vietimo kokyb\u0117s u\u017etikrinimo koncepcijos patvirtinimo<\/a><span lang=\"EN-US\">\u201c<\/span><\/p>\n<p><a href=\"https:\/\/www.nsa.smsm.lt\/old\/old\/wp-content\/uploads\/2020\/09\/Mokyklu-saves-vertinimo-instrumentu-naudojimo-rekomendacijos-2010.pdf\">Mokykl\u0173 sav\u0119s vertinimo instrument\u0173 naudojimo rekomendacijos, 2010<\/a><\/p>\n<p><a href=\"https:\/\/www.nsa.smsm.lt\/old\/old\/wp-content\/uploads\/2020\/09\/Mokyklos-isivertinime-naudojamu-tyrimo-instrumentu-koncepcija-2009nnn.pdf\">Mokyklos \u012fsivertinime naudojam\u0173 tyrimo instrument\u0173 koncepcija, 2009<\/a><\/p>\n<p><a href=\"https:\/\/www.nsa.smsm.lt\/old\/old\/wp-content\/uploads\/2021\/08\/Kolegialaus-griztamojo-rysio-diegimas.pdf\">Kolegialaus gr\u012f\u017etamojo ry\u0161io diegimas<\/a><\/p>\n<p><a href=\"https:\/\/www.nsa.smsm.lt\/old\/old\/wp-content\/uploads\/2021\/08\/Kolegialaus-griztamojo-rysio-organizavimas.pdf\">Kolegialaus gr\u012f\u017etamojo ry\u0161io organizavimas<\/a><\/p>\n<p><a href=\"https:\/\/www.nsa.smsm.lt\/old\/old\/wp-content\/uploads\/2021\/08\/Skaitymo-kompetenciju-ugdymo-metodika.pdf\">Skaitymo kompetencij\u0173 ugdymo metodika<\/a><\/p>\n","protected":false},"excerpt":{"rendered":"<p>D\u0117l mokykl\u0173, vykdan\u010di\u0173 ikimokyklinio ir (ar) prie\u0161mokyklinio ugdymo programas, veiklos kokyb\u0117s \u012fsivertinimo metodini\u0173 rekomendacij\u0173 patvirtinimo Lietuvos Respublikos \u0161vietimo ir mokslo ministro 2016-03-29 \u012fsakymas Nr. V-267 \u201eD\u0117l mokyklos, \u012fgyvendinan\u010dios bendrojo ugdymo programas, veiklos kokyb\u0117s \u012fsivertinimo metodikos patvirtinimo\u201c Lietuvos Respublikos \u0161vietimo ir&nbsp;<a href=\"https:\/\/www.nsa.smsm.lt\/old\/mokyklu-veiklos-pletra-ir-pedagogu-kvalifikacija\/mokyklu-veiklos-tobulinimas\/dokumentai\/\" class=\"placiau\">Pla\u010diau <i class=\"fa fa-caret-right\"><\/i><\/a><\/p>\n","protected":false},"author":1,"featured_media":0,"parent":15622,"menu_order":0,"comment_status":"closed","ping_status":"closed","template":"page-mokyklu-pletra.php","meta":{"_acf_changed":false,"footnotes":""},"class_list":["post-15631","page","type-page","status-publish","hentry"],"acf":[],"_links":{"self":[{"href":"https:\/\/www.nsa.smsm.lt\/old\/wp-json\/wp\/v2\/pages\/15631","targetHints":{"allow":["GET"]}}],"collection":[{"href":"https:\/\/www.nsa.smsm.lt\/old\/wp-json\/wp\/v2\/pages"}],"about":[{"href":"https:\/\/www.nsa.smsm.lt\/old\/wp-json\/wp\/v2\/types\/page"}],"author":[{"embeddable":true,"href":"https:\/\/www.nsa.smsm.lt\/old\/wp-json\/wp\/v2\/users\/1"}],"replies":[{"embeddable":true,"href":"https:\/\/www.nsa.smsm.lt\/old\/wp-json\/wp\/v2\/comments?post=15631"}],"version-history":[{"count":2,"href":"https:\/\/www.nsa.smsm.lt\/old\/wp-json\/wp\/v2\/pages\/15631\/revisions"}],"predecessor-version":[{"id":39404,"href":"https:\/\/www.nsa.smsm.lt\/old\/wp-json\/wp\/v2\/pages\/15631\/revisions\/39404"}],"up":[{"embeddable":true,"href":"https:\/\/www.nsa.smsm.lt\/old\/wp-json\/wp\/v2\/pages\/15622"}],"wp:attachment":[{"href":"https:\/\/www.nsa.smsm.lt\/old\/wp-json\/wp\/v2\/media?parent=15631"}],"curies":[{"name":"wp","href":"https:\/\/api.w.org\/{rel}","templated":true}]}}