{"id":15369,"date":"2022-11-18T11:20:56","date_gmt":"2022-11-18T09:20:56","guid":{"rendered":"https:\/\/www.nsa.smsm.lt\/old\/?page_id=15369"},"modified":"2023-01-11T23:37:38","modified_gmt":"2023-01-11T21:37:38","slug":"teises-aktu-pakeitimai","status":"publish","type":"page","link":"https:\/\/www.nsa.smsm.lt\/old\/svietimo-pagalbos-departamentas\/itraukties-pletros-skyrius\/teises-aktu-pakeitimai\/","title":{"rendered":"Teis\u0117s akt\u0173 pakeitimai"},"content":{"rendered":"<div class=\"panel-group\" id=\"collapse_main\">\n<p><div class=\"panel panel-default\">    <div class=\"panel-heading\" role=\"tab\" id=\"heading_citem_12ar13\">        <h4 class=\"panel-title\"><a class=\"accordion-toggle collapsed\" data-toggle=\"collapse\" aria-controls=\"heading_citem_12ar13\" data-parent=\"#collapse_main\" href=\"#citem_12ar13\">LR \u0160VIETIMO, MOKSLO IR SPORTO MINISTRO \u012eSAKYMAS \u201eD\u0116L \u0160VIETIMO, MOKSLO IR SPORTO MINISTRO 2016 M. LAPKRI\u010cIO 2 D. \u012eSAKYMO NR. V-950 \u201eD\u0116L SOCIALIN\u0116S PEDAGOGIN\u0116S PAGALBOS TEIKIMO VAIKUI IR MOKINIUI TVARKOS APRA\u0160O PATVIRTINIMO\u201c PAKEITIMO\u201c<\/a>        <\/h4>    <\/div>    <div id=\"citem_12ar13\" class=\"panel-collapse collapse \" role=\"tabpanel\" aria-labelledby=\"heading_citem_12ar13\">        <div class=\"panel-body\">\n<p>2021 m. rugpj\u016b\u010dio 30 d. Nr. V-1555 Vilnius<\/p>\n<p><a href=\"https:\/\/www.e-tar.lt\/portal\/lt\/legalAct\/99fb5ae0096011ec9f09e7df20500045\">D\u0117l \u0161vietimo, mokslo ir sporto ministro 2016 m. lapkri\u010dio 2 d. \u012fsakymo Nr. V-950 \u201eD\u0117l Socialin\u0117s pedagogin\u0117s pagalbos teikimo vaikui ir mokiniui tvarkos apra\u0161o patvirtinimo\u201c pakeitimo<\/a><br \/>\nPri\u0117m\u0117 Lietuvos Respublikos \u0161vietimo, mokslo ir sporto ministerija<br \/>\nU\u017eregistruota TAR 2021-08-30, Identifikacinis kodas 2021-18240<\/p>\n<p>        <\/p><\/div>    <\/div><\/div><\/p>\n<p><div class=\"panel panel-default\">    <div class=\"panel-heading\" role=\"tab\" id=\"heading_citem_12a13\">        <h4 class=\"panel-title\"><a class=\"accordion-toggle collapsed\" data-toggle=\"collapse\" aria-controls=\"heading_citem_12a13\" data-parent=\"#collapse_main\" href=\"#citem_12a13\">LR \u0160VIETIMO, MOKSLO IR SPORTO MINISTRO \u012eSAKYMAS D\u0116L \u0160VIETIMO IR MOKSLO MINISTRO 2012 M. VASARIO 13 D. \u012eSAKYMO NR. V-258 \u201eD\u0116L PAGRINDINIO UGDYMO PASIEKIM\u0172 PATIKRINIMO, LIETUVI\u0172 KALBOS IR LITERAT\u016aROS \u012eSKAITOS, BRANDOS EGZAMIN\u0172 U\u017dDUOTIES FORMOS, VYKDYMO IR VERTINIMO INSTRUKCIJ\u0172 PRITAIKYMO MOKINIAMS, BUVUSIEMS MOKINIAMS IR EKSTERNAMS, TURINTIEMS SPECIALI\u0172J\u0172 UGDYMOSI POREIKI\u0172, TVARKOS APRA\u0160O PATVIRTINIMO\u201c PAKEITIMO<\/a>        <\/h4>    <\/div>    <div id=\"citem_12a13\" class=\"panel-collapse collapse \" role=\"tabpanel\" aria-labelledby=\"heading_citem_12a13\">        <div class=\"panel-body\">\n<p>2021 m. spalio 11 d. Nr. V-1866\u00a0Vilnius<\/p>\n<p><a href=\"https:\/\/www.e-tar.lt\/portal\/lt\/legalAct\/083e2ba02a5d11ecad73e69048767e8c\">D\u0117l \u0161vietimo ir mokslo ministro 2012 m. vasario 13 d. \u012fsakymo Nr. V-258 \u201eD\u0117l Pagrindinio ugdymo pasiekim\u0173 patikrinimo, lietuvi\u0173 kalbos ir literat\u016bros \u012fskaitos, brandos egzamin\u0173 u\u017eduoties formos, vykdymo ir vertinimo instrukcij\u0173 pritaikymo mokiniams, buvusiems mokiniams ir eksternams, turintiems speciali\u0173j\u0173 ugdymosi poreiki\u0173, tvarkos apra\u0161o patvirtinimo\u201c pakeitimo<\/a><br \/>\nPri\u0117m\u0117 Lietuvos Respublikos \u0161vietimo, mokslo ir sporto ministerija<br \/>\nU\u017eregistruota TAR 2021-10-11, Identifikacinis kodas 2021-21288<\/p>\n<p>        <\/p><\/div>    <\/div><\/div><\/p>\n<p><div class=\"panel panel-default\">    <div class=\"panel-heading\" role=\"tab\" id=\"heading_citem_1a325\">        <h4 class=\"panel-title\"><a class=\"accordion-toggle collapsed\" data-toggle=\"collapse\" aria-controls=\"heading_citem_1a325\" data-parent=\"#collapse_main\" href=\"#citem_1a325\">LR \u0160VIETIMO, MOKSLO IR SPORTO MINISTRO \u012eSAKYMAS D\u0116L \u0160VIETIMO IR MOKSLO MINISTRO 2017 M. RUGPJ\u016a\u010cIO 30 D. \u012eSAKYMO NR. V-662 \u201eD\u0116L PEDAGOGINI\u0172 PSICHOLOGINI\u0172 TARNYB\u0172 DARBO ORGANIZAVIMO TVARKOS APRA\u0160O PATVIRTINIMO\u201c PAKEITIMO<\/a>        <\/h4>    <\/div>    <div id=\"citem_1a325\" class=\"panel-collapse collapse \" role=\"tabpanel\" aria-labelledby=\"heading_citem_1a325\">        <div class=\"panel-body\">\n<p>2020 m. rugpj\u016b\u010dio 27 d. Nr. V-1292,\u00a0Vilnius<\/p>\n<p><strong><a href=\"https:\/\/www.e-tar.lt\/portal\/lt\/legalAct\/ee64f450e85111ea9342c1d4e2ff6ff6\">D\u0117l \u0161vietimo ir mokslo ministro 2017 m. rugpj\u016b\u010dio 30 d. \u012fsakymo Nr. V-662 \u201eD\u0117l Pedagogini\u0173 psichologini\u0173 tarnyb\u0173 darbo organizavimo tvarkos apra\u0161o patvirtinimo\u201c pakeitimo<\/a><\/strong><br \/>\nPri\u0117m\u0117 Lietuvos Respublikos \u0161vietimo, mokslo ir sporto ministerija<br \/>\nU\u017eregistruota TAR 2020-08-27, Identifikacinis kodas 2020-17918<\/p>\n<p>2017-08-30 \u012fsakymas Nr. V-662 [2017-13907]<br \/>\n<a href=\"https:\/\/www.e-tar.lt\/portal\/lt\/legalAct\/d3e225c08e0a11e7a3c4a5eb10f04386\/asr\">Galiojanti suvestin\u0117 redakcija nuo 2020-08-28<\/a><\/p>\n<p>        <\/p><\/div>    <\/div><\/div><\/p>\n<p><div class=\"panel panel-default\">    <div class=\"panel-heading\" role=\"tab\" id=\"heading_citem_5\">        <h4 class=\"panel-title\"><a class=\"accordion-toggle collapsed\" data-toggle=\"collapse\" aria-controls=\"heading_citem_5\" data-parent=\"#collapse_main\" href=\"#citem_5\">LR \u0160VIETIMO, MOKSLO IR SPORTO MINISTRO \u012eSAKYMAS \u201eD\u0116L \u0160VIETIMO IR MOKSLO MINISTRO 2011 M. BALAND\u017dIO 11 D. \u012eSAKYMO NR. V-579 \u201eD\u0116L MOKYKLOS VAIKO GEROV\u0116S KOMISIJOS SUDARYMO IR JOS DARBO ORGANIZAVIMO TVARKOS APRA\u0160O PATVIRTINIMO\u201c PAKEITIMO\u201c<\/a>        <\/h4>    <\/div>    <div id=\"citem_5\" class=\"panel-collapse collapse \" role=\"tabpanel\" aria-labelledby=\"heading_citem_5\">        <div class=\"panel-body\">\n<p>2020 m. rugpj\u016b\u010dio 3 d. nr. V-1129, Vilnius<\/p>\n<p><strong><a href=\"https:\/\/www.e-tar.lt\/portal\/lt\/legalAct\/644dc420d56611eaabd5b5599dd4eebe\">D\u0117l \u0161vietimo ir mokslo ministro 2011 m. baland\u017eio 11 d. \u012fsakymo Nr. V-579 \u201eD\u0117l Mokyklos vaiko gerov\u0117s komisijos sudarymo ir jos darbo organizavimo tvarkos apra\u0161o patvirtinimo\u201c pakeitimo<\/a><\/strong><br \/>\nPri\u0117m\u0117 Lietuvos Respublikos \u0161vietimo, mokslo ir sporto ministerija<br \/>\nU\u017eregistruota TAR 2020-08-03, Identifikacinis kodas 2020-16829<\/p>\n<p>2011-04-11 \u012fsakymas Nr. V-579 [1112070ISAK000V-579]<br \/>\n<a href=\"https:\/\/www.e-tar.lt\/portal\/lt\/legalAct\/TAR.66853439B63F\/asr\">Galiojanti suvestin\u0117 redakcija nuo 2020-08-04<\/a><\/p>\n<p>        <\/p><\/div>    <\/div><\/div><\/p>\n<p><div class=\"panel panel-default\">    <div class=\"panel-heading\" role=\"tab\" id=\"heading_citem_6\">        <h4 class=\"panel-title\"><a class=\"accordion-toggle collapsed\" data-toggle=\"collapse\" aria-controls=\"heading_citem_6\" data-parent=\"#collapse_main\" href=\"#citem_6\">LR \u0160VIETIMO, MOKSLO IR SPORTO MINISTRO \u012eSAKYMAS \u201eD\u0116L \u0160VIETIMO IR MOKSLO MINISTRO 2011 M. LIEPOS 8 D. \u012eSAKYMO NR. V-1229 \u201eD\u0116L SPECIALIOSIOS PAGALBOS TEIKIMO MOKYKLOSE (I\u0160SKYRUS AUK\u0160T\u0104SIAS MOKYKLAS) TVARKOS APRA\u0160O PATVIRTINIMO\u201c PAKEITIMO\u201c<\/a>        <\/h4>    <\/div>    <div id=\"citem_6\" class=\"panel-collapse collapse \" role=\"tabpanel\" aria-labelledby=\"heading_citem_6\">        <div class=\"panel-body\">\n<p>2020 m. rugpj\u016b\u010dio 3 d. nr. V-113, \u00a0Vilnius<\/p>\n<p><a href=\"https:\/\/www.e-tar.lt\/portal\/lt\/legalAct\/7d59f790d56611eaabd5b5599dd4eebe\"><strong>D\u0117l \u0161vietimo ir mokslo ministro 2011 m. liepos 8 d. \u012fsakymo Nr. V-1229 \u201eD\u0117l Specialiosios pagalbos teikimo mokyklose (i\u0161skyrus auk\u0161t\u0105sias mokyklas) tvarkos apra\u0161o patvirtinimo\u201c pakeitimo<\/strong><\/a><br \/>\nPri\u0117m\u0117 Lietuvos Respublikos \u0161vietimo, mokslo ir sporto ministerija<br \/>\nU\u017eregistruota TAR 2020-08-03, Identifikacinis kodas 2020-16830<\/p>\n<p>2011-07-08 \u012fsakymas Nr. V-1229 [1112070ISAK00V-1229]<br \/>\n<a href=\"https:\/\/www.e-tar.lt\/portal\/lt\/legalAct\/TAR.EE3AFE320A27\/asr\">Galiojanti suvestin\u0117 redakcija nuo 2020-08-04<\/a><\/p>\n<p>        <\/p><\/div>    <\/div><\/div><\/p>\n<p><div class=\"panel panel-default\">    <div class=\"panel-heading\" role=\"tab\" id=\"heading_citem_7\">        <h4 class=\"panel-title\"><a class=\"accordion-toggle collapsed\" data-toggle=\"collapse\" aria-controls=\"heading_citem_7\" data-parent=\"#collapse_main\" href=\"#citem_7\">LR \u0160VIETIMO, MOKSLO IR SPORTO MINISTRO \u012eSAKYMAS \u201eD\u0116L \u0160VIETIMO IR MOKSLO MINISTRO 2011 M. LIEPOS 8 D. \u012eSAKYMO NR. V-1228 \u201eD\u0116L SPECIALIOSIOS PEDAGOGIN\u0116S PAGALBOS ASMENIUI IKI 21 MET\u0172 TEIKIMO IR KVALIFIKACINI\u0172 REIKALAVIM\u0172 NUSTATYMO \u0160IOS PAGALBOS TEIK\u0116JAMS TVARKOS APRA\u0160O PATVIRTINIMO\u201c PAKEITIMO\u201c<\/a>        <\/h4>    <\/div>    <div id=\"citem_7\" class=\"panel-collapse collapse \" role=\"tabpanel\" aria-labelledby=\"heading_citem_7\">        <div class=\"panel-body\">\n<p>2020 m. rugpj\u016b\u010dio 3 d. Nr. V-1132, Vilnius<\/p>\n<p><strong><a href=\"https:\/\/www.e-tar.lt\/portal\/lt\/legalAct\/969ccb60d56611eaabd5b5599dd4eebe\">D\u0117l \u0161vietimo ir mokslo ministro 2011 m. liepos 8 d. \u012fsakymo Nr. V-1228 \u201eD\u0117l Specialiosios pedagogin\u0117s pagalbos asmeniui iki 21 met\u0173 teikimo ir kvalifikacini\u0173 reikalavim\u0173 nustatymo \u0161ios pagalbos teik\u0117jams tvarkos apra\u0161o patvirtinimo\u201c pakeitimo<\/a><\/strong><br \/>\nPri\u0117m\u0117 Lietuvos Respublikos \u0161vietimo, mokslo ir sporto ministerija<br \/>\nU\u017eregistruota TAR 2020-08-03, Identifikacinis kodas 2020-16831<\/p>\n<p>2011-07-08 \u012fsakymas Nr. V-1228 [1112070ISAK00V-1228]<br \/>\n<a href=\"https:\/\/www.e-tar.lt\/portal\/lt\/legalAct\/TAR.2926557049F3\/asr\">Galiojanti suvestin\u0117 redakcija nuo 2020-08-04<\/a><\/p>\n<p>        <\/p><\/div>    <\/div><\/div><\/p>\n<p><div class=\"panel panel-default\">    <div class=\"panel-heading\" role=\"tab\" id=\"heading_citem_8\">        <h4 class=\"panel-title\"><a class=\"accordion-toggle collapsed\" data-toggle=\"collapse\" aria-controls=\"heading_citem_8\" data-parent=\"#collapse_main\" href=\"#citem_8\">LR \u0160VIETIMO, MOKSLO IR SPORTO MINISTRO \u012eSAKYMAS \u201eD\u0116L \u0160VIETIMO IR MOKSLO MINISTRO 2017 M. RUGPJ\u016a\u010cIO 30 D. \u012eSAKYMO NR. V-663 \u201eD\u0116L PSICHOLOGIN\u0116S PAGALBOS TEIKIMO TVARKOS APRA\u0160O PATVIRTINIMO\u201c PAKEITIMO\u201c<\/a>        <\/h4>    <\/div>    <div id=\"citem_8\" class=\"panel-collapse collapse \" role=\"tabpanel\" aria-labelledby=\"heading_citem_8\">        <div class=\"panel-body\">\n<p>2020 m. rugpj\u016b\u010dio 3 d. Nr. V-1133, Vilnius<\/p>\n<p><strong><a href=\"https:\/\/www.e-tar.lt\/portal\/lt\/legalAct\/b69f38d0d56611eaabd5b5599dd4eebe\">D\u0117l \u0161vietimo ir mokslo ministro 2017 m. rugpj\u016b\u010dio 30 d. \u012fsakymo Nr. V-663 \u201eD\u0117l Psichologin\u0117s pagalbos teikimo tvarkos apra\u0161o patvirtinimo\u201c pakeitimo<\/a><\/strong><br \/>\nPri\u0117m\u0117 Lietuvos Respublikos \u0161vietimo, mokslo ir sporto ministerija<br \/>\nU\u017eregistruota TAR 2020-08-03, Identifikacinis kodas 2020-16833<\/p>\n<p>2017-08-30 \u012fsakymas Nr. V-663 [2017-13908]<br \/>\n<a href=\"https:\/\/www.e-tar.lt\/portal\/lt\/legalAct\/f66068a08e0a11e7a3c4a5eb10f04386\/asr\">Galiojanti suvestin\u0117 redakcija nuo 2020-08-04<\/a><\/p>\n<p>        <\/p><\/div>    <\/div><\/div><\/p>\n<p><\/p><\/div>\n","protected":false},"excerpt":{"rendered":"","protected":false},"author":1,"featured_media":0,"parent":12325,"menu_order":2,"comment_status":"closed","ping_status":"closed","template":"","meta":{"_acf_changed":false,"footnotes":""},"class_list":["post-15369","page","type-page","status-publish","hentry"],"acf":[],"_links":{"self":[{"href":"https:\/\/www.nsa.smsm.lt\/old\/wp-json\/wp\/v2\/pages\/15369","targetHints":{"allow":["GET"]}}],"collection":[{"href":"https:\/\/www.nsa.smsm.lt\/old\/wp-json\/wp\/v2\/pages"}],"about":[{"href":"https:\/\/www.nsa.smsm.lt\/old\/wp-json\/wp\/v2\/types\/page"}],"author":[{"embeddable":true,"href":"https:\/\/www.nsa.smsm.lt\/old\/wp-json\/wp\/v2\/users\/1"}],"replies":[{"embeddable":true,"href":"https:\/\/www.nsa.smsm.lt\/old\/wp-json\/wp\/v2\/comments?post=15369"}],"version-history":[{"count":0,"href":"https:\/\/www.nsa.smsm.lt\/old\/wp-json\/wp\/v2\/pages\/15369\/revisions"}],"up":[{"embeddable":true,"href":"https:\/\/www.nsa.smsm.lt\/old\/wp-json\/wp\/v2\/pages\/12325"}],"wp:attachment":[{"href":"https:\/\/www.nsa.smsm.lt\/old\/wp-json\/wp\/v2\/media?parent=15369"}],"curies":[{"name":"wp","href":"https:\/\/api.w.org\/{rel}","templated":true}]}}