{"id":15308,"date":"2022-09-10T13:31:13","date_gmt":"2022-09-10T11:31:13","guid":{"rendered":"https:\/\/www.nsa.smsm.lt\/old\/?page_id=15308"},"modified":"2023-01-11T23:36:47","modified_gmt":"2023-01-11T21:36:47","slug":"mokyklu-darbuotoju-koordinuojanciu-informaciniu-ir-komunikaciniu-technologiju-veikla-kompetencijos-tobulinimas","status":"publish","type":"page","link":"https:\/\/www.nsa.smsm.lt\/old\/svietimo-pagalbos-departamentas\/projektai\/mokyklu-darbuotoju-koordinuojanciu-informaciniu-ir-komunikaciniu-technologiju-veikla-kompetencijos-tobulinimas\/","title":{"rendered":"Mokykl\u0173 darbuotoj\u0173, koordinuojan\u010di\u0173 informacini\u0173 ir komunikacini\u0173 technologij\u0173 veikl\u0105, kompetencijos tobulinimas"},"content":{"rendered":"<p><img loading=\"lazy\" decoding=\"async\" class=\" wp-image-11965 alignnone\" src=\"https:\/\/www.nsa.smsm.lt\/old\/old\/wp-content\/uploads\/2020\/04\/eu.png\" alt=\"\" width=\"335\" height=\"154\" srcset=\"https:\/\/www.nsa.smsm.lt\/old\/wp-content\/uploads\/2020\/04\/eu.png 320w, https:\/\/www.nsa.smsm.lt\/old\/wp-content\/uploads\/2020\/04\/eu-300x138.png 300w\" sizes=\"auto, (max-width: 335px) 100vw, 335px\" \/><\/p>\n<p class=\"x_zfr3q\"><strong>Priemon\u0117: <\/strong><a href=\"http:\/\/www.google.com\/url?q=http%3A%2F%2Fwww.esinvesticijos.lt%2Flt%2Fpatvirtintos_priemones%2Fugdymo-turinio-tobulinimas-ir-nauju-mokymo-organizavimo-formu-kurimas-ir-diegimas&amp;sa=D&amp;sntz=1&amp;usg=AFQjCNFJcapvDMrYQ40_PVbJBxWAOzzT8A\" target=\"_blank\" rel=\"noopener noreferrer\">UGDYMO TURINIO TOBULINIMAS IR NAUJ\u0172 MOKYMO ORGANIZAVIMO FORM\u0172 K\u016aRIMAS IR DIEGIMAS<\/a><\/p>\n<p id=\"x_h.p_94vJzDcVwxDS\" class=\"x_zfr3q\"><strong>Prioritetas: <\/strong>9 PRIORITETAS. Visuomen\u0117s \u0161vietimas ir \u017emogi\u0161k\u0173j\u0173 i\u0161tekli\u0173 potencialo didinimas<\/p>\n<p id=\"x_h.p_ID7fM-ZZwxDT\" class=\"x_zfr3q\"><strong>Projekto s\u0105ra\u0161o numeris: <\/strong>09.2.1-ESFA-V-726-02<\/p>\n<p id=\"x_h.p_pQdPJskXwxDU\" class=\"x_zfr3q\"><strong>Projekto apra\u0161ymas:<\/strong><\/p>\n<p id=\"x_h.p_JN1wlmifwxDU\" class=\"x_zfr3q\">Projektu siekiama pad\u0117ti mokyklos darbuotojams, koordinuojantiems IKT diegim\u0105, tobulinti savo kompetencijas. Tuo tikslu planuojama parengti kompetencij\u0173 tobulinimui program\u0105 (model\u012f) bei organizuoti reikalingas kompetencij\u0173 tobulinimo veiklas. Veiklose planuojama parengti inovatyvi\u0105 ir \u0161iuolaiki\u0161k\u0105 mokymo kurso med\u017eiag\u0105, adaptuojant \u201eDigCompOrg\u201c \u012fsivertinimo \u012frank\u012f (<a href=\"https:\/\/www.google.com\/url?q=https%3A%2F%2Fec.europa.eu%2Fjrc%2Fen%2Fdigcomporg%2Fframework&amp;sa=D&amp;sntz=1&amp;usg=AFQjCNEnriVsGL_Sfk6TvfOASyQwSINdhQ\" target=\"_blank\" rel=\"noopener noreferrer\">https:\/\/ec.europa.eu\/jrc\/en\/digcomporg\/framework<\/a>), bei organizuoti plataus masto (756 darbuotojai) mokym\u0173 program\u0173 \u012fgyvendinim\u0105.<\/p>\n<p>Projektas finansuojamas i\u0161 Europos socialinio fondo agent\u016bros.<\/p>\n","protected":false},"excerpt":{"rendered":"<p>Priemon\u0117: UGDYMO TURINIO TOBULINIMAS IR NAUJ\u0172 MOKYMO ORGANIZAVIMO FORM\u0172 K\u016aRIMAS IR DIEGIMAS Prioritetas: 9 PRIORITETAS. Visuomen\u0117s \u0161vietimas ir \u017emogi\u0161k\u0173j\u0173 i\u0161tekli\u0173 potencialo didinimas Projekto s\u0105ra\u0161o numeris: 09.2.1-ESFA-V-726-02 Projekto apra\u0161ymas: Projektu siekiama pad\u0117ti mokyklos darbuotojams, koordinuojantiems IKT diegim\u0105, tobulinti savo kompetencijas. Tuo&nbsp;<a href=\"https:\/\/www.nsa.smsm.lt\/old\/svietimo-pagalbos-departamentas\/projektai\/mokyklu-darbuotoju-koordinuojanciu-informaciniu-ir-komunikaciniu-technologiju-veikla-kompetencijos-tobulinimas\/\" class=\"placiau\">Pla\u010diau <i class=\"fa fa-caret-right\"><\/i><\/a><\/p>\n","protected":false},"author":1,"featured_media":0,"parent":10370,"menu_order":0,"comment_status":"closed","ping_status":"closed","template":"","meta":{"_acf_changed":false,"footnotes":""},"class_list":["post-15308","page","type-page","status-publish","hentry"],"acf":[],"_links":{"self":[{"href":"https:\/\/www.nsa.smsm.lt\/old\/wp-json\/wp\/v2\/pages\/15308","targetHints":{"allow":["GET"]}}],"collection":[{"href":"https:\/\/www.nsa.smsm.lt\/old\/wp-json\/wp\/v2\/pages"}],"about":[{"href":"https:\/\/www.nsa.smsm.lt\/old\/wp-json\/wp\/v2\/types\/page"}],"author":[{"embeddable":true,"href":"https:\/\/www.nsa.smsm.lt\/old\/wp-json\/wp\/v2\/users\/1"}],"replies":[{"embeddable":true,"href":"https:\/\/www.nsa.smsm.lt\/old\/wp-json\/wp\/v2\/comments?post=15308"}],"version-history":[{"count":0,"href":"https:\/\/www.nsa.smsm.lt\/old\/wp-json\/wp\/v2\/pages\/15308\/revisions"}],"up":[{"embeddable":true,"href":"https:\/\/www.nsa.smsm.lt\/old\/wp-json\/wp\/v2\/pages\/10370"}],"wp:attachment":[{"href":"https:\/\/www.nsa.smsm.lt\/old\/wp-json\/wp\/v2\/media?parent=15308"}],"curies":[{"name":"wp","href":"https:\/\/api.w.org\/{rel}","templated":true}]}}