{"id":15294,"date":"2022-09-07T14:02:55","date_gmt":"2022-09-07T12:02:55","guid":{"rendered":"https:\/\/www.nsa.smsm.lt\/old\/?page_id=15294"},"modified":"2024-06-10T13:30:10","modified_gmt":"2024-06-10T11:30:10","slug":"mokyklu-veiklos-pletra-ir-pedagogu-kvalifikacija","status":"publish","type":"page","link":"https:\/\/www.nsa.smsm.lt\/old\/mokyklu-veiklos-pletra-ir-pedagogu-kvalifikacija\/","title":{"rendered":"Mokykl\u0173 veiklos pl\u0117tra ir pedagog\u0173 profesinis tobul\u0117jimas"},"content":{"rendered":"<p>Informacija ruo\u0161iama.<\/p>\n","protected":false},"excerpt":{"rendered":"<p>Informacija ruo\u0161iama.<\/p>\n","protected":false},"author":1,"featured_media":0,"parent":0,"menu_order":0,"comment_status":"closed","ping_status":"closed","template":"page-mokyklu-pletra.php","meta":{"_acf_changed":false,"footnotes":""},"class_list":["post-15294","page","type-page","status-publish","hentry"],"acf":[],"_links":{"self":[{"href":"https:\/\/www.nsa.smsm.lt\/old\/wp-json\/wp\/v2\/pages\/15294","targetHints":{"allow":["GET"]}}],"collection":[{"href":"https:\/\/www.nsa.smsm.lt\/old\/wp-json\/wp\/v2\/pages"}],"about":[{"href":"https:\/\/www.nsa.smsm.lt\/old\/wp-json\/wp\/v2\/types\/page"}],"author":[{"embeddable":true,"href":"https:\/\/www.nsa.smsm.lt\/old\/wp-json\/wp\/v2\/users\/1"}],"replies":[{"embeddable":true,"href":"https:\/\/www.nsa.smsm.lt\/old\/wp-json\/wp\/v2\/comments?post=15294"}],"version-history":[{"count":1,"href":"https:\/\/www.nsa.smsm.lt\/old\/wp-json\/wp\/v2\/pages\/15294\/revisions"}],"predecessor-version":[{"id":39425,"href":"https:\/\/www.nsa.smsm.lt\/old\/wp-json\/wp\/v2\/pages\/15294\/revisions\/39425"}],"wp:attachment":[{"href":"https:\/\/www.nsa.smsm.lt\/old\/wp-json\/wp\/v2\/media?parent=15294"}],"curies":[{"name":"wp","href":"https:\/\/api.w.org\/{rel}","templated":true}]}}