{"id":15242,"date":"2023-06-23T07:17:21","date_gmt":"2023-06-23T05:17:21","guid":{"rendered":"https:\/\/www.nsa.smsm.lt\/old\/?page_id=15242"},"modified":"2023-06-23T13:14:05","modified_gmt":"2023-06-23T11:14:05","slug":"olweus-vardo-mokyklos","status":"publish","type":"page","link":"https:\/\/www.nsa.smsm.lt\/old\/svietimo-pagalba\/prevencinio-darbo-sritys\/olweus-patyciu-prevencijos-programa\/olweus-vardo-mokyklos\/","title":{"rendered":"Olweus vardo mokyklos"},"content":{"rendered":"<p><img loading=\"lazy\" decoding=\"async\" class=\"wp-image-15245 alignnone\" src=\"https:\/\/www.nsa.smsm.lt\/old\/old\/wp-content\/uploads\/2020\/08\/olweus.png\" alt=\"\" width=\"112\" height=\"112\" srcset=\"https:\/\/www.nsa.smsm.lt\/old\/wp-content\/uploads\/2020\/08\/olweus.png 294w, https:\/\/www.nsa.smsm.lt\/old\/wp-content\/uploads\/2020\/08\/olweus-150x150.png 150w\" sizes=\"auto, (max-width: 112px) 100vw, 112px\" \/><\/p>\n<ol>\n<li>Alytaus \u201eVolung\u0117s\u201c progimnazija<\/li>\n<li>Alytaus Liki\u0161k\u0117li\u0173 progimnazija<\/li>\n<li>Alytaus Panemun\u0117s progimnazija<\/li>\n<li>Alytaus Piliakalnio progimnazija<\/li>\n<li>Alytaus \u0161v. Benedikto gimnazija;<\/li>\n<li>Anyk\u0161\u010di\u0173 Antano Baranausko pagrindin\u0117 mokykla<\/li>\n<li>Anyk\u0161\u010di\u0173 r. Sv\u0117das\u0173 Juozo Tumo \u2013 Vai\u017eganto gimnazija;<\/li>\n<li>Bir\u017e\u0173 r. Vabalninko Balio Sruogos gimnazija<\/li>\n<li>Druskinink\u0173 \u201eSaul\u0117s\u201d pagrindin\u0117 mokykla<\/li>\n<li>Druskinink\u0173 savivaldyb\u0117s Leipalingio progimnazija<\/li>\n<li>Elektr\u0117n\u0173 \u201e\u0104\u017euolyno\u201c progimnazija<\/li>\n<li>Jonavos Justino Vareikio progimnazija<\/li>\n<li>Jonavos r. Kulvos Abraomo Kulvie\u010dio mokykla<\/li>\n<li>Joni\u0161kio \u201eSaul\u0117s\u201c pagrindin\u0117 mokykla<\/li>\n<li>Joni\u0161kio r. Skaistgirio gimnazija<\/li>\n<li>Jurbarko Vytauto Did\u017eiojo progimnazija<\/li>\n<li>Kai\u0161iadori\u0173 r. \u017dasli\u0173 pagrindin\u0117 mokykla<\/li>\n<li>Kalvarijos gimnazija<\/li>\n<li>Kauno \u201eVyturio\u201c gimnazija<\/li>\n<li>Kauno Bernardo Brazd\u017eionio mokykla<\/li>\n<li>Kauno Kazio Griniaus progimnazija<\/li>\n<li>Kauno Kovo 11-osios gimnazija<\/li>\n<li>Kauno Milikoni\u0173 progimnazija<\/li>\n<li>Kauno Simono Daukanto progimnazija<\/li>\n<li>Kauno Stepono Dariaus ir Stasio Gir\u0117no gimnazija<\/li>\n<li>Kauno \u0161v. Kazimiero progimnazija<\/li>\n<li>Kauno Tado Ivanausko progimnazija<\/li>\n<li>Vytauto Did\u017eiojo universiteto \u201eAt\u017ealyno\u201c progimnazija<\/li>\n<li>Kauno Viktoro Kuprevi\u010diaus progimnazija<\/li>\n<li>Kelm\u0117s r. Kra\u017ei\u0173 \u017dygimanto Liauksmino gimnazija<\/li>\n<li>Klaip\u0117dos \u201eGabijos\u201c progimnazija<\/li>\n<li>Klaip\u0117dos \u201eVyturio\u201c progimnazija<\/li>\n<li>Klaip\u0117dos Litorinos mokykla<\/li>\n<li>Klaip\u0117dos r. Dovil\u0173 pagrindin\u0117 mokykla<\/li>\n<li>Klaip\u0117dos Sendvario progimnazija<\/li>\n<li>Klaip\u0117dos Simono Dacho progimnazija.<\/li>\n<li>Kretingos r. Kartenos mokykla-daugiafunkcis centras<\/li>\n<li>Kretingos r. K\u016blup\u0117n\u0173 Motiejaus Valan\u010diaus pagrindin\u0117 mokykla<\/li>\n<li>Lazdij\u0173 r. \u0160e\u0161tok\u0173 mokykla<\/li>\n<li>Lazdij\u0173 r. \u0160vente\u017eerio mokykla<\/li>\n<li>Marijampol\u0117s \u201e\u0160altinio\u201c progimnazija<\/li>\n<li>Marijampol\u0117s Rygi\u0161ki\u0173 Jono gimnazija<\/li>\n<li>Marijampol\u0117s sav. Igliaukos Anzelmo Matu\u010dio gimnazija<\/li>\n<li>Marijampol\u0117s sav. Mokol\u0173 progimnazija<\/li>\n<li>Ma\u017eeiki\u0173 Merkelio Ra\u010dkausko gimnazija<\/li>\n<li>Ma\u017eeiki\u0173 Kaln\u0117n\u0173 progimnazija<\/li>\n<li>Ma\u017eeiki\u0173 r. Sedos Vytauto Ma\u010dernio gimnazija<\/li>\n<li>Ma\u017eeiki\u0173 r. Tirk\u0161li\u0173 Juozo Vitkaus \u2013 Kazimierai\u010dio pagrindin\u0117 mokykla<\/li>\n<li>Ma\u017eeiki\u0173 r. \u017didik\u0173 Marijos Pe\u010dkauskait\u0117s gimnazija<\/li>\n<li>Naujosios Akmen\u0117s \u201eSaul\u0117tekio\u201c progimnazija<\/li>\n<li>Panev\u0117\u017eio \u201eVyturio\u201c progimnazija<\/li>\n<li>Panev\u0117\u017eio Alfonso Lipni\u016bno progimnazija<\/li>\n<li>Panev\u0117\u017eio Raimundo Sarg\u016bno sporto gimnazija<\/li>\n<li>Pasvalio r. Va\u0161k\u0173 gimnazija<\/li>\n<li>Plung\u0117s r. Kuli\u0173 gimnazija;<\/li>\n<li>Plung\u0117s r. Leipij\u0173 mokykla<\/li>\n<li>Plung\u0117s Senamies\u010dio mokykla<\/li>\n<li>Prien\u0173 r. I\u0161lau\u017eo pagrindin\u0117 mokykla<\/li>\n<li>Prien\u0173 r. Jiezno gimnazija<\/li>\n<li>Radvili\u0161kio Gra\u017einos pagrindin\u0117 mokykla<\/li>\n<li>Radvili\u0161kio r. Grinki\u0161kio Jono Poderio gimnazija<\/li>\n<li>Radvili\u0161kio r. Sidabravo gimnazija<\/li>\n<li>Radvili\u0161kio Vai\u017eganto progimnazija<\/li>\n<li>Raseini\u0173 r. Betygalos Maironio gimnazija<\/li>\n<li>Raseini\u0173 r. Nemak\u0161\u010di\u0173 M. Ma\u017evydo gimnazija<\/li>\n<li>Raseini\u0173 r. \u0160iluvos gimnazija<\/li>\n<li>Raseini\u0173 r. Vidukl\u0117s Simono Stanevi\u010diaus gimnazija<\/li>\n<li>Roki\u0161kio r. Obeli\u0173 gimnazija<\/li>\n<li>Skuodo Bartuvos progimnazija<\/li>\n<li>Skuodo r. Ylaki\u0173 gimnazija<\/li>\n<li>\u0160al\u010dinink\u0173 r. Ei\u0161i\u0161ki\u0173 Stanislavo Rapolionio gimnazija<\/li>\n<li>\u0160al\u010dinink\u0173 r. Ja\u0161i\u016bn\u0173 pagrindin\u0117 mokykla<\/li>\n<li>\u0160al\u010dinink\u0173 r. Kalesnink\u0173 Mykolo Rudzio pagrindin\u0117 mokykla<\/li>\n<li>\u0160iauli\u0173 r. Me\u0161kui\u010di\u0173 gimnazija<\/li>\n<li>\u0160ilal\u0117s r. Kaltin\u0117n\u0173 Aleksandro Stulginskio gimnazija<\/li>\n<li>\u0160ilut\u0117s Pamario progimnazija<\/li>\n<li>\u0160ilut\u0117s r. \u0160v\u0117k\u0161nos \u201eSaul\u0117s\u201c gimnazija<\/li>\n<li>\u0160ven\u010dioni\u0173 r. Pabrad\u0117s \u201e\u017deimenos\u201c gimnazija<\/li>\n<li>\u0160ven\u010dioni\u0173 r. \u0160ven\u010dion\u0117li\u0173 Karaliaus Mindaugo gimnazija<\/li>\n<li>\u0160ven\u010dioni\u0173 Zigmo \u017demai\u010dio gimnazij\u0105<\/li>\n<li>Tel\u0161i\u0173 \u201eD\u017eiugo\u201c gimnazija<\/li>\n<li>Tel\u0161i\u0173 r. Varni\u0173 Motiejaus Valan\u010diaus gimnazija<\/li>\n<li>Trak\u0173 gimnazija<\/li>\n<li>Trak\u0173 r. Onu\u0161kio Donato Malinausko gimnazija<\/li>\n<li>Trak\u0173 r. Paluknio \u201eMedeinos\u201c gimnazija<\/li>\n<li>Ukmerg\u0117s r. \u017delvos gimnazija<\/li>\n<li>Utenos Auk\u0161takalnio progimnazija<\/li>\n<li>Var\u0117nos r. Merkin\u0117s Vinco Kr\u0117v\u0117s gimnazija<\/li>\n<li>Var\u0117nos r. Valkinink\u0173 gimnazija<\/li>\n<li>Vilkavi\u0161kio r. Kybart\u0173 \u201eSaul\u0117s\u201c progimnazija<\/li>\n<li>Vilniaus \u201e\u0104\u017euolyno\u201c progimnazija<\/li>\n<li>Vilniaus \u201eSpindulio\u201c progimnazija<\/li>\n<li>Vilniaus Abraomo Kulvie\u010dio klasikin\u0117 gimnazija<\/li>\n<li>Vilniaus Jeruzal\u0117s progimnazija<\/li>\n<li>Vilniaus Lazdyn\u0173 mokykla<\/li>\n<li>Vilniaus Pranci\u0161kaus Skorinos gimnazija<\/li>\n<li>Vilniaus r. Juod\u0161ili\u0173 \u201e\u0160ilo\u201c gimnazija<\/li>\n<li>Vilniaus r. Mai\u0161iagalos kun. Juzefo Obrembskio gimnazija<\/li>\n<li>Vilniaus savivaldyb\u0117s Grigi\u0161ki\u0173 gimnazija<\/li>\n<li>Vilniaus Vir\u0161uli\u0161ki\u0173 mokykla<\/li>\n<li>Vilniaus Vladislavo Sirokoml\u0117s gimnazija<\/li>\n<li>Vilniaus \u017demynos progimnazija<\/li>\n<\/ol>\n","protected":false},"excerpt":{"rendered":"<p>Alytaus \u201eVolung\u0117s\u201c progimnazija Alytaus Liki\u0161k\u0117li\u0173 progimnazija Alytaus Panemun\u0117s progimnazija Alytaus Piliakalnio progimnazija Alytaus \u0161v. Benedikto gimnazija; Anyk\u0161\u010di\u0173 Antano Baranausko pagrindin\u0117 mokykla Anyk\u0161\u010di\u0173 r. Sv\u0117das\u0173 Juozo Tumo \u2013 Vai\u017eganto gimnazija; Bir\u017e\u0173 r. Vabalninko Balio Sruogos gimnazija Druskinink\u0173 \u201eSaul\u0117s\u201d pagrindin\u0117 mokykla Druskinink\u0173&nbsp;<a href=\"https:\/\/www.nsa.smsm.lt\/old\/svietimo-pagalba\/prevencinio-darbo-sritys\/olweus-patyciu-prevencijos-programa\/olweus-vardo-mokyklos\/\" class=\"placiau\">Pla\u010diau <i class=\"fa fa-caret-right\"><\/i><\/a><\/p>\n","protected":false},"author":1,"featured_media":0,"parent":12915,"menu_order":0,"comment_status":"closed","ping_status":"closed","template":"page-olweus.php","meta":{"_acf_changed":false,"footnotes":""},"class_list":["post-15242","page","type-page","status-publish","hentry"],"acf":[],"_links":{"self":[{"href":"https:\/\/www.nsa.smsm.lt\/old\/wp-json\/wp\/v2\/pages\/15242","targetHints":{"allow":["GET"]}}],"collection":[{"href":"https:\/\/www.nsa.smsm.lt\/old\/wp-json\/wp\/v2\/pages"}],"about":[{"href":"https:\/\/www.nsa.smsm.lt\/old\/wp-json\/wp\/v2\/types\/page"}],"author":[{"embeddable":true,"href":"https:\/\/www.nsa.smsm.lt\/old\/wp-json\/wp\/v2\/users\/1"}],"replies":[{"embeddable":true,"href":"https:\/\/www.nsa.smsm.lt\/old\/wp-json\/wp\/v2\/comments?post=15242"}],"version-history":[{"count":0,"href":"https:\/\/www.nsa.smsm.lt\/old\/wp-json\/wp\/v2\/pages\/15242\/revisions"}],"up":[{"embeddable":true,"href":"https:\/\/www.nsa.smsm.lt\/old\/wp-json\/wp\/v2\/pages\/12915"}],"wp:attachment":[{"href":"https:\/\/www.nsa.smsm.lt\/old\/wp-json\/wp\/v2\/media?parent=15242"}],"curies":[{"name":"wp","href":"https:\/\/api.w.org\/{rel}","templated":true}]}}