{"id":15229,"date":"2023-06-23T08:12:18","date_gmt":"2023-06-23T06:12:18","guid":{"rendered":"https:\/\/www.nsa.smsm.lt\/old\/?page_id=15229"},"modified":"2023-06-23T13:13:27","modified_gmt":"2023-06-23T11:13:27","slug":"olweus-programos-kokybes-uztikrinimo-sistema-opkus","status":"publish","type":"page","link":"https:\/\/www.nsa.smsm.lt\/old\/svietimo-pagalba\/prevencinio-darbo-sritys\/olweus-patyciu-prevencijos-programa\/olweus-programos-kokybes-uztikrinimo-sistema-opkus\/","title":{"rendered":"Olweus programos kokyb\u0117s u\u017etikrinimo sistema (OPKUS)"},"content":{"rendered":"<p>Olweus programos kokyb\u0117s u\u017etikrinimo sistemos d\u0117ka mokykla, pra\u0117jus 18 m\u0117n. Olweus paty\u010di\u0173 prevencijos programos \u012fgyvendinimo laikotarpiui, gali palaikyti programos diegimo metu \u012fsisavintus ir tapusius mokyklos dalimi \u0161ios programos komponentus (MSG susirinkimai, Olweus programos klas\u0117s valand\u0117l\u0117s ir kt.). S\u0117kmingai diegianti OPKUS, mokykla turi galimyb\u0119 tapti sertifikuota Olweus mokykla.<\/p>\n<p><i class=\"fa fa-file-pdf-o \" ><\/i> Olweus International AS atstovo Andre Baraldsnes \u012f\u017eanginis \u017eodis apie OPKUS\u00a0<a href=\"https:\/\/www.nsa.smsm.lt\/old\/old\/wp-content\/uploads\/2020\/08\/Andre-Baraldsnes-zodis-apie-OPKUS.pdf\"><i class=\"fa fa-arrow-circle-right \" ><\/i><\/a><\/p>\n<p>&nbsp;<\/p>\n<hr \/>\n<p>Nacionalin\u0117 \u0161vietimo agent\u016bra 2022\u20132023 mokslo metais t\u0119sia Olweus paty\u010di\u0173 programos \u012fgyvendinim\u0105 mokyklose. Daugiau kaip 100 mokykl\u0173 pasirinko t\u0119sti program\u0105 ir vykdyti<\/p>\n<p>Olweus programos kokyb\u0117s u\u017etikrinimo sistem\u0105 (OPKUS). Viena mokykla \u2013 V\u0161\u012e Vytauto Did\u017eiojo universiteto Ugn\u0117s Karvelis gimnazija \u2013 prad\u0117jo diegti Olweus program\u0105.<\/p>\n<p>Atsi\u017evelgiant \u012f tai, kad baig\u0117si prevencini\u0173 program\u0173 \u012fgyvendinimo finansavimas ES Strukt\u016brini\u0173 fond\u0173 l\u0117\u0161omis, nuo \u0161i\u0173 mokslo met\u0173 OPKUS \u012fgyvendinimo i\u0161laidas mokyklos dengs pa\u010dios.<\/p>\n<p>Nacionalin\u0117s \u0161vietimo agent\u016bros direktoriaus 2022 m. lapkri\u010dio 8 d. \u012fsakymu Nr. VK-710 \u201eD\u0117l Olweus paty\u010di\u0173 prevencijos programos \u012fgyvendinimo mokyklose 2022\u20132023 m. paslaugos \u012fkainio patvirtinimo\u201c buvo patvirtintas OPKUS \u012fgyvendinimo mokyklose paslaugos \u012fkainis, kuris yra 200 Eur. \u012e \u0161i\u0105 kain\u0105 \u012feina Olweus mokini\u0173 apklausos atlikimo (naudojimosi tarptautine duomen\u0173 baze tyrimo atlikimui, duomen\u0173 kaupimui, apdorojimui ir kt.), konsultavimo programos \u012fgyvendinimo kokyb\u0117s u\u017etikrinimo klausimais bei programos administravimo i\u0161laidos.<\/p>\n<p>U\u017e OPKUS \u012fgyvendinimo paslaugas mokyklos atsiskaitys vien\u0105 kart\u0105 pagal Nacionalin\u0117s \u0161vietimo agent\u016bros pateikt\u0105 s\u0105skait\u0105 fakt\u016br\u0105.<\/p>\n<p>&nbsp;<\/p>\n<hr \/>\n<p>Mokyklos,\u00a0 diegian\u010dios OPKUS:<\/p>\n<ul>\n<li>2022-2023 OPKUS mokyklos\u00a0<a href=\"https:\/\/www.nsa.smsm.lt\/old\/old\/wp-content\/uploads\/2022\/11\/ISAK-Olweus-mokyklos2022-2023-1.pdf\"><i class=\"fa fa-arrow-circle-right \" ><\/i><\/a><\/li>\n<li>2021-2022\u00a0OPKUS mokyklos <a href=\"https:\/\/www.nsa.smsm.lt\/old\/old\/wp-content\/uploads\/2021\/11\/2021-2022-OPKUS-mokyklos.pdf\"><i class=\"fa fa-arrow-circle-right \" ><\/i><\/a><\/li>\n<li>2020-2021 OPKUS mokyklos <a href=\"https:\/\/www.nsa.smsm.lt\/old\/old\/wp-content\/uploads\/2021\/01\/2020-2021-OPKUS-mokyklos.pdf\"><i class=\"fa fa-arrow-circle-right \" ><\/i><\/a><\/li>\n<li>2019-2020 OPKUS mokyklos <a href=\"https:\/\/www.nsa.smsm.lt\/old\/old\/wp-content\/uploads\/2020\/08\/2019-2020-OPKUS-mokyklos.zip\"><i class=\"fa fa-arrow-circle-right \" ><\/i><\/a><\/li>\n<li>2018-2020 OPKUS mokyklos <a href=\"https:\/\/www.nsa.smsm.lt\/old\/old\/wp-content\/uploads\/2020\/08\/2018-2020-OPKUS-mokyklos.pdf\"><i class=\"fa fa-arrow-circle-right \" ><\/i><\/a><\/li>\n<\/ul>\n<p>Olweus vardo mokyklos:<\/p>\n<ul>\n<li>2023-2024 ir 2024-2025 Olweus vardo mokyklos <a href=\"https:\/\/www.nsa.smsm.lt\/old\/old\/wp-content\/uploads\/2023\/06\/Olweus-mokyklos-2023.pdf\"><i class=\"fa fa-arrow-circle-right \" ><\/i><\/a><\/li>\n<li>2022-2023 Olweus vardo mokyklos <a href=\"https:\/\/www.nsa.smsm.lt\/old\/old\/wp-content\/uploads\/2022\/11\/Isakymas-Olweus-vardo-mokyklos-2022.pdf\"><i class=\"fa fa-arrow-circle-right \" ><\/i><\/a><\/li>\n<li>2021-2022\u00a0Olweus vardo mokyklos <a href=\"https:\/\/www.nsa.smsm.lt\/old\/old\/wp-content\/uploads\/2021\/11\/Olweus-vardo-mokyklos-2021-2023.pdf\"><i class=\"fa fa-arrow-circle-right \" ><\/i><\/a><\/li>\n<li>2020-2021 Olweus vardo mokyklos <a href=\"https:\/\/www.nsa.smsm.lt\/old\/old\/wp-content\/uploads\/2021\/01\/Olweus-vardo-mokyklos.docx\"><i class=\"fa fa-arrow-circle-right \" ><\/i><\/a><\/li>\n<li>2019-2021 Olweus vardo mokyklos <a href=\"https:\/\/www.nsa.smsm.lt\/old\/old\/wp-content\/uploads\/2020\/08\/2019-2021-Olweus-vardo-mokyklos.pdf\"><i class=\"fa fa-arrow-circle-right \" ><\/i><\/a><\/li>\n<li>2018-2020 Olweus vardo mokyklos\u00a0<a href=\"https:\/\/www.nsa.smsm.lt\/old\/old\/wp-content\/uploads\/2020\/08\/2018-2020-Olweus-vardo-mokyklos.pdf\"><i class=\"fa fa-arrow-circle-right \" ><\/i><\/a><\/li>\n<\/ul>\n","protected":false},"excerpt":{"rendered":"<p>Olweus programos kokyb\u0117s u\u017etikrinimo sistemos d\u0117ka mokykla, pra\u0117jus 18 m\u0117n. Olweus paty\u010di\u0173 prevencijos programos \u012fgyvendinimo laikotarpiui, gali palaikyti programos diegimo metu \u012fsisavintus ir tapusius mokyklos dalimi \u0161ios programos komponentus (MSG susirinkimai, Olweus programos klas\u0117s valand\u0117l\u0117s ir kt.). S\u0117kmingai diegianti OPKUS,&nbsp;<a href=\"https:\/\/www.nsa.smsm.lt\/old\/svietimo-pagalba\/prevencinio-darbo-sritys\/olweus-patyciu-prevencijos-programa\/olweus-programos-kokybes-uztikrinimo-sistema-opkus\/\" class=\"placiau\">Pla\u010diau <i class=\"fa fa-caret-right\"><\/i><\/a><\/p>\n","protected":false},"author":1,"featured_media":0,"parent":12915,"menu_order":0,"comment_status":"closed","ping_status":"closed","template":"page-olweus.php","meta":{"_acf_changed":false,"footnotes":""},"class_list":["post-15229","page","type-page","status-publish","hentry"],"acf":[],"_links":{"self":[{"href":"https:\/\/www.nsa.smsm.lt\/old\/wp-json\/wp\/v2\/pages\/15229","targetHints":{"allow":["GET"]}}],"collection":[{"href":"https:\/\/www.nsa.smsm.lt\/old\/wp-json\/wp\/v2\/pages"}],"about":[{"href":"https:\/\/www.nsa.smsm.lt\/old\/wp-json\/wp\/v2\/types\/page"}],"author":[{"embeddable":true,"href":"https:\/\/www.nsa.smsm.lt\/old\/wp-json\/wp\/v2\/users\/1"}],"replies":[{"embeddable":true,"href":"https:\/\/www.nsa.smsm.lt\/old\/wp-json\/wp\/v2\/comments?post=15229"}],"version-history":[{"count":0,"href":"https:\/\/www.nsa.smsm.lt\/old\/wp-json\/wp\/v2\/pages\/15229\/revisions"}],"up":[{"embeddable":true,"href":"https:\/\/www.nsa.smsm.lt\/old\/wp-json\/wp\/v2\/pages\/12915"}],"wp:attachment":[{"href":"https:\/\/www.nsa.smsm.lt\/old\/wp-json\/wp\/v2\/media?parent=15229"}],"curies":[{"name":"wp","href":"https:\/\/api.w.org\/{rel}","templated":true}]}}