{"id":15220,"date":"2023-06-23T07:50:10","date_gmt":"2023-06-23T05:50:10","guid":{"rendered":"https:\/\/www.nsa.smsm.lt\/old\/?page_id=15220"},"modified":"2023-06-23T13:24:48","modified_gmt":"2023-06-23T11:24:48","slug":"aktualijos","status":"publish","type":"page","link":"https:\/\/www.nsa.smsm.lt\/old\/svietimo-pagalba\/prevencinio-darbo-sritys\/olweus-patyciu-prevencijos-programa\/aktualijos\/","title":{"rendered":"Aktualijos"},"content":{"rendered":"<p>Nacionalin\u0117 \u0161vietimo agent\u016bra 2022\u20132023 mokslo metais t\u0119sia Olweus paty\u010di\u0173 programos \u012fgyvendinim\u0105 mokyklose. Daugiau kaip 100 mokykl\u0173 pasirinko t\u0119sti program\u0105 ir vykdyti<\/p>\n<p>Olweus programos kokyb\u0117s u\u017etikrinimo sistem\u0105 (OPKUS). Viena mokykla \u2013 V\u0161\u012e Vytauto Did\u017eiojo universiteto Ugn\u0117s Karvelis gimnazija \u2013 prad\u0117jo diegti Olweus program\u0105.<\/p>\n<p>Atsi\u017evelgiant \u012f tai, kad baig\u0117si prevencini\u0173 program\u0173 \u012fgyvendinimo finansavimas ES Strukt\u016brini\u0173 fond\u0173 l\u0117\u0161omis, nuo \u0161i\u0173 mokslo met\u0173 OPKUS \u012fgyvendinimo i\u0161laidas mokyklos dengs pa\u010dios.<\/p>\n<p>Nacionalin\u0117s \u0161vietimo agent\u016bros direktoriaus 2022 m. lapkri\u010dio 8 d. \u012fsakymu Nr. VK-710 \u201eD\u0117l Olweus paty\u010di\u0173 prevencijos programos \u012fgyvendinimo mokyklose 2022\u20132023 m. paslaugos \u012fkainio patvirtinimo\u201c buvo patvirtintas OPKUS \u012fgyvendinimo mokyklose paslaugos \u012fkainis, kuris yra 200 Eur. \u012e \u0161i\u0105 kain\u0105 \u012feina Olweus mokini\u0173 apklausos atlikimo (naudojimosi tarptautine duomen\u0173 baze tyrimo atlikimui, duomen\u0173 kaupimui, apdorojimui ir kt.), konsultavimo programos \u012fgyvendinimo kokyb\u0117s u\u017etikrinimo klausimais bei programos administravimo i\u0161laidos.<\/p>\n<p>U\u017e OPKUS \u012fgyvendinimo paslaugas mokyklos atsiskaitys vien\u0105 kart\u0105 pagal Nacionalin\u0117s \u0161vietimo agent\u016bros pateikt\u0105 s\u0105skait\u0105 fakt\u016br\u0105.<\/p>\n<p>&nbsp;<\/p>\n<hr \/>\n<p><i class=\"fa fa-file-pdf-o \" ><\/i> Olweus paty\u010di\u0173 prevencijos programos 2022 met\u0173 mokini\u0173 apklausa <a href=\"https:\/\/www.nsa.smsm.lt\/old\/old\/wp-content\/uploads\/2023\/06\/Olweus-aplausos-2022-rezultatai.pdf\"><i class=\"fa fa-arrow-circle-right \" ><\/i><\/a><\/p>\n<p><i class=\"fa fa-file-pdf-o \" ><\/i> Konferencijos \u201eSmurto ir paty\u010di\u0173 prevencija: daugiau nei de\u0161imtmetis\u201c prane\u0161imai <a href=\"https:\/\/www.nsa.smsm.lt\/old\/old\/wp-content\/uploads\/2021\/05\/Konferencijos-pranesimai.-Smurto-ir-patyciu-prevencija-daugiau-nei-desimtmetis.pdf\"><i class=\"fa fa-arrow-circle-right \" ><\/i><\/a><\/p>\n<p><i class=\"fa fa-file-word-o \" ><\/i> Sertifikuot\u0173 Olweus programos instruktori\u0173 s\u0105ra\u0161as <a href=\"https:\/\/www.nsa.smsm.lt\/old\/old\/wp-content\/uploads\/2023\/06\/Sertifikuotu-Olweus-instruktoriu-sarasas-2023.pdf\"><i class=\"fa fa-arrow-circle-right \" ><\/i><\/a><\/p>\n<p><i class=\"fa fa-file-pdf-o \" ><\/i> Informacija apie elektronines paty\u010dias <a href=\"https:\/\/www.nsa.smsm.lt\/old\/old\/wp-content\/uploads\/2022\/02\/Elektorinines-patycios.-Olweus.pdf\"><i class=\"fa fa-arrow-circle-right \" ><\/i><\/a><\/p>\n","protected":false},"excerpt":{"rendered":"<p>Nacionalin\u0117 \u0161vietimo agent\u016bra 2022\u20132023 mokslo metais t\u0119sia Olweus paty\u010di\u0173 programos \u012fgyvendinim\u0105 mokyklose. Daugiau kaip 100 mokykl\u0173 pasirinko t\u0119sti program\u0105 ir vykdyti Olweus programos kokyb\u0117s u\u017etikrinimo sistem\u0105 (OPKUS). Viena mokykla \u2013 V\u0161\u012e Vytauto Did\u017eiojo universiteto Ugn\u0117s Karvelis gimnazija \u2013 prad\u0117jo diegti&nbsp;<a href=\"https:\/\/www.nsa.smsm.lt\/old\/svietimo-pagalba\/prevencinio-darbo-sritys\/olweus-patyciu-prevencijos-programa\/aktualijos\/\" class=\"placiau\">Pla\u010diau <i class=\"fa fa-caret-right\"><\/i><\/a><\/p>\n","protected":false},"author":1,"featured_media":0,"parent":12915,"menu_order":0,"comment_status":"closed","ping_status":"closed","template":"page-olweus.php","meta":{"_acf_changed":false,"footnotes":""},"class_list":["post-15220","page","type-page","status-publish","hentry"],"acf":[],"_links":{"self":[{"href":"https:\/\/www.nsa.smsm.lt\/old\/wp-json\/wp\/v2\/pages\/15220","targetHints":{"allow":["GET"]}}],"collection":[{"href":"https:\/\/www.nsa.smsm.lt\/old\/wp-json\/wp\/v2\/pages"}],"about":[{"href":"https:\/\/www.nsa.smsm.lt\/old\/wp-json\/wp\/v2\/types\/page"}],"author":[{"embeddable":true,"href":"https:\/\/www.nsa.smsm.lt\/old\/wp-json\/wp\/v2\/users\/1"}],"replies":[{"embeddable":true,"href":"https:\/\/www.nsa.smsm.lt\/old\/wp-json\/wp\/v2\/comments?post=15220"}],"version-history":[{"count":0,"href":"https:\/\/www.nsa.smsm.lt\/old\/wp-json\/wp\/v2\/pages\/15220\/revisions"}],"up":[{"embeddable":true,"href":"https:\/\/www.nsa.smsm.lt\/old\/wp-json\/wp\/v2\/pages\/12915"}],"wp:attachment":[{"href":"https:\/\/www.nsa.smsm.lt\/old\/wp-json\/wp\/v2\/media?parent=15220"}],"curies":[{"name":"wp","href":"https:\/\/api.w.org\/{rel}","templated":true}]}}