{"id":15213,"date":"2022-11-04T18:05:47","date_gmt":"2022-11-04T16:05:47","guid":{"rendered":"https:\/\/www.nsa.smsm.lt\/old\/?page_id=15213"},"modified":"2023-01-11T23:36:30","modified_gmt":"2023-01-11T21:36:30","slug":"vaiko-emocines-geroves-skyrius","status":"publish","type":"page","link":"https:\/\/www.nsa.smsm.lt\/old\/svietimo-pagalbos-departamentas\/psichologijos-skyrius\/vaiko-emocines-geroves-skyrius\/","title":{"rendered":"Vaiko emocin\u0117s gerov\u0117s skyrius"},"content":{"rendered":"<ul type=\"disc\">\n<li>koordinuoja saugios\u00a0 ugdymuisi aplinkos k\u016brimui skirt\u0173 prevencini\u0173 priemoni\u0173 diegim\u0105; dalyvauja rengiant teis\u0117s akt\u0173 bei program\u0173 projektus \u0161vietimo pagalbos teikimo, saugios aplinkos mokykloje k\u016brimo srityje; organizuoja \u0160vietimo, mokslo ir sporto ministerijos ir (ar) Europos S\u0105jungos strukt\u016brini\u0173 fond\u0173 l\u0117\u0161omis finansuojam\u0173 prevencijos priemoni\u0173 ir program\u0173 rengimu, j\u0173 vertinimu ir diegimo mokyklose organizavimu, vykdym\u0105;<\/li>\n<li>teikia metodin\u0119 konsultacin\u0119 pagalb\u0105 mokykloms, \u0161vietimo pagalbos \u012fstaigoms (pedagogin\u0117ms psichologin\u0117ms, \u0161vietimo pagalbos tarnyboms) d\u0117l \u0161vietimo pagalbos teikimo, prevencini\u0173 priemoni\u0173 vykdymo;<\/li>\n<li>esant poreikiui, inicijuoja rekomendacij\u0173, metodini\u0173 leidini\u0173 bei kitos aktualios informacin\u0117s med\u017eiagos savivaldybi\u0173 pedagogini\u0173 psichologini\u0173 ar \u0161vietimo pagalbos tarnyb\u0173 bei ugdymo \u012fstaig\u0173 psichologams, socialiniams pedagogams, mokykl\u0173 administracijai, vaiko gerov\u0117s komisij\u0173 nariams, mokiniams, t\u0117vams apie psichologini\u0173 sunkum\u0173 prevencij\u0105, pagalb\u0105 sunkum\u0173 ugdymosi patiriantiems vaikams, saugios aplinkos mokykloje k\u016brim\u0105, vaik\u0173 socialini\u0173 emocini\u0173 kompetencij\u0173 ugdym\u0105 rengim\u0105 bei dalyvauja rengiant \u0161ias priemones;<\/li>\n<li>\u00a0inicijuoja, organizuoja bei vykdo metodik\u0173 rengimo darbus pedagoginio psichologinio vertinimo srityse: atlieka vaiko psichologinio vertinimo metodik\u0173 ir metodin\u0117s med\u017eiagos paie\u0161k\u0105 (internete, bibliotekose, palaikant ry\u0161ius su \u0161alies ir u\u017esienio universitet\u0173 mokslininkais, bei praktin\u012f darb\u0105 dirban\u010diais specialistais), rengia ir i\u0161bando, adaptuoja, standartizuoja psichologines metodikas;<\/li>\n<li>teikia metodin\u0119 ir konsultacin\u0119 pagalb\u0105 vaiko minimalios ir vidutin\u0117s prie\u017ei\u016bros vykdytojams Lietuvos Respublikos vaiko minimalios ir vidutin\u0117s prie\u017ei\u016bros \u012fstatymo nuostat\u0173 \u012fgyvendinimo klausimais bei \u012fgyvendinti kitas \u0161iuo \u012fstatymu numatytas ir \u0160vietimo, mokslo ir sporto ministro deleguotas funkcijas;\u00a0 organizuoja komisijos i\u0161vados teikimui d\u0117l vidutin\u0117s prie\u017ei\u016bros priemon\u0117s vaikui skyrimo darb\u0105; teikia metodin\u0119 ir konsultacin\u0119 pagalb\u0105 vaiko minimalios ir vidutin\u0117s prie\u017ei\u016bros vykdytojams;<\/li>\n<li>dalyvauja nagrin\u0117jant apeliacijas d\u0117l vaiko speciali\u0173j\u0173 ugdymosi poreiki\u0173 nustatymo;<\/li>\n<li>inicijuoja, organizuoja ir vykdo pedagogini\u0173 psichologini\u0173 ar \u0161vietimo pagalbos tarnyb\u0173, mokykl\u0173 specialist\u0173 (psicholog\u0173, socialini\u0173 pedagog\u0173), mokykl\u0173 administracijos, vaiko gerov\u0117s komisij\u0173 nari\u0173 ir kt. profesin\u0117s kvalifikacijos tobulinim\u0105 \u2013 organizuoja mokymus pedagoginio ir psichologinio vaik\u0173 vertinimo metodik\u0173 naudojimo, psichologin\u0117s ir socialin\u0117s pedagogin\u0117s pagalbos teikimo, prevencini\u0173 priemoni\u0173 ir program\u0173 vykdymo, saugios aplinkos mokykloje k\u016brimo, krizi\u0173 valdymo ir kitais su vaiko gerove mokykloje susijusiais klausimais;<\/li>\n<li>dalyvauja vykdant psicholog\u0173, teikian\u010di\u0173 pagalb\u0105 mokiniui, ir pedagogini\u0173 psichologini\u0173 ar \u0161vietimo pagalbos tarnyb\u0173 socialini\u0173 pedagog\u0173 atestacij\u0105;<\/li>\n<li>teikia si\u016blymus ir rekomendacijas \u0160vietimo, mokslo ir sporto, Socialin\u0117s apsaugos ir darbo, Sveikatos apsaugos ministerijoms, savivaldybi\u0173 \u0161vietimo padaliniams ir kitoms suinteresuotoms institucijoms d\u0117l vaik\u0173, turin\u010di\u0173 pedagogini\u0173 ir psichologini\u0173 problem\u0173, ugdymo ir psichologin\u0117s ir socialin\u0117s pedagogin\u0117s pagalbos jiems teikimo;<\/li>\n<li>renka informacij\u0105, bendradarbiauja su Lietuvos ir u\u017esienio \u0161ali\u0173 organizacijomis d\u0117l prevencijos program\u0173 \u012fgyvendinimo, vaik\u0173 psichikos sveikatos stiprinimo mokyklose.<\/li>\n<\/ul>\n","protected":false},"excerpt":{"rendered":"<p>koordinuoja saugios\u00a0 ugdymuisi aplinkos k\u016brimui skirt\u0173 prevencini\u0173 priemoni\u0173 diegim\u0105; dalyvauja rengiant teis\u0117s akt\u0173 bei program\u0173 projektus \u0161vietimo pagalbos teikimo, saugios aplinkos mokykloje k\u016brimo srityje; organizuoja \u0160vietimo, mokslo ir sporto ministerijos ir (ar) Europos S\u0105jungos strukt\u016brini\u0173 fond\u0173 l\u0117\u0161omis finansuojam\u0173 prevencijos priemoni\u0173&nbsp;<a href=\"https:\/\/www.nsa.smsm.lt\/old\/svietimo-pagalbos-departamentas\/psichologijos-skyrius\/vaiko-emocines-geroves-skyrius\/\" class=\"placiau\">Pla\u010diau <i class=\"fa fa-caret-right\"><\/i><\/a><\/p>\n","protected":false},"author":1,"featured_media":0,"parent":12641,"menu_order":0,"comment_status":"closed","ping_status":"closed","template":"","meta":{"_acf_changed":false,"footnotes":""},"class_list":["post-15213","page","type-page","status-publish","hentry"],"acf":[],"_links":{"self":[{"href":"https:\/\/www.nsa.smsm.lt\/old\/wp-json\/wp\/v2\/pages\/15213","targetHints":{"allow":["GET"]}}],"collection":[{"href":"https:\/\/www.nsa.smsm.lt\/old\/wp-json\/wp\/v2\/pages"}],"about":[{"href":"https:\/\/www.nsa.smsm.lt\/old\/wp-json\/wp\/v2\/types\/page"}],"author":[{"embeddable":true,"href":"https:\/\/www.nsa.smsm.lt\/old\/wp-json\/wp\/v2\/users\/1"}],"replies":[{"embeddable":true,"href":"https:\/\/www.nsa.smsm.lt\/old\/wp-json\/wp\/v2\/comments?post=15213"}],"version-history":[{"count":0,"href":"https:\/\/www.nsa.smsm.lt\/old\/wp-json\/wp\/v2\/pages\/15213\/revisions"}],"up":[{"embeddable":true,"href":"https:\/\/www.nsa.smsm.lt\/old\/wp-json\/wp\/v2\/pages\/12641"}],"wp:attachment":[{"href":"https:\/\/www.nsa.smsm.lt\/old\/wp-json\/wp\/v2\/media?parent=15213"}],"curies":[{"name":"wp","href":"https:\/\/api.w.org\/{rel}","templated":true}]}}