{"id":15127,"date":"2022-10-31T08:32:05","date_gmt":"2022-10-31T06:32:05","guid":{"rendered":"https:\/\/www.nsa.smsm.lt\/old\/?page_id=15127"},"modified":"2023-09-05T14:43:40","modified_gmt":"2023-09-05T12:43:40","slug":"apeliaciju-nagrinejimo-tvarka","status":"publish","type":"page","link":"https:\/\/www.nsa.smsm.lt\/old\/svietimo-pagalba\/apeliaciju-nagrinejimo-tvarka\/","title":{"rendered":"Apeliacij\u0173 nagrin\u0117jimo tvarka"},"content":{"rendered":"<p>Informacija ruo\u0161iama.<\/p>\n","protected":false},"excerpt":{"rendered":"<p>Informacija ruo\u0161iama.<\/p>\n","protected":false},"author":1,"featured_media":0,"parent":32696,"menu_order":0,"comment_status":"closed","ping_status":"closed","template":"page-prieziura.php","meta":{"_acf_changed":false,"footnotes":""},"class_list":["post-15127","page","type-page","status-publish","hentry"],"acf":[],"_links":{"self":[{"href":"https:\/\/www.nsa.smsm.lt\/old\/wp-json\/wp\/v2\/pages\/15127","targetHints":{"allow":["GET"]}}],"collection":[{"href":"https:\/\/www.nsa.smsm.lt\/old\/wp-json\/wp\/v2\/pages"}],"about":[{"href":"https:\/\/www.nsa.smsm.lt\/old\/wp-json\/wp\/v2\/types\/page"}],"author":[{"embeddable":true,"href":"https:\/\/www.nsa.smsm.lt\/old\/wp-json\/wp\/v2\/users\/1"}],"replies":[{"embeddable":true,"href":"https:\/\/www.nsa.smsm.lt\/old\/wp-json\/wp\/v2\/comments?post=15127"}],"version-history":[{"count":1,"href":"https:\/\/www.nsa.smsm.lt\/old\/wp-json\/wp\/v2\/pages\/15127\/revisions"}],"predecessor-version":[{"id":36355,"href":"https:\/\/www.nsa.smsm.lt\/old\/wp-json\/wp\/v2\/pages\/15127\/revisions\/36355"}],"up":[{"embeddable":true,"href":"https:\/\/www.nsa.smsm.lt\/old\/wp-json\/wp\/v2\/pages\/32696"}],"wp:attachment":[{"href":"https:\/\/www.nsa.smsm.lt\/old\/wp-json\/wp\/v2\/media?parent=15127"}],"curies":[{"name":"wp","href":"https:\/\/api.w.org\/{rel}","templated":true}]}}