{"id":14975,"date":"2022-07-30T15:05:38","date_gmt":"2022-07-30T13:05:38","guid":{"rendered":"https:\/\/www.nsa.smsm.lt\/old\/?page_id=14975"},"modified":"2023-01-30T14:22:21","modified_gmt":"2023-01-30T12:22:21","slug":"tyrimai-ir-analizes","status":"publish","type":"page","link":"https:\/\/www.nsa.smsm.lt\/old\/svietimo-stebesena\/tyrimai-ir-analizes\/","title":{"rendered":"Tyrimai ir analiz\u0117s"},"content":{"rendered":"<p><i class=\"fa fa-file-pdf \" ><\/i> <a href=\"https:\/\/www.nsa.smsm.lt\/old\/old\/wp-content\/uploads\/2022\/08\/Ikimokiklinio-ugdymo-infrastrukturos-pletra-savivaldybese.-Santrauka-2022-08-12.pdf\">Ikimokyklinio ugdymo infrastrukt\u016bros pl\u0117tra savivaldyb\u0117se. Galimybi\u0173 studijos santrauka<\/a><\/p>\n<p><i class=\"fa fa-file-pdf \" ><\/i> <a href=\"https:\/\/www.nsa.smsm.lt\/old\/old\/wp-content\/uploads\/2022\/08\/Ikimokiklinio-ugdymo-infrastrukturos-pletra-studija-2022-08-12.pdf\">Ikimokyklinio ugdymo infrastrukt\u016bros pl\u0117tra savivaldyb\u0117se. Galimybi\u0173 studija 2022<\/a><\/p>\n<p><i class=\"fa fa-file-pdf \" ><\/i> <a href=\"https:\/\/www.nsa.smsm.lt\/old\/old\/wp-content\/uploads\/2022\/04\/Edukacijos-tyrimais-gristos-svietimo-politikos-formavimas.pdf\">Edukacijos tyrimais gr\u012fstos \u0161vietimo politikos formavimas. 2022<\/a><\/p>\n<p><i class=\"fa fa-file-pdf \" ><\/i> <a href=\"https:\/\/www.nsa.smsm.lt\/old\/old\/wp-content\/uploads\/2022\/05\/Tautiniu-mazumu-svietimo-bukles-analize-2022-05-23.pdf\">Lietuvos tautini\u0173 ma\u017eum\u0173 \u0161vietimo b\u016bkl\u0117s analiz\u0117. 2021<\/a><\/p>\n<p><i class=\"fa fa-file-pdf \" ><\/i> <a href=\"https:\/\/www.nsa.smsm.lt\/old\/old\/wp-content\/uploads\/2022\/02\/Skaitmenos_ataskaitos_analize_2022-02.pdf\">Skaitmeniniams mokymo(si) i\u0161tekliams skirt\u0173 l\u0117\u0161\u0173 naudojimo 2021 m. statistin\u0117 analiz\u0117<\/a><\/p>\n<p><i class=\"fa fa-file-pdf \" ><\/i> <a href=\"https:\/\/www.nsa.smsm.lt\/old\/old\/wp-content\/uploads\/2021\/03\/Ikimokyklinio-ugdymo-pletros-galimybes.pdf\">Ikimokyklinio ugdymo pl\u0117tros galimyb\u0117s Lietuvos savivaldyb\u0117se (2021 m.)<\/a><\/p>\n<p><i class=\"fa fa-file-pdf \" ><\/i> <a href=\"https:\/\/www.nsa.smsm.lt\/old\/old\/wp-content\/uploads\/2021\/06\/ikimokyklinio-ugdymo-pletros-galimybes-santrauka.pdf\">Ikimokyklinio ugdymo pl\u0117tros galimyb\u0117s Lietuvos savivaldyb\u0117se (santrauka, 2021 m.)<\/a><\/p>\n<p><i class=\"fa fa-file-pdf \" ><\/i> <a href=\"https:\/\/www.nsa.smsm.lt\/old\/old\/wp-content\/uploads\/2021\/06\/EBPO-PISA-2018-antrine-analize.pdf\">EBPO PISA 2018 m. tyrimo \u00a0Lietuvos ir kaimynini\u0173 \u0161ali\u0173 duomen\u0173 tikslin\u0117 antrin\u0117 analiz\u0117<\/a><\/p>\n<p><i class=\"fa fa-file-pdf \" ><\/i> <a href=\"https:\/\/www.nsa.smsm.lt\/old\/old\/wp-content\/uploads\/2020\/07\/2018-m.-gyventoju-parama-ugdymo-istaigoms.pdf\">2018 m. gyventoj\u0173 parama ugdymo \u012fstaigoms (2020 m.)<\/a><\/p>\n<p><i class=\"fa fa-file-pdf \" ><\/i> <a href=\"https:\/\/www.nsa.smsm.lt\/old\/old\/wp-content\/uploads\/2020\/07\/Svietimo-kokybe-gerinantys-modernios-pamokos-aspektai-Lietuvos-bendrojo-ugdymo-mokyklose.pdf\">\u0160vietimo kokyb\u0119 gerinantys modernios pamokos aspektai Lietuvos bendrojo ugdymo mokyklose (2020 m.)<\/a><\/p>\n<p><i class=\"fa fa-file-pdf \" ><\/i> <a href=\"https:\/\/www.nsa.smsm.lt\/old\/old\/wp-content\/uploads\/2020\/07\/Socialine_pilietine_kulturine_pazintine_veikla.pdf\">Pagrindinio ugdymo mokini\u0173 socialin\u0117s-pilietin\u0117s ir pa\u017eintin\u0117s kult\u016brin\u0117s veiklos organizavimas bendrojo ugdymo mokyklose (2020 m.)<\/a><\/p>\n<p><i class=\"fa fa-file-pdf \" ><\/i> <a href=\"https:\/\/www.nsa.smsm.lt\/old\/old\/wp-content\/uploads\/2020\/07\/Pazangos-samprata-mokyklose.pdf\">Pa\u017eangos samprata mokyklose (pagal mokykl\u0173 \u012fsivertinimo duomenis) (2020 m.)<\/a><\/p>\n<p><i class=\"fa fa-file-pdf \" ><\/i> <a href=\"https:\/\/www.nsa.smsm.lt\/old\/old\/wp-content\/uploads\/2020\/07\/Svietimo-istaigu-vadovu-ataskaitos.pdf\">\u0160vietimo \u012fstaigos vadov\u0173 kasmetinio veiklos vertinimo ataskaitos (2020 m.)<\/a><\/p>\n<p><i class=\"fa fa-file-pdf \" ><\/i> <a href=\"https:\/\/www.nsa.smsm.lt\/old\/old\/wp-content\/uploads\/2020\/07\/Lietuvos-tautiniu-mazumu-svietimo-bukles-analize-2018-m..pdf\">Lietuvos tautini\u0173 ma\u017eum\u0173 \u0161vietimo b\u016bkl\u0117s analiz\u0117 (2018 m.)<\/a><\/p>\n<p><i class=\"fa fa-file-pdf \" ><\/i> <a href=\"https:\/\/www.nsa.smsm.lt\/old\/old\/wp-content\/uploads\/2020\/07\/Lietuvos-tautiniu-mazumu-svietimo-bukles-analize-2018-m..pdf\">Lietuvos tautini\u0173 ma\u017eum\u0173 \u0161vietimo b\u016bkl\u0117s analiz\u0117. Santrauka (2018 m.)<\/a><\/p>\n<p><i class=\"fa fa-file-pdf \" ><\/i> <a href=\"https:\/\/www.nsa.smsm.lt\/old\/old\/wp-content\/uploads\/2020\/07\/Bendrojo-ugdymo-mokykloms-skiriamos-mokinio-krepselio-ir-ukio-lesos.-Tyrimo-ataskaita-2018.pdf\">Bendrojo ugdymo mokykloms skiriamos mokinio krep\u0161elio ir \u016bkio l\u0117\u0161os. Tyrimo ataskaita (2018)<\/a><\/p>\n<p><i class=\"fa fa-file-pdf \" ><\/i> <a href=\"https:\/\/www.nsa.smsm.lt\/old\/old\/wp-content\/uploads\/2020\/07\/Bendrojo-ugdymo-mokykloms-skiriamos-mokinio-krepselio-ir-ukio-lesos.-Tyrimo-ataskaitos-santrauka-2018.pdf\">Bendrojo ugdymo mokykloms skiriamos mokinio krep\u0161elio ir \u016bkio l\u0117\u0161os. Tyrimo ataskaitos santrauka (2018)<\/a><\/p>\n<p><i class=\"fa fa-file-pdf \" ><\/i> <a href=\"https:\/\/www.nsa.smsm.lt\/old\/old\/wp-content\/uploads\/2020\/07\/Geros-mokyklos-samprata-tevu-poz\u030ciuriu.-Tyrimo-ataskaita-2018-1.pdf\">Geros mokyklos samprata t\u0117v\u0173 po\u017ei\u016briu. Tyrimo ataskaita (2018)<\/a><\/p>\n<p><i class=\"fa fa-file-pdf \" ><\/i> <a href=\"https:\/\/www.nsa.smsm.lt\/old\/old\/wp-content\/uploads\/2020\/07\/Geros-mokyklos-samprata-tevu-poziuriu.-Tyrimo-rezultatu-santrauka-2018.pdf\">Geros mokyklos samprata t\u0117v\u0173 po\u017ei\u016briu. Tyrimo rezultat\u0173 santrauka (2018)<\/a><\/p>\n<p><i class=\"fa fa-file-pdf \" ><\/i> <a href=\"https:\/\/www.nsa.smsm.lt\/old\/old\/wp-content\/uploads\/2020\/07\/Mokymo-ir-mokymosi-priemoniu-naudojimas-pamokose.pdf\">Mokymo-ir-mokymosi-priemoniu-naudojimas-pamokose <\/a>(2018)<\/p>\n<p><i class=\"fa fa-file-pdf \" ><\/i> <a href=\"https:\/\/www.nsa.smsm.lt\/old\/old\/wp-content\/uploads\/2020\/07\/Treciojo-amziaus-universitetai-Lietuvoje..pdf\">Tre\u010diojo-am\u017eiaus-universitetai-Lietuvoje (2018)<\/a><\/p>\n<p><i class=\"fa fa-file-pdf \" ><\/i> <a href=\"https:\/\/www.nsa.smsm.lt\/old\/old\/wp-content\/uploads\/2020\/07\/Mokytoju-kvalifikacijos-tobulinimas.pdf\">Mokytoju-kvalifikacijos-tobulinimas <\/a>(2014)<\/p>\n<p><i class=\"fa fa-file-pdf \" ><\/i> <a href=\"https:\/\/www.nsa.smsm.lt\/old\/old\/wp-content\/uploads\/2020\/07\/igytu-kompetenciju-ivertinimas-ir-pripazinimas.pdf\">\u012egyt\u0173 kompetencij\u0173 \u012fvertinimas ir pripa\u017einimas<\/a> (2013)<\/p>\n<p><i class=\"fa fa-file-pdf \" ><\/i> <a href=\"https:\/\/www.nsa.smsm.lt\/old\/old\/wp-content\/uploads\/2020\/07\/Vadoveliu-ir-kitu-mokymo-priemoniu-pasirinkimas.pdf\">Vadov\u0117li\u0173 ir kit\u0173 mokymo priemoni\u0173 pasirinkimas<\/a> (2013)<\/p>\n<p><i class=\"fa fa-file-pdf \" ><\/i> <a href=\"https:\/\/www.nsa.smsm.lt\/old\/old\/wp-content\/uploads\/2020\/07\/Su-vadoveliu-siejamu-mokymo-priemoniu-naudojimas.pdf\">Su vadov\u0117liu siejam\u0173 mokymo priemoni\u0173 naudojimas<\/a> (2011)<\/p>\n","protected":false},"excerpt":{"rendered":"<p>Ikimokyklinio ugdymo infrastrukt\u016bros pl\u0117tra savivaldyb\u0117se. Galimybi\u0173 studijos santrauka Ikimokyklinio ugdymo infrastrukt\u016bros pl\u0117tra savivaldyb\u0117se. Galimybi\u0173 studija 2022 Edukacijos tyrimais gr\u012fstos \u0161vietimo politikos formavimas. 2022 Lietuvos tautini\u0173 ma\u017eum\u0173 \u0161vietimo b\u016bkl\u0117s analiz\u0117. 2021 Skaitmeniniams mokymo(si) i\u0161tekliams skirt\u0173 l\u0117\u0161\u0173 naudojimo 2021 m. statistin\u0117 analiz\u0117&nbsp;<a href=\"https:\/\/www.nsa.smsm.lt\/old\/svietimo-stebesena\/tyrimai-ir-analizes\/\" class=\"placiau\">Pla\u010diau <i class=\"fa fa-caret-right\"><\/i><\/a><\/p>\n","protected":false},"author":1,"featured_media":0,"parent":32661,"menu_order":1,"comment_status":"closed","ping_status":"closed","template":"page-svietimo-stebesena.php","meta":{"_acf_changed":false,"footnotes":""},"class_list":["post-14975","page","type-page","status-publish","hentry"],"acf":[],"_links":{"self":[{"href":"https:\/\/www.nsa.smsm.lt\/old\/wp-json\/wp\/v2\/pages\/14975","targetHints":{"allow":["GET"]}}],"collection":[{"href":"https:\/\/www.nsa.smsm.lt\/old\/wp-json\/wp\/v2\/pages"}],"about":[{"href":"https:\/\/www.nsa.smsm.lt\/old\/wp-json\/wp\/v2\/types\/page"}],"author":[{"embeddable":true,"href":"https:\/\/www.nsa.smsm.lt\/old\/wp-json\/wp\/v2\/users\/1"}],"replies":[{"embeddable":true,"href":"https:\/\/www.nsa.smsm.lt\/old\/wp-json\/wp\/v2\/comments?post=14975"}],"version-history":[{"count":0,"href":"https:\/\/www.nsa.smsm.lt\/old\/wp-json\/wp\/v2\/pages\/14975\/revisions"}],"up":[{"embeddable":true,"href":"https:\/\/www.nsa.smsm.lt\/old\/wp-json\/wp\/v2\/pages\/32661"}],"wp:attachment":[{"href":"https:\/\/www.nsa.smsm.lt\/old\/wp-json\/wp\/v2\/media?parent=14975"}],"curies":[{"name":"wp","href":"https:\/\/api.w.org\/{rel}","templated":true}]}}