{"id":14949,"date":"2022-09-30T10:28:18","date_gmt":"2022-09-30T08:28:18","guid":{"rendered":"https:\/\/www.nsa.smsm.lt\/old\/?page_id=14949"},"modified":"2023-01-11T23:38:00","modified_gmt":"2023-01-11T21:38:00","slug":"svietimo-pagalba","status":"publish","type":"page","link":"https:\/\/www.nsa.smsm.lt\/old\/svietimo-pagalbos-departamentas\/itraukties-pletros-skyrius\/svietimo-pagalba\/","title":{"rendered":"\u0160vietimo pagalba"},"content":{"rendered":"<p><strong>\u0160vietimo pagalba<\/strong>\u00a0\u2013 mokiniams, j\u0173 t\u0117vams (glob\u0117jams, r\u016bpintojams), mokytojams ir \u0161vietimo teik\u0117jams specialist\u0173 teikiama pagalba, kurios tikslas \u2013 didinti \u0161vietimo veiksmingum\u0105. \u0160vietimo pagalba: psichologin\u0117, socialin\u0117 pedagogin\u0117, specialioji pedagogin\u0117 ir specialioji pagalba.<\/p>\n<p>Psichologin\u0117s pagalbos paskirtis \u2013 stiprinti mokini\u0173 psichologin\u012f atsparum\u0105 ir psichikos sveikat\u0105, prevencin\u0117mis priemon\u0117mis skatinti saugios ir palankios ugdymuisi aplinkos mokykloje k\u016brim\u0105, pad\u0117ti mokiniams atgauti dvasin\u0119 darn\u0105, geb\u0117jim\u0105 gyventi ir mokytis, aktyviai bendradarbiaujant su j\u0173 t\u0117vais (glob\u0117jais, r\u016bpintojais).<\/p>\n<p>Psichologin\u0119 pagalb\u0105 teikia, psichologini\u0173 problem\u0173 prevencij\u0105 vykdo pedagogini\u0173 psichologini\u0173 tarnyb\u0173, mokykl\u0173 psichologai, turintys psichologijos bakalauro ir psichologijos magistro kvalifikacinius laipsnius arba psichologijos magistro kvalifikacin\u012f laipsn\u012f baigus vientis\u0105sias studijas arba \u0161vietimo ir mokslo ministro nustatyta tvarka prilygint\u0105 auk\u0161tojo mokslo kvalifikacij\u0105, arba teis\u0117s akt\u0173 nustatyta tvarka pripa\u017eint\u0105 kaip lygiavert\u0119 u\u017esienyje \u012fgyt\u0105 kvalifikacij\u0105. Psichologin\u0117s pagalbos teikimo tvark\u0105 nustato \u0161vietimo ir mokslo ministras.<\/p>\n<p>Socialin\u0117s pedagogin\u0117s pagalbos paskirtis \u2013 pad\u0117ti t\u0117vams (glob\u0117jams, r\u016bpintojams), kad b\u016bt\u0173 \u012fgyvendinta vaiko teis\u0117 \u012f moksl\u0105, u\u017etikrinti jo saugum\u0105 mokykloje: \u0161alinti prie\u017eastis, d\u0117l kuri\u0173 vaikas negali lankyti mokyklos ar vengia tai daryti, sugr\u0105\u017einti \u012f mokykl\u0105 j\u0105 palikusius vaikus, kartu su t\u0117vais (glob\u0117jais, r\u016bpintojais) pad\u0117ti vaikui pasirinkti mokykl\u0105 pagal protines ir fizines galias ir joje adaptuotis.<\/p>\n<p>Socialin\u0119 pedagogin\u0119 pagalb\u0105 teikia \u0161vietimo \u012fstaigose, vaik\u0173 globos \u012fstaigose ir kitose \u012fstaigose ar organizacijose dirbantys socialiniai pedagogai, kuri\u0173 i\u0161silavinimas ir kvalifikacija atitinka \u0161vietimo ir mokslo ministro nustatytus reikalavimus. Socialin\u0117s pedagogin\u0117s pagalbos teikimo vaikams ir mokiniams tvark\u0105 nustato \u0161vietimo ir mokslo ministras.<\/p>\n<p>Specialiosios pedagogin\u0117s ir specialiosios pagalbos paskirtis \u2013 didinti asmens, turin\u010dio speciali\u0173j\u0173 ugdymosi poreiki\u0173, ugdymosi veiksmingum\u0105.<\/p>\n<p>Speciali\u0105j\u0105 pedagogin\u0119 pagalb\u0105 asmeniui iki 21 met\u0173 teikia specialieji pedagogai, logopedai, tiflopedagogai, surdopedagogai ir kiti specialistai, kuri\u0173 i\u0161silavinimas ir kvalifikacija atitinka \u0161vietimo ir mokslo ministro nustatytus reikalavimus. Specialiosios pedagogin\u0117s pagalbos teikimo asmenims iki 21 met\u0173 tvark\u0105 nustato \u0161vietimo ir mokslo ministras.<\/p>\n<p>Pedagogin\u0117se psichologin\u0117se tarnybose, mokyklose dirbantys specialieji pedagogai, logopedai, tiflopedagogai, surdopedagogai ir kiti specialistai konsultuoja specialiosios pedagogin\u0117s pagalbos gav\u0117jus, j\u0173 t\u0117vus (glob\u0117jus, r\u016bpintojus) ir mokytojus.<\/p>\n<p>Specialioji pagalba mokiniui, kuriam jos reikia, teikiama mokykloje. Jam teikiamos \u017eodin\u0117s kalbos vertimo \u012f gest\u0173 kalb\u0105, teksto skaitymo ir konspektavimo bei kitos paslaugos, didinan\u010dios ugdymosi prieinamum\u0105. Specialiosios pagalbos teikimo mokyklose (i\u0161skyrus auk\u0161t\u0105sias mokyklas) tvark\u0105 nustato \u0161vietimo ir mokslo ministras. Auk\u0161tojoje mokykloje specialioji pagalba teikiama auk\u0161tosios mokyklos nustatyta tvarka.<\/p>\n","protected":false},"excerpt":{"rendered":"<p>\u0160vietimo pagalba\u00a0\u2013 mokiniams, j\u0173 t\u0117vams (glob\u0117jams, r\u016bpintojams), mokytojams ir \u0161vietimo teik\u0117jams specialist\u0173 teikiama pagalba, kurios tikslas \u2013 didinti \u0161vietimo veiksmingum\u0105. \u0160vietimo pagalba: psichologin\u0117, socialin\u0117 pedagogin\u0117, specialioji pedagogin\u0117 ir specialioji pagalba. Psichologin\u0117s pagalbos paskirtis \u2013 stiprinti mokini\u0173 psichologin\u012f atsparum\u0105 ir psichikos&nbsp;<a href=\"https:\/\/www.nsa.smsm.lt\/old\/svietimo-pagalbos-departamentas\/itraukties-pletros-skyrius\/svietimo-pagalba\/\" class=\"placiau\">Pla\u010diau <i class=\"fa fa-caret-right\"><\/i><\/a><\/p>\n","protected":false},"author":1,"featured_media":0,"parent":12325,"menu_order":0,"comment_status":"closed","ping_status":"closed","template":"page-svietimo-pagalba.php","meta":{"_acf_changed":false,"footnotes":""},"class_list":["post-14949","page","type-page","status-publish","hentry"],"acf":[],"_links":{"self":[{"href":"https:\/\/www.nsa.smsm.lt\/old\/wp-json\/wp\/v2\/pages\/14949","targetHints":{"allow":["GET"]}}],"collection":[{"href":"https:\/\/www.nsa.smsm.lt\/old\/wp-json\/wp\/v2\/pages"}],"about":[{"href":"https:\/\/www.nsa.smsm.lt\/old\/wp-json\/wp\/v2\/types\/page"}],"author":[{"embeddable":true,"href":"https:\/\/www.nsa.smsm.lt\/old\/wp-json\/wp\/v2\/users\/1"}],"replies":[{"embeddable":true,"href":"https:\/\/www.nsa.smsm.lt\/old\/wp-json\/wp\/v2\/comments?post=14949"}],"version-history":[{"count":0,"href":"https:\/\/www.nsa.smsm.lt\/old\/wp-json\/wp\/v2\/pages\/14949\/revisions"}],"up":[{"embeddable":true,"href":"https:\/\/www.nsa.smsm.lt\/old\/wp-json\/wp\/v2\/pages\/12325"}],"wp:attachment":[{"href":"https:\/\/www.nsa.smsm.lt\/old\/wp-json\/wp\/v2\/media?parent=14949"}],"curies":[{"name":"wp","href":"https:\/\/api.w.org\/{rel}","templated":true}]}}