{"id":14935,"date":"2022-12-15T10:13:10","date_gmt":"2022-12-15T08:13:10","guid":{"rendered":"https:\/\/www.nsa.smsm.lt\/old\/?page_id=14935"},"modified":"2023-01-11T23:45:39","modified_gmt":"2023-01-11T21:45:39","slug":"profesinis-mokymas","status":"publish","type":"page","link":"https:\/\/www.nsa.smsm.lt\/old\/itrauktis-ugdyme\/profesinis-mokymas\/","title":{"rendered":"Profesinis mokymas"},"content":{"rendered":"<p>Lietuvoje profesin\u012f mokym\u0105 reglamentuoja LR profesinio mokymo \u012fstatymas Nr. VIII-450, 2018-02-01 aktuali redakcija.\u00a0 Profesinis mokymas, vykdomas pagal Lietuvos Respublikos teis\u0117s akt\u0173 nustatyta tvarka patvirtintas ir \u012fregistruotas profesinio mokymo programas ar j\u0173 modulius. Mokomas asmuo \u012fgyja kvalifikacij\u0105 (arba jos dal\u012f), atitinkan\u010di\u0105 profesin\u012f standart\u0105, ar j\u0105 tobulina, kei\u010dia arba \u012fgyja kompetencij\u0105, reikaling\u0105 \u012fstatym\u0173 reglamentuojamam darbui ar funkcijai atlikti.<\/p>\n<p>Profesinio mokymo sistema apima: pirmin\u012f profesin\u012f, t\u0119stin\u012f profesin\u012f mokym\u0105 ir profesin\u012f orientavim\u0105.<\/p>\n<p><strong>Pirminis profesinis mokymas,<\/strong>\u00a0skirtas pirmajai kvalifikacijai \u012fgyti ir teikiamas ne jaunesniems kaip 14 met\u0173 asmenims:<\/p>\n<ul>\n<li>\u012fgijusiems pagrindin\u012f ar vidurin\u012f i\u0161silavinim\u0105;<\/li>\n<li>ne\u012fgijusiems pagrindinio i\u0161silavinimo;<\/li>\n<li>kurie yra mok\u0119si pagal specialiojo ugdymo programas, adaptuotas programas, individualizuotas pagrindinio ugdymo programas.<\/li>\n<\/ul>\n<p><strong>T\u0119stinis profesinis mokymas:<\/strong><\/p>\n<p>T\u0119stinis profesinis mokymas yra skirtas ne pirmajai kvalifikacijai \u012fgyti;<\/p>\n<p>Asmeniui, tobulinan\u010diam turim\u0105 ar siekian\u010diam \u012fgyti kit\u0105 kvalifikacij\u0105, ankstesnio mokymosi pasiekimai \u012fskaitomi \u0161vietimo ir mokslo ministro nustatyta tvarka;<\/p>\n<p>Asmeniui, baigusiam t\u0119stinio formaliojo profesinio mokymo program\u0105 ir (arba) nustatyta tvarka gavusiam jo \u012fgyt\u0173 kompetencij\u0173 \u012fvertinim\u0105, suteikiama atitinkamo lygio kvalifikacija.<\/p>\n<p>Formaliojo pirminio ir t\u0119stinio profesinio mokymo programas vykdo 65 valstybin\u0117s ir 2 nevalstybin\u0117s profesinio mokymo \u012fstaigos.<\/p>\n<p>Pirminio profesinio mokymo \u012fstaigose kartu su kvalifikacija galima \u012fgyti ir pagrindin\u012f ar vidurin\u012f i\u0161silavinim\u0105.<\/p>\n<p>Nuo 2020 m. pri\u0117mime \u012f profesinio mokymo \u012fstaigas gali dalyvauti ne tik norintieji \u012fgyti kvalifikacij\u0105 pagal vis\u0105 profesinio mokymo program\u0105, bet ir I\u2013IV gimnazijos klasi\u0173 ir 9\u201310 bendrojo ugdymo mokykl\u0173 klasi\u0173 mokiniai, norintys mokytis pagal atskirus profesinio mokymo modulius.<\/p>\n<p>Mokinys, baig\u0119s atskir\u0105 modul\u012f, gaus \u012fgyt\u0105 kompetencij\u0105 patvirtinant\u012f pa\u017eym\u0117jim\u0105. \u012egytos kompetencijos jam leis u\u017esiimti atitinkama veikla, o mokantis toliau pagal tos pa\u010dios kvalifikacijos program\u0105 \u012fgytos kompetencijos gal\u0117s b\u016bti \u012fskaitomos.<\/p>\n<p>Nuo 2017 m. pri\u0117mimas \u012f profesinio mokymo \u012fstaigas vyksta internetu. Norintieji \u012fstoti pra\u0161ymus turi registruoti per Lietuvos auk\u0161t\u0173j\u0173 mokykl\u0173 asociacijos bendram pri\u0117mimui organizuoti (LAMA BPO) sistem\u0105\u00a0<a href=\"https:\/\/lamabpo.lt\/\" target=\"_blank\" rel=\"noopener noreferrer\">https:\/\/www.lamabpo.lt\/<\/a>.<\/p>\n<p>Priklausomai nuo turimo i\u0161silavinimo, profesinio mokymo \u012fstaigose galima \u012fgyti profesin\u0119 kvalifikacij\u0105:<\/p>\n<table width=\"576\">\n<tbody>\n<tr>\n<td>Asmenims, ne\u012fgijusiems pagrindinio i\u0161silavinimo<\/td>\n<td>Asmenims, \u012fgijusiems pagrindin\u012f i\u0161silavinim\u0105<\/td>\n<td>Asmenims, \u012fgijusiems vidurin\u012f i\u0161silavinim\u0105<\/td>\n<\/tr>\n<tr>\n<td>Profesin\u0119 kvalifikacij\u0105 (vyresniems nei 16 m.) (mokymosi trukm\u0117 2 metai)<\/td>\n<td>Profesin\u0119 kvalifikacij\u0105 (mokymosi trukm\u0117 2 metai)<\/td>\n<td rowspan=\"2\">Profesin\u0119 kvalifikacij\u0105 (mokymosi trukm\u0117 1\u20132 metai)<\/td>\n<\/tr>\n<tr>\n<td>Profesin\u0119 kvalifikacij\u0105 ir pagrindin\u012f i\u0161silavinim\u0105 (iki 16 met\u0173) (mokymosi trukm\u0117 3 metai)<\/td>\n<td>Profesin\u0119 kvalifikacij\u0105 ir vidurin\u012f i\u0161silavinim\u0105 (mokymosi trukm\u0117 3 metai)<\/p>\n<p>&nbsp;<\/td>\n<\/tr>\n<\/tbody>\n<\/table>\n<p>Speciali\u0173j\u0173 poreiki\u0173 asmenims, baigusiems individualizuot\u0105 pagrindinio ugdymo program\u0105, specialiojo ugdymo program\u0105\u00a0 &#8211; mokymosi \u00a0trukm\u0117 3 metai.<\/p>\n<p>Norintiesiems mokytis profesinio mokymo \u012fstaigose stojam\u0173j\u0173 egzamin\u0173 n\u0117ra.<\/p>\n<p>Mokymas pagal profesinio mokymo programas pirmai kvalifikacijai \u012fgyti yra finansuojamas valstyb\u0117s l\u0117\u0161omis.<\/p>\n<p>Mokiniams mokama stipendija, o gerai besimokantieji j\u0105 gauna didesn\u0119.<\/p>\n<p>Pagal main\u0173 projektus nema\u017eai mokini\u0173 i\u0161vyksta atlikti praktikos \u012f u\u017esienio \u0161alis, dalyvauja olimpiadose, profesinio meistri\u0161kumo konkursuose.<\/p>\n<p>Daugelis profesinio mokymo \u012fstaig\u0173 suteikia mokiniams galimyb\u0119 gyventi bendrabutyje.<\/p>\n<p>Profesinio mokymo \u012fstaig\u0173 mokiniams, kurie mokosi pagal formaliojo pirminio profesinio mokymo programas, suteikiamos rudens, \u0161v. Kal\u0117d\u0173, \u0161v. Velyk\u0173 ir vasaros atostogos.<\/p>\n<p>Profesinio mokymo \u012fstaig\u0173 mokiniai turi geras s\u0105lygas patenkinti savo pom\u0117gius: gali dalyvauti technin\u0117s k\u016brybos, kult\u016brin\u0117je veikloje, sportuoti bei kt. Visa informacija apie profesinio mokymo \u012fstaig\u0173 mokymo programas \u2013 Atviros informavimo, konsultavimo ir orientavimo sistemos (AIKOS) tinklalapyje\u00a0<a href=\"https:\/\/www.aikos.smm.lt\/Puslapiai\/Pradinis.aspx\" target=\"_blank\" rel=\"noopener noreferrer\">www.aikos.smm.lt<\/a><\/p>\n<p>Teis\u0117s aktai, reglamentuojantys pri\u0117mim\u0105 \u012f profesin\u012f mokym\u0105:<\/p>\n<p><a href=\"https:\/\/e-seimas.lrs.lt\/portal\/legalAct\/lt\/TAD\/ee80e5923c0411e79f4996496b137f39\/asr\" target=\"_blank\" rel=\"noopener noreferrer\">Asmen\u0173, pageidaujan\u010di\u0173 mokytis pagal pirminio arba t\u0119stinio profesinio mokymo programas, bendrojo pri\u0117mimo \u012f valstybin\u0119 ar savivaldyb\u0117s arba nevalstybin\u0119 profesinio mokymo \u012fstaig\u0105 tvarkos apra\u0161as<\/a><\/p>\n<p><a href=\"https:\/\/www.e-tar.lt\/portal\/lt\/legalAct\/TAR.16E25DC8B244\/asr\" target=\"_blank\" rel=\"noopener noreferrer\">Pri\u0117mimo \u012f valstybin\u0119 ir savivaldyb\u0117s bendrojo ugdymo mokykl\u0105, profesinio mokymo \u012fstaig\u0105 bendr\u0173j\u0173 kriterij\u0173 s\u0105ra\u0161as<\/a><u>.<\/u><\/p>\n<p>&nbsp;<\/p>\n<h2>Profesini\u0173 mokymo \u012fstaig\u0173 s\u0105ra\u0161as<\/h2>\n<hr \/>\n<p><i class=\"fa fa-file-pdf-o \" ><\/i>\u00a0Profesinio mokymo \u012fstaigos, vykdan\u010dios programas, skirtas SUP mokiniams <a href=\"https:\/\/www.nsa.smsm.lt\/old\/old\/wp-content\/uploads\/2020\/12\/profesijos-igijimo-galimybes-SUP-1.pdf\"><i class=\"fa fa-arrow-circle-right \" ><\/i><\/a><\/p>\n<p>&nbsp;<\/p>\n<h2>Rekomendacijos mokymui<\/h2>\n<hr \/>\n<p><i class=\"fa fa-file-pdf-o \" ><\/i>\u00a0<a class=\"link-item__link\" href=\"https:\/\/www.nsa.smsm.lt\/old\/old\/wp-content\/uploads\/2020\/07\/Rekomendacijos-mokymui.doc\" target=\"_blank\" rel=\"noopener noreferrer\">Informacin\u0117 med\u017eiaga t\u0117vams, mokytojams ir \u0161vietimo pagalbos specialistams apie speciali\u0173j\u0173 ugdymosi poreiki\u0173 mokini\u0173 ikiprofesin\u012f orientavim\u0105 ir profesin\u012f ugdym\u0105<\/a><\/p>\n<p><i class=\"fa fa-file-pdf-o \" ><\/i>\u00a0<a class=\"link-item__link\" href=\"https:\/\/www.nsa.smsm.lt\/old\/old\/wp-content\/uploads\/2020\/07\/rekomendacijos-mokymui-3.doc\" target=\"_blank\" rel=\"noopener noreferrer\">Mokymosi pa\u017eangos ir pasiekim\u0173 vertinimas (rekomendacijos profesini\u0173 mokykl\u0173 mokytojams)<\/a><\/p>\n","protected":false},"excerpt":{"rendered":"<p>Lietuvoje profesin\u012f mokym\u0105 reglamentuoja LR profesinio mokymo \u012fstatymas Nr. VIII-450, 2018-02-01 aktuali redakcija.\u00a0 Profesinis mokymas, vykdomas pagal Lietuvos Respublikos teis\u0117s akt\u0173 nustatyta tvarka patvirtintas ir \u012fregistruotas profesinio mokymo programas ar j\u0173 modulius. Mokomas asmuo \u012fgyja kvalifikacij\u0105 (arba jos dal\u012f), atitinkan\u010di\u0105&nbsp;<a href=\"https:\/\/www.nsa.smsm.lt\/old\/itrauktis-ugdyme\/profesinis-mokymas\/\" class=\"placiau\">Pla\u010diau <i class=\"fa fa-caret-right\"><\/i><\/a><\/p>\n","protected":false},"author":1,"featured_media":0,"parent":12330,"menu_order":0,"comment_status":"closed","ping_status":"closed","template":"page-itraukusis.php","meta":{"_acf_changed":false,"footnotes":""},"class_list":["post-14935","page","type-page","status-publish","hentry"],"acf":[],"_links":{"self":[{"href":"https:\/\/www.nsa.smsm.lt\/old\/wp-json\/wp\/v2\/pages\/14935","targetHints":{"allow":["GET"]}}],"collection":[{"href":"https:\/\/www.nsa.smsm.lt\/old\/wp-json\/wp\/v2\/pages"}],"about":[{"href":"https:\/\/www.nsa.smsm.lt\/old\/wp-json\/wp\/v2\/types\/page"}],"author":[{"embeddable":true,"href":"https:\/\/www.nsa.smsm.lt\/old\/wp-json\/wp\/v2\/users\/1"}],"replies":[{"embeddable":true,"href":"https:\/\/www.nsa.smsm.lt\/old\/wp-json\/wp\/v2\/comments?post=14935"}],"version-history":[{"count":0,"href":"https:\/\/www.nsa.smsm.lt\/old\/wp-json\/wp\/v2\/pages\/14935\/revisions"}],"up":[{"embeddable":true,"href":"https:\/\/www.nsa.smsm.lt\/old\/wp-json\/wp\/v2\/pages\/12330"}],"wp:attachment":[{"href":"https:\/\/www.nsa.smsm.lt\/old\/wp-json\/wp\/v2\/media?parent=14935"}],"curies":[{"name":"wp","href":"https:\/\/api.w.org\/{rel}","templated":true}]}}