{"id":14886,"date":"2025-01-27T07:47:39","date_gmt":"2025-01-27T05:47:39","guid":{"rendered":"https:\/\/www.nsa.smsm.lt\/old\/?page_id=14886"},"modified":"2025-01-27T11:18:41","modified_gmt":"2025-01-27T09:18:41","slug":"pagalbos-mokiniui-specialistu-atestacija","status":"publish","type":"page","link":"https:\/\/www.nsa.smsm.lt\/old\/vadovu-ir-pedagogu-vertinimas\/pagalbos-mokiniui-specialistu-atestacija\/","title":{"rendered":"Pagalbos mokiniui specialist\u0173 atestacija"},"content":{"rendered":"<p>Vykdydama Mokytoj\u0173 ir pagalbos mokiniui specialist\u0173 (i\u0161skyrus psichologus) atestacijos nuostat\u0173, patvirtint\u0173 Lietuvos Respublikos \u0161vietimo, mokslo ir sporto ministro 2008 m. lapkri\u010dio 24 d. \u012fsakymu Nr. ISAK-3216 \u201eD\u0117l Mokytoj\u0173 ir pagalbos mokiniui specialist\u0173 (i\u0161skyrus psichologus) atestacijos nuostat\u0173 patvirtinimo\u201c, 100 punkt\u0105, Pagalbos mokiniui specialist\u0173 atestacij\u0105 atlieka Pagalbos mokiniui specialist\u0173 atestacijos komisija, veikianti prie Nacionalin\u0117s \u0161vietimo agent\u016bros. Pagalbos mokiniui specialist\u0173 komisijos sud\u0117tis patvirtinta Lietuvos Respublikos \u0161vietimo, mokslo ir sporto ministro 2024 m. spalio 30 d. \u012fsakymu Nr. V-1225 \u201eD\u0117l Pagalbos mokiniui specialist\u0173 atestacijos komisijos patvirtinimo\u201c.<\/p>\n<p>(\u012esakymas paskelbtas\u00a0<a href=\"https:\/\/www.e-tar.lt\/portal\/lt\/legalAct\/df67175496bf11efa605b9842742bf37\">https:\/\/www.e-tar.lt\/portal\/lt\/legalAct\/df67175496bf11efa605b9842742bf37<\/a>)<\/p>\n<div class=\"elementToProof\"><b>Konsultacijos d\u0117l pagalbos mokiniui specialist\u0173 (i\u0161skyrus psichologus), dirban\u010di\u0173 \u0161vietimo pagalbos \u012fstaigose, atestacijos proces\u0173 N\u0160A pristatymas <a href=\"https:\/\/www.nsa.smsm.lt\/old\/old\/wp-content\/uploads\/2025\/01\/Atestacija-pagalbos-mokiniui-specialistams-2025-01-23.pptx\"><i class=\"fa fa-file-powerpoint \" ><\/i><\/a><\/b><\/div>\n<div class=\"elementToProof\"><\/div>\n<div class=\"elementToProof\"><b>Pra\u0161ymas atestuotis <a href=\"https:\/\/www.nsa.smsm.lt\/old\/old\/wp-content\/uploads\/2025\/01\/Prasymas-atestacijai-pagalbos-mokiniui-specialistams.doc\"><i class=\"fa fa-file-word \" ><\/i><\/a><\/b><\/div>\n<div class=\"elementToProof\"><\/div>\n<div class=\"elementToProof\"><b>P<\/b><b>agalbos mokiniui specialist\u0173 (i\u0161skyrus psichologus) <\/b><b>duomen\u0173 anketa <a href=\"https:\/\/www.nsa.smsm.lt\/old\/old\/wp-content\/uploads\/2025\/01\/Pagalbos-pagalbos-mokiniui-specialisto-duomenu-anketa.docx\"><i class=\"fa fa-file-word \" ><\/i><\/a>\u00a0<\/b><\/div>\n<div><\/div>\n<p><strong>Kontaktai pasiteirauti:<\/strong><\/p>\n<p>Jurgita Bendoravi\u010dien\u0117, tel.\u00a0<a href=\"mailto:+370%C2%A0658%2018\">+370\u00a0658 18<\/a><u>\u00a0363<\/u>, el. pa\u0161tas\u00a0<a href=\"mailto:jurgita.bendoraviciene@nsa.smm.lt\">jurgita.bendoraviciene@nsa.smm.lt<\/a><\/p>\n<p>&nbsp;<\/p>\n<h2>Dokumentai<\/h2>\n<hr \/>\n<p><strong>Mokytoj\u0173 ir pagalbos mokiniui specialist\u0173 (i\u0161skyrus psichologus) atestacijos nuostatai<\/strong><\/p>\n<p><a href=\"https:\/\/e-seimas.lrs.lt\/portal\/legalAct\/lt\/TAD\/TAIS.332784\/SryMPnTnQU\">ISAK-3216 D\u0117l Mokytoj\u0173 ir pagalbos mokiniui specialist\u0173 (i\u0161skyrus psichologus) atestacijos nuostat\u0173 patvirt&#8230; (lrs.lt)<\/a><\/p>\n","protected":false},"excerpt":{"rendered":"<p>Vykdydama Mokytoj\u0173 ir pagalbos mokiniui specialist\u0173 (i\u0161skyrus psichologus) atestacijos nuostat\u0173, patvirtint\u0173 Lietuvos Respublikos \u0161vietimo, mokslo ir sporto ministro 2008 m. lapkri\u010dio 24 d. \u012fsakymu Nr. ISAK-3216 \u201eD\u0117l Mokytoj\u0173 ir pagalbos mokiniui specialist\u0173 (i\u0161skyrus psichologus) atestacijos nuostat\u0173 patvirtinimo\u201c, 100 punkt\u0105, Pagalbos&nbsp;<a href=\"https:\/\/www.nsa.smsm.lt\/old\/vadovu-ir-pedagogu-vertinimas\/pagalbos-mokiniui-specialistu-atestacija\/\" class=\"placiau\">Pla\u010diau <i class=\"fa fa-caret-right\"><\/i><\/a><\/p>\n","protected":false},"author":1,"featured_media":0,"parent":10105,"menu_order":0,"comment_status":"closed","ping_status":"closed","template":"page-mokytoju-atestacija.php","meta":{"_acf_changed":false,"footnotes":""},"class_list":["post-14886","page","type-page","status-publish","hentry"],"acf":[],"_links":{"self":[{"href":"https:\/\/www.nsa.smsm.lt\/old\/wp-json\/wp\/v2\/pages\/14886","targetHints":{"allow":["GET"]}}],"collection":[{"href":"https:\/\/www.nsa.smsm.lt\/old\/wp-json\/wp\/v2\/pages"}],"about":[{"href":"https:\/\/www.nsa.smsm.lt\/old\/wp-json\/wp\/v2\/types\/page"}],"author":[{"embeddable":true,"href":"https:\/\/www.nsa.smsm.lt\/old\/wp-json\/wp\/v2\/users\/1"}],"replies":[{"embeddable":true,"href":"https:\/\/www.nsa.smsm.lt\/old\/wp-json\/wp\/v2\/comments?post=14886"}],"version-history":[{"count":9,"href":"https:\/\/www.nsa.smsm.lt\/old\/wp-json\/wp\/v2\/pages\/14886\/revisions"}],"predecessor-version":[{"id":37084,"href":"https:\/\/www.nsa.smsm.lt\/old\/wp-json\/wp\/v2\/pages\/14886\/revisions\/37084"}],"up":[{"embeddable":true,"href":"https:\/\/www.nsa.smsm.lt\/old\/wp-json\/wp\/v2\/pages\/10105"}],"wp:attachment":[{"href":"https:\/\/www.nsa.smsm.lt\/old\/wp-json\/wp\/v2\/media?parent=14886"}],"curies":[{"name":"wp","href":"https:\/\/api.w.org\/{rel}","templated":true}]}}