{"id":14872,"date":"2025-04-03T07:36:26","date_gmt":"2025-04-03T05:36:26","guid":{"rendered":"https:\/\/www.nsa.smsm.lt\/old\/?page_id=14872"},"modified":"2025-04-03T13:56:16","modified_gmt":"2025-04-03T11:56:16","slug":"psichologu-atestacija","status":"publish","type":"page","link":"https:\/\/www.nsa.smsm.lt\/old\/vadovu-ir-pedagogu-vertinimas\/psichologu-atestacija\/","title":{"rendered":"Psicholog\u0173 atestacija"},"content":{"rendered":"<p>Psicholog\u0173, teikian\u010di\u0173 pagalb\u0105 mokiniui, kompetencij\u0173 ir praktin\u0117s veiklos \u012fvertinim\u0105 bei kvalifikacini\u0173 kategorij\u0173 suteikimo tvark\u0105 reglamentuoja <a href=\"https:\/\/e-seimas.lrs.lt\/portal\/legalAct\/lt\/TAD\/5fd6bc61d75211ea8f4ce1816a470b26?positionInSearchResults=2&amp;searchModelUUID=edee4716-cdb6-4a35-9fff-0e2115cd798d\">Psicholog\u0173, teikian\u010di\u0173 pagalb\u0105 mokiniui, atestacijos nuostatai<\/a> (toliau \u2013 Atestacijos nuostatai), patvirtinti Lietuvos Respublikos \u0161vietimo, mokslo ir sporto ministro 2020 m. rugpj\u016b\u010dio 5 d. \u012fsakymu Nr. V-1161 \u201eD\u0117l Psicholog\u0173, teikian\u010di\u0173 pagalb\u0105 mokiniui, atestacijos nuostat\u0173 patvirtinimo\u201c (<a href=\"https:\/\/e-seimas.lrs.lt\/portal\/legalAct\/lt\/TAD\/5fd6bc61d75211ea8f4ce1816a470b26\">https:\/\/e-seimas.lrs.lt\/portal\/legalAct\/lt\/TAD\/5fd6bc61d75211ea8f4ce1816a470b26<\/a>).<\/p>\n<p>Psicholog\u0173 atestacij\u0105 vykdo Psicholog\u0173, teikian\u010di\u0173 pagalb\u0105 mokiniui, atestacijos komisija, veikianti prie Nacionalin\u0117s \u0161vietimo agent\u016bros. Psicholog\u0173 atestacijos komisijos sud\u0117tis patvirtinta Lietuvos Respublikos \u0161vietimo, mokslo ir sporto ministro 2023 m. spalio 2 d. \u012fsakymu Nr. V-1280 \u201eD\u0117l \u0161vietimo, mokslo ir sporto ministro 2022 m. gegu\u017e\u0117s 27 d. \u012fsakymo Nr. V-846 \u201eD\u0117l Psicholog\u0173 atestacijos komisijos patvirtinimo\u201c pakeitimo\u201c.<\/p>\n<p>Psichologo praktin\u0117 veikla vertinama pagal Psichologo praktin\u0117s veiklos vertinimo sri\u010di\u0173 ir kriterij\u0173 lentel\u0119 (Atestacijos nuostat\u0173 1 priedas). Psichologo praktin\u0119 veikl\u0105 vertina paskirtas psichologo praktin\u0117s veiklos vertintojas. Psicholog\u0173 praktin\u0117s veiklos vertintoj\u0173 s\u0105ra\u0161as patvirtintas Nacionalin\u0117s \u0161vietimo agent\u016bros direktoriaus 2024 m. gruod\u017eio 17 d. \u012fsakymu Nr. VK-1034 \u201eD\u0117l Nacionalin\u0117s \u0161vietimo agent\u016bros direktoriaus 2024 m. vasario 9 d. \u012fsakymo Nr. VK-103 \u201eD\u0117l Psicholog\u0173 praktin\u0117s veiklos vertintoj\u0173 skyrimo\u201c pakeitimo\u201c.<\/p>\n<p>Psichologas pra\u0161ym\u0105 atestuotis atitinkamai kvalifikacinei kategorijai (Pra\u0161ymas Nr. 1) ar nustatyti jo veiklos atitikt\u012f turimai kvalifikacinei kategorijai (Pra\u0161ymas Nr. 2) turi teikti el. pa\u0161tu <a href=\"mailto:info@nsa.smm.lt\">info@nsa.smm.lt<\/a>.<\/p>\n<div class=\"elementToProof\">\n<p>Atestacijos nuostat\u0173 17.1, 17.2, 17.3, 17.4, 17.5, 17.6 papunk\u010diuose ir 18 punkte nurodyti dokumentai (i\u0161skyrus pra\u0161ymus) siun\u010diami Psicholog\u0173 atestacijos komisijos sekretorei Loretai \u00a0Jakinevi\u010dienei, el. pa\u0161tu\u00a0<a href=\"mailto:loreta.jakineviciene@nsa.smm.lt\">loreta.jakineviciene@nsa.smm.lt<\/a>.<\/p>\n<p>Planuojamos preliminarios Psicholog\u0173, teikian\u010di\u0173 pagalb\u0105 mokiniui, atestacijos komisijos pos\u0117d\u017ei\u0173 datos 2025\u00a0m.: rugs\u0117jo 26 d., gruod\u017eio 5 d.<\/p>\n<p><strong>Kontaktai pasiteirauti:<\/strong><\/p>\n<p>Loreta Jakinevi\u010dien\u0117, tel.\u00a0+ 370\u00a0658 17944, el. pa\u0161tas\u00a0<a href=\"mailto:loreta.jakineviciene@nsa.smm.lt\">loreta.jakineviciene@nsa.smm.lt<\/a>.<\/p>\n<\/div>\n<p><strong>Pridedama:<\/strong><\/p>\n<p><i class=\"fa fa-file-pdf-o \" ><\/i> Pra\u0161ymas 1 <a href=\"https:\/\/www.nsa.smsm.lt\/old\/old\/wp-content\/uploads\/2025\/01\/Prasymas-atestacijai-I.doc\"><i class=\"fa fa-arrow-circle-right \" ><\/i><\/a><br \/>\n<i class=\"fa fa-file-pdf-o \" ><\/i> Pra\u0161ymas 2 <a href=\"https:\/\/www.nsa.smsm.lt\/old\/old\/wp-content\/uploads\/2025\/01\/Prasymas-atestacijai-II.doc\"><i class=\"fa fa-arrow-circle-right \" ><\/i><\/a><\/p>\n<div class=\"elementToProof\"><i class=\"fa fa-file-powerpoint \" ><\/i> <a href=\"https:\/\/www.nsa.smsm.lt\/old\/old\/wp-content\/uploads\/2025\/02\/Atestacija-psichologams-2025-02-18.pptx\">2025-02-18 nuotolinio informacinio renginio apie psicholog\u0173 atestacij\u0105 Nacionalin\u0117je \u0161vietimo agent\u016broje pristatymas<\/a><\/div>\n","protected":false},"excerpt":{"rendered":"<p>Psicholog\u0173, teikian\u010di\u0173 pagalb\u0105 mokiniui, kompetencij\u0173 ir praktin\u0117s veiklos \u012fvertinim\u0105 bei kvalifikacini\u0173 kategorij\u0173 suteikimo tvark\u0105 reglamentuoja Psicholog\u0173, teikian\u010di\u0173 pagalb\u0105 mokiniui, atestacijos nuostatai (toliau \u2013 Atestacijos nuostatai), patvirtinti Lietuvos Respublikos \u0161vietimo, mokslo ir sporto ministro 2020 m. rugpj\u016b\u010dio 5 d. \u012fsakymu Nr.&nbsp;<a href=\"https:\/\/www.nsa.smsm.lt\/old\/vadovu-ir-pedagogu-vertinimas\/psichologu-atestacija\/\" class=\"placiau\">Pla\u010diau <i class=\"fa fa-caret-right\"><\/i><\/a><\/p>\n","protected":false},"author":1,"featured_media":0,"parent":10105,"menu_order":4,"comment_status":"closed","ping_status":"closed","template":"page-mokytoju-atestacija.php","meta":{"_acf_changed":false,"footnotes":""},"class_list":["post-14872","page","type-page","status-publish","hentry"],"acf":[],"_links":{"self":[{"href":"https:\/\/www.nsa.smsm.lt\/old\/wp-json\/wp\/v2\/pages\/14872","targetHints":{"allow":["GET"]}}],"collection":[{"href":"https:\/\/www.nsa.smsm.lt\/old\/wp-json\/wp\/v2\/pages"}],"about":[{"href":"https:\/\/www.nsa.smsm.lt\/old\/wp-json\/wp\/v2\/types\/page"}],"author":[{"embeddable":true,"href":"https:\/\/www.nsa.smsm.lt\/old\/wp-json\/wp\/v2\/users\/1"}],"replies":[{"embeddable":true,"href":"https:\/\/www.nsa.smsm.lt\/old\/wp-json\/wp\/v2\/comments?post=14872"}],"version-history":[{"count":13,"href":"https:\/\/www.nsa.smsm.lt\/old\/wp-json\/wp\/v2\/pages\/14872\/revisions"}],"predecessor-version":[{"id":42649,"href":"https:\/\/www.nsa.smsm.lt\/old\/wp-json\/wp\/v2\/pages\/14872\/revisions\/42649"}],"up":[{"embeddable":true,"href":"https:\/\/www.nsa.smsm.lt\/old\/wp-json\/wp\/v2\/pages\/10105"}],"wp:attachment":[{"href":"https:\/\/www.nsa.smsm.lt\/old\/wp-json\/wp\/v2\/media?parent=14872"}],"curies":[{"name":"wp","href":"https:\/\/api.w.org\/{rel}","templated":true}]}}