{"id":14778,"date":"2022-10-31T10:25:34","date_gmt":"2022-10-31T08:25:34","guid":{"rendered":"http:\/\/www.nmva.smm.lt\/?page_id=14778"},"modified":"2023-01-11T23:38:21","modified_gmt":"2023-01-11T21:38:21","slug":"projekto-prieziuros-komitetas","status":"publish","type":"page","link":"https:\/\/www.nsa.smsm.lt\/old\/stebesenos-ir-vertinimo-departamentas\/projektai\/projektas-neformaliojo-vaiku-svietimo-ikimokyklinio-priesmokyklinio-ir-bendrojo-ugdymo-vertinimo-isivertinimo-tobulinimas-ir-pletote-09-2-1-esfa-v-706-03-0001-2\/projekto-prieziuros-komitetas\/","title":{"rendered":"Projekto prie\u017ei\u016bros komitetas"},"content":{"rendered":"<p>Informacija apie projekt\u0105 <a href=\"https:\/\/www.nsa.smsm.lt\/old\/old\/wp-content\/uploads\/2020\/07\/informacija-apie-projekta.pdf\"><i class=\"fa fa-arrow-circle-right \" ><\/i><\/a><\/p>\n<p>Projekto prie\u017ei\u016bros komitetas <a href=\"https:\/\/www.nsa.smsm.lt\/old\/old\/wp-content\/uploads\/2021\/09\/Projekto-prieziuros-komitetas.pdf\"><i class=\"fa fa-arrow-circle-right \" ><\/i><\/a><\/p>\n<p>Projekto prie\u017ei\u016bros komiteto darbo reglamentas <a href=\"https:\/\/www.nsa.smsm.lt\/old\/old\/wp-content\/uploads\/2021\/10\/reglamentas1.pdf\"><i class=\"fa fa-arrow-circle-right \" ><\/i><\/a><\/p>\n","protected":false},"excerpt":{"rendered":"<p>Informacija apie projekt\u0105 Projekto prie\u017ei\u016bros komitetas Projekto prie\u017ei\u016bros komiteto darbo reglamentas<\/p>\n","protected":false},"author":1,"featured_media":0,"parent":13973,"menu_order":2,"comment_status":"closed","ping_status":"closed","template":"page-projektas.php","meta":{"_acf_changed":false,"footnotes":""},"class_list":["post-14778","page","type-page","status-publish","hentry"],"acf":[],"_links":{"self":[{"href":"https:\/\/www.nsa.smsm.lt\/old\/wp-json\/wp\/v2\/pages\/14778","targetHints":{"allow":["GET"]}}],"collection":[{"href":"https:\/\/www.nsa.smsm.lt\/old\/wp-json\/wp\/v2\/pages"}],"about":[{"href":"https:\/\/www.nsa.smsm.lt\/old\/wp-json\/wp\/v2\/types\/page"}],"author":[{"embeddable":true,"href":"https:\/\/www.nsa.smsm.lt\/old\/wp-json\/wp\/v2\/users\/1"}],"replies":[{"embeddable":true,"href":"https:\/\/www.nsa.smsm.lt\/old\/wp-json\/wp\/v2\/comments?post=14778"}],"version-history":[{"count":0,"href":"https:\/\/www.nsa.smsm.lt\/old\/wp-json\/wp\/v2\/pages\/14778\/revisions"}],"up":[{"embeddable":true,"href":"https:\/\/www.nsa.smsm.lt\/old\/wp-json\/wp\/v2\/pages\/13973"}],"wp:attachment":[{"href":"https:\/\/www.nsa.smsm.lt\/old\/wp-json\/wp\/v2\/media?parent=14778"}],"curies":[{"name":"wp","href":"https:\/\/api.w.org\/{rel}","templated":true}]}}