{"id":13973,"date":"2022-11-08T15:03:01","date_gmt":"2022-11-08T13:03:01","guid":{"rendered":"http:\/\/www.nmva.smm.lt\/?page_id=13973"},"modified":"2023-01-11T23:38:41","modified_gmt":"2023-01-11T21:38:41","slug":"projektas-neformaliojo-vaiku-svietimo-ikimokyklinio-priesmokyklinio-ir-bendrojo-ugdymo-vertinimo-isivertinimo-tobulinimas-ir-pletote-09-2-1-esfa-v-706-03-0001-2","status":"publish","type":"page","link":"https:\/\/www.nsa.smsm.lt\/old\/stebesenos-ir-vertinimo-departamentas\/projektai\/projektas-neformaliojo-vaiku-svietimo-ikimokyklinio-priesmokyklinio-ir-bendrojo-ugdymo-vertinimo-isivertinimo-tobulinimas-ir-pletote-09-2-1-esfa-v-706-03-0001-2\/","title":{"rendered":"Projektas \u201eNeformaliojo vaik\u0173 \u0161vietimo, ikimokyklinio, prie\u0161mokyklinio ir bendrojo ugdymo vertinimo, \u012fsivertinimo tobulinimas ir pl\u0117tot\u0117\u201c (09.2.1-ESFA-V-706-03-0001)"},"content":{"rendered":"<p><img loading=\"lazy\" decoding=\"async\" class=\"wp-image-10160 alignnone\" src=\"https:\/\/www.nsa.smsm.lt\/old\/old\/wp-content\/uploads\/2019\/10\/kuriame.png\" alt=\"\" width=\"146\" height=\"92\" \/> <img loading=\"lazy\" decoding=\"async\" class=\"wp-image-10124 alignnone\" src=\"https:\/\/www.nsa.smsm.lt\/old\/old\/wp-content\/uploads\/2018\/12\/smsm-logo.svg\" alt=\"\" width=\"166\" height=\"62\" \/>\u00a0 \u00a0<img loading=\"lazy\" decoding=\"async\" class=\"alignnone\" src=\"https:\/\/www.nsa.smsm.lt\/old\/old\/wp-content\/themes\/NSA\/images\/logo.svg\" alt=\"\u012e prad\u017ei\u0105\" width=\"192\" height=\"63\" \/><\/p>\n<h3><strong>Apie projekt\u0105<\/strong><\/h3>\n<hr \/>\n<p><strong>\u201eNeformaliojo vaik\u0173 \u0161vietimo, ikimokyklinio, prie\u0161mokyklinio ir bendrojo ugdymo vertinimo, \u012fsivertinimo tobulinimas ir pl\u0117tot\u0117\u201c <\/strong><br \/>\n<strong>Projekto Nr.<\/strong> 09.2.1-ESFA-V-706-03-0001<br \/>\n<strong>Projekto trukm\u0117<\/strong> 2018 m. spalio 10 d. \u2013 2022 m. baland\u017eio 30 d.<br \/>\n<strong>Projekto vert\u0117<\/strong> 2 023 000,00 Eur<\/p>\n<p><strong>Trumpas projekto apib\u016bdinimas<\/strong><\/p>\n<p>Projekto tikslas &#8211; \u012ftvirtinti kokyb\u0117s siekimo cikl\u0105, tobulinant \u0161vietimo \u012fstaig\u0173 (i\u0161skyrus auk\u0161t\u0105sias mokyklas) veikl\u0105.<\/p>\n<p>Projekto u\u017edavinys:<\/p>\n<p>tobulinti ir pl\u0117toti neformaliojo vaik\u0173 \u0161vietimo, ikimokyklinio, prie\u0161mokyklinio ir bendrojo ugdymo programas vykdan\u010di\u0173 mokykl\u0173 veiklos vertinimo sistem\u0105.<\/p>\n<p>Pagrindiniai projekto rezultatai:<\/p>\n<ul>\n<li>parengtos ir i\u0161bandytos ikimokyklinio ir prie\u0161mokyklinio ugdymo programas vykdan\u010di\u0173 mokykl\u0173 veiklos kokyb\u0117s \u012fsivertinimo ir i\u0161orinio vertinimo metodikos;<\/li>\n<li>\u012fgalinta neformaliojo vaik\u0173 \u0161vietimo ir jo teik\u0117j\u0173 veiklos kokyb\u0117s u\u017etikrinimo metodika;<\/li>\n<li>pl\u0117tojamas \u0161vietimo \u012fstaig\u0173 (i\u0161skyrus auk\u0161t\u0105sias mokyklas) vadov\u0173 kompetencij\u0173 ir veiklos vertinimas;<\/li>\n<li>parengtas bendrojo ugdymo programas vykdan\u010di\u0173 mokykl\u0173 pa\u017eangos steb\u0117senos vertinimo modelis;<\/li>\n<li>sukurta i\u0161orinio vertinimo virtuali aplinka elektronin\u0117je erdv\u0117je bei pl\u0117tojama internetin\u0117 mokykl\u0173 \u012fsivertinimo ir veiklos tobulinimo sistema.<\/li>\n<\/ul>\n<p>Projekto metu pasiekti rezultatai prisid\u0117s prie nacionalin\u0117s \u0161vietimo politikos ir ES strategini\u0173 nuostat\u0173 ir rekomendacij\u0173 d\u0117l mokini\u0173 ugdymo pasiekim\u0173 pagerinimo, skatinant poky\u010dius \u0161vietimo \u012fstaig\u0173 veikloje, \u012fgyvendinimo (2014-09-08; C(2014)6397).<\/p>\n<p>Projekto tikslin\u0117s grup\u0117s: \u0161vietimo \u012fstaig\u0173 darbuotojai ir \u0161vietimo paslaugas teikian\u010di\u0173 \u012fstaig\u0173 darbuotojai, ekspertai, \u0161vietimo valdymo ir savivaldos subjekt\u0173 darbuotojai (atstovai).<\/p>\n<p>&nbsp;<\/p>\n","protected":false},"excerpt":{"rendered":"<p>\u00a0 \u00a0 Apie projekt\u0105 \u201eNeformaliojo vaik\u0173 \u0161vietimo, ikimokyklinio, prie\u0161mokyklinio ir bendrojo ugdymo vertinimo, \u012fsivertinimo tobulinimas ir pl\u0117tot\u0117\u201c Projekto Nr. 09.2.1-ESFA-V-706-03-0001 Projekto trukm\u0117 2018 m. spalio 10 d. \u2013 2022 m. baland\u017eio 30 d. Projekto vert\u0117 2 023 000,00 Eur Trumpas&nbsp;<a href=\"https:\/\/www.nsa.smsm.lt\/old\/stebesenos-ir-vertinimo-departamentas\/projektai\/projektas-neformaliojo-vaiku-svietimo-ikimokyklinio-priesmokyklinio-ir-bendrojo-ugdymo-vertinimo-isivertinimo-tobulinimas-ir-pletote-09-2-1-esfa-v-706-03-0001-2\/\" class=\"placiau\">Pla\u010diau <i class=\"fa fa-caret-right\"><\/i><\/a><\/p>\n","protected":false},"author":1,"featured_media":0,"parent":14781,"menu_order":0,"comment_status":"closed","ping_status":"closed","template":"page-projektas.php","meta":{"_acf_changed":false,"footnotes":""},"class_list":["post-13973","page","type-page","status-publish","hentry"],"acf":[],"_links":{"self":[{"href":"https:\/\/www.nsa.smsm.lt\/old\/wp-json\/wp\/v2\/pages\/13973","targetHints":{"allow":["GET"]}}],"collection":[{"href":"https:\/\/www.nsa.smsm.lt\/old\/wp-json\/wp\/v2\/pages"}],"about":[{"href":"https:\/\/www.nsa.smsm.lt\/old\/wp-json\/wp\/v2\/types\/page"}],"author":[{"embeddable":true,"href":"https:\/\/www.nsa.smsm.lt\/old\/wp-json\/wp\/v2\/users\/1"}],"replies":[{"embeddable":true,"href":"https:\/\/www.nsa.smsm.lt\/old\/wp-json\/wp\/v2\/comments?post=13973"}],"version-history":[{"count":0,"href":"https:\/\/www.nsa.smsm.lt\/old\/wp-json\/wp\/v2\/pages\/13973\/revisions"}],"up":[{"embeddable":true,"href":"https:\/\/www.nsa.smsm.lt\/old\/wp-json\/wp\/v2\/pages\/14781"}],"wp:attachment":[{"href":"https:\/\/www.nsa.smsm.lt\/old\/wp-json\/wp\/v2\/media?parent=13973"}],"curies":[{"name":"wp","href":"https:\/\/api.w.org\/{rel}","templated":true}]}}