{"id":12938,"date":"2022-07-21T11:49:08","date_gmt":"2022-07-21T09:49:08","guid":{"rendered":"https:\/\/www.nsa.smsm.lt\/old\/?page_id=12938"},"modified":"2023-01-11T23:51:19","modified_gmt":"2023-01-11T21:51:19","slug":"isvadu-teikimas","status":"publish","type":"page","link":"https:\/\/www.nsa.smsm.lt\/old\/svietimo-pagalba\/isvadu-teikimas\/","title":{"rendered":"I\u0161vad\u0173 teikimas"},"content":{"rendered":"<p>\u012egyvendinant Vaiko minimalios ir vidutin\u0117s prie\u017ei\u016bros \u012fstatym\u0105, Lietuvoje kiekvienoje mokykloje ir savivaldyb\u0117s administracijoje yra sudaromos\u00a0<strong>vaiko gerov\u0117s komisijos<\/strong>.<\/p>\n<p>Remiantis \u0161vietimo ir mokslo ministro priimta tvarka, vaikui si\u016blant skirti vidutin\u0117s prie\u017ei\u016bros priemones, atskira vertinimo ir\u00a0<strong>i\u0161vados teikimo komisija<\/strong>\u00a0yra sudaryta Nacionalin\u0117je \u0161vietimo agent\u016broje.<\/p>\n<p><strong>Savivaldyb\u0117s administracijos vaiko gerov\u0117s komisija<\/strong><\/p>\n<ul>\n<li><em><strong>Savivaldyb\u0117s administracijos Vaiko gerov\u0117s komisijos paskirtis<\/strong><\/em>\u00a0\u2013 u\u017etikrinti savivaldyb\u0117s teritorijoje gyvenan\u010di\u0173 vaik\u0173 gerov\u0119, bendradarbiaujant su mokykl\u0173 vaiko gerov\u0117s komisijomis ir kitomis vaiko gerov\u0117s srityje dirban\u010diomis institucijomis.<\/li>\n<li><em><strong>Savivaldyb\u0117s administracijos Vaiko gerov\u0117s komisijos sud\u0117tis:\u00a0<\/strong><\/em>sudaroma i\u0161 savivaldyb\u0117s administracijos strukt\u016brini\u0173 padalini\u0173, teritorin\u0117s policijos \u012fstaigos, probacijos tarnybos, teritorin\u0117s prokurat\u016bros, socialini\u0173 paslaug\u0173, \u0161vietimo, sveikatos ir kit\u0173 institucij\u0173, nevyriausybini\u0173 organizacij\u0173, dirban\u010di\u0173 vaiko gerov\u0117s srityje, atstov\u0173.<\/li>\n<\/ul>\n<ul>\n<li><em><strong>Savivaldyb\u0117s administracijos Vaiko gerov\u0117s komisijos funkcijos:<\/strong><\/em><\/li>\n<li>kartu su tarpinstitucinio bendradarbiavimo koordinatoriumi kiekvienais metais tvirtina met\u0173 veiklos plan\u0105, nustatydami vaiko gerov\u0117s prioritetus, tikslus, priemones jiems \u012fgyvendinti, ir savivaldyb\u0117s administracijos direktoriaus nustatyta tvarka atsiskaito u\u017e jo \u012fgyvendinim\u0105;<\/li>\n<li>surenka informacij\u0105, b\u016btin\u0105 savivaldyb\u0117s administracijos direktoriaus sprendimui d\u0117l vaiko minimalios priemon\u0117s skyrimo, prat\u0119simo, pakeitimo ar panaikinimo arba d\u0117l vaiko vidutin\u0117s prie\u017ei\u016bros priemon\u0117s skyrimo, prat\u0119simo ar panaikinimo priimti;<\/li>\n<li>nagrin\u0117ja pra\u0161ymus ir teikia si\u016blymus savivaldyb\u0117s administracijos direktoriui d\u0117l vaiko minimalios ar vidutin\u0117s prie\u017ei\u016bros priemoni\u0173 skyrimo, prat\u0119simo, pakeitimo ar panaikinimo ir kit\u0173 priemoni\u0173 skyrimo;<\/li>\n<li>ne v\u0117liau kaip per 5 darbo dienas nuo vaik\u0173 socializacijos centro informavimo apie vaiko atvykim\u0105 \u012f vaik\u0173 socializacijos centr\u0105 dienos surenka ir vaik\u0173 socializacijos centrui pateikia vaiko, kuriam paskirta aukl\u0117jamojo poveikio priemon\u0117, dokumentus;<\/li>\n<li>pasibaigus nustatytam vaiko vidutin\u0117s prie\u017ei\u016bros ar aukl\u0117jamojo poveikio priemon\u0117s vykdymo terminui, u\u017etikrina vaiko socialin\u0119 integracij\u0105 \u012f bendruomen\u0119;<\/li>\n<li>koordinuoja mokykl\u0173 vaiko gerov\u0117s komisij\u0173 veikl\u0105, vaiko gerov\u0117s srityje dirban\u010di\u0173 institucij\u0173 ir nevyriausybini\u0173 organizacij\u0173 tarpusavio bendradarbiavim\u0105;<\/li>\n<li>teikia si\u016blymus savivaldyb\u0117s administracijos direktoriui d\u0117l vaiko minimalios ar vidutin\u0117s prie\u017ei\u016bros priemoni\u0173 tobulinimo;<\/li>\n<li>atlieka kitas teis\u0117s aktuose nustatytas funkcijas.<\/li>\n<\/ul>\n<p><strong>Mokyklos vaiko gerov\u0117s komisija<\/strong><\/p>\n<ul>\n<li><em><strong>Mokyklos Vaiko gerov\u0117s komisijos paskirtis<\/strong><\/em>\u00a0\u2013 r\u016bpintis vaikui saugia ir palankia ugdymosi aplinka.<\/li>\n<\/ul>\n<ul>\n<li><em><strong>Mokyklos Vaiko gerov\u0117s komisijos sud\u0117tis<\/strong><\/em>\u00a0ir jos darbo organizavimas \u2013 grind\u017eiamas LR \u0161vietimo ir mokslo ministro nustatyta tvarka.<\/li>\n<\/ul>\n<ul>\n<li><em><strong>Mokyklos Vaiko gerov\u0117s komisijos funkcijos:<\/strong><\/em><\/li>\n<li>kiekvienais metais tvirtina mokyklos Vaiko gerov\u0117s komisijos veiklos plan\u0105, nustatydama prioritetus, tikslus ir j\u0173 \u012fgyvendinimo priemones, ir u\u017e jo \u012fgyvendinim\u0105 atsiskaito mokyklos vadovui;<\/li>\n<li>vykdo mokyklos bendruomen\u0117s \u0161vietim\u0105 vaiko teisi\u0173 apsaugos, teis\u0117s pa\u017eeidim\u0173 prevencijos, mokini\u0173 u\u017eimtumo ir kitose srityse;<\/li>\n<li>organizuoja \u0161vietimo pagalb\u0105 mokiniui, mokytojui ir vaiko atstovams pagal \u012fstatym\u0105;<\/li>\n<li>pasibaigus nustatytam vaiko vidutin\u0117s prie\u017ei\u016bros ar aukl\u0117jamojo poveikio priemon\u0117s vykdymo terminui, u\u017etikrina skland\u0173 vaiko \u012fsitraukim\u0105 \u012f ugdymo proces\u0105 ir teikia reikaling\u0105 \u0161vietimo ar kit\u0105 pagalb\u0105;<\/li>\n<li>teikia si\u016blymus mokyklos vadovui d\u0117l saugios ir ugdymuisi palankios aplinkos u\u017etikrinimo, socialinio ugdymo, prevencijos ir kit\u0173 program\u0173 \u012fgyvendinimo mokykloje;<\/li>\n<li>teikia si\u016blymus savivaldyb\u0117s administracijos Vaiko gerov\u0117s komisijai d\u0117l vaiko minimalios prie\u017ei\u016bros priemoni\u0173 tobulinimo;<\/li>\n<li>teikia si\u016blymus mokyklos vadovui d\u0117l vaiko minimalios ar vidutin\u0117s prie\u017ei\u016bros priemon\u0117s skyrimo, vaiko minimalios prie\u017ei\u016bros priemon\u0117s pakeitimo, prat\u0119simo ar panaikinimo;<\/li>\n<li>bendradarbiauja su savivaldyb\u0117s administracijos Vaiko gerov\u0117s komisija, tarpinstitucinio bendradarbiavimo koordinatoriumi, vaiko minimalios prie\u017ei\u016bros priemones vykdan\u010diais asmenimis, vaik\u0173 socializacijos centrais, savivaldyb\u0117s administracijos strukt\u016briniais padaliniais, teritorine policijos \u012fstaiga, vaiko teisi\u0173 apsaugos, \u0161vietimo, socialini\u0173 paslaug\u0173, sveikatos prie\u017ei\u016bros \u012fstaigomis, nevyriausybin\u0117mis organizacijomis ir kitomis suinteresuotomis institucijomis, \u012fstaigomis ar asmenimis;<\/li>\n<\/ul>\n<ul>\n<li>atlieka kitas \u0161vietimo ir mokslo ministro nustatytas funkcijas.<\/li>\n<\/ul>\n<p><strong>I\u0161vados d\u0117l vidutin\u0117s prie\u017ei\u016bros priemon\u0117s teikimo komisija<\/strong><\/p>\n<p>Vadovaujantis vaiko minimalios ir vidutin\u0117s prie\u017ei\u016bros \u012fstatymu, savivaldyb\u0117s vaiko gerov\u0117s komisijoja, rengiantis svarstyti klausim\u0105 d\u0117l vidutin\u0117s prie\u017ei\u016bros priemon\u0117s skyrimo, kreipiasi \u012f \u0160vietimo ir mokslo ministerijos \u012fgaliot\u0105 institucij\u0105 d\u0117l i\u0161vados pateikimo. Tuo tikslu Nacionalin\u0117je \u0161vietimo agent\u016broje yra sudaryta komisija, kuri vertina savivaldyb\u0117s administracijos Vaiko gerov\u0117s komisijos pateikt\u0105 med\u017eiag\u0105, bei teikia i\u0161vad\u0105 d\u0117l vidutin\u0117s prie\u017ei\u016bros priemon\u0117s skyrimo pagrind\u0173 pagr\u012fstumo.<\/p>\n<p>Savivaldyb\u0117s administracijos Vaiko gerov\u0117s komisija pateikia Nacionalinei \u0161vietimo agent\u016brai surinkt\u0105 med\u017eiag\u0105 apie atvej\u012f.<\/p>\n<p>Nacionalinei \u0161vietimo agent\u016brai yra pateikiama:<\/p>\n<ul>\n<li>pra\u0161ymo vaiko nuolatin\u0117s gyvenamosios vietos savivaldyb\u0117s administracijos direktoriui d\u0117l vaiko vidutin\u0117s prie\u017ei\u016bros priemon\u0117s skyrimo kopija;<\/li>\n<li>vaiko sveikatos pa\u017eym\u0117jimo kopija;<\/li>\n<li>savivaldyb\u0117s administracijos pedagogin\u0117s psichologin\u0117s tarnybos arba \u0161vietimo pagalbos tarnybos pa\u017eymos apie vaiko speciali\u0173j\u0173 ugdymosi poreiki\u0173 pirmin\u012f \/ pakartotin\u012f \u012fvertinim\u0105 kopija (jeigu buvo atliktas \u012fvertinimas);<\/li>\n<li>bendrojo ugdymo mokyklos ar profesinio mokymo \u012fstaigos vaiko charakteristika, jam teikta \u0161vietimo pagalba ir jos veiksmingumas (jeigu \u0161vietimo pagalba buvo teikiama);<\/li>\n<li>individualus vaiko minimalios prie\u017ei\u016bros, vidutin\u0117s prie\u017ei\u016bros ar aukl\u0117jamojo poveikio priemon\u0117s vykdymo planas ir ataskaita (jei tokios priemon\u0117s buvo skirtos);<\/li>\n<li>kiti savivaldyb\u0117s administracijos Vaiko teisi\u0173 apsaugos skyriaus, prokurat\u016bros, policijos teritorin\u0117s \u012fstaigos, probacijos tarnybos, seni\u016bnijos ar kit\u0173 atsaking\u0173 institucij\u0173 turimi dokumentai, susij\u0119 su vaiku ir (ar) jo atstovais pagal \u012fstatym\u0105, kurie pad\u0117t\u0173 \u012fvertinti vidutin\u0117s prie\u017ei\u016bros priemon\u0117s vaikui skyrimo pagr\u012fstum\u0105.<\/li>\n<\/ul>\n","protected":false},"excerpt":{"rendered":"<p>\u012egyvendinant Vaiko minimalios ir vidutin\u0117s prie\u017ei\u016bros \u012fstatym\u0105, Lietuvoje kiekvienoje mokykloje ir savivaldyb\u0117s administracijoje yra sudaromos\u00a0vaiko gerov\u0117s komisijos. Remiantis \u0161vietimo ir mokslo ministro priimta tvarka, vaikui si\u016blant skirti vidutin\u0117s prie\u017ei\u016bros priemones, atskira vertinimo ir\u00a0i\u0161vados teikimo komisija\u00a0yra sudaryta Nacionalin\u0117je \u0161vietimo agent\u016broje. Savivaldyb\u0117s&nbsp;<a href=\"https:\/\/www.nsa.smsm.lt\/old\/svietimo-pagalba\/isvadu-teikimas\/\" class=\"placiau\">Pla\u010diau <i class=\"fa fa-caret-right\"><\/i><\/a><\/p>\n","protected":false},"author":1,"featured_media":0,"parent":32696,"menu_order":3,"comment_status":"closed","ping_status":"closed","template":"page-prieziura.php","meta":{"_acf_changed":false,"footnotes":""},"class_list":["post-12938","page","type-page","status-publish","hentry"],"acf":[],"_links":{"self":[{"href":"https:\/\/www.nsa.smsm.lt\/old\/wp-json\/wp\/v2\/pages\/12938","targetHints":{"allow":["GET"]}}],"collection":[{"href":"https:\/\/www.nsa.smsm.lt\/old\/wp-json\/wp\/v2\/pages"}],"about":[{"href":"https:\/\/www.nsa.smsm.lt\/old\/wp-json\/wp\/v2\/types\/page"}],"author":[{"embeddable":true,"href":"https:\/\/www.nsa.smsm.lt\/old\/wp-json\/wp\/v2\/users\/1"}],"replies":[{"embeddable":true,"href":"https:\/\/www.nsa.smsm.lt\/old\/wp-json\/wp\/v2\/comments?post=12938"}],"version-history":[{"count":0,"href":"https:\/\/www.nsa.smsm.lt\/old\/wp-json\/wp\/v2\/pages\/12938\/revisions"}],"up":[{"embeddable":true,"href":"https:\/\/www.nsa.smsm.lt\/old\/wp-json\/wp\/v2\/pages\/32696"}],"wp:attachment":[{"href":"https:\/\/www.nsa.smsm.lt\/old\/wp-json\/wp\/v2\/media?parent=12938"}],"curies":[{"name":"wp","href":"https:\/\/api.w.org\/{rel}","templated":true}]}}