{"id":12932,"date":"2022-10-21T11:39:33","date_gmt":"2022-10-21T09:39:33","guid":{"rendered":"https:\/\/www.nsa.smsm.lt\/old\/?page_id=12932"},"modified":"2023-01-11T23:36:16","modified_gmt":"2023-01-11T21:36:16","slug":"vaiko-minimalios-prieziuros-priemones","status":"publish","type":"page","link":"https:\/\/www.nsa.smsm.lt\/old\/svietimo-pagalbos-departamentas\/psichologijos-skyrius\/minimali-ir-vidutine-prieziura\/vaiko-minimalios-prieziuros-priemones\/","title":{"rendered":"Vaiko minimalios prie\u017ei\u016bros priemon\u0117s"},"content":{"rendered":"<p><strong><em>Vaiko minimali prie\u017ei\u016bra<\/em><\/strong>\u00a0yra priemon\u0117, kuri\u0105 vykdant vaikui teikiama \u0161vietimo pagalba, socialin\u0117s, sveikatos prie\u017ei\u016bros ir kitos paslaugos, neatitraukiant vaiko arba kiek \u012fmanoma ma\u017eiau j\u012f atitraukiant nuo jo atstov\u0173 pagal \u012fstatym\u0105.<\/p>\n<p><strong>Vaiko minimalios prie\u017ei\u016bros priemon\u0119 vykdantis asmuo \u2013 fizinis arba juridinis asmuo,\u00a0<\/strong><strong><a href=\"https:\/\/www.e-tar.lt\/portal\/lt\/legalAct\/70593dd04a7311e6b5d09300a16a686c\" target=\"_blank\" rel=\"noopener noreferrer\">LR Vaiko minimalios ir vidutin\u0117s prie\u017ei\u016bros \u012fstatymo<\/a>\u00a0<\/strong><strong>nustatyta tvarka vykdantis vaikui paskirtos minimalios prie\u017ei\u016bros priemon\u0119.<\/strong><\/p>\n<p><strong><em>Taikomos vaiko minimalios prie\u017ei\u016bros priemon\u0117s:<\/em><\/strong><\/p>\n<ul>\n<li>\u012epareigojimas lankytis pas specialist\u0105;<\/li>\n<li>\u012epareigojimas lankyti vaik\u0173 dienos centr\u0105 ar kit\u0105 \u0161vietimo, kult\u016bros, sporto, socialines ar kitas paslaugas teikian\u010di\u0105 arba darbin\u0119 veikl\u0105 bendruomen\u0117je vykdan\u010di\u0105 \u012fstaig\u0105 ar organizacij\u0105, tarp j\u0173\u00a0\u2013 nevyriausybin\u0119 organizacij\u0105 (NVO);<\/li>\n<li>\u012epareigojimas t\u0119sti mokym\u0105si toje pa\u010dioje ar kitoje bendrojo ugdymo mokykloje arba profesinio mokymo \u012fstaigoje pagal privalomojo \u0161vietimo programas;<\/li>\n<li>\u012epareigojimas dalyvauti sporto, men\u0173 ar kitoje terapijoje, konkre\u010diose valstyb\u0117s, savivaldybi\u0173 institucij\u0173, \u012fstaig\u0173, \u012fmoni\u0173, organizacij\u0173 ir nevyriausybini\u0173 organizacij\u0173 vykdomose neformaliojo vaik\u0173 \u0161vietimo, elgesio keitimo, socialinio ugdymo, prevencijos programose, kuriomis siekiama teigiamai veikti vaiko elges\u012f;<\/li>\n<li>\u012epareigojimas gydytis psichikos ir elgesio sutrikimus d\u0117l psichoaktyvi\u0173j\u0173 med\u017eiag\u0173 vartojimo, patologin\u012f potrauk\u012f azartiniams lo\u0161imams, kitus \u012fpro\u010di\u0173 ir potrauki\u0173 sutrikimus;<\/li>\n<li>\u012epareigojimas dalyvauti taikinamojo tarpininkavimo (mediacijos) procese;<\/li>\n<li>\u012epareigojimas atlikti bendruomenei arba \u0161vietimo ar kitai \u012fstaigai ar institucijai nauding\u0105 veikl\u0105.<\/li>\n<\/ul>\n<p><strong><em>Vaiko minimalios prie\u017ei\u016bros priemon\u0117s skyrimo laikotarpis<\/em><\/strong>\u00a0\u2013 nuo 1 m\u0117nesio iki 1 met\u0173 laikotarpiui, nustatant individual\u0173 j\u0173 \u012fvykdymo termin\u0105, bet ne ilgiau, kol vaikui sueis 18 met\u0173. Vaiko minimalios prie\u017ei\u016bros priemon\u0117 gali b\u016bti pakeista, prat\u0119sta arba panaikinta \u012fstatym\u0173 nustatyta tvarka.\u00a0<strong><em>Pa\u017eym\u0117tina, kad<\/em><\/strong>: vaikui gali b\u016bti paskirta viena arba kelios tarpusavyje suderintos minimalios prie\u017ei\u016bros priemon\u0117s.<\/p>\n<p><strong><em>Minimali\u0173 prie\u017ei\u016bros priemoni\u0173 skyrimo aplinkyb\u0117s\u00a0<\/em><\/strong><strong><em>\u00a0<\/em><\/strong><\/p>\n<p><u>Priemon\u0117s skiriamos vaikui, kuris:<\/u><\/p>\n<ul>\n<li>padar\u0117 nusikaltimo ar baud\u017eiamojo nusi\u017eengimo po\u017eymi\u0173 turin\u010di\u0105 veik\u0105, ta\u010diau \u0161ios veikos padarymo metu nebuvo sukak\u0119s LR baud\u017eiamajame kodekse nustatyto am\u017eiaus, nuo kurio pagal LR baud\u017eiamuosius \u012fstatymus galima baud\u017eiamoji atsakomyb\u0117 u\u017e jo padaryt\u0105 veik\u0105;<\/li>\n<li>padar\u0117 administracinio nusi\u017eengimo po\u017eymi\u0173 turin\u010di\u0105 veik\u0105, ta\u010diau \u0161ios veikos padarymo metu nebuvo sukak\u0119s LR administracini\u0173 nusi\u017eengim\u0173 kodekse nustatyto am\u017eiaus, nuo kurio atsiranda administracin\u0117 atsakomyb\u0117;<\/li>\n<li>padar\u0117 administracin\u012f nusi\u017eengim\u0105, ta\u010diau jam, vadovaujantis Administracini\u0173 nusi\u017eengim\u0173 kodeksu, nebuvo paskirta administracin\u0117 nuobauda ir administracinio poveikio priemon\u0117;<\/li>\n<li>nesimokan\u010di\u0173 vaik\u0173 ir mokyklos nelankan\u010di\u0173 mokini\u0173 informacin\u0117s sistemos duomenimis, nelank\u0117 mokyklos ir per m\u0117nes\u012f be pateisinamos prie\u017easties praleido daugiau kaip pus\u0119 pamok\u0173 ar ugdymui skirt\u0173 valand\u0173.<\/li>\n<\/ul>\n","protected":false},"excerpt":{"rendered":"<p>Vaiko minimali prie\u017ei\u016bra\u00a0yra priemon\u0117, kuri\u0105 vykdant vaikui teikiama \u0161vietimo pagalba, socialin\u0117s, sveikatos prie\u017ei\u016bros ir kitos paslaugos, neatitraukiant vaiko arba kiek \u012fmanoma ma\u017eiau j\u012f atitraukiant nuo jo atstov\u0173 pagal \u012fstatym\u0105. Vaiko minimalios prie\u017ei\u016bros priemon\u0119 vykdantis asmuo \u2013 fizinis arba juridinis asmuo,\u00a0LR&nbsp;<a href=\"https:\/\/www.nsa.smsm.lt\/old\/svietimo-pagalbos-departamentas\/psichologijos-skyrius\/minimali-ir-vidutine-prieziura\/vaiko-minimalios-prieziuros-priemones\/\" class=\"placiau\">Pla\u010diau <i class=\"fa fa-caret-right\"><\/i><\/a><\/p>\n","protected":false},"author":1,"featured_media":0,"parent":12928,"menu_order":0,"comment_status":"closed","ping_status":"closed","template":"page-prieziura.php","meta":{"_acf_changed":false,"footnotes":""},"class_list":["post-12932","page","type-page","status-publish","hentry"],"acf":[],"_links":{"self":[{"href":"https:\/\/www.nsa.smsm.lt\/old\/wp-json\/wp\/v2\/pages\/12932","targetHints":{"allow":["GET"]}}],"collection":[{"href":"https:\/\/www.nsa.smsm.lt\/old\/wp-json\/wp\/v2\/pages"}],"about":[{"href":"https:\/\/www.nsa.smsm.lt\/old\/wp-json\/wp\/v2\/types\/page"}],"author":[{"embeddable":true,"href":"https:\/\/www.nsa.smsm.lt\/old\/wp-json\/wp\/v2\/users\/1"}],"replies":[{"embeddable":true,"href":"https:\/\/www.nsa.smsm.lt\/old\/wp-json\/wp\/v2\/comments?post=12932"}],"version-history":[{"count":0,"href":"https:\/\/www.nsa.smsm.lt\/old\/wp-json\/wp\/v2\/pages\/12932\/revisions"}],"up":[{"embeddable":true,"href":"https:\/\/www.nsa.smsm.lt\/old\/wp-json\/wp\/v2\/pages\/12928"}],"wp:attachment":[{"href":"https:\/\/www.nsa.smsm.lt\/old\/wp-json\/wp\/v2\/media?parent=12932"}],"curies":[{"name":"wp","href":"https:\/\/api.w.org\/{rel}","templated":true}]}}