{"id":12928,"date":"2022-11-21T11:10:15","date_gmt":"2022-11-21T09:10:15","guid":{"rendered":"https:\/\/www.nsa.smsm.lt\/old\/?page_id=12928"},"modified":"2023-01-11T23:36:25","modified_gmt":"2023-01-11T21:36:25","slug":"minimali-ir-vidutine-prieziura","status":"publish","type":"page","link":"https:\/\/www.nsa.smsm.lt\/old\/svietimo-pagalbos-departamentas\/psichologijos-skyrius\/minimali-ir-vidutine-prieziura\/","title":{"rendered":"Minimali ir vidutin\u0117 prie\u017ei\u016bra"},"content":{"rendered":"<p><strong>Vaiko minimali ir vidutin\u0117 prie\u017ei\u016bra<\/strong>\u00a0\u2013 vaikui teikiama \u0161vietimo pagalba, socialin\u0117s, sveikatos prie\u017ei\u016bros ir kitos paslaugos, kuriomis siekiama teigiam\u0173 jo elgesio poky\u010di\u0173. Priemoni\u0173 teikimo sistema yra reglamentuota \u012fstatyme.<\/p>\n<p>VAIKO MINIMALIOS IR VIDUTIN\u0116S PRIE\u017dI\u016aROS \u012eSTATYMO tikslas \u2013 sukurti vaiko teises ir teis\u0117tus interesus bei visuomen\u0117s saugumo poreikius atitinkan\u010di\u0105 ir elgesio problem\u0173 turin\u010dio vaiko socializacijai, ugdymui bei \u0161vietimo ir kitos pagalbos teikimui skirt\u0105 vaiko minimalios ir vidutin\u0117s prie\u017ei\u016bros priemoni\u0173 sistem\u0105, kuri pad\u0117t\u0173 vaikui \u012fveikti susiformavus\u012f yding\u0105 elges\u012f, i\u0161siugdyti prasmingo individualaus ir visuomeninio gyvenimo sampratas.<\/p>\n<p>Nacionalin\u0117s \u0161vietimo agent\u016bros \u0160vietimo pagalbos departamento Psichologijos skyrius teikia metodin\u0119 pagalb\u0105\u00a0bei konsultuoja LR vaiko minimalios ir vidutin\u0117s prie\u017ei\u016bros \u012fstatymo nuostat\u0173\u00a0\u012fgyvendinimo klausimais.<\/p>\n<p>Informacijos teirautis:<br \/>\nRytis \u0160iautkulis, <a href=\"mailto:rytis.siautkulis@nsa.smm.lt\">rytis.siautkulis@nsa.smm.lt<\/a>, bei tel.: 8 658 18155<br \/>\nLaura Ramo\u0161kait\u0117-Grava, <a href=\"mailto:laura.ramoskaite@nsa.smm.lt\">laura.ramoskaite@nsa.smm.lt<\/a><\/p>\n","protected":false},"excerpt":{"rendered":"<p>Vaiko minimali ir vidutin\u0117 prie\u017ei\u016bra\u00a0\u2013 vaikui teikiama \u0161vietimo pagalba, socialin\u0117s, sveikatos prie\u017ei\u016bros ir kitos paslaugos, kuriomis siekiama teigiam\u0173 jo elgesio poky\u010di\u0173. Priemoni\u0173 teikimo sistema yra reglamentuota \u012fstatyme. VAIKO MINIMALIOS IR VIDUTIN\u0116S PRIE\u017dI\u016aROS \u012eSTATYMO tikslas \u2013 sukurti vaiko teises ir teis\u0117tus&nbsp;<a href=\"https:\/\/www.nsa.smsm.lt\/old\/svietimo-pagalbos-departamentas\/psichologijos-skyrius\/minimali-ir-vidutine-prieziura\/\" class=\"placiau\">Pla\u010diau <i class=\"fa fa-caret-right\"><\/i><\/a><\/p>\n","protected":false},"author":1,"featured_media":0,"parent":12641,"menu_order":3,"comment_status":"closed","ping_status":"closed","template":"page-prieziura.php","meta":{"_acf_changed":false,"footnotes":""},"class_list":["post-12928","page","type-page","status-publish","hentry"],"acf":[],"_links":{"self":[{"href":"https:\/\/www.nsa.smsm.lt\/old\/wp-json\/wp\/v2\/pages\/12928","targetHints":{"allow":["GET"]}}],"collection":[{"href":"https:\/\/www.nsa.smsm.lt\/old\/wp-json\/wp\/v2\/pages"}],"about":[{"href":"https:\/\/www.nsa.smsm.lt\/old\/wp-json\/wp\/v2\/types\/page"}],"author":[{"embeddable":true,"href":"https:\/\/www.nsa.smsm.lt\/old\/wp-json\/wp\/v2\/users\/1"}],"replies":[{"embeddable":true,"href":"https:\/\/www.nsa.smsm.lt\/old\/wp-json\/wp\/v2\/comments?post=12928"}],"version-history":[{"count":0,"href":"https:\/\/www.nsa.smsm.lt\/old\/wp-json\/wp\/v2\/pages\/12928\/revisions"}],"up":[{"embeddable":true,"href":"https:\/\/www.nsa.smsm.lt\/old\/wp-json\/wp\/v2\/pages\/12641"}],"wp:attachment":[{"href":"https:\/\/www.nsa.smsm.lt\/old\/wp-json\/wp\/v2\/media?parent=12928"}],"curies":[{"name":"wp","href":"https:\/\/api.w.org\/{rel}","templated":true}]}}