{"id":12915,"date":"2023-08-24T07:48:07","date_gmt":"2023-08-24T05:48:07","guid":{"rendered":"https:\/\/www.nsa.smsm.lt\/old\/?page_id=12915"},"modified":"2023-08-24T09:19:39","modified_gmt":"2023-08-24T07:19:39","slug":"olweus-patyciu-prevencijos-programa","status":"publish","type":"page","link":"https:\/\/www.nsa.smsm.lt\/old\/svietimo-pagalba\/prevencinio-darbo-sritys\/olweus-patyciu-prevencijos-programa\/","title":{"rendered":"Olweus paty\u010di\u0173 prevencijos programa"},"content":{"rendered":"<p><img loading=\"lazy\" decoding=\"async\" class=\"wp-image-12916 alignnone\" src=\"https:\/\/www.nsa.smsm.lt\/old\/old\/wp-content\/uploads\/2020\/07\/Olweus-logo-LT.png\" alt=\"\" width=\"233\" height=\"101\" srcset=\"https:\/\/www.nsa.smsm.lt\/old\/wp-content\/uploads\/2020\/07\/Olweus-logo-LT.png 390w, https:\/\/www.nsa.smsm.lt\/old\/wp-content\/uploads\/2020\/07\/Olweus-logo-LT-300x130.png 300w\" sizes=\"auto, (max-width: 233px) 100vw, 233px\" \/><\/p>\n<p><strong>Olweus programos administrator\u0117<\/strong><br \/>\nAna Buzarevi\u010d, tel. 8 658 18193, el. pa\u0161tas <a href=\"mailto:ana.buzarevic@nsa.smm.lt%20\">ana.buzarevic@nsa.smm.lt <\/a><\/p>\n<p><strong>Koordinavimo grup\u0117s vadov\u0117<\/strong><br \/>\nRenata Maz\u016brien\u0117, tel. 8 603 35377,\u00a0el. pa\u0161tas\u00a0<a href=\"mailto:renata.mazuriene@nsa.smm.lt%20%20\">renata.mazuriene@nsa.smm.lt \u00a0<\/a><\/p>\n<p><strong>Koordinavimo grup\u0117s nariai:<\/strong><br \/>\nIlona Klanien\u0117, koordinavimo grup\u0117s atstov\u0117 Klaip\u0117dos apskrityje, el. pa\u0161tas <a href=\"mailto:olweus.programa@nsa.smm.lt\">olweus.programa@nsa.smm.lt<\/a><\/p>\n<p><strong>Olweus programos vyr. instruktoriai:<\/strong><\/p>\n<p>Regina Saveljeva<\/p>\n","protected":false},"excerpt":{"rendered":"<p>Olweus programos administrator\u0117 Ana Buzarevi\u010d, tel. 8 658 18193, el. pa\u0161tas ana.buzarevic@nsa.smm.lt Koordinavimo grup\u0117s vadov\u0117 Renata Maz\u016brien\u0117, tel. 8 603 35377,\u00a0el. pa\u0161tas\u00a0renata.mazuriene@nsa.smm.lt \u00a0 Koordinavimo grup\u0117s nariai: Ilona Klanien\u0117, koordinavimo grup\u0117s atstov\u0117 Klaip\u0117dos apskrityje, el. pa\u0161tas olweus.programa@nsa.smm.lt Olweus programos vyr. instruktoriai:&nbsp;<a href=\"https:\/\/www.nsa.smsm.lt\/old\/svietimo-pagalba\/prevencinio-darbo-sritys\/olweus-patyciu-prevencijos-programa\/\" class=\"placiau\">Pla\u010diau <i class=\"fa fa-caret-right\"><\/i><\/a><\/p>\n","protected":false},"author":1,"featured_media":0,"parent":12899,"menu_order":2,"comment_status":"closed","ping_status":"closed","template":"page-olweus.php","meta":{"_acf_changed":false,"footnotes":""},"class_list":["post-12915","page","type-page","status-publish","hentry"],"acf":[],"_links":{"self":[{"href":"https:\/\/www.nsa.smsm.lt\/old\/wp-json\/wp\/v2\/pages\/12915","targetHints":{"allow":["GET"]}}],"collection":[{"href":"https:\/\/www.nsa.smsm.lt\/old\/wp-json\/wp\/v2\/pages"}],"about":[{"href":"https:\/\/www.nsa.smsm.lt\/old\/wp-json\/wp\/v2\/types\/page"}],"author":[{"embeddable":true,"href":"https:\/\/www.nsa.smsm.lt\/old\/wp-json\/wp\/v2\/users\/1"}],"replies":[{"embeddable":true,"href":"https:\/\/www.nsa.smsm.lt\/old\/wp-json\/wp\/v2\/comments?post=12915"}],"version-history":[{"count":0,"href":"https:\/\/www.nsa.smsm.lt\/old\/wp-json\/wp\/v2\/pages\/12915\/revisions"}],"up":[{"embeddable":true,"href":"https:\/\/www.nsa.smsm.lt\/old\/wp-json\/wp\/v2\/pages\/12899"}],"wp:attachment":[{"href":"https:\/\/www.nsa.smsm.lt\/old\/wp-json\/wp\/v2\/media?parent=12915"}],"curies":[{"name":"wp","href":"https:\/\/api.w.org\/{rel}","templated":true}]}}