{"id":12903,"date":"2023-04-28T06:23:03","date_gmt":"2023-04-28T04:23:03","guid":{"rendered":"https:\/\/www.nsa.smsm.lt\/old\/?page_id=12903"},"modified":"2023-04-28T07:17:27","modified_gmt":"2023-04-28T05:17:27","slug":"smurto-ir-patyciu-prevencija","status":"publish","type":"page","link":"https:\/\/www.nsa.smsm.lt\/old\/svietimo-pagalba\/prevencinio-darbo-sritys\/smurto-ir-patyciu-prevencija\/","title":{"rendered":"Smurto ir paty\u010di\u0173 prevencija"},"content":{"rendered":"<h2 class=\"page-title\">Smurto ir paty\u010di\u0173 prevencija mokyklose<\/h2>\n<hr \/>\n<p>2016 m. spalio 18 d. Lietuvos Respublikos Seimas pri\u0117m\u0117 \u0160vietimo \u012fstatymo pataisas (Nr. XII-2685), kuriose:<\/p>\n<p>Apibr\u0117\u017etos paty\u010di\u0173 ir paty\u010di\u0173 kibernetin\u0117je erdv\u0117je, prevencin\u0117s programos s\u0105vokos;<\/p>\n<ul>\n<li>\u012etvirtintas bet kokios formos smurto draudimas: mokini\u0173 prie\u0161 mokinius, \u0161vietimo \u012fstaig\u0173 darbuotoj\u0173 prie\u0161 mokinius, mokini\u0173 prie\u0161 \u0161vietimo \u012fstaig\u0173 darbuotojus, \u0161vietimo \u012fstaig\u0173 darbuotoj\u0173 prie\u0161 kitus tos \u012fstaigos darbuotojus, mokini\u0173 t\u0117v\u0173 (glob\u0117j\u0173, r\u016bpintoj\u0173) prie\u0161 mokinius, mokytojus;<\/li>\n<li>Numatytas psichologin\u0117s pagalbos teikimas smurt\u0105 patyrusiems ar smurtavusiems mokiniams, mokytojams;<\/li>\n<li>Numatyta mokyklos vadovo atsakomyb\u0117 ir veiksmai smurto atvejais (prane\u0161imas, psichologin\u0117s pagalbos u\u017etikrinimas);<\/li>\n<li>Numatytas pedagogini\u0173 darbuotoj\u0173 kvalifikacijos tobulinimas ne re\u010diau kaip kas 4 metus mokini\u0173 socialini\u0173 emocini\u0173 kompetencij\u0173 ugdymo srityje;<\/li>\n<li>\u012etvirtinta prievol\u0117 u\u017etikrinti kiekvieno mokinio dalyvavim\u0105 prevencin\u0117je programoje;<\/li>\n<li>Numatyta mokykl\u0173 pareiga vykdyti smurto ir paty\u010di\u0173 prevencij\u0105 vadovaujantis \u0160vietimo ir mokslo ministro patvirtintomis rekomendacijomis.<\/li>\n<\/ul>\n<h3>Teis\u0117s aktai:<\/h3>\n<hr \/>\n<p><a href=\"https:\/\/www.e-tar.lt\/portal\/lt\/legalAct\/7adbfe909cf411e69ad4c8713b612d0f\" target=\"_blank\" rel=\"noopener noreferrer\">\u0160vietimo \u012fstatymo pataisos, susijusios su smurto ir paty\u010di\u0173 prevencija \u0161vietimo \u012fstaigose <i class=\"fa fa-arrow-circle-right \" ><\/i><\/a><\/p>\n<p><a href=\"https:\/\/www.e-tar.lt\/portal\/lt\/legalAct\/1da317500f9911e79800e8266c1e5d1b\" target=\"_blank\" rel=\"noopener noreferrer\">Smurto prevencijos \u012fgyvendinimo mokyklose rekomendacijos <i class=\"fa fa-arrow-circle-right \" ><\/i><\/a><\/p>\n<h3>Naudinga informacija:<\/h3>\n<hr \/>\n<p><a href=\"https:\/\/www.nsa.smsm.lt\/old\/old\/wp-content\/uploads\/2023\/04\/Smurto-ir-patyciu-prevencija_knyga.pdf\">SMURTO IR PATY\u010cI\u0172 PREVENCIJA IKIMOKYKLINIO UGDYMO \u012eSTAIGOJE. Metodin\u0117s rekomendacijos <i class=\"fa fa-arrow-circle-right \" ><\/i><\/a><\/p>\n<p><a href=\"http:\/\/mokytojotv.blogspot.com\/2017\/04\/smurto-prevencijos-igyvendinimas.html\" target=\"_blank\" rel=\"noopener noreferrer\">Mokytojo TV: Smurto prevencijos \u012fgyvendinimas mokyklose, 2017 m. baland\u017eio 19 d. <i class=\"fa fa-arrow-circle-right \" ><\/i><\/a><\/p>\n<p><a href=\"https:\/\/www.nsa.smsm.lt\/old\/old\/2019\/11\/07\/parengtos-rekomendacijos-praktiniam-smurto-atpazinimui-skirtu-plakatu-taikymui\/\" target=\"_blank\" rel=\"noopener noreferrer\">Plakat\u0173 smurto prevencijos tema praktinio taikymo rekomendacijos bendrojo ugdymo pedagogams <i class=\"fa fa-arrow-circle-right \" ><\/i><\/a><\/p>\n<p><a href=\"https:\/\/www.nsa.smsm.lt\/old\/old\/wp-content\/uploads\/2020\/12\/Plakatu_smurto_prevencijos_rekomendacijos.pdf\" target=\"_blank\" rel=\"noopener noreferrer\">Plakat\u0173 smurto prevencijos tema praktinio taikymo rekomendacijos ikimokyklinio ir prie\u0161mokyklinio ugdymo pedagogams <i class=\"fa fa-arrow-circle-right \" ><\/i><\/a><\/p>\n<p>&nbsp;<\/p>\n<h3>Naudingos nuorodos:<\/h3>\n<hr \/>\n<p><strong>Suaugusiesiems:<\/strong><\/p>\n<ol>\n<li>E-mokymai specialistams ir t\u0117vams apie vaik\u0173 apsaug\u0105 nuo seksualin\u0117s prievartos realiame ir virtualiame gyvenime <a href=\"https:\/\/www.stopwykorzystywaniu.pl\/lt\/\"><i class=\"fa fa-arrow-circle-right \" ><\/i><\/a><\/li>\n<li>Adlien\u0117 R., Bal\u010di\u016bnien\u0117 A., Dovydaityt\u0117 A. M., Leskauskas D., Raugalas P., Stanaitien\u0117 S., Taparauskien\u0117 D., Trijonyt\u0117 D. (2016). Smurto prie\u0161 vaikus diagnostikos metodin\u0117s rekomendacijos\u00a0<a href=\"https:\/\/sam.lrv.lt\/uploads\/sam\/documents\/files\/Veiklos_sritys\/Asmens_sveikatos_prieziura\/Diagnostikos_metodikos_ir_rekomendacijos\/Rekomendacijos\/SMURTO%20PRIES%20VAIKUS%20DIAGNOSTIKOS%20METODIN%C4%96S%20REKOMENDACIJOS.pdf\"><i class=\"fa fa-arrow-circle-right \" ><\/i><\/a><\/li>\n<li>Kiko ir ranka <a href=\"https:\/\/issuu.com\/paramosvaikamscentras\/docs\/kikobook_245x245mm_web\"><i class=\"fa fa-arrow-circle-right \" ><\/i><\/a><\/li>\n<li>Kiko ir ranka. Socialin\u0117 kampanija \u201e1i\u0161 5\u201c\u00a0<a href=\"https:\/\/www.youtube.com\/watch?v=zR29X9VYXKw\"><i class=\"fa fa-arrow-circle-right \" ><\/i><\/a><\/li>\n<li>Smurto prie\u0161 vaikus prevencija\u00a0<a href=\"https:\/\/socmin.lrv.lt\/lt\/veiklos-sritys\/seima-ir-vaikai\/vaiko-teisiu-apsauga\/smurto-pries-vaikus-prevencija#smurto-formos\"><i class=\"fa fa-arrow-circle-right \" ><\/i><\/a><\/li>\n<li>Kurien\u0117 A. Vaik\u0105 \u017ealojan\u010dio elgesio pasekm\u0117s <a href=\"http:\/\/www.pozityvitevyste.lt\/lt\/zodziai-zeidzia-visam-gyvenimui\/vaika-zalojancio-elgesio-pasekmes\"><i class=\"fa fa-arrow-circle-right \" ><\/i><\/a><\/li>\n<li>Patarimai t\u0117vams\u00a0<a href=\"http:\/\/www.pozityvitevyste.lt\/lt\/zodziai-zeidzia-visam-gyvenimui\/patarimai-tevams\"><i class=\"fa fa-arrow-circle-right \" ><\/i><\/a><\/li>\n<li>Smurto prevencija. Informacija specialistams, dirbantiems smurto artimoje aplinkoje prevencijos srityje (2018)\u00a0<a href=\"https:\/\/vpsc.lrv.lt\/uploads\/vpsc\/documents\/files\/Informacija%20psichikos%20sveikatos%20klausimais\/Leidinys_smurto_prevencija.pdf\"><i class=\"fa fa-arrow-circle-right \" ><\/i><\/a><\/li>\n<li>Smurto paplitimas ir jo prevencija Lietuvoje\u00a0<a href=\"http:\/\/www.hi.lt\/uploads\/pdf\/padaliniai\/VSTC%20TTVS\/Smurto%20paplitimas%20ir%20jo%20prevencija%20Lietuvoje.pdf\"><i class=\"fa fa-arrow-circle-right \" ><\/i><\/a><\/li>\n<li>Paty\u010di\u0173 prevencija mokykloje. R. Povilaitis, J. Valiukevi\u010di\u016bt\u0117 (2006) <a href=\"https:\/\/www.bepatyciu.lt\/media\/files\/downloadable\/patyciu_prevencija_mokyklose.pdf\"><i class=\"fa fa-arrow-circle-right \" ><\/i><\/a><\/li>\n<li>Smurtas mokykloje: prevencija ir pagalba. E. Karmaza, N. Grigutyt\u0117, E. G. Karmaz\u0117 (2007) <a href=\"https:\/\/www.klrppt.lt\/wp-content\/uploads\/2015\/03\/Smurtas-mokykloje-prevencija-ir-pagalba1.pdf\"><i class=\"fa fa-arrow-circle-right \" ><\/i><\/a><\/li>\n<li>Elektronin\u0117s paty\u010dios ir j\u0173 prevencija. R. Povilaitis, M. Ma\u017eionien\u0117, I.\u00a0 Suchodolska (2012) <a href=\"https:\/\/www.vaikulinija.lt\/media\/filer_public\/bc\/06\/bc067ba6-a32d-46d2-ac49-ad1142536ac2\/elektronines_patycios__perziurai_galutinis.pdf\"><i class=\"fa fa-arrow-circle-right \" ><\/i><\/a><\/li>\n<li>Smurto ir paty\u010di\u0173 prevencija mokantis nuotoliniu b\u016bdu (2020) <a href=\"https:\/\/www.nsa.smsm.lt\/old\/old\/wp-content\/uploads\/2020\/11\/Elektronines-patycios.-04-08.pdf\"><i class=\"fa fa-arrow-circle-right \" ><\/i><\/a><\/li>\n<li>Atmintin\u0117s t\u0117vams apie vaik\u0173 emocin\u0119 sveikat\u0105 <a href=\"https:\/\/pagalbasau.lt\/patarimai-tevams\/\"><i class=\"fa fa-arrow-circle-right \" ><\/i><\/a><\/li>\n<li>Mobingo prevencija. Atmintin\u0117 mokykl\u0173 vadovams ir darbuotojams (2022) <a href=\"https:\/\/www.nsa.smsm.lt\/old\/old\/bendruju-reikalu-departamentas\/leidiniai\/naujausi\/\"><i class=\"fa fa-arrow-circle-right \" ><\/i><\/a><\/li>\n<li><\/li>\n<\/ol>\n<p><strong>Vaikams:<\/strong><\/p>\n<ol>\n<li>Vaik\u0173 privatumas internete (I): Dalintis per daug. (2010) <a href=\"https:\/\/www.youtube.com\/watch?v=5TxCgC-Audo\"><i class=\"fa fa-arrow-circle-right \" ><\/i><\/a><\/li>\n<li>Vaik\u0173 privatumas internete (II): Papildymas. (2010) <a href=\"https:\/\/www.youtube.com\/watch?v=1b_M1pt83eE\"><i class=\"fa fa-arrow-circle-right \" ><\/i><\/a><\/li>\n<li>Vaik\u0173 privatumas internete (III): Justas. (2010) <a href=\"https:\/\/www.youtube.com\/watch?v=TFkXqoa0PS4\"><i class=\"fa fa-arrow-circle-right \" ><\/i><\/a><\/li>\n<li>Vaik\u0173 privatumas internete (IV): \u017dvaig\u017ed\u0117. (2010) <a href=\"https:\/\/www.youtube.com\/watch?v=D4jhka4PrlQ\"><i class=\"fa fa-arrow-circle-right \" ><\/i><\/a><\/li>\n<\/ol>\n<h2 class=\"page-title\">Vaik\u0173 apsauga nuo smurto artimoje aplinkoje<\/h2>\n<hr \/>\n<p>Vaiko teisi\u0173 apsaugos pagrind\u0173 \u012fstatymas <a class=\"link-item__link\" href=\"https:\/\/e-seimas.lrs.lt\/portal\/legalAct\/lt\/TAD\/TAIS.26397\/eZaTywbhkn.\" target=\"_blank\" rel=\"noopener noreferrer\"><i class=\"fa fa-arrow-circle-right \" ><\/i><\/a><\/p>\n<p>Apsaugos nuo smurto artimoje aplinkoje \u012fstatymas <a class=\"link-item__link\" href=\"https:\/\/www.e-tar.lt\/portal\/lt\/legalAct\/TAR.E14E65020CCC\/RCQbREoJzC\" target=\"_blank\" rel=\"noopener noreferrer\"><i class=\"fa fa-arrow-circle-right \" ><\/i><\/a><\/p>\n<p>Rekomendacijos mokykloms d\u0117l smurto artimoje aplinkoje atpa\u017einimo kriterij\u0173 ir veiksm\u0173, kilus \u012ftarimui d\u0117l smurto artimoje aplinkoje <a class=\"link-item__link\" href=\"https:\/\/e-seimas.lrs.lt\/portal\/legalAct\/lt\/TAD\/9d0d0d91840611eaa51db668f0092944\" target=\"_blank\" rel=\"noopener noreferrer\"><i class=\"fa fa-arrow-circle-right \" ><\/i><\/a><\/p>\n<p>Valstybin\u0117 smurto artimoje aplinkoje prevencijos ir pagalbos teikimo nukent\u0117jusiems asmenims 2014\u20132020 met\u0173 programa <a class=\"link-item__link\" href=\"https:\/\/www.e-tar.lt\/portal\/lt\/legalAct\/0ef33c60ea2811e38557d238694e3fc9\" target=\"_blank\" rel=\"noopener noreferrer\"><i class=\"fa fa-arrow-circle-right \" ><\/i><\/a><\/p>\n","protected":false},"excerpt":{"rendered":"<p>Smurto ir paty\u010di\u0173 prevencija mokyklose 2016 m. spalio 18 d. Lietuvos Respublikos Seimas pri\u0117m\u0117 \u0160vietimo \u012fstatymo pataisas (Nr. XII-2685), kuriose: Apibr\u0117\u017etos paty\u010di\u0173 ir paty\u010di\u0173 kibernetin\u0117je erdv\u0117je, prevencin\u0117s programos s\u0105vokos; \u012etvirtintas bet kokios formos smurto draudimas: mokini\u0173 prie\u0161 mokinius, \u0161vietimo \u012fstaig\u0173&nbsp;<a href=\"https:\/\/www.nsa.smsm.lt\/old\/svietimo-pagalba\/prevencinio-darbo-sritys\/smurto-ir-patyciu-prevencija\/\" class=\"placiau\">Pla\u010diau <i class=\"fa fa-caret-right\"><\/i><\/a><\/p>\n","protected":false},"author":1,"featured_media":0,"parent":12899,"menu_order":0,"comment_status":"closed","ping_status":"closed","template":"page-prevencija-sablonas.php","meta":{"_acf_changed":false,"footnotes":""},"class_list":["post-12903","page","type-page","status-publish","hentry"],"acf":[],"_links":{"self":[{"href":"https:\/\/www.nsa.smsm.lt\/old\/wp-json\/wp\/v2\/pages\/12903","targetHints":{"allow":["GET"]}}],"collection":[{"href":"https:\/\/www.nsa.smsm.lt\/old\/wp-json\/wp\/v2\/pages"}],"about":[{"href":"https:\/\/www.nsa.smsm.lt\/old\/wp-json\/wp\/v2\/types\/page"}],"author":[{"embeddable":true,"href":"https:\/\/www.nsa.smsm.lt\/old\/wp-json\/wp\/v2\/users\/1"}],"replies":[{"embeddable":true,"href":"https:\/\/www.nsa.smsm.lt\/old\/wp-json\/wp\/v2\/comments?post=12903"}],"version-history":[{"count":0,"href":"https:\/\/www.nsa.smsm.lt\/old\/wp-json\/wp\/v2\/pages\/12903\/revisions"}],"up":[{"embeddable":true,"href":"https:\/\/www.nsa.smsm.lt\/old\/wp-json\/wp\/v2\/pages\/12899"}],"wp:attachment":[{"href":"https:\/\/www.nsa.smsm.lt\/old\/wp-json\/wp\/v2\/media?parent=12903"}],"curies":[{"name":"wp","href":"https:\/\/api.w.org\/{rel}","templated":true}]}}