{"id":12899,"date":"2024-07-30T10:19:03","date_gmt":"2024-07-30T08:19:03","guid":{"rendered":"https:\/\/www.nsa.smsm.lt\/old\/?page_id=12899"},"modified":"2024-07-30T11:07:56","modified_gmt":"2024-07-30T09:07:56","slug":"prevencinio-darbo-sritys","status":"publish","type":"page","link":"https:\/\/www.nsa.smsm.lt\/old\/svietimo-pagalba\/prevencinio-darbo-sritys\/","title":{"rendered":"Prevencinio darbo sritys"},"content":{"rendered":"<p>Smurto ir paty\u010di\u0173 prevencija <a href=\"https:\/\/www.nsa.smsm.lt\/old\/old\/svietimo-pagalbos-departamentas\/psichologijos-skyrius\/prevencija\/smurto-ir-patyciu-prevencija\/\"><i class=\"fa fa-arrow-circle-right \" ><\/i><\/a><\/p>\n<p>Krizi\u0173 prevencija, intervencija ir postvencija <a href=\"https:\/\/www.nsa.smsm.lt\/old\/old\/svietimo-pagalbos-departamentas\/psichologijos-skyrius\/prevencija\/kriziu-prevencija-intervencija-ir-postvencija\/\"><i class=\"fa fa-arrow-circle-right \" ><\/i><\/a><\/p>\n<p>Psichoaktyvi\u0173j\u0173 med\u017eiag\u0173 vartojimo prevencija <a href=\"https:\/\/www.nsa.smsm.lt\/old\/old\/svietimo-pagalbos-departamentas\/psichologijos-skyrius\/prevencija\/psichoaktyviuju-medziagu-vartojimo-prevencija\/\"><i class=\"fa fa-arrow-circle-right \" ><\/i><\/a><\/p>\n<p>Prekybos \u017emon\u0117mis prevencija <a href=\"https:\/\/www.nsa.smsm.lt\/old\/old\/svietimo-pagalbos-departamentas\/psichologijos-skyrius\/prevencija\/prekybos-zmonemis-prevencija\/\"><i class=\"fa fa-arrow-circle-right \" ><\/i><\/a><\/p>\n<p>Savi\u017eudybi\u0173 prevencija <a href=\"https:\/\/www.nsa.smsm.lt\/old\/old\/svietimo-pagalbos-departamentas\/psichologijos-skyrius\/prevencija\/savizudybiu-prevencija\/\"><i class=\"fa fa-arrow-circle-right \" ><\/i><\/a><\/p>\n<p>Probleminio lo\u0161imo prevencija\u00a0<a href=\"https:\/\/www.nsa.smsm.lt\/old\/old\/wp-content\/uploads\/2022\/06\/Azartiniu-losimu-prevencija-viesinimui.pdf\"><i class=\"fa fa-arrow-circle-right \" ><\/i><\/a><\/p>\n","protected":false},"excerpt":{"rendered":"<p>Smurto ir paty\u010di\u0173 prevencija Krizi\u0173 prevencija, intervencija ir postvencija Psichoaktyvi\u0173j\u0173 med\u017eiag\u0173 vartojimo prevencija Prekybos \u017emon\u0117mis prevencija Savi\u017eudybi\u0173 prevencija Probleminio lo\u0161imo prevencija\u00a0<\/p>\n","protected":false},"author":1,"featured_media":0,"parent":32696,"menu_order":1,"comment_status":"closed","ping_status":"closed","template":"page-prevencija.php","meta":{"_acf_changed":false,"footnotes":""},"class_list":["post-12899","page","type-page","status-publish","hentry"],"acf":[],"_links":{"self":[{"href":"https:\/\/www.nsa.smsm.lt\/old\/wp-json\/wp\/v2\/pages\/12899","targetHints":{"allow":["GET"]}}],"collection":[{"href":"https:\/\/www.nsa.smsm.lt\/old\/wp-json\/wp\/v2\/pages"}],"about":[{"href":"https:\/\/www.nsa.smsm.lt\/old\/wp-json\/wp\/v2\/types\/page"}],"author":[{"embeddable":true,"href":"https:\/\/www.nsa.smsm.lt\/old\/wp-json\/wp\/v2\/users\/1"}],"replies":[{"embeddable":true,"href":"https:\/\/www.nsa.smsm.lt\/old\/wp-json\/wp\/v2\/comments?post=12899"}],"version-history":[{"count":3,"href":"https:\/\/www.nsa.smsm.lt\/old\/wp-json\/wp\/v2\/pages\/12899\/revisions"}],"predecessor-version":[{"id":39949,"href":"https:\/\/www.nsa.smsm.lt\/old\/wp-json\/wp\/v2\/pages\/12899\/revisions\/39949"}],"up":[{"embeddable":true,"href":"https:\/\/www.nsa.smsm.lt\/old\/wp-json\/wp\/v2\/pages\/32696"}],"wp:attachment":[{"href":"https:\/\/www.nsa.smsm.lt\/old\/wp-json\/wp\/v2\/media?parent=12899"}],"curies":[{"name":"wp","href":"https:\/\/api.w.org\/{rel}","templated":true}]}}