{"id":12649,"date":"2022-09-14T10:23:51","date_gmt":"2022-09-14T08:23:51","guid":{"rendered":"https:\/\/www.nsa.smsm.lt\/old\/?page_id=12649"},"modified":"2023-01-11T23:51:38","modified_gmt":"2023-01-11T21:51:38","slug":"aukstesniuju-gebejimu-turinciu-vaiku-atpazinimas","status":"publish","type":"page","link":"https:\/\/www.nsa.smsm.lt\/old\/svietimo-pagalba\/istekliu-bankas\/aukstesniuju-gebejimu-turinciu-vaiku-atpazinimas\/","title":{"rendered":"Auk\u0161tesni\u0173j\u0173 geb\u0117jim\u0173 turin\u010di\u0173 vaik\u0173 atpa\u017einimas"},"content":{"rendered":"<h3 class=\"link-heading\">PSICHOLOGO APLANKAS<\/h3>\n<hr \/>\n<p><i class=\"fa fa-file-pdf-o \" ><\/i> Didel\u012f mokymosi potencial\u0105 turin\u010di\u0173 mokini\u0173 \u012fvertinimas. Metodiniai nurodymai mokykl\u0173 psichologams <a class=\"link-item__link\" href=\"https:\/\/www.nsa.smsm.lt\/old\/old\/wp-content\/uploads\/2020\/07\/Atpazinimas-Psichologams.pdf\" target=\"_blank\" rel=\"noopener noreferrer\"><i class=\"fa fa-arrow-circle-right \" ><\/i><\/a><\/p>\n<p><i class=\"fa fa-file-pdf-o \" ><\/i> Geb\u0117jim\u0173 nerealizuojan\u010di\u0173 vaik\u0173 klausimynas 2-4 kl. <a class=\"link-item__link\" href=\"https:\/\/www.nsa.smsm.lt\/old\/old\/wp-content\/uploads\/2020\/07\/Gebejimu-nerealizuojanciu-vaiku-klausimynas_2-4kl.pdf\" target=\"_blank\" rel=\"noopener noreferrer\"><i class=\"fa fa-arrow-circle-right \" ><\/i><\/a><\/p>\n<p><i class=\"fa fa-file-pdf-o \" ><\/i> Geb\u0117jim\u0173 nerealizuojan\u010di\u0173 vaik\u0173 klausimynas 5-8 kl. <a class=\"link-item__link\" href=\"https:\/\/www.nsa.smsm.lt\/old\/old\/wp-content\/uploads\/2020\/07\/Gebejimu-nerealizuojanciu-vaiku-klausimynas_5-8kl.pdf\" target=\"_blank\" rel=\"noopener noreferrer\"><i class=\"fa fa-arrow-circle-right \" ><\/i><\/a><\/p>\n<p><i class=\"fa fa-file-pdf-o \" ><\/i> Mokini\u0173 nominavimo anketa 2-4 kl. <a class=\"link-item__link\" href=\"https:\/\/www.nsa.smsm.lt\/old\/old\/wp-content\/uploads\/2020\/07\/Mokiniu-nominavimo-anketa_2-4kl.pdf\" target=\"_blank\" rel=\"noopener noreferrer\"><i class=\"fa fa-arrow-circle-right \" ><\/i><\/a><\/p>\n<p><i class=\"fa fa-file-pdf-o \" ><\/i> Mokini\u0173 nominavimo anketa 5-8 kl. <a class=\"link-item__link\" href=\"https:\/\/www.nsa.smsm.lt\/old\/old\/wp-content\/uploads\/2020\/07\/Mokiniu-nominavimo-anketa_5-8kl.pdf\" target=\"_blank\" rel=\"noopener noreferrer\"><i class=\"fa fa-arrow-circle-right \" ><\/i><\/a><\/p>\n<p><i class=\"fa fa-file-pdf-o \" ><\/i> Vaiko gabum\u0173 rangavimo klausimynas 2 &#8211; 4 kl. <a class=\"link-item__link\" href=\"https:\/\/www.nsa.smsm.lt\/old\/old\/wp-content\/uploads\/2020\/07\/Vaiko-gabumu-rangavimo-klausimynas_2-4kl.pdf\" target=\"_blank\" rel=\"noopener noreferrer\"><i class=\"fa fa-arrow-circle-right \" ><\/i><\/a><\/p>\n<p><i class=\"fa fa-file-pdf-o \" ><\/i> Vaiko gabum\u0173 rangavimo klausimynas 5 &#8211; 8 kl. <a class=\"link-item__link\" href=\"https:\/\/www.nsa.smsm.lt\/old\/old\/wp-content\/uploads\/2020\/07\/Vaiko-gabumu-rangavimo-klausimynas_5-8kl.pdf\" target=\"_blank\" rel=\"noopener noreferrer\"><i class=\"fa fa-arrow-circle-right \" ><\/i><\/a><\/p>\n<p>&nbsp;<\/p>\n<h3 class=\"link-heading\">MOKYTOJO APLANKAS<\/h3>\n<hr \/>\n<p><i class=\"fa fa-file-pdf-o \" ><\/i> Didel\u012f mokymosi potencial\u0105 turin\u010di\u0173 mokini\u0173 atranka ir atpa\u017einimas. Metodiniai nurodymai mokytojams <a class=\"link-item__link\" href=\"https:\/\/www.nsa.smsm.lt\/old\/old\/wp-content\/uploads\/2020\/07\/03_Atpazinimas_Mokytojams_net.pdf\" target=\"_blank\" rel=\"noopener noreferrer\"><i class=\"fa fa-arrow-circle-right \" ><\/i><\/a><\/p>\n<p><i class=\"fa fa-file-pdf-o \" ><\/i> Gab\u016bs ir talentingi vaikai: samprata, ypatumai ir atpa\u017einimas <a class=\"link-item__link\" href=\"https:\/\/www.nsa.smsm.lt\/old\/old\/wp-content\/uploads\/2020\/07\/05_Gabus-ir-talentingi-vaikai_Mokytojams_net.pdf\" target=\"_blank\" rel=\"noopener noreferrer\"><i class=\"fa fa-arrow-circle-right \" ><\/i><\/a><\/p>\n<p>&nbsp;<\/p>\n<h3 class=\"link-heading\">T\u0116V\u0172 APLANKAS<\/h3>\n<hr \/>\n<p><i class=\"fa fa-file-pdf-o \" ><\/i> Kaip atpa\u017einti dideli\u0173 geb\u0117jim\u0173 vaik\u0105? Patarimai t\u0117vams <a class=\"link-item__link\" href=\"https:\/\/www.nsa.smsm.lt\/old\/old\/wp-content\/uploads\/2021\/04\/Kaip-atpazinti-dideliu-gebejimu-vaika.-Patarimai-tevams.pdf\" target=\"_blank\" rel=\"noopener noreferrer\"><i class=\"fa fa-arrow-circle-right \" ><\/i><\/a><\/p>\n<p><i class=\"fa fa-file-pdf-o \" ><\/i> T\u0117vams apie gabius vaikus <a class=\"link-item__link\" href=\"https:\/\/www.nsa.smsm.lt\/old\/old\/wp-content\/uploads\/2020\/07\/06_Tevams-apie-gabius-vaikus_net.pdf\" target=\"_blank\" rel=\"noopener noreferrer\"><i class=\"fa fa-arrow-circle-right \" ><\/i><\/a><\/p>\n","protected":false},"excerpt":{"rendered":"<p>PSICHOLOGO APLANKAS Didel\u012f mokymosi potencial\u0105 turin\u010di\u0173 mokini\u0173 \u012fvertinimas. Metodiniai nurodymai mokykl\u0173 psichologams Geb\u0117jim\u0173 nerealizuojan\u010di\u0173 vaik\u0173 klausimynas 2-4 kl. Geb\u0117jim\u0173 nerealizuojan\u010di\u0173 vaik\u0173 klausimynas 5-8 kl. Mokini\u0173 nominavimo anketa 2-4 kl. Mokini\u0173 nominavimo anketa 5-8 kl. Vaiko gabum\u0173 rangavimo klausimynas 2 &#8211;&nbsp;<a href=\"https:\/\/www.nsa.smsm.lt\/old\/svietimo-pagalba\/istekliu-bankas\/aukstesniuju-gebejimu-turinciu-vaiku-atpazinimas\/\" class=\"placiau\">Pla\u010diau <i class=\"fa fa-caret-right\"><\/i><\/a><\/p>\n","protected":false},"author":1,"featured_media":0,"parent":12378,"menu_order":0,"comment_status":"closed","ping_status":"closed","template":"","meta":{"_acf_changed":false,"footnotes":""},"class_list":["post-12649","page","type-page","status-publish","hentry"],"acf":[],"_links":{"self":[{"href":"https:\/\/www.nsa.smsm.lt\/old\/wp-json\/wp\/v2\/pages\/12649","targetHints":{"allow":["GET"]}}],"collection":[{"href":"https:\/\/www.nsa.smsm.lt\/old\/wp-json\/wp\/v2\/pages"}],"about":[{"href":"https:\/\/www.nsa.smsm.lt\/old\/wp-json\/wp\/v2\/types\/page"}],"author":[{"embeddable":true,"href":"https:\/\/www.nsa.smsm.lt\/old\/wp-json\/wp\/v2\/users\/1"}],"replies":[{"embeddable":true,"href":"https:\/\/www.nsa.smsm.lt\/old\/wp-json\/wp\/v2\/comments?post=12649"}],"version-history":[{"count":0,"href":"https:\/\/www.nsa.smsm.lt\/old\/wp-json\/wp\/v2\/pages\/12649\/revisions"}],"up":[{"embeddable":true,"href":"https:\/\/www.nsa.smsm.lt\/old\/wp-json\/wp\/v2\/pages\/12378"}],"wp:attachment":[{"href":"https:\/\/www.nsa.smsm.lt\/old\/wp-json\/wp\/v2\/media?parent=12649"}],"curies":[{"name":"wp","href":"https:\/\/api.w.org\/{rel}","templated":true}]}}