{"id":12378,"date":"2025-02-03T08:55:34","date_gmt":"2025-02-03T06:55:34","guid":{"rendered":"https:\/\/www.nsa.smsm.lt\/old\/?page_id=12378"},"modified":"2025-02-03T14:52:36","modified_gmt":"2025-02-03T12:52:36","slug":"istekliu-bankas","status":"publish","type":"page","link":"https:\/\/www.nsa.smsm.lt\/old\/svietimo-pagalba\/istekliu-bankas\/","title":{"rendered":"I\u0161tekli\u0173 bankas"},"content":{"rendered":"<p>Vaiko gerov\u0117s komisij\u0173 apklausos rezultat\u0173 analiz\u0117 <a href=\"https:\/\/www.nsa.smsm.lt\/old\/old\/wp-content\/uploads\/2022\/02\/VGK-aplausos-rezultatai.pdf\"><i class=\"fa fa-arrow-circle-right \" ><\/i><\/a><\/p>\n<p>\u012eveikiant COVID-19 pandemijos neigiamas pasekmes mokini\u0173 psichikos sveikatai <a href=\"https:\/\/www.nsa.smsm.lt\/old\/old\/wp-content\/uploads\/2021\/01\/Apie-mokymus-karantino-zalai-mazinti.pdf\"><i class=\"fa fa-arrow-circle-right \" ><\/i><\/a><\/p>\n<p>Auk\u0161tesni\u0173j\u0173 geb\u0117jim\u0173 turin\u010di\u0173 vaik\u0173 atpa\u017einimas <a href=\"https:\/\/www.nsa.smsm.lt\/old\/old\/svietimo-pagalbos-departamentas\/psichologijos-skyrius\/istekliu-bankas\/aukstesniuju-gebejimu-turinciu-vaiku-atpazinimas\/\"><i class=\"fa fa-arrow-circle-right \" ><\/i><\/a><\/p>\n<p>Specialieji moduliai auk\u0161tesni\u0173j\u0173 geb\u0117jim\u0173 turintiems vaikams. MOKYTOJO APLANKAS <a href=\"https:\/\/www.nsa.smsm.lt\/old\/old\/svietimo-pagalbos-departamentas\/psichologijos-skyrius\/istekliu-bankas\/specialieji-moduliai-aukstesniuju-gebejimu-turintiems-vaikams-mokytojo-aplankas\/\"><i class=\"fa fa-arrow-circle-right \" ><\/i><\/a><\/p>\n<p>Specialieji moduliai auk\u0161tesni\u0173j\u0173 geb\u0117jim\u0173 turintiems vaikams. MOKINIO APLANKAS <a href=\"https:\/\/www.nsa.smsm.lt\/old\/old\/svietimo-pagalbos-departamentas\/psichologijos-skyrius\/istekliu-bankas\/specialieji-moduliai-aukstesniuju-gebejimu-turintiems-vaikams-mokinio-aplankas\/\"><i class=\"fa fa-arrow-circle-right \" ><\/i><\/a><\/p>\n<p>Metodiniai leidiniai\u00a0<a class=\"link-item__link\" href=\"https:\/\/www.nsa.smsm.lt\/old\/old\/svietimo-pagalbos-departamentas\/psichologijos-skyrius\/istekliu-bankas\/metodiniai-leidiniai\/\" target=\"_blank\" rel=\"noopener noreferrer\"><i class=\"fa fa-arrow-circle-right \" ><\/i><\/a><\/p>\n<p>&nbsp;<\/p>\n<p><a href=\"https:\/\/www.nsa.smsm.lt\/old\/old\/wp-content\/uploads\/2025\/02\/Prevenciniu-programu-igyvendinimo-apzvalga.pdf\"><i class=\"fa fa-fas fa-file-pdf \" ><\/i> PREVENCINI\u0172 PROGRAM\u0172 \u012eGYVENDINIMO MOKYKLOSE AP\u017dVALGA<\/a><\/p>\n<p><a href=\"https:\/\/www.nsa.smsm.lt\/old\/old\/wp-content\/uploads\/2021\/05\/Atmintine-Probleminis-losimas-internete.mp4\" target=\"_blank\" rel=\"noopener\"><i class=\"fa fa-fas fa-video \" ><\/i> Atmintin\u0117 t\u0117vams. Priklausomyb\u0117 nuo azartini\u0173 lo\u0161im\u0173 internete<\/a><\/p>\n<p><a href=\"https:\/\/www.nsa.smsm.lt\/old\/old\/wp-content\/uploads\/2021\/05\/Atmintine-tevams_-Priklausomybe-nuo-azartiniu-losimu.pdf\" target=\"_blank\" rel=\"noopener\"><i class=\"fa fa-fas fa-file-pdf \" ><\/i> Atmintin\u0117 t\u0117vams. Priklausomyb\u0117 nuo azartini\u0173 lo\u0161im\u0173 internete<\/a><\/p>\n<p>&nbsp;<\/p>\n<p><a href=\"https:\/\/www.nsa.smsm.lt\/old\/old\/wp-content\/uploads\/2021\/05\/Atmintine.pdf\"><i class=\"fa fa-fas fa-file-pdf \" ><\/i> Atmintin\u0117 t\u0117vams, pedagogams. Kaip pad\u0117ti mokiniams i\u0161vengti priklausomyb\u0117s nuo ekran\u0173?<\/a><\/p>\n<p>&nbsp;<\/p>\n<p><a href=\"https:\/\/www.nsa.smsm.lt\/old\/old\/wp-content\/uploads\/2021\/05\/abiturientams-besirengiantiems-egzaminams.pdf\"><i class=\"fa fa-fas fa-file-pdf \" ><\/i> Atmintin\u0117 \u201eKaip i\u0161k\u0119sti egzaminus?\u201c. Patarimai abiturientams.<\/a><\/p>\n<p>\u012era\u0161o nuoroda:\u00a0<a href=\"https:\/\/youtu.be\/XkugS1niWsI\" target=\"_blank\" rel=\"noopener noreferrer\" data-auth=\"NotApplicable\" data-linkindex=\"0\">https:\/\/youtu.be\/XkugS1niWsI<\/a><\/p>\n<p>&nbsp;<\/p>\n<p><a href=\"https:\/\/www.youtube.com\/watch?v=YZ-dSJlMtFA\">Atmintin\u0117 abiturientams laikantiems egzaminus. Vaizdo \u012fra\u0161as gest\u0173 kalba.<\/a><\/p>\n","protected":false},"excerpt":{"rendered":"<p>Vaiko gerov\u0117s komisij\u0173 apklausos rezultat\u0173 analiz\u0117 \u012eveikiant COVID-19 pandemijos neigiamas pasekmes mokini\u0173 psichikos sveikatai Auk\u0161tesni\u0173j\u0173 geb\u0117jim\u0173 turin\u010di\u0173 vaik\u0173 atpa\u017einimas Specialieji moduliai auk\u0161tesni\u0173j\u0173 geb\u0117jim\u0173 turintiems vaikams. MOKYTOJO APLANKAS Specialieji moduliai auk\u0161tesni\u0173j\u0173 geb\u0117jim\u0173 turintiems vaikams. MOKINIO APLANKAS Metodiniai leidiniai\u00a0 &nbsp; PREVENCINI\u0172 PROGRAM\u0172&nbsp;<a href=\"https:\/\/www.nsa.smsm.lt\/old\/svietimo-pagalba\/istekliu-bankas\/\" class=\"placiau\">Pla\u010diau <i class=\"fa fa-caret-right\"><\/i><\/a><\/p>\n","protected":false},"author":1,"featured_media":0,"parent":32696,"menu_order":3,"comment_status":"closed","ping_status":"closed","template":"page-prevencija.php","meta":{"_acf_changed":false,"footnotes":""},"class_list":["post-12378","page","type-page","status-publish","hentry"],"acf":[],"_links":{"self":[{"href":"https:\/\/www.nsa.smsm.lt\/old\/wp-json\/wp\/v2\/pages\/12378","targetHints":{"allow":["GET"]}}],"collection":[{"href":"https:\/\/www.nsa.smsm.lt\/old\/wp-json\/wp\/v2\/pages"}],"about":[{"href":"https:\/\/www.nsa.smsm.lt\/old\/wp-json\/wp\/v2\/types\/page"}],"author":[{"embeddable":true,"href":"https:\/\/www.nsa.smsm.lt\/old\/wp-json\/wp\/v2\/users\/1"}],"replies":[{"embeddable":true,"href":"https:\/\/www.nsa.smsm.lt\/old\/wp-json\/wp\/v2\/comments?post=12378"}],"version-history":[{"count":3,"href":"https:\/\/www.nsa.smsm.lt\/old\/wp-json\/wp\/v2\/pages\/12378\/revisions"}],"predecessor-version":[{"id":42311,"href":"https:\/\/www.nsa.smsm.lt\/old\/wp-json\/wp\/v2\/pages\/12378\/revisions\/42311"}],"up":[{"embeddable":true,"href":"https:\/\/www.nsa.smsm.lt\/old\/wp-json\/wp\/v2\/pages\/32696"}],"wp:attachment":[{"href":"https:\/\/www.nsa.smsm.lt\/old\/wp-json\/wp\/v2\/media?parent=12378"}],"curies":[{"name":"wp","href":"https:\/\/api.w.org\/{rel}","templated":true}]}}