{"id":12325,"date":"2022-11-08T11:56:58","date_gmt":"2022-11-08T09:56:58","guid":{"rendered":"https:\/\/www.nsa.smsm.lt\/old\/?page_id=12325"},"modified":"2023-01-11T23:38:08","modified_gmt":"2023-01-11T21:38:08","slug":"itraukties-pletros-skyrius","status":"publish","type":"page","link":"https:\/\/www.nsa.smsm.lt\/old\/svietimo-pagalbos-departamentas\/itraukties-pletros-skyrius\/","title":{"rendered":"\u012etraukties pl\u0117tros skyrius"},"content":{"rendered":"<p>Inicijuoja ir vykdo priemones, skirtas \u0161alies\u00a0 specialiosios pedagogin\u0117s, specialiosios pagalbos teikimo sistemos\u00a0 stiprinimui ir pl\u0117trai.<\/p>\n<ul>\n<li>konsultuoja \u0161vietimo pagalbos \u012fstaig\u0173 vadovus, specialistus, pedagogus, t\u0117vus ( glob\u0117jus, r\u016bpintojus) specialiosios pedagogin\u0117s, specialiosios, psichologin\u0117s pagalbos\u00a0 teikimo, speciali\u0173j\u0173 ugdymosi poreiki\u0173 asmen\u0173 \u00a0\u012fvertinimo, ugdymo, speciali\u0173j\u0173 mokymo priemoni\u0173 naudojimo klausimais;<\/li>\n<li>inicijuoja specialiosios pedagogin\u0117s, specialiosios pagalbos teikim\u0105 reglamentuojan\u010di\u0173 teises\u00a0 akt\u0173 rengim\u0105, teikia si\u016blymus, pastabas ir\u00a0 dalyvauja juos\u00a0 rengiant<\/li>\n<li>dalyvauja nagrin\u0117jant apeliacijas d\u0117l gin\u010dytino vaiko pedagoginio psichologinio vertinimo \u00a0\u00a0t\u0117vams nesutikus su vaiko vertinimo, atlikto PPT\/\u0160PT specialist\u0173 i\u0161vadomis, priima sprendimus d\u0117l i\u0161vad\u0173 pagr\u012fstumo, pagal poreik\u012f atlieka\u00a0 vertinim\u0105 pakartotinai;<\/li>\n<li>dalyvauja vykdant PPT\/\u0160PT, \u0161vietimo centr\u0173 pagalbos mokiniui (i\u0161skyrus psichologus) specialist\u0173 praktin\u0117s veiklos vertinim\u0105 ir atestacij\u0105;<\/li>\n<li>pagal poreik\u012f organizuoja speciali\u0173j\u0173 mokymo priemoni\u0173 ir pritaikyt\u0173 vadov\u0117li\u0173 turinio ekspertin\u012f vertinim\u0105. Atnaujinamas elektroninis priemoniu katalogas, speciali\u0173j\u0173 mokymo priemoni\u0173 s\u0105ra\u0161as, <strong>skaitmenini\u0173 priemoni\u0173 s\u0105ra\u0161as, skirtas\u00a0dirbti nuotoliniu b\u016bdu su speciali\u0173j\u0173 ugdymosi poreiki\u0173 turin\u010diais mokiniais<\/strong>;<\/li>\n<li>kaupia ir analizuoja informacij\u0105 bei teikia metodin\u0119 pagalb\u0105 speciali\u0173j\u0173 ugdymosi poreiki\u0173 asmen\u0173 \u012fvertinimo, j\u0173 ugdymo, specialiosios pedagogin\u0117s, specialiosios pagalbos teikimo, speciali\u0173j\u0173 mokymo priemoni\u0173 naudojimo darbui su speciali\u0173j\u0173 ugdymosi poreiki\u0173 mokiniais klausimais;<\/li>\n<li>pagal kompetencij\u0105 dalyvauja Agent\u016bros, \u0160vietimo, mokslo ir sporto ministerijos, savivaldybi\u0173 institucij\u0173 bei \u012fstaig\u0173 sudaryt\u0173 darbo grupi\u0173 veikloje;<\/li>\n<li>bendradarbiauja su \u012fvairiomis institucijomis, visuomenin\u0117mis organizacijomis Lietuvoje ir u\u017esienyje speciali\u0173j\u0173 ugdymosi poreiki\u0173 asmen\u0173 ugdymo, specialiosios pedagogin\u0117s, specialiosios pagalbos teikimo, speciali\u0173j\u0173 mokymo priemoni\u0173 naudojimo klausimais;<\/li>\n<li>\u0161vietimo, mokslo ir sporto ministerijai \u012fgaliojus, atstovauja tarptautin\u0117se organizacijose ar dalyvauja tarptautini\u0173 organizacij\u0173 veikloje, kaupia ir dalijasi informacija apie pasaulyje diegiamas pa\u017eangias \u0161vietimo inovacijas ir j\u0173 taikymo praktikas.<\/li>\n<\/ul>\n","protected":false},"excerpt":{"rendered":"<p>Inicijuoja ir vykdo priemones, skirtas \u0161alies\u00a0 specialiosios pedagogin\u0117s, specialiosios pagalbos teikimo sistemos\u00a0 stiprinimui ir pl\u0117trai. konsultuoja \u0161vietimo pagalbos \u012fstaig\u0173 vadovus, specialistus, pedagogus, t\u0117vus ( glob\u0117jus, r\u016bpintojus) specialiosios pedagogin\u0117s, specialiosios, psichologin\u0117s pagalbos\u00a0 teikimo, speciali\u0173j\u0173 ugdymosi poreiki\u0173 asmen\u0173 \u00a0\u012fvertinimo, ugdymo, speciali\u0173j\u0173 mokymo&nbsp;<a href=\"https:\/\/www.nsa.smsm.lt\/old\/svietimo-pagalbos-departamentas\/itraukties-pletros-skyrius\/\" class=\"placiau\">Pla\u010diau <i class=\"fa fa-caret-right\"><\/i><\/a><\/p>\n","protected":false},"author":1,"featured_media":0,"parent":10144,"menu_order":0,"comment_status":"closed","ping_status":"closed","template":"","meta":{"_acf_changed":false,"footnotes":""},"class_list":["post-12325","page","type-page","status-publish","hentry"],"acf":[],"_links":{"self":[{"href":"https:\/\/www.nsa.smsm.lt\/old\/wp-json\/wp\/v2\/pages\/12325","targetHints":{"allow":["GET"]}}],"collection":[{"href":"https:\/\/www.nsa.smsm.lt\/old\/wp-json\/wp\/v2\/pages"}],"about":[{"href":"https:\/\/www.nsa.smsm.lt\/old\/wp-json\/wp\/v2\/types\/page"}],"author":[{"embeddable":true,"href":"https:\/\/www.nsa.smsm.lt\/old\/wp-json\/wp\/v2\/users\/1"}],"replies":[{"embeddable":true,"href":"https:\/\/www.nsa.smsm.lt\/old\/wp-json\/wp\/v2\/comments?post=12325"}],"version-history":[{"count":0,"href":"https:\/\/www.nsa.smsm.lt\/old\/wp-json\/wp\/v2\/pages\/12325\/revisions"}],"up":[{"embeddable":true,"href":"https:\/\/www.nsa.smsm.lt\/old\/wp-json\/wp\/v2\/pages\/10144"}],"wp:attachment":[{"href":"https:\/\/www.nsa.smsm.lt\/old\/wp-json\/wp\/v2\/media?parent=12325"}],"curies":[{"name":"wp","href":"https:\/\/api.w.org\/{rel}","templated":true}]}}