{"id":12123,"date":"2022-10-14T09:26:24","date_gmt":"2022-10-14T07:26:24","guid":{"rendered":"https:\/\/www.nsa.smsm.lt\/old\/?page_id=12123"},"modified":"2023-01-11T19:59:06","modified_gmt":"2023-01-11T17:59:06","slug":"pagalba-mokiniui","status":"publish","type":"page","link":"https:\/\/www.nsa.smsm.lt\/old\/analiziu-zemelapis\/pagalba-mokiniui\/","title":{"rendered":"Pagalba mokiniui"},"content":{"rendered":"<p>Kaip mokiniai vertina savo mokyklos emocin\u0119 ir edukacin\u0119 aplink\u0105 <a href=\"https:\/\/www.nsa.smsm.lt\/old\/old\/wp-content\/uploads\/2020\/06\/Kaip_mokiniai_vertina_savo_mokyklos_emocine_ir_edukacine_aplinka.pdf\"><i class=\"fa fa-far fa-file-pdf \" ><\/i><\/a><\/p>\n","protected":false},"excerpt":{"rendered":"<p>Kaip mokiniai vertina savo mokyklos emocin\u0119 ir edukacin\u0119 aplink\u0105<\/p>\n","protected":false},"author":1,"featured_media":0,"parent":12059,"menu_order":1,"comment_status":"closed","ping_status":"closed","template":"page-analize3.php","meta":{"_acf_changed":false,"footnotes":""},"class_list":["post-12123","page","type-page","status-publish","hentry"],"acf":[],"_links":{"self":[{"href":"https:\/\/www.nsa.smsm.lt\/old\/wp-json\/wp\/v2\/pages\/12123","targetHints":{"allow":["GET"]}}],"collection":[{"href":"https:\/\/www.nsa.smsm.lt\/old\/wp-json\/wp\/v2\/pages"}],"about":[{"href":"https:\/\/www.nsa.smsm.lt\/old\/wp-json\/wp\/v2\/types\/page"}],"author":[{"embeddable":true,"href":"https:\/\/www.nsa.smsm.lt\/old\/wp-json\/wp\/v2\/users\/1"}],"replies":[{"embeddable":true,"href":"https:\/\/www.nsa.smsm.lt\/old\/wp-json\/wp\/v2\/comments?post=12123"}],"version-history":[{"count":0,"href":"https:\/\/www.nsa.smsm.lt\/old\/wp-json\/wp\/v2\/pages\/12123\/revisions"}],"up":[{"embeddable":true,"href":"https:\/\/www.nsa.smsm.lt\/old\/wp-json\/wp\/v2\/pages\/12059"}],"wp:attachment":[{"href":"https:\/\/www.nsa.smsm.lt\/old\/wp-json\/wp\/v2\/media?parent=12123"}],"curies":[{"name":"wp","href":"https:\/\/api.w.org\/{rel}","templated":true}]}}