{"id":12068,"date":"2022-09-11T18:32:11","date_gmt":"2020-05-11T16:32:11","guid":{"rendered":"https:\/\/www.nsa.smsm.lt\/old\/?page_id=12068"},"modified":"2020-05-13T09:14:22","modified_gmt":"2020-05-13T07:14:22","slug":"schools-for-21st-century","status":"publish","type":"page","link":"https:\/\/www.nsa.smsm.lt\/old\/nsa-projektai\/tarptautiniai-projektai\/schools-for-21st-century\/","title":{"rendered":"Schools for 21st Century"},"content":{"rendered":"<p><img loading=\"lazy\" decoding=\"async\" class=\" wp-image-12109 alignnone\" src=\"https:\/\/www.nsa.smsm.lt\/old\/old\/wp-content\/uploads\/2020\/05\/school.png\" alt=\"\" width=\"248\" height=\"90\" srcset=\"https:\/\/www.nsa.smsm.lt\/old\/wp-content\/uploads\/2020\/05\/school.png 572w, https:\/\/www.nsa.smsm.lt\/old\/wp-content\/uploads\/2020\/05\/school-300x109.png 300w\" sizes=\"auto, (max-width: 248px) 100vw, 248px\" \/><\/p>\n<p>Erasmus+ KA2 projektas \u00a0\u201eXXI-ojo am\u017eiaus mokyklos\u201c (\u201eSchools for 21st Century\u201c)<br \/>\nNr. 2019-1-S01-KA201-064187<\/p>\n<p><strong>Projekto tikslai:<\/strong><\/p>\n<ol>\n<li>Gerinti ugdymo kokyb\u0119 naudojant visiems prieinamas \u0161iuolaikines technologijas mokykloje.<\/li>\n<li>I\u0161bandyti novatori\u0161kus mokymo, mokymosi ir vertinimo b\u016bdus.<\/li>\n<li>Tobulinti mokytoj\u0173 kompetencijas ugdyti socialiai atsakingus, kriti\u0161kai m\u0105stan\u010dius, sugeban\u010dius priimti sprendimus, \u012fgijusius auk\u0161\u010diausi\u0105 pagal j\u0173 geb\u0117jimus ra\u0161tingum\u0105 mokinius.<\/li>\n<li>Gilinti skaitmeninius ir audiovizualinius geb\u0117jimus bendradarbiaujant su ekspertais, \u012ftraukiant \u012f mokymus projekto dalyvius i\u0161 mokykl\u0173.<\/li>\n<\/ol>\n<p><strong>Tikslin\u0117s grup\u0117s:<\/strong> bendrojo ugdymo programas vykdan\u010di\u0173 mokykl\u0173 mokiniai ir mokytojai, auk\u0161t\u0173j\u0173 mokykl\u0173 d\u0117stytojai, mokytoj\u0173 \u0161vietimo centrai ir vie\u0161inimo specialistai.<\/p>\n<p><strong>Projekto rezultatai:<\/strong><\/p>\n<ul>\n<li>Parengtas internetinis mokymosi tinklas su keturi\u0173 moduli\u0173 mokytoj\u0173 kompetencij\u0173 tobulinimo(si) programa:<\/li>\n<\/ul>\n<ol>\n<li>Mokymasis tinkle: nuotoliniai kompetencij\u0173 tobulinimo kursai.<\/li>\n<li>Skaitmeninis ir medij\u0173 ra\u0161tingumas.<\/li>\n<li>Mokytoj\u0173 ir mokini\u0173 komunikacija: bendravimo geb\u0117jim\u0173 tobulinimas.<\/li>\n<li>Mokymosi planavimas.<\/li>\n<\/ol>\n<p>Programos apra\u0161ai bus paskelbti Europos S\u0105jungos \u0161vietimo i\u0161tekli\u0173 portaluose.<\/p>\n<ul>\n<li>I\u0161bandyta 4 moduli\u0173 internetin\u0117 kvalifikacijos tobulinimo programa ir parengta ataskaita apie rezultatus.<\/li>\n<li>Sukurta mobilioji program\u0117l\u0117 audiovizualinio ir skaitmeninio ra\u0161tingumo, komunikavimo geb\u0117jim\u0173 vertinimui pagal tris lygmenis (bazin\u012f, pa\u017eengusi\u0173, auk\u0161\u010diausi\u0105).<\/li>\n<\/ul>\n<p><strong>Projekt\u0105 koordinuoja <\/strong>Santiago de Compostela universitetas (Universidad de Santiago de Compostela, Ispanija)<\/p>\n<p><strong>Projekto partneriai: <\/strong><\/p>\n<ul>\n<li>Nacionalin\u0117 \u0161vietimo agent\u016bra (Lietuva)<\/li>\n<li>La Kor\u00f9nja radijas (Radio Coru\u00f1a Sl, Ser, Ispanija)<\/li>\n<li>Galicijos technologinis kompiuteri\u0173 centras (Fundacion Centro Tecnologico de Supercomputacion de Galicia, Cesga, Ispanija)<\/li>\n<li>Griscuolo vidurin\u0117 mokykla (Scuola Secondaria di Primo Grado A. Criscuolo, Italija)<\/li>\n<li>Vie\u0161asis centras \u201eO Cruce\u201d (Centro P\u00fablico Integrado \u201eO Cruce\u201d, Ispanija)<\/li>\n<li>Barselos mokykla (Agrupamento de Escolas de Barcelos, Portugalija)<\/li>\n<\/ul>\n<p><strong>Projekto \u012fgyvendinimo trukm\u0117<\/strong> \u00a0nuo 2019-09-01 iki 2021-08-31<\/p>\n<p><strong>Kontaktiniai asmenys:<\/strong><\/p>\n<p>Vaino Brazdeikis, el. p. <a href=\"mailto:vaino.brazdeikis@nsa.smm.lt\">vaino.brazdeikis@nsa.smm.lt<\/a><br \/>\nEgl\u0117 Vaivadien\u0117, el. p. <a href=\"mailto:egle.vaivadiene@nsa.smm.lt\">egle.vaivadiene@nsa.smm.lt<\/a><\/p>\n","protected":false},"excerpt":{"rendered":"<p>Erasmus+ KA2 projektas \u00a0\u201eXXI-ojo am\u017eiaus mokyklos\u201c (\u201eSchools for 21st Century\u201c) Nr. 2019-1-S01-KA201-064187 Projekto tikslai: Gerinti ugdymo kokyb\u0119 naudojant visiems prieinamas \u0161iuolaikines technologijas mokykloje. I\u0161bandyti novatori\u0161kus mokymo, mokymosi ir vertinimo b\u016bdus. Tobulinti mokytoj\u0173 kompetencijas ugdyti socialiai atsakingus, kriti\u0161kai m\u0105stan\u010dius, sugeban\u010dius priimti&nbsp;<a href=\"https:\/\/www.nsa.smsm.lt\/old\/nsa-projektai\/tarptautiniai-projektai\/schools-for-21st-century\/\" class=\"placiau\">Pla\u010diau <i class=\"fa fa-caret-right\"><\/i><\/a><\/p>\n","protected":false},"author":1,"featured_media":0,"parent":11420,"menu_order":0,"comment_status":"closed","ping_status":"closed","template":"","meta":{"_acf_changed":false,"footnotes":""},"class_list":["post-12068","page","type-page","status-publish","hentry"],"acf":[],"_links":{"self":[{"href":"https:\/\/www.nsa.smsm.lt\/old\/wp-json\/wp\/v2\/pages\/12068","targetHints":{"allow":["GET"]}}],"collection":[{"href":"https:\/\/www.nsa.smsm.lt\/old\/wp-json\/wp\/v2\/pages"}],"about":[{"href":"https:\/\/www.nsa.smsm.lt\/old\/wp-json\/wp\/v2\/types\/page"}],"author":[{"embeddable":true,"href":"https:\/\/www.nsa.smsm.lt\/old\/wp-json\/wp\/v2\/users\/1"}],"replies":[{"embeddable":true,"href":"https:\/\/www.nsa.smsm.lt\/old\/wp-json\/wp\/v2\/comments?post=12068"}],"version-history":[{"count":0,"href":"https:\/\/www.nsa.smsm.lt\/old\/wp-json\/wp\/v2\/pages\/12068\/revisions"}],"up":[{"embeddable":true,"href":"https:\/\/www.nsa.smsm.lt\/old\/wp-json\/wp\/v2\/pages\/11420"}],"wp:attachment":[{"href":"https:\/\/www.nsa.smsm.lt\/old\/wp-json\/wp\/v2\/media?parent=12068"}],"curies":[{"name":"wp","href":"https:\/\/api.w.org\/{rel}","templated":true}]}}