{"id":12059,"date":"2022-09-11T11:58:47","date_gmt":"2020-05-11T09:58:47","guid":{"rendered":"https:\/\/www.nsa.smsm.lt\/old\/?page_id=12059"},"modified":"2021-02-11T11:17:14","modified_gmt":"2021-02-11T09:17:14","slug":"analiziu-zemelapis","status":"publish","type":"page","link":"https:\/\/www.nsa.smsm.lt\/old\/analiziu-zemelapis\/","title":{"rendered":"Bendrojo ugdymo mokykl\u0173 i\u0161orinio Vertinimo duomen\u0173 ap\u017evalgos"},"content":{"rendered":"","protected":false},"excerpt":{"rendered":"","protected":false},"author":1,"featured_media":0,"parent":0,"menu_order":15,"comment_status":"closed","ping_status":"closed","template":"page-analize.php","meta":{"_acf_changed":false,"footnotes":""},"class_list":["post-12059","page","type-page","status-publish","hentry"],"acf":[],"_links":{"self":[{"href":"https:\/\/www.nsa.smsm.lt\/old\/wp-json\/wp\/v2\/pages\/12059","targetHints":{"allow":["GET"]}}],"collection":[{"href":"https:\/\/www.nsa.smsm.lt\/old\/wp-json\/wp\/v2\/pages"}],"about":[{"href":"https:\/\/www.nsa.smsm.lt\/old\/wp-json\/wp\/v2\/types\/page"}],"author":[{"embeddable":true,"href":"https:\/\/www.nsa.smsm.lt\/old\/wp-json\/wp\/v2\/users\/1"}],"replies":[{"embeddable":true,"href":"https:\/\/www.nsa.smsm.lt\/old\/wp-json\/wp\/v2\/comments?post=12059"}],"version-history":[{"count":0,"href":"https:\/\/www.nsa.smsm.lt\/old\/wp-json\/wp\/v2\/pages\/12059\/revisions"}],"wp:attachment":[{"href":"https:\/\/www.nsa.smsm.lt\/old\/wp-json\/wp\/v2\/media?parent=12059"}],"curies":[{"name":"wp","href":"https:\/\/api.w.org\/{rel}","templated":true}]}}