{"id":12036,"date":"2022-11-03T10:22:57","date_gmt":"2022-11-03T08:22:57","guid":{"rendered":"https:\/\/www.nsa.smsm.lt\/old\/?page_id=12036"},"modified":"2023-01-11T20:06:25","modified_gmt":"2023-01-11T18:06:25","slug":"microsoft-education","status":"publish","type":"page","link":"https:\/\/www.nsa.smsm.lt\/old\/pagalba\/microsoft-education\/","title":{"rendered":"Microsoft Education"},"content":{"rendered":"<p><strong>Lietuvi\u0161kos instrukcijos <em>Youtube<\/em> kanale, kaip naudotis Microsoft produktais<\/strong><br \/>\n<a href=\"https:\/\/www.youtube.com\/channel\/UCPleBgIbDmdAYvZyNA_Vd-Q\" target=\"_blank\" rel=\"noopener noreferrer\">https:\/\/www.youtube.com\/channel\/UCPleBgIbDmdAYvZyNA_Vd-Q<\/a><\/p>\n<div class=\"panel-group\" id=\"collapse_1fe4-a8fa\"><div class=\"panel panel-default\">    <div class=\"panel-heading\" role=\"tab\" id=\"heading_citem_0b78-d73d\">        <h4 class=\"panel-title\"><a class=\"accordion-toggle collapsed\" data-toggle=\"collapse\" aria-controls=\"heading_citem_0b78-d73d\" data-parent=\"#collapse_1fe4-a8fa\" href=\"#citem_0b78-d73d\">KAIP TURI B\u016aTI PATEIKTAS PRA\u0160YMAS IR KOKIUS DUOMENIS MOKYKLOS VADOVAS TURI PATEIKTI PRA\u0160YME D\u0116L ADMINISTRATORIAUS PRID\u0116JIMO I\u0160 DARBUOTOJ\u0172 TARPO (NE MOKYTOJO), BEI TR\u016aKSTAM\u0172 DARBUOTOJ\u0172 IR MOKYTOJ\u0172?<\/a>        <\/h4>    <\/div>    <div id=\"citem_0b78-d73d\" class=\"panel-collapse collapse \" role=\"tabpanel\" aria-labelledby=\"heading_citem_0b78-d73d\">        <div class=\"panel-body\">\n<p>Pra\u0161ymas laisva forma su s\u0105ra\u0161u darbuotoj\u0173 ir \u012fvardinta kam suteikta teis\u0117 administruoti mokyklos vartotojus ir suteikti jiems licencijas. Skanuotas pra\u0161ymas tur\u0117t\u0173 b\u016bti pasira\u0161ytas mokyklos vadovo ir antspauduotas ir atsi\u0173stas el. pa\u0161tu pagalba@nsa.smm.lt.<\/p>\n<p>Mokytojus prid\u0117ti negalime, tai automati\u0161kai daro pedagog\u0173 registras, tad jeigu j\u016bs\u0173 ten n\u0117ra, reik\u0117s palaukti.<\/p>\n<p>        <\/p><\/div>    <\/div><\/div>\n<p><div class=\"panel panel-default\">    <div class=\"panel-heading\" role=\"tab\" id=\"heading_citem_8480-a000\">        <h4 class=\"panel-title\"><a class=\"accordion-toggle collapsed\" data-toggle=\"collapse\" aria-controls=\"heading_citem_8480-a000\" data-parent=\"#collapse_1fe4-a8fa\" href=\"#citem_8480-a000\">AR M365 ADMINISTRATORIUS B\u016aTI MOKYKLOS IT SPECIALISTAS, KAS GALI SUTEIKTI TOKIAS TEISES?<\/a>        <\/h4>    <\/div>    <div id=\"citem_8480-a000\" class=\"panel-collapse collapse \" role=\"tabpanel\" aria-labelledby=\"heading_citem_8480-a000\">        <div class=\"panel-body\">\n<p>Administratoriaus teises turi tik mokyklos vadovas, jei jis perleid\u017eia \u0161ias teises Jums, jis tur\u0117t\u0173 atsi\u0173sti skanuot\u0105 laisvos formos pra\u0161ym\u0105 su para\u0161u ir antspaudu, kokiam asmeniui perleid\u017eia mokyklos vartotoj\u0173 ir licencij\u0173 valdym\u0105.<\/p>\n<p>Jei asmuo n\u0117ra mokyklos s\u0105ra\u0161uose, sukurtuose MS portale, reikt\u0173 pamin\u0117ti ir asmens (asmen\u0173) \u012ftraukim\u0105 \u012f s\u0105ra\u0161\u0105.<\/p>\n<p>        <\/p><\/div>    <\/div><\/div><\/p>\n<p><div class=\"panel panel-default\">    <div class=\"panel-heading\" role=\"tab\" id=\"heading_citem_25a8-1412\">        <h4 class=\"panel-title\"><a class=\"accordion-toggle collapsed\" data-toggle=\"collapse\" aria-controls=\"heading_citem_25a8-1412\" data-parent=\"#collapse_1fe4-a8fa\" href=\"#citem_25a8-1412\">AR GALI MOKYKLA TUR\u0116TI KELIS ADMINISTRUOJAN\u010cIUS ASMENIS?<\/a>        <\/h4>    <\/div>    <div id=\"citem_25a8-1412\" class=\"panel-collapse collapse \" role=\"tabpanel\" aria-labelledby=\"heading_citem_25a8-1412\">        <div class=\"panel-body\">\n<div class=\"ewd-ufaq-faq-title ewd-ufaq-faq-toggle\" aria-expanded=\"true\">\n<div class=\"ewd-ufaq-faq-title-text\">Tai sprend\u017eia mokyklos vadovas, bet rekomenduojame laikyti tik vien\u0105 administratoriaus paskyr\u0105.Jei nusprend\u0117te tur\u0117ti kelet\u0105 paskyr\u0173. El. pa\u0161tu pagalba@nsa.smm.lt atsi\u0173skite laisvos formos pra\u0161ym\u0105 su direktoriaus para\u0161u ir mokyklos antspaudu.<br \/>\n        <\/div>    <\/div><\/div><\/div><\/div><\/p>\n<p><div class=\"panel panel-default\">    <div class=\"panel-heading\" role=\"tab\" id=\"heading_citem_38e3-576c\">        <h4 class=\"panel-title\"><a class=\"accordion-toggle collapsed\" data-toggle=\"collapse\" aria-controls=\"heading_citem_38e3-576c\" data-parent=\"#collapse_1fe4-a8fa\" href=\"#citem_38e3-576c\">KAIP MOKINIUI, MOKYTOJUI PASIKEISTI PAMIR\u0160T\u0104 SLAPTA\u017dOD\u012e?<\/a>        <\/h4>    <\/div>    <div id=\"citem_38e3-576c\" class=\"panel-collapse collapse \" role=\"tabpanel\" aria-labelledby=\"heading_citem_38e3-576c\">        <div class=\"panel-body\">\n<p>Mokyklos administratorius gali pakeisti slapta\u017eod\u012f. Reikia kreiptis \u012f j\u012f.<\/p>\n<p>        <\/p><\/div>    <\/div><\/div><\/p><\/div>\n<\/div>\n<\/div>\n","protected":false},"excerpt":{"rendered":"<p>Lietuvi\u0161kos instrukcijos Youtube kanale, kaip naudotis Microsoft produktais https:\/\/www.youtube.com\/channel\/UCPleBgIbDmdAYvZyNA_Vd-Q<\/p>\n","protected":false},"author":1,"featured_media":0,"parent":12034,"menu_order":0,"comment_status":"closed","ping_status":"closed","template":"page-licencijos.php","meta":{"_acf_changed":false,"footnotes":""},"class_list":["post-12036","page","type-page","status-publish","hentry"],"acf":[],"_links":{"self":[{"href":"https:\/\/www.nsa.smsm.lt\/old\/wp-json\/wp\/v2\/pages\/12036","targetHints":{"allow":["GET"]}}],"collection":[{"href":"https:\/\/www.nsa.smsm.lt\/old\/wp-json\/wp\/v2\/pages"}],"about":[{"href":"https:\/\/www.nsa.smsm.lt\/old\/wp-json\/wp\/v2\/types\/page"}],"author":[{"embeddable":true,"href":"https:\/\/www.nsa.smsm.lt\/old\/wp-json\/wp\/v2\/users\/1"}],"replies":[{"embeddable":true,"href":"https:\/\/www.nsa.smsm.lt\/old\/wp-json\/wp\/v2\/comments?post=12036"}],"version-history":[{"count":0,"href":"https:\/\/www.nsa.smsm.lt\/old\/wp-json\/wp\/v2\/pages\/12036\/revisions"}],"up":[{"embeddable":true,"href":"https:\/\/www.nsa.smsm.lt\/old\/wp-json\/wp\/v2\/pages\/12034"}],"wp:attachment":[{"href":"https:\/\/www.nsa.smsm.lt\/old\/wp-json\/wp\/v2\/media?parent=12036"}],"curies":[{"name":"wp","href":"https:\/\/api.w.org\/{rel}","templated":true}]}}