{"id":11567,"date":"2022-09-25T11:08:26","date_gmt":"2022-09-25T09:08:26","guid":{"rendered":"https:\/\/www.nsa.smsm.lt\/old\/?page_id=11567"},"modified":"2023-01-11T23:00:37","modified_gmt":"2023-01-11T21:00:37","slug":"projektas-mokyklu-aprupinimas-gamtos-ir-technologiniu-mokslu-priemonemis-nr-09-1-3-cpva-v-704-02-0001","status":"publish","type":"page","link":"https:\/\/www.nsa.smsm.lt\/old\/ugdymo-turinio-departamentas\/projektai\/projektas-mokyklu-aprupinimas-gamtos-ir-technologiniu-mokslu-priemonemis-nr-09-1-3-cpva-v-704-02-0001\/","title":{"rendered":"Projektas \u201eMokykl\u0173 apr\u016bpinimas gamtos ir technologini\u0173 moksl\u0173 priemon\u0117mis\u201c (Nr. 09.1.3-CPVA-V-704-02-0001)"},"content":{"rendered":"<h3><img loading=\"lazy\" decoding=\"async\" class=\"wp-image-11965 alignnone\" src=\"https:\/\/www.nsa.smsm.lt\/old\/old\/wp-content\/uploads\/2020\/04\/eu.png\" sizes=\"auto, (max-width: 335px) 100vw, 335px\" srcset=\"https:\/\/www.nsa.smsm.lt\/old\/old\/wp-content\/uploads\/2020\/04\/eu.png 320w, https:\/\/www.nsa.smsm.lt\/old\/old\/wp-content\/uploads\/2020\/04\/eu-300x138.png 300w\" alt=\"\" width=\"335\" height=\"154\" \/><\/h3>\n<p><strong>Projekto tikslas<\/strong>\u00a0\u2013 didinti bendrojo ugdymo \u012fstaig\u0173 tinklo veiklos efektyvum\u0105.<\/p>\n<p><strong>Projekto u\u017edavinys<\/strong>\u00a0\u2013 modernizuoti gamtos ir technologini\u0173 moksl\u0173 mokymo(si) aplink\u0105.<\/p>\n<p><strong>Projekto partneriai:<\/strong>\u00a0visos \u0161alies savivaldyb\u0117s, valstybin\u0117s bendrojo ugdymo mokyklos, \u0161vietimo pagalbos \u012fstaigos, kolegijos ir universitetai.<\/p>\n<p><strong>Projekto \u012fgyvendinimo metu yra vykdomos \u0161ios veiklos:<\/strong><\/p>\n<ul>\n<li>Gamtos ir technologini\u0173 moksl\u0173 mokymo priemoni\u0173 ir \u012frangos \u012fsigijimas;<\/li>\n<li>Gamtos moksl\u0173\u00a0 ir technologij\u0173 dalykams mokyti \u012fsigyt\u0173 mokymo priemoni\u0173 ir \u012frangos panaudojimo ugdymo procese metodik\u0173 parengimas;<\/li>\n<li>STEAM atviros prieigos centr\u0173 k\u016brimas.<\/li>\n<\/ul>\n<p>Projektui \u012fgyvendinti skirtos Europos regionin\u0117s pl\u0117tros fondo \u00a0ir Lietuvos Respublikos valstyb\u0117s biud\u017eeto l\u0117\u0161os \u2013 24 065\u00a0118,47 eur\u0173.<\/p>\n<p><strong>Projekto trukm\u0117<\/strong> \u2013 56 m\u0117n. (2017 m. kovo 22 d. \u2013 2021 m. gruod\u017eio\u00a0 31 d.).<\/p>\n<p><strong>Veikla ir rezultatai\u00a0<\/strong><\/p>\n<p><strong>Veikla \u201eGamtos ir technologini\u0173 moksl\u0173 mokymo priemoni\u0173 ir \u012frangos \u012fsigijimas\u201c pasibaig\u0117<\/strong>.\u00a0 672 \u0161alies mokykloms, vykdan\u010dioms pradinio ugdymo programas, ir 533 mokykloms, vykdan\u010dioms pagrindinio ugdymo I pakopos programas,\u00a0 pristatytos visos projekte numatytos mokymo priemon\u0117s ir \u012franga.<\/p>\n<p><strong>Veikla \u201eGamtos moksl\u0173\u00a0 ir technologij\u0173 dalykams mokyti \u012fsigyt\u0173 mokymo priemoni\u0173 ir \u012frangos panaudojimo ugdymo procese metodik\u0173 parengimas\u201c pasibaig\u0117<\/strong>.\u00a0 Parengta metodin\u0117 med\u017eiaga mokytojams: sukurti pamok\u0173 veikl\u0173 120 apra\u0161\u0173 ir video med\u017eiaga (27\u00a0 apra\u0161ai 1-4 kl. gamtos pa\u017einimo dalykui ir 93 apra\u0161ai\u00a0 5\u20138 kl. gamtamokslinio ugdymo,\u00a0 technologij\u0173 ir integruot\u0173 informacini\u0173 technologij\u0173 bei matematikos dalykams), kuriuose patariama, kaip nupirktas priemones naudoti pamokose. Apra\u0161ai ir video med\u017eiaga patalpinta adresu:\u00a0<a href=\"http:\/\/www.vedlys.smm.lt\/medziaga_mokytojams.html\">http:\/\/www.vedlys.smm.lt\/medziaga_mokytojams.html<\/a><\/p>\n<p>\u012egyvendinant\u00a0<strong>veikl\u0105 \u201eSTEAM atviros prieigos centr\u0173 k\u016brimas\u201c<\/strong>\u00a0kartu su partneriais (Alytaus kolegija, Marijampol\u0117s kolegija, \u0160iauli\u0173 universitetu, Panev\u0117\u017eio m. savivaldybe ir Panev\u0117\u017eio \u0161vietimo centru, Taurag\u0117s r. savivaldybe ir Taurag\u0117s pagalbos mokytojui ir mokiniui centru, Tel\u0161i\u0173 r. savivaldybe ir Tel\u0161i\u0173 \u0161vietimo centru, Utenos r. savivaldybe ir Utenos \u0161vietimo centru) \u00a0Alytuje, Marijampol\u0117je, Panev\u0117\u017eyje, \u0160iauliuose, Taurag\u0117je, Tel\u0161iuose ir Utenoje bus sukurti 7 regioniniai STEAM atviros prieigos centrai. Centruose bus kuriamos standartizuotos (biologija-chemija, fizika-in\u017einerija, robotika-IT arba gamtamokslin\u0117 ir mechatronin\u0117\/IT ) ir specializuotos (atspindin\u010dios konkre\u010dios apskrities teritorijos specifik\u0105) laboratorijos. Centruose numatoma organizuoti \u00a0formaliojo ir neformaliojo ugdymo u\u017esi\u0117mimus, vaik\u0173 \u0161vietimo projektus, mokytoj\u0173 kompetencijos tobulinimo seminarus. Projekto l\u0117\u0161omis centruose kuriamos laboratorijos bus apr\u016bpintos priemon\u0117mis ir \u012franga bei baldais, bus parengti centruose atliekam\u0173 tiriam\u0173j\u0173 darb\u0173 apra\u0161ai.<\/p>\n<p><b>Informacij\u0105 teikia<\/b>: projekto vadov\u0117\u00a0Dalia L\u0117ckait\u0117, el. p. \u00a0<a href=\"mailto:dalia.leckaite@nsa.smm.lt\">dalia.leckaite@nsa.smm.lt<\/a>, tel. +370 684 43\u00a0245; projekto administrator\u0117\u00a0 Giedr\u0117 Daugirdien\u0117, el. p.\u00a0<a href=\"mailto:giedre.daugirdiene@nsa.smm.lt\">giedre.daugirdiene@nsa.smm.lt<\/a>, \u00a0tel. +370 684 43187; \u00a0\u00a0projekto finansinink\u0117 Vilma Mizeikien\u0117, el. p. <a href=\"mailto:vilma.mizeikiene@nsa.smm.lt\">vilma.mizeikiene@nsa.smm.lt<\/a>, tel. +370\u00a0658 20\u00a0984.<\/p>\n","protected":false},"excerpt":{"rendered":"<p>Projekto tikslas\u00a0\u2013 didinti bendrojo ugdymo \u012fstaig\u0173 tinklo veiklos efektyvum\u0105. Projekto u\u017edavinys\u00a0\u2013 modernizuoti gamtos ir technologini\u0173 moksl\u0173 mokymo(si) aplink\u0105. Projekto partneriai:\u00a0visos \u0161alies savivaldyb\u0117s, valstybin\u0117s bendrojo ugdymo mokyklos, \u0161vietimo pagalbos \u012fstaigos, kolegijos ir universitetai. Projekto \u012fgyvendinimo metu yra vykdomos \u0161ios veiklos: Gamtos&nbsp;<a href=\"https:\/\/www.nsa.smsm.lt\/old\/ugdymo-turinio-departamentas\/projektai\/projektas-mokyklu-aprupinimas-gamtos-ir-technologiniu-mokslu-priemonemis-nr-09-1-3-cpva-v-704-02-0001\/\" class=\"placiau\">Pla\u010diau <i class=\"fa fa-caret-right\"><\/i><\/a><\/p>\n","protected":false},"author":1,"featured_media":0,"parent":11253,"menu_order":1,"comment_status":"closed","ping_status":"closed","template":"","meta":{"_acf_changed":false,"footnotes":""},"class_list":["post-11567","page","type-page","status-publish","hentry"],"acf":[],"_links":{"self":[{"href":"https:\/\/www.nsa.smsm.lt\/old\/wp-json\/wp\/v2\/pages\/11567","targetHints":{"allow":["GET"]}}],"collection":[{"href":"https:\/\/www.nsa.smsm.lt\/old\/wp-json\/wp\/v2\/pages"}],"about":[{"href":"https:\/\/www.nsa.smsm.lt\/old\/wp-json\/wp\/v2\/types\/page"}],"author":[{"embeddable":true,"href":"https:\/\/www.nsa.smsm.lt\/old\/wp-json\/wp\/v2\/users\/1"}],"replies":[{"embeddable":true,"href":"https:\/\/www.nsa.smsm.lt\/old\/wp-json\/wp\/v2\/comments?post=11567"}],"version-history":[{"count":0,"href":"https:\/\/www.nsa.smsm.lt\/old\/wp-json\/wp\/v2\/pages\/11567\/revisions"}],"up":[{"embeddable":true,"href":"https:\/\/www.nsa.smsm.lt\/old\/wp-json\/wp\/v2\/pages\/11253"}],"wp:attachment":[{"href":"https:\/\/www.nsa.smsm.lt\/old\/wp-json\/wp\/v2\/media?parent=11567"}],"curies":[{"name":"wp","href":"https:\/\/api.w.org\/{rel}","templated":true}]}}