{"id":11396,"date":"2022-10-19T09:57:36","date_gmt":"2022-10-19T07:57:36","guid":{"rendered":"https:\/\/www.nsa.smsm.lt\/old\/?page_id=11396"},"modified":"2023-01-11T23:40:16","modified_gmt":"2023-01-11T21:40:16","slug":"duomenimis-pagristo-svietimo-valdymo-kulturos-pletra-savivaldybese","status":"publish","type":"page","link":"https:\/\/www.nsa.smsm.lt\/old\/infrastrukturos-pletros-departamentas\/projektai\/duomenimis-pagristo-svietimo-valdymo-kulturos-pletra-savivaldybese\/","title":{"rendered":"Duomenimis pagr\u012fsto \u0161vietimo valdymo kult\u016bros pl\u0117tra savivaldyb\u0117se"},"content":{"rendered":"<p><img loading=\"lazy\" decoding=\"async\" class=\"alignleft wp-image-10316\" src=\"https:\/\/www.nsa.smsm.lt\/old\/old\/wp-content\/uploads\/2019\/11\/ESFIVP-I-1-e1573204902622.jpg\" alt=\"\" width=\"156\" height=\"78\" \/>Nacionalin\u0117 \u0161vietimo agent\u016bra kartu su \u0160vietimo, mokslo ir sporto ministerija \u012fgyvendina projekt\u0105 \u201eDuomenimis pagr\u012fsto \u0161vietimo valdymo kult\u016bros pl\u0117tra savivaldyb\u0117se\u201c, projekto Nr. 10.1.1-ESFA-V-912-01-0030. Projektas finansuojamas Europos socialinio fondo l\u0117\u0161omis.<\/p>\n<p>Projekto tikslas &#8211; sudaryti s\u0105lygas duomenimis gr\u012fsto \u0161vietimo valdymo kult\u016bros pl\u0117trai savivaldyb\u0117se, diegiant ir tobulinant \u0161vietimo politikos analiz\u0117s \u012frankius ir sustiprinant valstyb\u0117s tarnautoj\u0173 bei darbuotoj\u0173, dirban\u010di\u0173 \u0161vietimo politikos analiz\u0117s srityje, analitinius, prognostinius, problem\u0173 sprendimo geb\u0117jimus.<\/p>\n<p>Projekto u\u017edaviniai:<\/p>\n<p>1) \u00a0\u00a0Tobulinti \u0161vietimo politikos analiz\u0117s \u012frankius:<\/p>\n<p style=\"padding-left: 40px;\">&#8211; sukurti standartizuotus \u012fvairi\u0173 \u0161vietimo lygmen\u0173 poreikius atitinkan\u010dius \u0161vietimo analiz\u0117s scenarijus;<\/p>\n<p style=\"padding-left: 40px;\">&#8211; tobulinti \u0160VIS kaip \u0161vietimo politikos analiz\u0117s \u012frank\u012f realizuojant \u0160VIS priemon\u0117mis parengtus \u0161vietimo analiz\u0117s scenarijus susiejant\/integruojant \u0160VIS \u0161vietimo analiz\u0117s duomenis ir savivaldybi\u0173 informacini\u0173 sistem\u0173\/svetaini\u0173 duomenis bei sukuriant tipines dinamines lenteles, kurios pakeist\u0173 dabar rengiamus regioninius raportus, bei interaktyviai vaizduot\u0173\u00a0 savivaldos \u0161vietimo poky\u010dius.<\/p>\n<p>2) \u00a0\u00a0Sustiprinti valstyb\u0117s tarnautoj\u0173 bei darbuotoj\u0173, dirban\u010di\u0173 \u0161ioje srityje, geb\u0117jimus:<\/p>\n<p style=\"padding-left: 40px;\">&#8211; tobulinti \u0161vietimo darbuotoj\u0173 kvalifikacij\u0105, siekiant i\u0161siai\u0161kinti j\u0173 poreikius, supa\u017eindinti juos su \u0160VIS naudojimo patirtimi, naujais \u0160VIS funkcionalumais, apmokyti naudoti \u0161vietimo analiz\u0117s scenarijus, priimant sprendimus, gilinti j\u0173 naudojimosi sistema \u012fg\u016bd\u017eius, \u012fgyti kompetencij\u0173 dinamini\u0173 lenteli\u0173 k\u016brimui, naudojant jau parengtas tipines dinamines lenteles pirmajame u\u017edavinyje;<\/p>\n<p style=\"padding-left: 40px;\">&#8211; sukurti duomenimis pagr\u012fsto valdymo model\u012f ir parengti j\u012f naudojimui savivaldyb\u0117se. Parengti tipinio duomenimis pagr\u012fsto valdymo modelio gaires ir tvarkos apra\u0161\u0105, nusakant\u012f ir naudojim\u0105si \u0161vietimo analiz\u0117s scenarijais\u00a0 savivaldyb\u0117s lygmenyje.<\/p>\n<p>&nbsp;<\/p>\n","protected":false},"excerpt":{"rendered":"<p>Nacionalin\u0117 \u0161vietimo agent\u016bra kartu su \u0160vietimo, mokslo ir sporto ministerija \u012fgyvendina projekt\u0105 \u201eDuomenimis pagr\u012fsto \u0161vietimo valdymo kult\u016bros pl\u0117tra savivaldyb\u0117se\u201c, projekto Nr. 10.1.1-ESFA-V-912-01-0030. Projektas finansuojamas Europos socialinio fondo l\u0117\u0161omis. Projekto tikslas &#8211; sudaryti s\u0105lygas duomenimis gr\u012fsto \u0161vietimo valdymo kult\u016bros pl\u0117trai savivaldyb\u0117se,&nbsp;<a href=\"https:\/\/www.nsa.smsm.lt\/old\/infrastrukturos-pletros-departamentas\/projektai\/duomenimis-pagristo-svietimo-valdymo-kulturos-pletra-savivaldybese\/\" class=\"placiau\">Pla\u010diau <i class=\"fa fa-caret-right\"><\/i><\/a><\/p>\n","protected":false},"author":1,"featured_media":0,"parent":10122,"menu_order":0,"comment_status":"closed","ping_status":"closed","template":"","meta":{"_acf_changed":false,"footnotes":""},"class_list":["post-11396","page","type-page","status-publish","hentry"],"acf":[],"_links":{"self":[{"href":"https:\/\/www.nsa.smsm.lt\/old\/wp-json\/wp\/v2\/pages\/11396","targetHints":{"allow":["GET"]}}],"collection":[{"href":"https:\/\/www.nsa.smsm.lt\/old\/wp-json\/wp\/v2\/pages"}],"about":[{"href":"https:\/\/www.nsa.smsm.lt\/old\/wp-json\/wp\/v2\/types\/page"}],"author":[{"embeddable":true,"href":"https:\/\/www.nsa.smsm.lt\/old\/wp-json\/wp\/v2\/users\/1"}],"replies":[{"embeddable":true,"href":"https:\/\/www.nsa.smsm.lt\/old\/wp-json\/wp\/v2\/comments?post=11396"}],"version-history":[{"count":0,"href":"https:\/\/www.nsa.smsm.lt\/old\/wp-json\/wp\/v2\/pages\/11396\/revisions"}],"up":[{"embeddable":true,"href":"https:\/\/www.nsa.smsm.lt\/old\/wp-json\/wp\/v2\/pages\/10122"}],"wp:attachment":[{"href":"https:\/\/www.nsa.smsm.lt\/old\/wp-json\/wp\/v2\/media?parent=11396"}],"curies":[{"name":"wp","href":"https:\/\/api.w.org\/{rel}","templated":true}]}}