{"id":11260,"date":"2025-04-07T08:08:09","date_gmt":"2025-04-07T06:08:09","guid":{"rendered":"https:\/\/www.nsa.smsm.lt\/old\/?page_id=11260"},"modified":"2025-04-07T15:55:02","modified_gmt":"2025-04-07T13:55:02","slug":"darbo-taryba","status":"publish","type":"page","link":"https:\/\/www.nsa.smsm.lt\/old\/struktura-ir-kontaktine-informacija\/darbo-taryba\/","title":{"rendered":"Darbo taryba"},"content":{"rendered":"<p>Nauja Nacionalin\u0117s \u0161vietimo agent\u016bros darbo taryba savo veikl\u0105 prad\u0117jo 2023 m. sausio 6 d. Darbo taryba i\u0161rinkta trej\u0173 met\u0173 kadencijai.<\/p>\n<p>Nacionalin\u0117s \u0161vietimo agent\u016bros darbuotoj\u0173 interesams atstovauja 9 darbo tarybos nariai:<\/p>\n<ul>\n<li>Aurelija Dirvonskien\u0117 (darbo tarybos pirminink\u0117)<\/li>\n<li>Snieguol\u0117 Dinapien\u0117 (darbo tarybos sekretor\u0117)<\/li>\n<li>Sandra Balevi\u010dien\u0117 (darbo tarybos nar\u0117)<\/li>\n<li>Povilas Leonavi\u010dius (darbo tarybos narys)<\/li>\n<li>Ana Pavilovi\u010d-Jan\u010dis (darbo tarybos nar\u0117)<\/li>\n<li>Au\u0161ra Punelien\u0117 (darbo tarybos nar\u0117)<\/li>\n<li>Egl\u0117 Vekerotien\u0117 (darbo tarybos nar\u0117)<\/li>\n<li>Monika Bilotien\u0117 (darbo tarybos nar\u0117)<\/li>\n<\/ul>\n<p>Darbo tarybos veiklos reglamentas <a href=\"https:\/\/www.nsa.smsm.lt\/old\/old\/wp-content\/uploads\/2024\/02\/NSA-darbo-tarybos-veiklos-reglamentas-2023-m.pdf\"><i class=\"fa fa-file-pdf \" ><\/i><\/a>\u00a0<i>(patvirtintas Nacionalin\u0117s \u0161vietimo agent\u016bros Darbo tarybos 2023 m. sausio 6 d. pos\u0117d\u017eio nutarimu (protokolas Nr. DT-1)<\/i><\/p>\n<p>Darbo tarybos 2023 m. veiklos ataskaita <a href=\"https:\/\/www.nsa.smsm.lt\/old\/old\/wp-content\/uploads\/2024\/02\/DT-2023-ataskaita_GLL.pdf\"><i class=\"fa fa-file-pdf \" ><\/i><\/a><\/p>\n","protected":false},"excerpt":{"rendered":"<p>Nauja Nacionalin\u0117s \u0161vietimo agent\u016bros darbo taryba savo veikl\u0105 prad\u0117jo 2023 m. sausio 6 d. Darbo taryba i\u0161rinkta trej\u0173 met\u0173 kadencijai. Nacionalin\u0117s \u0161vietimo agent\u016bros darbuotoj\u0173 interesams atstovauja 9 darbo tarybos nariai: Aurelija Dirvonskien\u0117 (darbo tarybos pirminink\u0117) Snieguol\u0117 Dinapien\u0117 (darbo tarybos sekretor\u0117)&nbsp;<a href=\"https:\/\/www.nsa.smsm.lt\/old\/struktura-ir-kontaktine-informacija\/darbo-taryba\/\" class=\"placiau\">Pla\u010diau <i class=\"fa fa-caret-right\"><\/i><\/a><\/p>\n","protected":false},"author":1,"featured_media":0,"parent":3006,"menu_order":6,"comment_status":"closed","ping_status":"closed","template":"","meta":{"_acf_changed":false,"footnotes":""},"class_list":["post-11260","page","type-page","status-publish","hentry"],"acf":[],"_links":{"self":[{"href":"https:\/\/www.nsa.smsm.lt\/old\/wp-json\/wp\/v2\/pages\/11260","targetHints":{"allow":["GET"]}}],"collection":[{"href":"https:\/\/www.nsa.smsm.lt\/old\/wp-json\/wp\/v2\/pages"}],"about":[{"href":"https:\/\/www.nsa.smsm.lt\/old\/wp-json\/wp\/v2\/types\/page"}],"author":[{"embeddable":true,"href":"https:\/\/www.nsa.smsm.lt\/old\/wp-json\/wp\/v2\/users\/1"}],"replies":[{"embeddable":true,"href":"https:\/\/www.nsa.smsm.lt\/old\/wp-json\/wp\/v2\/comments?post=11260"}],"version-history":[{"count":5,"href":"https:\/\/www.nsa.smsm.lt\/old\/wp-json\/wp\/v2\/pages\/11260\/revisions"}],"predecessor-version":[{"id":42683,"href":"https:\/\/www.nsa.smsm.lt\/old\/wp-json\/wp\/v2\/pages\/11260\/revisions\/42683"}],"up":[{"embeddable":true,"href":"https:\/\/www.nsa.smsm.lt\/old\/wp-json\/wp\/v2\/pages\/3006"}],"wp:attachment":[{"href":"https:\/\/www.nsa.smsm.lt\/old\/wp-json\/wp\/v2\/media?parent=11260"}],"curies":[{"name":"wp","href":"https:\/\/api.w.org\/{rel}","templated":true}]}}