{"id":11256,"date":"2025-07-28T08:40:26","date_gmt":"2025-07-28T06:40:26","guid":{"rendered":"https:\/\/www.nsa.smsm.lt\/old\/?page_id=11256"},"modified":"2025-08-29T11:00:10","modified_gmt":"2025-08-29T09:00:10","slug":"projektu-darbuotojai","status":"publish","type":"page","link":"https:\/\/www.nsa.smsm.lt\/old\/struktura-ir-kontaktine-informacija\/projektu-darbuotojai\/","title":{"rendered":"Projekt\u0173 darbuotojai"},"content":{"rendered":"<p><strong>Projektas \u201eSkaitmenin\u0117s \u0161vietimo transformacijos (\u201eEdTech\u201c)\u201c<\/strong><\/p>\n<hr \/>\n<p><table class='simple-table yay-a-table'  width='100%'  class='yay-a-table'><thead><tr><th ><\/th><th >El. pa\u0161tas<\/th><th >Telefonas<\/th><\/tr><\/thead><tbody><tr><td >Asta Urmanavi\u010dien\u0117, grup\u0117s vadov\u0117<\/td><td ><a title=\"asta.urmanaviciene@nsa.smsm.lt\" href=\"mailto:asta.urmanaviciene@nsa.smsm.lt\"><i class=\"fa fa-envelope \" ><\/i><\/a><\/td><td >-<\/td><\/tr><tr><td >Edita Sederevi\u010di\u016bt\u0117, patar\u0117ja<\/td><td ><a title=\"edita.sedereviciute@nsa.smsm.lt\" href=\"mailto:edita.sedereviciute@nsa.smsm.lt\"><i class=\"fa fa-envelope \" ><\/i><\/a><\/td><td >+370 658 18070<\/td><\/tr><tr><td >Giedrius Askoldavi\u010dius, specialistas<\/td><td ><a title=\"giedrius.askoldavicius@nsa.smsm.lt\" href=\"mailto:giedrius.askoldavicius@nsa.smsm.lt\"><i class=\"fa fa-envelope \" ><\/i><\/a><\/td><td >-<\/td><\/tr><tr><td >Cezary Taraszkiewicz, specialistas<\/td><td ><a title=\"cezary.taraskievic@nsa.smsm.lt\" href=\"mailto:cezary.taraszkiewicz@nsa.smsm.lt\"><i class=\"fa fa-envelope \" ><\/i><\/a><\/td><td >+370 658 18504<\/td><\/tr><tr><td >Aurelija Dirvonskien\u0117, specialist\u0117<\/td><td ><a title=\"aurelija.dirvonskiene@nsa.smsm.lt\" href=\"mailto:aurelija.dirvonskiene@nsa.smsm.lt\"><i class=\"fa fa-envelope \" ><\/i><\/a><\/td><td >+370 658 18504<\/td><\/tr><tr><td >Alma Gedzevi\u010dien\u0117, specialist\u0117<\/td><td ><a title=\"alma.gedzeviciene@nsa.smsm.lt\" href=\"mailto:alma.gedzeviciene@nsa.smsm.lt\"><i class=\"fa fa-envelope \" ><\/i><\/a><\/td><td >+370 658 18504<\/td><\/tr><tr><td >Daiva Asad, specialist\u0117<\/td><td ><a title=\"alma.gedzeviciene@nsa.smsm.lt\" href=\"mailto:daiva.asad@nsa.smsm.lt\"><i class=\"fa fa-envelope \" ><\/i><\/a><\/td><td >-<\/td><\/tr><tr><td >Mindaugas Sili\u016bnas, specialistas<\/td><td ><a title=\"mindaugas.siliunas@nsa.smsm.lt\" href=\"mailto:mindaugas.siliunas@nsa.smsm.lt\"><i class=\"fa fa-envelope \" ><\/i><\/a><\/td><td >+370 658 18504<\/td><\/tr><tr><td >Rita Losevi\u010d, specialist\u0117<\/td><td ><a title=\"rita.losevic@nsa.smsm.lt\" href=\"mailto:rita.losevic@nsa.smsm.lt\"><i class=\"fa fa-envelope \" ><\/i><\/a><\/td><td >+370 658 15398<\/td><\/tr><\/table><\/p>\n<p>&nbsp;<\/p>\n<p><strong>Projektas \u201eKalb\u0117kime Lietuvai\u201c<\/strong><\/p>\n<hr \/>\n<p><table class='simple-table yay-a-table'  width='100%'  class='yay-a-table'><thead><tr><th ><\/th><th >El. pa\u0161tas<\/th><th >Telefonas<\/th><\/tr><\/thead><tbody><tr><td >Salom\u0117ja Bitlieri\u016bt\u0117, Veiklos vadov\u0117, atliekanti projekto vadovo funkcijas<\/td><td ><a title=\"salomeja.bitlieriute@nsa.smm.lt\" href=\"mailto:salomeja.bitlieriute@nsa.smm.lt\"><i class=\"fa fa-envelope \" ><\/i><\/a><\/td><td >+370 658 18102<\/td><\/tr><tr><td >Meil\u0117 \u010ceponien\u0117, turinio specialist\u0117<\/td><td ><a title=\"meile.ceponiene@nsa.smm.lt\" href=\"mailto:meile.ceponiene@nsa.smm.lt\"><i class=\"fa fa-envelope \" ><\/i><\/a><\/td><td >+370 658 18018<\/td><\/tr><tr><td >J\u016brat\u0117 Veni\u016bt\u0117-\u0160v\u0117g\u017ed\u0117, turinio specialist\u0117<\/td><td ><a title=\"jurate.veniute@nsa.smm.lt\" href=\"mailto:jurate.veniute@nsa.smm.lt\"><i class=\"fa fa-envelope \" ><\/i><\/a><\/td><td >+370 658 18281<\/td><\/tr><tr><td >Elena Pakalnyt\u0117, turinio specialist\u0117<\/td><td ><a title=\"zita.Nauckunaite@nsa.smm.lt\" href=\"mailto:zita.Nauckunaite@nsa.smm.lt\"><i class=\"fa fa-envelope \" ><\/i><\/a><\/td><td >+370 658 18053<\/td><\/tr><tr><td >Zita Nauck\u016bnait\u0117, turinio specialist\u0117<\/td><td ><a title=\"zita.Nauckunaite@nsa.smm.lt\" href=\"mailto:zita.Nauckunaite@nsa.smm.lt\"><i class=\"fa fa-envelope \" ><\/i><\/a><\/td><td >+370 658 17986<\/td><\/tr><tr><td >Dainius Linauskas, vie\u0161\u0173j\u0173 pirkim\u0173 specialistas<\/td><td ><a title=\"dainius.linauskas@nsa.smm.lt\" href=\"mailto:dainius.linauskas@nsa.smm.lt\"><i class=\"fa fa-envelope \" ><\/i><\/a><\/td><td >+370 658 18085<\/td><\/tr><tr><td >Judita Lelevi\u010d\u0117, koordinator\u0117<\/td><td ><a title=\"judita.lelevice@nsa.smm.lt\" href=\"mailto:judita.lelevice@nsa.smm.lt\"><i class=\"fa fa-envelope \" ><\/i><\/a><\/td><td >+370 611 53885<\/td><\/tr><tr><td >Jelena Liutkevi\u010dien\u0117-\u0160iaulien\u0117, finansinink\u0117<\/td><td ><a title=\"jelena.siauliene@nsa.smm.lt\" href=\"mailto:jelena.siauliene@nsa.smm.lt\"><i class=\"fa fa-envelope \" ><\/i><\/a><\/td><td >+370 659 37107<\/td><\/tr><\/table><\/p>\n<p>&nbsp;<\/p>\n<p><strong>Projektas \u201eIkimokyklinio ugdymo turinio kaita\u201c<\/strong><\/p>\n<hr \/>\n<p><table class='simple-table yay-a-table'  width='100%'  class='yay-a-table'><thead><tr><th ><\/th><th >El. pa\u0161tas<\/th><th >Telefonas<\/th><\/tr><\/thead><tbody><tr><td >Dalia L\u0117ckait\u0117, \u00a0projekto vadov\u0117<\/td><td ><a title=\"dalia.leckaite@nsa.smm.lt\" href=\"mailto:dalia.leckaite@nsa.smm.lt\"><i class=\"fa fa-envelope \" ><\/i><\/a><\/td><td >8\u00a0684 43245<\/td><\/tr><tr><td >Edita Ma\u0161\u010dinskait\u0117, \u00a0turinio koordinator\u0117<\/td><td ><a title=\"edita.mascinskaite@nsa.smm.lt\" href=\"mailto:edita.mascinskaite@nsa.smm.lt\"><i class=\"fa fa-envelope \" ><\/i><\/a><\/td><td >+370 635 40510<\/td><\/tr><tr><td >Giedr\u0117 Daugirdien\u0117, administrator\u0117<\/td><td ><a title=\"giedre.daugirdiene@nsa.smm.lt\" href=\"mailto:giedre.daugirdiene@nsa.smm.lt\"><i class=\"fa fa-envelope \" ><\/i><\/a><\/td><td >+370 684 43187<\/td><\/tr><tr><td >Gita Stonien\u0117, pirkim\u0173 specialist\u0117<\/td><td ><a title=\"gita.stoniene@nsa.smm.lt\" href=\"mailto:gita.stoniene@nsa.smm.lt\"><i class=\"fa fa-envelope \" ><\/i><\/a><\/td><td >+370 685 49382<\/td><\/tr><\/table><\/p>\n<p>&nbsp;<\/p>\n<p><strong>Projektas \u201eT\u0119sk: ateik, tobul\u0117k, prisid\u0117k!\u201c<\/strong><\/p>\n<hr \/>\n<p><table class='simple-table yay-a-table'  width='100%'  class='yay-a-table'><thead><tr><th ><\/th><th >El. pa\u0161tas<\/th><th >Telefonas<\/th><\/tr><\/thead><tbody><tr><td >Algimantas Karto\u010dius, \u00a0projekto vadovas<\/td><td ><a title=\"algimantas.kartocius@nsa.smm.lt\" href=\"mailto:algimantas.kartocius@nsa.smm.lt\"><i class=\"fa fa-envelope \" ><\/i><\/a><\/td><td >+370 686 12 649<\/td><\/tr><tr><td >Almina \u017dilinskien\u0117,\u00a0 projekto finansinink\u0117<\/td><td ><a title=\"almina.zilinskiene@nsa.smm.lt\" href=\"mailto:almina.zilinskiene@nsa.smm.lt\"><i class=\"fa fa-envelope \" ><\/i><\/a><\/td><td >+370 685 35945<\/td><\/tr><tr><td >Judita Lelevi\u010d\u0117, projekto koordinator\u0117<\/td><td ><a title=\"judita.lelevice@nsa.smm.lt\" href=\"mailto:judita.lelevice@nsa.smm.lt\"><i class=\"fa fa-envelope \" ><\/i><\/a><\/td><td >+370 611 53885<\/td><\/tr><\/table><\/p>\n<p>Projekto veikl\u0173 kontaktai <a href=\"https:\/\/www.nsa.smsm.lt\/old\/old\/projektai\/ugdymo-projektai\/projektas-tesk-ateik-tobulek-prisidek\/projekto-kontaktai\/\"><i class=\"fa fa-chevron-circle-right \" ><\/i><\/a><\/p>\n<p>&nbsp;<\/p>\n<p><strong>Projektas \u201eUgdymo priemon\u0117s mokyklai\u201c<\/strong><\/p>\n<hr \/>\n<p><table class='simple-table yay-a-table'  width='100%'  class='yay-a-table'><thead><tr><th ><\/th><th >El. pa\u0161tas<\/th><th >Telefonas<\/th><\/tr><\/thead><tbody><tr><td >Radvil\u0117 Masiulionien\u0117, \u00a0projekto vadov\u0117<\/td><td ><a title=\"radvile.masiulioniene@nsa.smm.lt\" href=\"mailto:radvile.masiulioniene@nsa.smm.lt\"><i class=\"fa fa-envelope \" ><\/i><\/a><\/td><td >+370 611 43 246<\/td><\/tr><tr><td >Irena Popierien\u0117, specialist\u0117 (veikl\u0173 koordinator\u0117)<\/td><td ><a title=\"irena.popieriene@nsa.smm.lt\" href=\"mailto:irena.popieriene@nsa.smm.lt\"><i class=\"fa fa-envelope \" ><\/i><\/a><\/td><td >-<\/td><\/tr><tr><td >Dalia Al\u010dauskien\u0117, projekto finansinink\u0117<\/td><td ><a title=\"dalia.alcauskiene@nsa.smm.lt\" href=\"mailto:dalia.alcauskiene@nsa.smm.lt\"><i class=\"fa fa-envelope \" ><\/i><\/a><\/td><td >+370 659 02208<\/td><\/tr><tr><td >Vilma Mizeikien\u0117, projekto finansinink\u0117<\/td><td ><a title=\"vilma.mizeikiene@nsa.smm.lt\" href=\"mailto:vilma.mizeikiene@nsa.smm.lt\"><i class=\"fa fa-envelope \" ><\/i><\/a><\/td><td >+370 658 20984<\/td><\/tr><tr><td >Jolanta Povilonien\u0117, turto administrator\u0117<\/td><td ><a title=\"jolanta.poviloniene@nsa.smm.lt\" href=\"mailto:jolanta.poviloniene@nsa.smm.lt\"><i class=\"fa fa-envelope \" ><\/i><\/a><\/td><td >+370 658 18269<\/td><\/tr><tr><td >Jolita Jud\u017eentien\u0117, turto administrator\u0117<\/td><td ><a title=\"jolita.judzentiene@nsa.smm.lt \" href=\"mailto:jolita.judzentiene@nsa.smm.lt \"><i class=\"fa fa-envelope \" ><\/i><\/a><\/td><td >-<\/td><\/tr><tr><td >Vijol\u0117 Liukaityt\u0117, specialist\u0117 (veikl\u0173 koordinator\u0117)<\/td><td ><a title=\"vijole.liukaityte@nsa.smm.lt\" href=\"mailto:vijole.liukaityte@nsa.smm.lt\"><i class=\"fa fa-envelope \" ><\/i><\/a><\/td><td >-<\/td><\/tr><tr><td >Dainius Ratkelis, specialistas (veikl\u0173 koordinatorius)<\/td><td ><a title=\"dainius.ratkelis@nsa.smm.lt\" href=\"mailto:dainius.ratkelis@nsa.smm.lt\"><i class=\"fa fa-envelope \" ><\/i><\/a><\/td><td >-<\/td><\/tr><tr><td >Kristina Dievulien\u0117, specialist\u0117 (projekto koordinator\u0117)<\/td><td ><a title=\"dainius.ratkelis@nsa.smm.lt\" href=\"mailto:kristina.dievuliene@nsa.smm.lt\"><i class=\"fa fa-envelope \" ><\/i><\/a><\/td><td >+370 670 74858<\/td><\/tr><\/table><\/p>\n<p>&nbsp;<\/p>\n<p><strong>Projektas \u201eMokytis padedan\u010dio pasiekim\u0173 ir pa\u017eangos vertinimo stiprinimas\u201c<\/strong><\/p>\n<hr \/>\n<p><table class='simple-table yay-a-table'  width='100%'  class='yay-a-table'><thead><tr><th ><\/th><th >El. pa\u0161tas<\/th><th >Telefonas<\/th><\/tr><\/thead><tbody><tr><td >Vilma Venta Jank\u016bn\u0117, projekto vadov\u0117<\/td><td ><a title=\"vilma.jankune@nsa.smsm.lt\" href=\"mailto:vilma.jankune@nsa.smsm.lt\"><i class=\"fa fa-envelope \" ><\/i><\/a><\/td><td >-<\/td><\/tr><tr><td >Saul\u0117 Vingelien\u0117, veiklos vadov\u0117<\/td><td ><a title=\"saule.vingeliene@nsa.smsm.lt\" href=\"mailto:saule.vingeliene@nsa.smsm.lt\"><i class=\"fa fa-envelope \" ><\/i><\/a><\/td><td >+370 658 17995<\/td><\/tr><tr><td >Laima Markevi\u010dien\u0117, personalo specialist\u0117<\/td><td ><a href=\"mailto:laima.markeviciene@nsa.smm.lt\"><i class=\"fa fa-envelope \" ><\/i><\/a><\/td><td >-<\/td><\/tr><tr><td >Jolita Abra\u0161kevi\u010dien\u0117, poveikl\u0117s formuojamojo vertinimo veiklos \u012fgyvendinimo specialist\u0117<\/td><td ><a href=\"mailto:jolita.abraskeviciene@nsa.smm.lt\"><i class=\"fa fa-envelope \" ><\/i><\/a><\/td><td >-<\/td><\/tr><tr><td >Gediminas Trakas, veiklos vadovas<\/td><td ><a href=\"mailto:gediminas.trakas@nsa.smm.lt\"><i class=\"fa fa-envelope \" ><\/i><\/a><\/td><td >-<\/td><\/tr><tr><td >Rima Klima\u0161auskien\u0117, poveikl\u0117s u\u017eduo\u010di\u0173 vertintoj\u0173 \u00a0mokym\u0173 organizavimo specialist\u0117<\/td><td ><a href=\"mailto:rima.klimasauskiene@nsa.smm.lt\"><i class=\"fa fa-envelope \" ><\/i><\/a><\/td><td >+370 614 54705<\/td><\/tr><tr><td >Dangira Bielinyt\u0117, poveikl\u0117s u\u017eduo\u010di\u0173 vertintoj\u0173 mokym\u0173 organizavimo specialist\u0117<\/td><td ><a href=\"mailto:dangira.bielinyte@nsa.smm.lt\"><i class=\"fa fa-envelope \" ><\/i><\/a><\/td><td >-<\/td><\/tr><tr><td >Janina \u0160imelionien\u0117, specialist\u0117<\/td><td ><a href=\"mailto:janina.simelioniene@nsa.smm.lt\"><i class=\"fa fa-envelope \" ><\/i><\/a><\/td><td >-<\/td><\/tr><tr><td >Jelena Liutkevi\u010dien\u0117-\u0160iaulien\u0117, finansinink\u0117<\/td><td ><a href=\"mailto:jelena.siauliene@nsa.smm.lt\"><i class=\"fa fa-envelope \" ><\/i><\/a><\/td><td >-<\/td><\/tr><tr><td >Denis Sosunov, pirkim\u0173 specialistas<\/td><td ><a href=\"mailto:denis.sosunov@nsa.smm.lt\"><i class=\"fa fa-envelope \" ><\/i><\/a><\/td><td >-;<\/td><\/tr><\/table><\/p>\n<p>&nbsp;<\/p>\n<p><strong>Projektas \u201e\u012etrauktis: visiems ir kiekvienam\u201c\u00a0<\/strong><\/p>\n<hr \/>\n<p><table class='simple-table yay-a-table'  width='100%'  class='yay-a-table'><thead><tr><th ><\/th><th >El. pa\u0161tas<\/th><th >Telefonas<\/th><\/tr><\/thead><tbody><tr><td >Kristina Ignatavi\u010dien\u0117, projekto vadov\u0117<\/td><td ><a title=\"kristina.ignataviciene@nsa.smm.lt\" href=\"mailto:kristina.ignataviciene@nsa.smm.lt\"><i class=\"fa fa-envelope \" ><\/i><\/a><\/td><td >+370 658 18185<\/td><\/tr><tr><td >Irma \u010ci\u017eien\u0117, projekto veiklos vadov\u0117<\/td><td ><a title=\"irma.ciziene@nsa.smm.lt\" href=\"mailto:irma.ciziene@nsa.smm.lt\"><i class=\"fa fa-envelope \" ><\/i><\/a><\/td><td >-<\/td><\/tr><tr><td >Aida \u0160imelionien\u0117, projekto turinio specialist\u0117<\/td><td ><a title=\"aida.simelioniene@nsa.smm.lt\" href=\"mailto:aida.simelioniene@nsa.smm.lt\"><i class=\"fa fa-envelope \" ><\/i><\/a><\/td><td >-<\/td><\/tr><tr><td >Rita Ki\u0161onien\u0117, projekto mokym\u0173 kokyb\u0117s specialist\u0117<\/td><td ><a title=\"rita.kisoniene@nsa.smm.lt\" href=\"mailto:rita.kisoniene@nsa.smm.lt\"><i class=\"fa fa-envelope \" ><\/i><\/a><\/td><td >+370 691 04422<\/td><\/tr><tr><td >Ignas Stanislovaitis, projekto komunikacijos specialistas<\/td><td ><a title=\"ignas.stanislovaitis@nsa.smm.lt\" href=\"mailto:ignas.stanislovaitis@nsa.smm.lt\"><i class=\"fa fa-envelope \" ><\/i><\/a><\/td><td >+370 676 95473<\/td><\/tr><\/table><\/p>\n<p>&nbsp;<\/p>\n<p><strong>Projektas \u201ePedagog\u0173 kompetencij\u0173 stiprinimas nacionalin\u0117se kvalifikacijos tobulinimo programose ir magistrant\u016bros studijose\u201c<\/strong><\/p>\n<hr \/>\n<p><table class='simple-table yay-a-table'  width='100%'  class='yay-a-table'><thead><tr><th ><\/th><th >El. pa\u0161tas<\/th><th >Telefonas<\/th><\/tr><\/thead><tbody><tr><td >Diana Naujal\u0117, projekto vadov\u0117<\/td><td ><a title=\"diana.naujale@nsa.smm.lt\" href=\"mailto:diana.naujale@nsa.smm.lt\"><i class=\"fa fa-envelope \" ><\/i><\/a><\/td><td >-<\/td><\/tr><tr><td >Daiva Lepait\u0117, turinio koordinator\u0117<\/td><td ><a title=\"daiva.lepaite@nsa.smm.lt\" href=\"mailto:daiva.lepaite@nsa.smm.lt\"><i class=\"fa fa-envelope \" ><\/i><\/a><\/td><td >+370 658 13489<\/td><\/tr><tr><td >Brigita Laukevi\u010di\u016bt\u0117, nacionalini\u0173 program\u0173 ir magistrant\u016bros studij\u0173 institucij\u0173 koordinator\u0117<\/td><td ><a title=\"brigita.laukeviciute@nsa.smm.lt\" href=\"mailto:brigita.laukeviciute@nsa.smm.lt\"><i class=\"fa fa-envelope \" ><\/i><\/a><\/td><td >-<\/td><\/tr><tr><td >Vaiva Gudaityt\u0117, komunikacijos koordinator\u0117<\/td><td ><a title=\"vaiva.gudaityte@nsa.smm.lt\" href=\"mailto:vaiva.gudaityte@nsa.smm.lt\"><i class=\"fa fa-envelope \" ><\/i><\/a><\/td><td >-<\/td><\/tr><\/table><\/p>\n<p>Kiti kontaktai <a href=\"https:\/\/www.nsa.smsm.lt\/old\/old\/projektai\/vykdomi-projektai\/np-ms\/projekto-kontaktai\/\"><i class=\"fa fa-chevron-circle-right \" ><\/i><\/a><\/p>\n<p>&nbsp;<\/p>\n<p><strong>Projektas \u201eGalimybi\u0173 mokykla\u201c<\/strong><\/p>\n<hr \/>\n<p><table class='simple-table yay-a-table'  width='100%'  class='yay-a-table'><thead><tr><th ><\/th><th >El. pa\u0161tas<\/th><th >Telefonas<\/th><\/tr><\/thead><tbody><tr><td >Jurgita Merkevi\u010dien\u0117, projekto vadov\u0117<\/td><td ><a title=\"jurgita.merkeviciene@nsa.smm.lt\" href=\"mailto:jurgita.merkeviciene@nsa.smm.lt\"><i class=\"fa fa-envelope \" ><\/i><\/a><\/td><td >+370 605 92858<\/td><\/tr><tr><td >Jovita Bal\u010di\u016bnien\u0117, projekto koordinator\u0117<\/td><td ><a title=\"jovita.balciuniene@nsa.smm.lt\" href=\"mailto:jovita.balciuniene@nsa.smm.lt\"><i class=\"fa fa-envelope \" ><\/i><\/a><\/td><td >+370 658 18174<\/td><\/tr><tr><td >Vita Tamo\u0161aityt\u0117, finans\u0173 specialist\u0117<\/td><td ><a title=\"vita.tamosaityte@nsa.smm.lt\" href=\"mailto:vita.tamosaityte@nsa.smm.lt\"><i class=\"fa fa-envelope \" ><\/i><\/a><\/td><td >-<\/td><\/tr><tr><td >Irena Popierien\u0117, personalo specialist\u0117<\/td><td ><a title=\"irena.popieriene@nsa.smm.lt\" href=\"mailto:irena.popieriene@nsa.smm.lt\"><i class=\"fa fa-envelope \" ><\/i><\/a><\/td><td >-<\/td><\/tr><tr><td >Aurelija Dirvonskien\u0117, Vadov\u0117li\u0173 bendrojo ugdymo mokykloms \u012fsigijimo veiklos vadov\u0117\u00a0<\/td><td ><a title=\"aurelija.dirvonskiene@nsa.smm.lt\" href=\"mailto:aurelija.dirvonskiene@nsa.smm.lt\"><i class=\"fa fa-envelope \" ><\/i><\/a><\/td><td >-<\/td><\/tr><tr><td >Simas Ignatavi\u010dius, NMPP vykdymo modelio k\u016brimo ir i\u0161bandymo veiklos vadovas<\/td><td ><a title=\"simas.ignatavicius@nsa.smm.lt\" href=\"mailto:simas.ignatavicius@nsa.smm.lt \"><i class=\"fa fa-envelope \" ><\/i><\/a><\/td><td >-<\/td><\/tr><tr><td >Neringa Vismolekien\u0117, Mokym\u0173 veiklos vadov\u0117\u00a0<\/td><td ><a title=\"neringa.vismolekiene@nsa.smm.lt\" href=\"mailto:neringa.vismolekiene@nsa.smm.lt\"><i class=\"fa fa-envelope \" ><\/i><\/a><\/td><td >+37065818014<\/td><\/tr><tr><td >Kristupas Bitlierius, Mokym\u0173 veiklos mokym\u0173 kokyb\u0117s specialistas\u00a0<\/td><td ><a title=\"kristupas.bitlierius@nsa.smm.lt\" href=\"mailto:kristupas.bitlierius@nsa.smm.lt\"><i class=\"fa fa-envelope \" ><\/i><\/a><\/td><td >+37065818312<\/td><\/tr><tr><td >Daiva Asad, Dalyk\u0173 u\u017eduo\u010di\u0173 moduli\u0173 rengimo didel\u012f mokymosi potencial\u0105 turintiems mokiniams skaitmeninio turinio grup\u0117s specialist\u0117\u00a0<\/td><td ><a title=\"daiva.asad@nsa.smm.lt\" href=\"mailto:daiva.asad@nsa.smm.lt\"><i class=\"fa fa-envelope \" ><\/i><\/a><\/td><td >+37064021507<\/td><\/tr><tr><td >Jurgita Bendoravi\u010dien\u0117, Pa\u017eangos vertinimo u\u017eduo\u010di\u0173 rengimo turinio specialist\u0117<\/td><td ><a title=\"jurgita.bendoraviciene@nsa.smm.lt\" href=\"mailto:jurgita.bendoraviciene@nsa.smm.lt\"><i class=\"fa fa-envelope \" ><\/i><\/a><\/td><td >+37065818363<\/td><\/tr><tr><td >Lina Venckien\u0117, Vadov\u0117li\u0173, skirt\u0173 tautin\u0117ms ma\u017eumoms gimtosioms kalboms mokytis, rengimo turinio specialist\u0117\u00a0<\/td><td ><a title=\"lina.venckiene@nsa.smm.lt\" href=\"mailto:lina.venckiene@nsa.smm.lt\"><i class=\"fa fa-envelope \" ><\/i><\/a><\/td><td >-<\/td><\/tr><\/table><\/p>\n<p>&nbsp;<\/p>\n","protected":false},"excerpt":{"rendered":"<p>Projektas \u201eSkaitmenin\u0117s \u0161vietimo transformacijos (\u201eEdTech\u201c)\u201c El. pa\u0161tasTelefonasAsta Urmanavi\u010dien\u0117, grup\u0117s vadov\u0117-Edita Sederevi\u010di\u016bt\u0117, patar\u0117ja+370 658 18070Giedrius Askoldavi\u010dius, specialistas-Cezary Taraszkiewicz, specialistas+370 658 18504Aurelija Dirvonskien\u0117, specialist\u0117+370 658 18504Alma Gedzevi\u010dien\u0117, specialist\u0117+370 658 18504Daiva Asad, specialist\u0117-Mindaugas Sili\u016bnas, specialistas+370 658 18504Rita Losevi\u010d, specialist\u0117+370 658 15398 &nbsp; Projektas&nbsp;<a href=\"https:\/\/www.nsa.smsm.lt\/old\/struktura-ir-kontaktine-informacija\/projektu-darbuotojai\/\" class=\"placiau\">Pla\u010diau <i class=\"fa fa-caret-right\"><\/i><\/a><\/p>\n","protected":false},"author":1,"featured_media":0,"parent":3006,"menu_order":1,"comment_status":"closed","ping_status":"closed","template":"","meta":{"_acf_changed":false,"footnotes":""},"class_list":["post-11256","page","type-page","status-publish","hentry"],"acf":[],"_links":{"self":[{"href":"https:\/\/www.nsa.smsm.lt\/old\/wp-json\/wp\/v2\/pages\/11256","targetHints":{"allow":["GET"]}}],"collection":[{"href":"https:\/\/www.nsa.smsm.lt\/old\/wp-json\/wp\/v2\/pages"}],"about":[{"href":"https:\/\/www.nsa.smsm.lt\/old\/wp-json\/wp\/v2\/types\/page"}],"author":[{"embeddable":true,"href":"https:\/\/www.nsa.smsm.lt\/old\/wp-json\/wp\/v2\/users\/1"}],"replies":[{"embeddable":true,"href":"https:\/\/www.nsa.smsm.lt\/old\/wp-json\/wp\/v2\/comments?post=11256"}],"version-history":[{"count":59,"href":"https:\/\/www.nsa.smsm.lt\/old\/wp-json\/wp\/v2\/pages\/11256\/revisions"}],"predecessor-version":[{"id":44121,"href":"https:\/\/www.nsa.smsm.lt\/old\/wp-json\/wp\/v2\/pages\/11256\/revisions\/44121"}],"up":[{"embeddable":true,"href":"https:\/\/www.nsa.smsm.lt\/old\/wp-json\/wp\/v2\/pages\/3006"}],"wp:attachment":[{"href":"https:\/\/www.nsa.smsm.lt\/old\/wp-json\/wp\/v2\/media?parent=11256"}],"curies":[{"name":"wp","href":"https:\/\/api.w.org\/{rel}","templated":true}]}}