{"id":11251,"date":"2023-07-18T09:37:19","date_gmt":"2023-07-18T07:37:19","guid":{"rendered":"https:\/\/www.nsa.smsm.lt\/old\/?page_id=11251"},"modified":"2023-11-16T14:14:11","modified_gmt":"2023-11-16T12:14:11","slug":"skaitmeninio-ugdymo-turinio-kurimas-ir-diegimas","status":"publish","type":"page","link":"https:\/\/www.nsa.smsm.lt\/old\/ugdymo-turinio-departamentas\/projektai\/skaitmeninio-ugdymo-turinio-kurimas-ir-diegimas\/","title":{"rendered":"Skaitmeninio ugdymo turinio k\u016brimas ir diegimas"},"content":{"rendered":"<p><a role=\"link\" href=\"https:\/\/www.esinvesticijos.lt\/\" target=\"_blank\" rel=\"noopener noreferrer\"><img loading=\"lazy\" decoding=\"async\" class=\"size-full wp-image-15442 alignnone\" src=\"https:\/\/www.nsa.smsm.lt\/old\/old\/wp-content\/uploads\/2020\/03\/kuriame-ateiti-2020.png\" alt=\"\" width=\"226\" height=\"88\" \/><\/a><\/p>\n<p><strong>Projekto Nr<\/strong>. 09.2.1-ESFA-V-726-03-0001<\/p>\n<p><strong>Projekto trukm\u0117<\/strong> 2018 m. gegu\u017e\u0117s 30 d. \u2013 2022 m. gegu\u017e\u0117s 30 d. (48 m\u0117nesiai)<\/p>\n<p><strong>Projekto vert\u0117<\/strong> 7 810 930 EUR<\/p>\n<p><strong>Projekto tikslas<\/strong> \u2013 atnaujinti bendrojo ugdymo turin\u012f ir u\u017etikrinti veiksming\u0105 jo diegim\u0105.<\/p>\n<p><strong>U\u017edaviniai:<\/strong><\/p>\n<p>Parengti priemones ugdymo turiniui atnaujinti.<\/p>\n<p>Teikti steig\u0117jams ir mokykloms pagalb\u0105, reikaling\u0105 s\u0117kmingai \u012fgyvendinti atnaujint\u0105 ugdymo turin\u012f.<\/p>\n<p><strong>Siekiami projekto rezultatai: <\/strong>parengtos bendrosios ugdymo programos ir lydinti med\u017eiaga; sukurti \u012frankiai bendr\u0173j\u0173 program\u0173 rezultatams apra\u0161yti ir talpinti virtualioje aplinkoje, individuliai mokinio pa\u017eangai steb\u0117ti ir pagalbai teikti; atnaujinti skaitmeniniai mokymo i\u0161tekliai; sukurti ar adaptuoti atvirieji skaitmeniniai mokymo i\u0161tekliai; adaptuota kalbini\u0173 geb\u0117jim\u0173 ugdymo programin\u0117 \u012franga; metodin\u0117 pagalba ir konsultacijos steig\u0117jams ir mokykloms, \u012fgyvendinan\u010dioms atnaujint\u0105 ugdymo turin\u012f.<\/p>\n<p><strong>Kontaktai:<\/strong><\/p>\n<p>Finansinink\u0117:\u00a0 \u00a0 \u00a0Inga Tu\u010dinskien\u0117, el. p. <a href=\"mailto:Inga.Tucinskiene@nsa.smm.lt\">Inga.Tucinskiene@nsa.smm.lt<\/a>\u00a0 \u00a0Tel. 8 658 17 956<br \/>\nAdministrator\u0117: Irena Popierien\u0117,\u00a0 el. p. <a href=\"mailto:Irena.Popieriene@nsa.smm.lt\">Irena.Popieriene@nsa.smm.lt<\/a>\u00a0 \u00a0Tel. 8 687 25380<\/p>\n<p>Daugiau info (<a href=\"https:\/\/sites.google.com\/itc.smm.lt\/skaitmeninis\">https:\/\/sites.google.com\/itc.smm.lt\/skaitmeninis<\/a>)<\/p>\n","protected":false},"excerpt":{"rendered":"<p>Projekto Nr. 09.2.1-ESFA-V-726-03-0001 Projekto trukm\u0117 2018 m. gegu\u017e\u0117s 30 d. \u2013 2022 m. gegu\u017e\u0117s 30 d. (48 m\u0117nesiai) Projekto vert\u0117 7 810 930 EUR Projekto tikslas \u2013 atnaujinti bendrojo ugdymo turin\u012f ir u\u017etikrinti veiksming\u0105 jo diegim\u0105. U\u017edaviniai: Parengti priemones ugdymo&nbsp;<a href=\"https:\/\/www.nsa.smsm.lt\/old\/ugdymo-turinio-departamentas\/projektai\/skaitmeninio-ugdymo-turinio-kurimas-ir-diegimas\/\" class=\"placiau\">Pla\u010diau <i class=\"fa fa-caret-right\"><\/i><\/a><\/p>\n","protected":false},"author":1,"featured_media":0,"parent":11253,"menu_order":0,"comment_status":"closed","ping_status":"closed","template":"","meta":{"_acf_changed":false,"footnotes":""},"class_list":["post-11251","page","type-page","status-publish","hentry"],"acf":[],"_links":{"self":[{"href":"https:\/\/www.nsa.smsm.lt\/old\/wp-json\/wp\/v2\/pages\/11251","targetHints":{"allow":["GET"]}}],"collection":[{"href":"https:\/\/www.nsa.smsm.lt\/old\/wp-json\/wp\/v2\/pages"}],"about":[{"href":"https:\/\/www.nsa.smsm.lt\/old\/wp-json\/wp\/v2\/types\/page"}],"author":[{"embeddable":true,"href":"https:\/\/www.nsa.smsm.lt\/old\/wp-json\/wp\/v2\/users\/1"}],"replies":[{"embeddable":true,"href":"https:\/\/www.nsa.smsm.lt\/old\/wp-json\/wp\/v2\/comments?post=11251"}],"version-history":[{"count":1,"href":"https:\/\/www.nsa.smsm.lt\/old\/wp-json\/wp\/v2\/pages\/11251\/revisions"}],"predecessor-version":[{"id":37315,"href":"https:\/\/www.nsa.smsm.lt\/old\/wp-json\/wp\/v2\/pages\/11251\/revisions\/37315"}],"up":[{"embeddable":true,"href":"https:\/\/www.nsa.smsm.lt\/old\/wp-json\/wp\/v2\/pages\/11253"}],"wp:attachment":[{"href":"https:\/\/www.nsa.smsm.lt\/old\/wp-json\/wp\/v2\/media?parent=11251"}],"curies":[{"name":"wp","href":"https:\/\/api.w.org\/{rel}","templated":true}]}}