{"id":10789,"date":"2025-08-21T13:27:36","date_gmt":"2025-08-21T11:27:36","guid":{"rendered":"https:\/\/www.nsa.smsm.lt\/old\/?page_id=10789"},"modified":"2025-08-21T18:44:20","modified_gmt":"2025-08-21T16:44:20","slug":"paskatinimai-ir-apdovanojimai","status":"publish","type":"page","link":"https:\/\/www.nsa.smsm.lt\/old\/administracine-informacija\/paskatinimai-ir-apdovanojimai\/","title":{"rendered":"Paskatinimai ir apdovanojimai"},"content":{"rendered":"<table class=\"table table-responsive\" width=\"100%\">\n<tbody>\n<tr>\n<td width=\"160\"><strong>Laikotarpis<\/strong><\/td>\n<td width=\"482\"><strong>Paskatint\u0173 valstyb\u0117s tarnautoj\u0173 ir darbuotoj\u0173 skai\u010dius<\/strong><\/td>\n<\/tr>\n<tr>\n<td width=\"160\">2024 m. I ketvirtis<\/td>\n<td width=\"482\"><\/td>\n<\/tr>\n<tr>\n<td width=\"160\">2024 m. II ketvirtis<\/td>\n<td width=\"482\">I\u0161 viso 4, i\u0161 j\u0173: 4 pad\u0117kos ra\u0161tai jubiliej\u0173 progomis.<\/td>\n<\/tr>\n<tr>\n<td width=\"160\">2024 m. III ketvirtis<\/td>\n<td width=\"482\">I\u0161 viso 1, i\u0161 j\u0173: pad\u0117kos ra\u0161tas\u00a0ir suteiktos papildomos poilsio dienos jubiliejaus proga.<\/td>\n<\/tr>\n<tr>\n<td width=\"160\">2024 m. IV ketvirtis<\/td>\n<td width=\"482\"><\/td>\n<\/tr>\n<tr>\n<td width=\"115\">2025 m. I ketvirtis<\/td>\n<td width=\"423\">I\u0161 viso 139, i\u0161 j\u0173:<\/p>\n<p>16 \u2013 koeficiento k\u0117limas \u012fvertinus valstyb\u0117s tarnautojo ir darbuotojo tarnybin\u0119 veikl\u0105 \/ darbo veikl\u0105 vir\u0161ijan\u010di\u0105 l\u016bkes\u010dius;<\/p>\n<p>121 \u2013 iki 5 mokam\u0173 poilsio dien\u0173, \u012fvertinus valstyb\u0117s tarnautojo ir darbuotojo tarnybin\u0119 veikl\u0105 \/ darbo veikl\u0105 vir\u0161ijan\u010di\u0105 l\u016bkes\u010dius;<\/p>\n<p>2 \u2013 iki 5 mokam\u0173 poilsio dien\u0173 jubiliejaus proga.<\/td>\n<\/tr>\n<tr>\n<td width=\"115\">2025 m. II ketvirtis<\/td>\n<td style=\"text-align: center;\" width=\"423\">\u2013<\/td>\n<\/tr>\n<\/tbody>\n<\/table>\n","protected":false},"excerpt":{"rendered":"<p>Laikotarpis Paskatint\u0173 valstyb\u0117s tarnautoj\u0173 ir darbuotoj\u0173 skai\u010dius 2024 m. I ketvirtis 2024 m. II ketvirtis I\u0161 viso 4, i\u0161 j\u0173: 4 pad\u0117kos ra\u0161tai jubiliej\u0173 progomis. 2024 m. III ketvirtis I\u0161 viso 1, i\u0161 j\u0173: pad\u0117kos ra\u0161tas\u00a0ir suteiktos papildomos poilsio dienos&nbsp;<a href=\"https:\/\/www.nsa.smsm.lt\/old\/administracine-informacija\/paskatinimai-ir-apdovanojimai\/\" class=\"placiau\">Pla\u010diau <i class=\"fa fa-caret-right\"><\/i><\/a><\/p>\n","protected":false},"author":1,"featured_media":0,"parent":8756,"menu_order":10,"comment_status":"closed","ping_status":"closed","template":"","meta":{"_acf_changed":false,"footnotes":""},"class_list":["post-10789","page","type-page","status-publish","hentry"],"acf":[],"_links":{"self":[{"href":"https:\/\/www.nsa.smsm.lt\/old\/wp-json\/wp\/v2\/pages\/10789","targetHints":{"allow":["GET"]}}],"collection":[{"href":"https:\/\/www.nsa.smsm.lt\/old\/wp-json\/wp\/v2\/pages"}],"about":[{"href":"https:\/\/www.nsa.smsm.lt\/old\/wp-json\/wp\/v2\/types\/page"}],"author":[{"embeddable":true,"href":"https:\/\/www.nsa.smsm.lt\/old\/wp-json\/wp\/v2\/users\/1"}],"replies":[{"embeddable":true,"href":"https:\/\/www.nsa.smsm.lt\/old\/wp-json\/wp\/v2\/comments?post=10789"}],"version-history":[{"count":3,"href":"https:\/\/www.nsa.smsm.lt\/old\/wp-json\/wp\/v2\/pages\/10789\/revisions"}],"predecessor-version":[{"id":44035,"href":"https:\/\/www.nsa.smsm.lt\/old\/wp-json\/wp\/v2\/pages\/10789\/revisions\/44035"}],"up":[{"embeddable":true,"href":"https:\/\/www.nsa.smsm.lt\/old\/wp-json\/wp\/v2\/pages\/8756"}],"wp:attachment":[{"href":"https:\/\/www.nsa.smsm.lt\/old\/wp-json\/wp\/v2\/media?parent=10789"}],"curies":[{"name":"wp","href":"https:\/\/api.w.org\/{rel}","templated":true}]}}