{"id":10679,"date":"2022-12-18T13:11:55","date_gmt":"2022-12-18T11:11:55","guid":{"rendered":"https:\/\/www.nsa.smsm.lt\/old\/?page_id=10679"},"modified":"2023-01-11T23:40:23","modified_gmt":"2023-01-11T21:40:23","slug":"tiksliniu-transporto-priemoniu-geltonuju-autobusu-isigijimas-projekto-kodas-nr-09-1-3-cpva-v-704-01-0002","status":"publish","type":"page","link":"https:\/\/www.nsa.smsm.lt\/old\/infrastrukturos-pletros-departamentas\/projektai\/tiksliniu-transporto-priemoniu-geltonuju-autobusu-isigijimas-projekto-kodas-nr-09-1-3-cpva-v-704-01-0002\/","title":{"rendered":"\u201eTikslini\u0173 transporto priemoni\u0173 (gelton\u0173j\u0173 autobus\u0173) \u012fsigijimas\u201c, projekto kodas Nr. 09.1.3-CPVA-V-704-01-0002"},"content":{"rendered":"<p><a role=\"link\" href=\"https:\/\/www.esinvesticijos.lt\/\" target=\"_blank\" rel=\"noopener noreferrer\"><img loading=\"lazy\" decoding=\"async\" class=\"size-full wp-image-15442 alignnone\" src=\"https:\/\/www.nsa.smsm.lt\/old\/old\/wp-content\/uploads\/2020\/03\/kuriame-ateiti-2020.png\" alt=\"\" width=\"226\" height=\"88\" \/><\/a><\/p>\n<p>Projekto tikslas \u2013 didinti ugdymo \u012fstaig\u0173 tinklo veiklos efektyvum\u0105, u\u017etikrinant pav\u0117\u017e\u0117jimo paslaugos prieinamum\u0105 ir kokyb\u0119, t. y. pad\u0117ti savivaldybi\u0173 institucijoms u\u017etikrinti mokini\u0173 pav\u0117\u017e\u0117jim\u0105 \u012f mokyklas.<\/p>\n<p>Projektas skirtas u\u017etikrinti \u0161iuo metu neteikiam\u0105 ar netinkamai teikiam\u0105 pav\u0117\u017e\u0117jimo paslaug\u0105 \u0161iais atvejais:<\/p>\n<ul>\n<li>neteikiamai pav\u0117\u017e\u0117jimo paslaugai, mokyklai neturint tinkamos transporto priemon\u0117s, u\u017etikrinti;<\/li>\n<li>po mokykl\u0173 tinklo pertvarkos atsiradusiam naujam pav\u0117\u017e\u0117jimo poreikiui patenkinti;<\/li>\n<li>siekiant sutrumpinti laiko tarpsn\u012f, laukiant pamok\u0173 prad\u017eios ir gr\u012f\u017eimo \u012f namus;<\/li>\n<li>prie\u0161mokyklinio ugdymo prieinamumui u\u017etikrinti;<\/li>\n<li>u\u017etikrinti galimyb\u0119 dalyvauti neformaliajame vaik\u0173 \u0161vietime.<\/li>\n<\/ul>\n<p>Projekto metu \u012fgyvendinama veikla \u2013 tikslini\u0173 transporto priemoni\u0173, palengvinan\u010di\u0173 \u0161vietimo \u012fstaig\u0173 pasiekiamum\u0105, \u012fsigijimas.<\/p>\n<p>Projekto rezultatai skirti vis\u0173 \u0161alies savivaldybi\u0173 mokykloms. \u012egyvendinus \u0161\u012f projekt\u0105, bus u\u017etikrinta pav\u0117\u017e\u0117jimo teis\u0117 ne ma\u017eiau kaip 2660 mokini\u0173, kurie mokosi pagal prie\u0161mokyklinio ir bendrojo ugdymo programas.<\/p>\n<p>Projekto trukm\u0117:\u00a0 2016\u20132020 m.<\/p>\n<p>Projektui \u012fgyvendinti skirtos Europos regionin\u0117s pl\u0117tros fondo ir Lietuvos Respublikos valstyb\u0117s biud\u017eeto l\u0117\u0161os \u2013 11.582.020,39 eur\u0173.<\/p>\n<p>2016\u20132020 m. centralizuotai bus \u012fsigyta 272 mokyklini\u0173 autobus\u0173.<\/p>\n<p>\u0160iuo metu nupirkti 252 autobusai, kurie perduoti \u0161alies savivaldybi\u0173 mokykloms.<\/p>\n<p><strong>Kontaktinis asmuo:<\/strong> projekto vadovas Algirdas Ragauskas, el. p. <a href=\"mailto:algirdas.ragauskas@n\u0161a.smm.lt\">algirdas.ragauskas@n\u0161a.smm.lt<\/a>, tel. 8-677 81047<\/p>\n","protected":false},"excerpt":{"rendered":"<p>Projekto tikslas \u2013 didinti ugdymo \u012fstaig\u0173 tinklo veiklos efektyvum\u0105, u\u017etikrinant pav\u0117\u017e\u0117jimo paslaugos prieinamum\u0105 ir kokyb\u0119, t. y. pad\u0117ti savivaldybi\u0173 institucijoms u\u017etikrinti mokini\u0173 pav\u0117\u017e\u0117jim\u0105 \u012f mokyklas. Projektas skirtas u\u017etikrinti \u0161iuo metu neteikiam\u0105 ar netinkamai teikiam\u0105 pav\u0117\u017e\u0117jimo paslaug\u0105 \u0161iais atvejais: neteikiamai pav\u0117\u017e\u0117jimo&nbsp;<a href=\"https:\/\/www.nsa.smsm.lt\/old\/infrastrukturos-pletros-departamentas\/projektai\/tiksliniu-transporto-priemoniu-geltonuju-autobusu-isigijimas-projekto-kodas-nr-09-1-3-cpva-v-704-01-0002\/\" class=\"placiau\">Pla\u010diau <i class=\"fa fa-caret-right\"><\/i><\/a><\/p>\n","protected":false},"author":1,"featured_media":0,"parent":10122,"menu_order":0,"comment_status":"closed","ping_status":"closed","template":"","meta":{"_acf_changed":false,"footnotes":""},"class_list":["post-10679","page","type-page","status-publish","hentry"],"acf":[],"_links":{"self":[{"href":"https:\/\/www.nsa.smsm.lt\/old\/wp-json\/wp\/v2\/pages\/10679","targetHints":{"allow":["GET"]}}],"collection":[{"href":"https:\/\/www.nsa.smsm.lt\/old\/wp-json\/wp\/v2\/pages"}],"about":[{"href":"https:\/\/www.nsa.smsm.lt\/old\/wp-json\/wp\/v2\/types\/page"}],"author":[{"embeddable":true,"href":"https:\/\/www.nsa.smsm.lt\/old\/wp-json\/wp\/v2\/users\/1"}],"replies":[{"embeddable":true,"href":"https:\/\/www.nsa.smsm.lt\/old\/wp-json\/wp\/v2\/comments?post=10679"}],"version-history":[{"count":0,"href":"https:\/\/www.nsa.smsm.lt\/old\/wp-json\/wp\/v2\/pages\/10679\/revisions"}],"up":[{"embeddable":true,"href":"https:\/\/www.nsa.smsm.lt\/old\/wp-json\/wp\/v2\/pages\/10122"}],"wp:attachment":[{"href":"https:\/\/www.nsa.smsm.lt\/old\/wp-json\/wp\/v2\/media?parent=10679"}],"curies":[{"name":"wp","href":"https:\/\/api.w.org\/{rel}","templated":true}]}}