{"id":1062,"date":"2022-10-09T20:38:22","date_gmt":"2022-10-09T18:38:22","guid":{"rendered":"http:\/\/www.sac.smm.lt\/?page_id=1062"},"modified":"2023-01-11T20:07:26","modified_gmt":"2023-01-11T18:07:26","slug":"kiti","status":"publish","type":"page","link":"https:\/\/www.nsa.smsm.lt\/old\/bendruju-reikalu-departamentas\/leidiniai\/leidiniai-pagal-temas\/kiti\/","title":{"rendered":"Kiti"},"content":{"rendered":"<div class=\"panel-group\" id=\"collapse_f1f5-e17e\"><div class=\"panel panel-default\">    <div class=\"panel-heading\" role=\"tab\" id=\"heading_citem_46ea-3cdc\">        <h4 class=\"panel-title\"><a class=\"accordion-toggle collapsed\" data-toggle=\"collapse\" aria-controls=\"heading_citem_46ea-3cdc\" data-parent=\"#collapse_f1f5-e17e\" href=\"#citem_46ea-3cdc\">Knygos, vadov\u0117liai<\/a>        <\/h4>    <\/div>    <div id=\"citem_46ea-3cdc\" class=\"panel-collapse collapse \" role=\"tabpanel\" aria-labelledby=\"heading_citem_46ea-3cdc\">        <div class=\"panel-body\">\n<p>[attachaway only=&#8221;knygos_&#8221; orderby=&#8221;ID&#8221; theme=&#8221;silk&#8221; width=&#8221;100%&#8221;]<\/p>\n<p>[attachaway only=&#8221;meile_&#8221; orderby=&#8221;ID&#8221; theme=&#8221;silk&#8221; width=&#8221;100%&#8221;]<\/p>\n<p><a href=\"https:\/\/www.nsa.smsm.lt\/old\/old\/wp-content\/uploads\/2016\/01\/M.-Luksiene_Prie-tautos-kulturos-pamatu.pdf\">Meil\u0117 Luk\u0161ien\u0117. Prie tautos kult\u016bros pamat\u0173 (2014)<\/a><\/p>\n<p><a href=\"https:\/\/www.nsa.smsm.lt\/old\/old\/wp-content\/uploads\/2016\/01\/19_Donelaitis-Zodis-is-Tolminkiemio4.rar\">\u017dodis i\u0161 Tolminkiemio. Metodinis leidinys apie K. Donelai\u010dio k\u016bryb\u0105. Sudar\u0117 Stepas Eitminavi\u010dius (2013)<\/a><\/p>\n<p><a href=\"https:\/\/www.nsa.smsm.lt\/old\/old\/wp-content\/uploads\/2016\/01\/18_KNYGA-Justinui-Marcinkeviciui.pdf\">\u201eJustino Marcinkevi\u010diaus pamokos\u201c. Sudar\u0117 Stepas Eitminavi\u010dius (2012)<\/a><\/p>\n<p><a href=\"https:\/\/www.nsa.smsm.lt\/old\/old\/vadoveliai-ir-pratybu-sasiuviniai-labas\/\">Henrika Prosniakova, Virginija Stumbrien\u0117. Labas! 1-a knyga. Lietuvi\u0173 kalbos vadov\u0117lis (elementorius) ir pratyb\u0173 s\u0105siuvinis su kompaktine plok\u0161tele 7\u20138 met\u0173 u\u017esienio lietuvi\u0173 \u0161vietimo \u012fstaig\u0173 vaikams (2008)<\/a><\/p>\n<p><a href=\"https:\/\/www.nsa.smsm.lt\/old\/old\/vadoveliai-ir-pratybu-sasiuviniai-labas\/\">Henrika Prosniakova, Virginija Stumbrien\u0117. Labas! 2-a knyga. Lietuvi\u0173 kalbos vadov\u0117lis (elementorius) ir pratyb\u0173 s\u0105siuvinis su kompaktine plok\u0161tele 7\u20138 met\u0173 u\u017esienio lietuvi\u0173 \u0161vietimo \u012fstaig\u0173 vaikams (2008)<\/a><\/p>\n<p><a href=\"https:\/\/www.nsa.smsm.lt\/old\/old\/vadoveliai-ir-pratybu-sasiuviniai-labas\/\">Henrika Prosniakova, Virginija Stumbrien\u0117. Labas! 3-a knyga. Poelementorinio laikotarpio skaitiniai (2010)<\/a><\/p>\n<p><a href=\"https:\/\/www.nsa.smsm.lt\/old\/old\/vadoveliai-ir-pratybu-sasiuviniai-labas\/\">Henrika Prosniakova, Virginija Stumbrien\u0117. Mano ir tavo \u0161alis Lietuva (pirma knyga). Lietuvi\u0173 kalbos vadov\u0117lis ir pratyb\u0173 s\u0105siuvinis 11\u201314 met\u0173 mokiniams, pradedantiems mokytis lietuvi\u0173 kalbos (2007)<\/a><\/p>\n<p><a href=\"https:\/\/www.nsa.smsm.lt\/old\/old\/vadoveliai-ir-pratybu-sasiuviniai-labas\/\">Henrika Prosniakova, Virginija Stumbrien\u0117. Mano ir tavo \u0161alis Lietuva (antra knyga). Lietuvi\u0173 kalbos vadov\u0117lis ir pratyb\u0173 s\u0105siuvinis 11\u201314 met\u0173 mokiniams, pradedantiems mokytis lietuvi\u0173 kalbos (2007)<\/a><\/p>\n<p><a href=\"https:\/\/www.nsa.smsm.lt\/old\/old\/vadoveliai-ir-pratybu-sasiuviniai-labas\/\">Henrika Prosniakova, Virginija Stumbrien\u0117. Mano ir tavo \u0161alis Lietuva (tre\u010dia knyga). Lietuvi\u0173 kalbos vadov\u0117lis ir pratyb\u0173 s\u0105siuvinis 11\u201314 met\u0173 mokiniams, pradedantiems mokytis lietuvi\u0173 kalbos (2010)<\/a><\/p>\n<p><a href=\"https:\/\/www.nsa.smsm.lt\/old\/old\/vadoveliai-ir-pratybu-sasiuviniai-labas\/\">Liutauras Deg\u0117sys, Rasa A\u0161kinyt\u0117. Mano ir tavo \u0161alis Lietuva (sociokult\u016brinio ugdymo vadov\u0117lis ir pratyb\u0173 s\u0105siuvinis 11-14 met\u0173 mokiniams) (2008)<\/a><\/p>\n<p><a href=\"https:\/\/www.nsa.smsm.lt\/old\/old\/kalba-mane-augina\/\">Rita Mikelionyt\u0117, Gintar\u0117 \u0160e\u0161kevi\u010di\u016bt\u0117, Saulius Vasiliauskas. Lietuvi\u0173 kalbos mokymo priemon\u0117 I -II klasi\u0173 mokiniams \u201eKalba mane augina\u201c (2013)<\/a><\/p>\n<p><a href=\"https:\/\/www.nsa.smsm.lt\/old\/old\/kalba-mane-augina\/\">Rita Mikelionyt\u0117, Gintar\u0117 \u0160e\u0161kevi\u010di\u016bt\u0117, Saulius Vasiliauskas. Lietuvi\u0173 kalbos mokymo priemon\u0117 III -IV klasi\u0173 mokiniams \u201eKalba mane augina\u201c (2013)<\/a><\/p>\n<p>        <\/p><\/div>    <\/div><\/div><div class=\"panel panel-default\">    <div class=\"panel-heading\" role=\"tab\" id=\"heading_citem_cb68-aac9\">        <h4 class=\"panel-title\"><a class=\"accordion-toggle collapsed\" data-toggle=\"collapse\" aria-controls=\"heading_citem_cb68-aac9\" data-parent=\"#collapse_f1f5-e17e\" href=\"#citem_cb68-aac9\">Plakatai<\/a>        <\/h4>    <\/div>    <div id=\"citem_cb68-aac9\" class=\"panel-collapse collapse \" role=\"tabpanel\" aria-labelledby=\"heading_citem_cb68-aac9\">        <div class=\"panel-body\">\n<p>[attachaway only=&#8221;plakatas_&#8221; orderby=&#8221;ID&#8221; theme=&#8221;silk&#8221; width=&#8221;100%&#8221;]<\/p>\n<p>        <\/p><\/div>    <\/div><\/div><div class=\"panel panel-default\">    <div class=\"panel-heading\" role=\"tab\" id=\"heading_citem_a4eb-8f0d\">        <h4 class=\"panel-title\"><a class=\"accordion-toggle collapsed\" data-toggle=\"collapse\" aria-controls=\"heading_citem_a4eb-8f0d\" data-parent=\"#collapse_f1f5-e17e\" href=\"#citem_a4eb-8f0d\">Lankstinukai<\/a>        <\/h4>    <\/div>    <div id=\"citem_a4eb-8f0d\" class=\"panel-collapse collapse \" role=\"tabpanel\" aria-labelledby=\"heading_citem_a4eb-8f0d\">        <div class=\"panel-body\">\n<p>[attachaway only=&#8221;nauji_lanks_&#8221; orderby=&#8221;ID&#8221; theme=&#8221;silk&#8221; width=&#8221;100%&#8221;]<\/p>\n<p><strong>Archyvas<\/strong><\/p>\n<p>[attachaway only=&#8221;lankstinukai_arch_&#8221; orderby=&#8221;ID&#8221; theme=&#8221;silk&#8221; width=&#8221;100%&#8221;]<\/p>\n<p>        <\/p><\/div>    <\/div><\/div><\/div>\n","protected":false},"excerpt":{"rendered":"","protected":false},"author":1,"featured_media":0,"parent":10741,"menu_order":10,"comment_status":"closed","ping_status":"closed","template":"page-temos.php","meta":{"_acf_changed":false,"footnotes":""},"class_list":["post-1062","page","type-page","status-publish","hentry"],"acf":[],"_links":{"self":[{"href":"https:\/\/www.nsa.smsm.lt\/old\/wp-json\/wp\/v2\/pages\/1062","targetHints":{"allow":["GET"]}}],"collection":[{"href":"https:\/\/www.nsa.smsm.lt\/old\/wp-json\/wp\/v2\/pages"}],"about":[{"href":"https:\/\/www.nsa.smsm.lt\/old\/wp-json\/wp\/v2\/types\/page"}],"author":[{"embeddable":true,"href":"https:\/\/www.nsa.smsm.lt\/old\/wp-json\/wp\/v2\/users\/1"}],"replies":[{"embeddable":true,"href":"https:\/\/www.nsa.smsm.lt\/old\/wp-json\/wp\/v2\/comments?post=1062"}],"version-history":[{"count":0,"href":"https:\/\/www.nsa.smsm.lt\/old\/wp-json\/wp\/v2\/pages\/1062\/revisions"}],"up":[{"embeddable":true,"href":"https:\/\/www.nsa.smsm.lt\/old\/wp-json\/wp\/v2\/pages\/10741"}],"wp:attachment":[{"href":"https:\/\/www.nsa.smsm.lt\/old\/wp-json\/wp\/v2\/media?parent=1062"}],"curies":[{"name":"wp","href":"https:\/\/api.w.org\/{rel}","templated":true}]}}